{"id":4558,"date":"2025-07-16T08:34:55","date_gmt":"2025-07-16T05:34:55","guid":{"rendered":"https:\/\/trukme.lv\/faq\/"},"modified":"2025-10-27T21:54:53","modified_gmt":"2025-10-27T19:54:53","slug":"faq","status":"publish","type":"page","link":"https:\/\/trukme.lv\/en\/faq\/","title":{"rendered":"FAQ"},"content":{"rendered":"<section class=\"l-section wpb_row height_auto width_full\"><div class=\"l-section-h i-cf\"><div class=\"g-cols vc_row via_grid cols_1 laptops-cols_inherit tablets-cols_inherit mobiles-cols_1 valign_top type_default stacking_default\"><div class=\"wpb_column vc_column_container\"><div class=\"vc_column-inner\"><section class=\"l-section wpb_row height_huge color_footer-bottom with_img parallax_ver\"><div class=\"l-section-img\" role=\"img\" aria-label=\"Image\" data-img-width=\"2080\" data-img-height=\"2067\" style=\"background-image: url(https:\/\/i0.wp.com\/trukme.lv\/wp-content\/uploads\/2025\/06\/2.-LMDF.jpg?fit=2080%2C2067&#038;ssl=1);background-position: bottom center;\"><\/div><div class=\"l-section-overlay\" style=\"background:linear-gradient(360deg, transparent 0%,rgba(7,31,63,0.83) 100%)\"><\/div><div class=\"l-section-h i-cf\"><div class=\"g-cols vc_row via_grid cols_1 laptops-cols_inherit tablets-cols_inherit mobiles-cols_1 valign_top type_default stacking_default\"><div class=\"wpb_column vc_column_container us_custom_4a593b65 us_animate_this\"><div class=\"vc_column-inner\"><div class=\"w-separator size_large\"><\/div><h1 class=\"w-post-elm post_title us_custom_ea10f30a entry-title color_link_inherit\">FAQ<\/h1><\/div><\/div><\/div><\/div><\/section>\n<\/div><\/div><\/div><\/div><\/section><section class=\"l-section wpb_row height_small\"><div class=\"l-section-h i-cf\"><div class=\"g-cols vc_row via_grid cols_1 laptops-cols_inherit tablets-cols_inherit mobiles-cols_1 valign_top type_default stacking_default\"><div class=\"wpb_column vc_column_container us_custom_4a593b65 us_animate_this\"><div class=\"vc_column-inner\"><div class=\"w-tabs us_custom_4a593b65 us_animate_this style_default switch_click accordion type_togglable has_scrolling remove_indents\" style=\"--sections-title-size:18px\"><div class=\"w-tabs-sections titles-align_none icon_plus cpos_left\"><div class=\"w-tabs-section active\" id=\"s807\"><button class=\"w-tabs-section-header active\" aria-controls=\"content-s807\" aria-expanded=\"true\"><div class=\"w-tabs-section-title\">Tab 1<\/div><div class=\"w-tabs-section-control\"><\/div><\/button><div  class=\"w-tabs-section-content\" id=\"content-s807\"><div class=\"w-tabs-section-content-h i-cf\"><div class=\"wpb_text_column\"><div class=\"wpb_wrapper\"><p>We are furniture material suppliers and can help you choose the necessary panels, hardware fittings and provide detailed consultation, however we do not manufacture complete furniture. Regarding room measurements, project specifics, prices and full furniture manufacturing, you should contact furniture manufacturers and interior designers.<\/p>\n<\/div><\/div><\/div><\/div><\/div><div class=\"w-tabs-section\" id=\"ha2b\"><button class=\"w-tabs-section-header\" aria-controls=\"content-ha2b\" aria-expanded=\"false\"><div class=\"w-tabs-section-title\">How can I order furniture materials?<\/div><div class=\"w-tabs-section-control\"><\/div><\/button><div  class=\"w-tabs-section-content\" id=\"content-ha2b\"><div class=\"w-tabs-section-content-h i-cf\"><div class=\"wpb_text_column\"><div class=\"wpb_wrapper\"><p>You can place a product order by contacting a Trukm\u0117 sales manager or by visiting the showroom at C\u0113su street 31 (Barons Kvart\u0101ls) LV-1012 Riga. Not yet a Trukm\u0117 client? Then contact us by email at <strong><a href=\"mailto:info@trukme.lv\">info@trukme.lv<\/a><\/strong> or by phone at <strong><a href=\"tel:+37127008058.\">+371 270 08058.<\/a><\/strong><\/p>\n<\/div><\/div><\/div><\/div><\/div><div class=\"w-tabs-section\" id=\"cc23\"><button class=\"w-tabs-section-header\" aria-controls=\"content-cc23\" aria-expanded=\"false\"><div class=\"w-tabs-section-title\">How quickly do ordered goods arrive?<\/div><div class=\"w-tabs-section-control\"><\/div><\/button><div  class=\"w-tabs-section-content\" id=\"content-cc23\"><div class=\"w-tabs-section-content-h i-cf\"><div class=\"wpb_text_column\"><div class=\"wpb_wrapper\"><p>Standard in-stock items will reach you within <strong>2-3 days<\/strong>, specially ordered items \u2013 from 10 days, however your service manager will provide you with more precise delivery information.<\/p>\n<\/div><\/div><\/div><\/div><\/div><div class=\"w-tabs-section\" id=\"ude5\"><button class=\"w-tabs-section-header\" aria-controls=\"content-ude5\" aria-expanded=\"false\"><div class=\"w-tabs-section-title\">Can we deliver to the specified address?<\/div><div class=\"w-tabs-section-control\"><\/div><\/button><div  class=\"w-tabs-section-content\" id=\"content-ude5\"><div class=\"w-tabs-section-content-h i-cf\"><div class=\"wpb_text_column\"><div class=\"wpb_wrapper\"><p>Yes, we deliver goods to the customer&#8217;s specified address at no additional charge.<\/p>\n<\/div><\/div><\/div><\/div><\/div><div class=\"w-tabs-section\" id=\"lfc3\"><button class=\"w-tabs-section-header\" aria-controls=\"content-lfc3\" aria-expanded=\"false\"><div class=\"w-tabs-section-title\">Where can I see the furniture materials in person?<\/div><div class=\"w-tabs-section-control\"><\/div><\/button><div  class=\"w-tabs-section-content\" id=\"content-lfc3\"><div class=\"w-tabs-section-content-h i-cf\"><div class=\"wpb_text_column\"><div class=\"wpb_wrapper\"><p>Furniture materials can be viewed and consulted with professional consultants and managers at the Trukm\u0117 showroom, located at <strong>C\u0113su street 31 (Barons Kvart\u0101ls) LV-1012 Riga.<\/strong><\/p>\n<\/div><\/div><\/div><\/div><\/div><div class=\"w-tabs-section\" id=\"c182\"><button class=\"w-tabs-section-header\" aria-controls=\"content-c182\" aria-expanded=\"false\"><div class=\"w-tabs-section-title\">How to properly care for and clean furniture panels and surfaces?<\/div><div class=\"w-tabs-section-control\"><\/div><\/button><div  class=\"w-tabs-section-content\" id=\"content-c182\"><div class=\"w-tabs-section-content-h i-cf\"><div class=\"wpb_text_column\"><div class=\"wpb_wrapper\"><p>If stains on the surface can be easily removed, it will be sufficient to clean them with a microfiber cloth dampened in water, and then dry with a soft cloth. However, if you see that dirt still won&#8217;t wash off, then additionally use specialized cleaning products. In our assortment you can find such cleaning products suitable for various surfaces:<\/p>\n<ul>\n<li><strong>Optimist<\/strong> probiotic furniture surface cleaner for cleaning both matte and glossy surfaces.<\/li>\n<li><b>Optimist<\/b> microfiber cloth for daily cleaning or polishing.<\/li>\n<\/ul>\n<\/div><\/div><\/div><\/div><\/div><div class=\"w-tabs-section\" id=\"m323\"><button class=\"w-tabs-section-header\" aria-controls=\"content-m323\" aria-expanded=\"false\"><div class=\"w-tabs-section-title\">How can I obtain furniture material sample plates for work?<\/div><div class=\"w-tabs-section-control\"><\/div><\/button><div  class=\"w-tabs-section-content\" id=\"content-m323\"><div class=\"w-tabs-section-content-h i-cf\"><div class=\"wpb_text_column\"><div class=\"wpb_wrapper\"><p>Furniture manufacturers or designers who want long-term cooperation with Trukm\u0117 and want to use Trukm\u0117 furniture material sample plates in their work should contact their assigned manager or by email <a href=\"mailto:info@trukme.lv\"><strong>info@trukme.lv<\/strong><\/a>, or by phone <strong><a href=\"tel:+37127008058\">+371 270 08058.<\/a><\/strong><\/p>\n<\/div><\/div><\/div><\/div><\/div><div class=\"w-tabs-section\" id=\"k4bd\"><button class=\"w-tabs-section-header\" aria-controls=\"content-k4bd\" aria-expanded=\"false\"><div class=\"w-tabs-section-title\">Can I purchase products online?<\/div><div class=\"w-tabs-section-control\"><\/div><\/button><div  class=\"w-tabs-section-content\" id=\"content-k4bd\"><div class=\"w-tabs-section-content-h i-cf\"><div class=\"wpb_text_column\"><div class=\"wpb_wrapper\"><p>Currently you can order products by contacting your Trukm\u0117 service manager. In the future we will offer a more convenient way \u2013 to order independently on our website. For all purchase questions you can contact us by email <strong><a href=\"mailto:info@trukme.lv\">info@trukme.lv,<\/a><\/strong> or by phone <a href=\"tel:+37127008058.\"><strong>+371 270 08058.<\/strong><\/a><\/p>\n<\/div><\/div><\/div><\/div><\/div><\/div><\/div><\/div><\/div><\/div><\/div><\/section>\n","protected":false},"excerpt":{"rendered":"","protected":false},"author":1,"featured_media":4410,"parent":0,"menu_order":0,"comment_status":"closed","ping_status":"closed","template":"","meta":{"_acf_changed":false,"footnotes":""},"class_list":["post-4558","page","type-page","status-publish","has-post-thumbnail","hentry"],"acf":[],"yoast_head":"<!-- This site is optimized with the Yoast SEO plugin v26.5 - https:\/\/yoast.com\/wordpress\/plugins\/seo\/ -->\n<title>B.U.J. \u2013 Frequently Asked Questions about Furniture Materials<\/title>\n<meta name=\"description\" content=\"Find out the answers to frequently asked questions about furniture materials, orders, delivery and consultations at &quot;Trukm\u0117&quot;.\" \/>\n<meta name=\"robots\" content=\"index, follow, max-snippet:-1, max-image-preview:large, max-video-preview:-1\" \/>\n<link rel=\"canonical\" href=\"https:\/\/trukme.lv\/en\/faq\/\" \/>\n<meta property=\"og:locale\" content=\"en_GB\" \/>\n<meta property=\"og:type\" content=\"article\" \/>\n<meta property=\"og:title\" content=\"B.U.J. \u2013 Frequently Asked Questions about Furniture Materials\" \/>\n<meta property=\"og:description\" content=\"Find out the answers to frequently asked questions about furniture materials, orders, delivery and consultations at &quot;Trukm\u0117&quot;.\" \/>\n<meta property=\"og:url\" content=\"https:\/\/trukme.lv\/en\/faq\/\" \/>\n<meta property=\"og:site_name\" content=\"Trukm\u0117\" \/>\n<meta property=\"article:modified_time\" content=\"2025-10-27T19:54:53+00:00\" \/>\n<meta property=\"og:image\" content=\"https:\/\/i0.wp.com\/trukme.lv\/wp-content\/uploads\/2025\/06\/2.-LMDF.jpg?fit=2080%2C2067&ssl=1\" \/>\n\t<meta property=\"og:image:width\" content=\"2080\" \/>\n\t<meta property=\"og:image:height\" content=\"2067\" \/>\n\t<meta property=\"og:image:type\" content=\"image\/jpeg\" \/>\n<meta name=\"twitter:card\" content=\"summary_large_image\" \/>\n<meta name=\"twitter:label1\" content=\"Estimated reading time\" \/>\n\t<meta name=\"twitter:data1\" content=\"3 minutes\" \/>\n<script type=\"application\/ld+json\" class=\"yoast-schema-graph\">{\"@context\":\"https:\/\/schema.org\",\"@graph\":[{\"@type\":\"WebPage\",\"@id\":\"https:\/\/trukme.lv\/en\/faq\/\",\"url\":\"https:\/\/trukme.lv\/en\/faq\/\",\"name\":\"B.U.J. \u2013 Frequently Asked Questions about Furniture Materials\",\"isPartOf\":{\"@id\":\"https:\/\/trukme.lv\/en\/#website\"},\"primaryImageOfPage\":{\"@id\":\"https:\/\/trukme.lv\/en\/faq\/#primaryimage\"},\"image\":{\"@id\":\"https:\/\/trukme.lv\/en\/faq\/#primaryimage\"},\"thumbnailUrl\":\"https:\/\/i0.wp.com\/trukme.lv\/wp-content\/uploads\/2025\/06\/2.-LMDF.jpg?fit=2080%2C2067&ssl=1\",\"datePublished\":\"2025-07-16T05:34:55+00:00\",\"dateModified\":\"2025-10-27T19:54:53+00:00\",\"description\":\"Find out the answers to frequently asked questions about furniture materials, orders, delivery and consultations at \\\"Trukm\u0117\\\".\",\"breadcrumb\":{\"@id\":\"https:\/\/trukme.lv\/en\/faq\/#breadcrumb\"},\"inLanguage\":\"en-GB\",\"potentialAction\":[{\"@type\":\"ReadAction\",\"target\":[\"https:\/\/trukme.lv\/en\/faq\/\"]}]},{\"@type\":\"ImageObject\",\"inLanguage\":\"en-GB\",\"@id\":\"https:\/\/trukme.lv\/en\/faq\/#primaryimage\",\"url\":\"https:\/\/i0.wp.com\/trukme.lv\/wp-content\/uploads\/2025\/06\/2.-LMDF.jpg?fit=2080%2C2067&ssl=1\",\"contentUrl\":\"https:\/\/i0.wp.com\/trukme.lv\/wp-content\/uploads\/2025\/06\/2.-LMDF.jpg?fit=2080%2C2067&ssl=1\",\"width\":2080,\"height\":2067},{\"@type\":\"BreadcrumbList\",\"@id\":\"https:\/\/trukme.lv\/en\/faq\/#breadcrumb\",\"itemListElement\":[{\"@type\":\"ListItem\",\"position\":1,\"name\":\"Home\",\"item\":\"https:\/\/trukme.lv\/en\/home\/\"},{\"@type\":\"ListItem\",\"position\":2,\"name\":\"FAQ\"}]},{\"@type\":\"WebSite\",\"@id\":\"https:\/\/trukme.lv\/en\/#website\",\"url\":\"https:\/\/trukme.lv\/en\/\",\"name\":\"Trukm\u0117\",\"description\":\"M\u0113be\u013cu pane\u013ci, galda virsmas, m\u0113be\u013cu furnit\u016bra. Virtuves m\u0113be\u013cu, skapju, vannas istabas m\u0113be\u013cu u.c. sortiments. Paz\u012bstami un uzticami ra\u017eot\u0101ji.\",\"potentialAction\":[{\"@type\":\"SearchAction\",\"target\":{\"@type\":\"EntryPoint\",\"urlTemplate\":\"https:\/\/trukme.lv\/en\/?s={search_term_string}\"},\"query-input\":{\"@type\":\"PropertyValueSpecification\",\"valueRequired\":true,\"valueName\":\"search_term_string\"}}],\"inLanguage\":\"en-GB\"}]}<\/script>\n<!-- \/ Yoast SEO plugin. -->","yoast_head_json":{"title":"B.U.J. \u2013 Frequently Asked Questions about Furniture Materials","description":"Find out the answers to frequently asked questions about furniture materials, orders, delivery and consultations at \"Trukm\u0117\".","robots":{"index":"index","follow":"follow","max-snippet":"max-snippet:-1","max-image-preview":"max-image-preview:large","max-video-preview":"max-video-preview:-1"},"canonical":"https:\/\/trukme.lv\/en\/faq\/","og_locale":"en_GB","og_type":"article","og_title":"B.U.J. \u2013 Frequently Asked Questions about Furniture Materials","og_description":"Find out the answers to frequently asked questions about furniture materials, orders, delivery and consultations at \"Trukm\u0117\".","og_url":"https:\/\/trukme.lv\/en\/faq\/","og_site_name":"Trukm\u0117","article_modified_time":"2025-10-27T19:54:53+00:00","og_image":[{"width":2080,"height":2067,"url":"https:\/\/i0.wp.com\/trukme.lv\/wp-content\/uploads\/2025\/06\/2.-LMDF.jpg?fit=2080%2C2067&ssl=1","type":"image\/jpeg"}],"twitter_card":"summary_large_image","twitter_misc":{"Estimated reading time":"3 minutes"},"schema":{"@context":"https:\/\/schema.org","@graph":[{"@type":"WebPage","@id":"https:\/\/trukme.lv\/en\/faq\/","url":"https:\/\/trukme.lv\/en\/faq\/","name":"B.U.J. \u2013 Frequently Asked Questions about Furniture Materials","isPartOf":{"@id":"https:\/\/trukme.lv\/en\/#website"},"primaryImageOfPage":{"@id":"https:\/\/trukme.lv\/en\/faq\/#primaryimage"},"image":{"@id":"https:\/\/trukme.lv\/en\/faq\/#primaryimage"},"thumbnailUrl":"https:\/\/i0.wp.com\/trukme.lv\/wp-content\/uploads\/2025\/06\/2.-LMDF.jpg?fit=2080%2C2067&ssl=1","datePublished":"2025-07-16T05:34:55+00:00","dateModified":"2025-10-27T19:54:53+00:00","description":"Find out the answers to frequently asked questions about furniture materials, orders, delivery and consultations at \"Trukm\u0117\".","breadcrumb":{"@id":"https:\/\/trukme.lv\/en\/faq\/#breadcrumb"},"inLanguage":"en-GB","potentialAction":[{"@type":"ReadAction","target":["https:\/\/trukme.lv\/en\/faq\/"]}]},{"@type":"ImageObject","inLanguage":"en-GB","@id":"https:\/\/trukme.lv\/en\/faq\/#primaryimage","url":"https:\/\/i0.wp.com\/trukme.lv\/wp-content\/uploads\/2025\/06\/2.-LMDF.jpg?fit=2080%2C2067&ssl=1","contentUrl":"https:\/\/i0.wp.com\/trukme.lv\/wp-content\/uploads\/2025\/06\/2.-LMDF.jpg?fit=2080%2C2067&ssl=1","width":2080,"height":2067},{"@type":"BreadcrumbList","@id":"https:\/\/trukme.lv\/en\/faq\/#breadcrumb","itemListElement":[{"@type":"ListItem","position":1,"name":"Home","item":"https:\/\/trukme.lv\/en\/home\/"},{"@type":"ListItem","position":2,"name":"FAQ"}]},{"@type":"WebSite","@id":"https:\/\/trukme.lv\/en\/#website","url":"https:\/\/trukme.lv\/en\/","name":"Trukm\u0117","description":"M\u0113be\u013cu pane\u013ci, galda virsmas, m\u0113be\u013cu furnit\u016bra. Virtuves m\u0113be\u013cu, skapju, vannas istabas m\u0113be\u013cu u.c. sortiments. Paz\u012bstami un uzticami ra\u017eot\u0101ji.","potentialAction":[{"@type":"SearchAction","target":{"@type":"EntryPoint","urlTemplate":"https:\/\/trukme.lv\/en\/?s={search_term_string}"},"query-input":{"@type":"PropertyValueSpecification","valueRequired":true,"valueName":"search_term_string"}}],"inLanguage":"en-GB"}]}},"jetpack_sharing_enabled":true,"_links":{"self":[{"href":"https:\/\/trukme.lv\/en\/wp-json\/wp\/v2\/pages\/4558","targetHints":{"allow":["GET"]}}],"collection":[{"href":"https:\/\/trukme.lv\/en\/wp-json\/wp\/v2\/pages"}],"about":[{"href":"https:\/\/trukme.lv\/en\/wp-json\/wp\/v2\/types\/page"}],"author":[{"embeddable":true,"href":"https:\/\/trukme.lv\/en\/wp-json\/wp\/v2\/users\/1"}],"replies":[{"embeddable":true,"href":"https:\/\/trukme.lv\/en\/wp-json\/wp\/v2\/comments?post=4558"}],"version-history":[{"count":9,"href":"https:\/\/trukme.lv\/en\/wp-json\/wp\/v2\/pages\/4558\/revisions"}],"predecessor-version":[{"id":275653,"href":"https:\/\/trukme.lv\/en\/wp-json\/wp\/v2\/pages\/4558\/revisions\/275653"}],"wp:featuredmedia":[{"embeddable":true,"href":"https:\/\/trukme.lv\/en\/wp-json\/wp\/v2\/media\/4410"}],"wp:attachment":[{"href":"https:\/\/trukme.lv\/en\/wp-json\/wp\/v2\/media?parent=4558"}],"curies":[{"name":"wp","href":"https:\/\/api.w.org\/{rel}","templated":true}]}}