{"id":4710,"date":"2025-06-19T08:01:17","date_gmt":"2025-06-19T05:01:17","guid":{"rendered":"https:\/\/trukme.lv\/find-us\/"},"modified":"2025-10-27T21:54:56","modified_gmt":"2025-10-27T19:54:56","slug":"contact-us","status":"publish","type":"page","link":"https:\/\/trukme.lv\/en\/contact-us\/","title":{"rendered":"Contact Us"},"content":{"rendered":"<section class=\"l-section wpb_row height_auto width_full\"><div class=\"l-section-h i-cf\"><div class=\"g-cols vc_row via_grid cols_1 laptops-cols_inherit tablets-cols_inherit mobiles-cols_1 valign_top type_default stacking_default\"><div class=\"wpb_column vc_column_container\"><div class=\"vc_column-inner\"><section class=\"l-section wpb_row height_huge color_footer-bottom with_img parallax_ver\"><div class=\"l-section-img\" role=\"img\" aria-label=\"Image\" data-img-width=\"2556\" data-img-height=\"1705\" style=\"background-image: url(https:\/\/i0.wp.com\/trukme.lv\/wp-content\/uploads\/2025\/07\/DSC04987-HDR-1.jpg?fit=2556%2C1705&#038;ssl=1);background-position: bottom center;\"><\/div><div class=\"l-section-overlay\" style=\"background:linear-gradient(360deg, transparent 0%,rgba(7,31,63,0.83) 100%)\"><\/div><div class=\"l-section-h i-cf\"><div class=\"g-cols vc_row via_grid cols_1 laptops-cols_inherit tablets-cols_inherit mobiles-cols_1 valign_top type_default stacking_default\"><div class=\"wpb_column vc_column_container us_custom_4a593b65 us_animate_this\"><div class=\"vc_column-inner\"><div class=\"w-separator size_large\"><\/div><h1 class=\"w-post-elm post_title us_custom_ea10f30a entry-title color_link_inherit\">Contact Us<\/h1><\/div><\/div><\/div><\/div><\/section>\n<\/div><\/div><\/div><\/div><\/section><section class=\"l-section wpb_row height_huge\"><div class=\"l-section-h i-cf\"><div class=\"g-cols vc_row via_grid cols_3-2 laptops-cols_inherit tablets-cols_inherit mobiles-cols_1 valign_top type_default stacking_default\" style=\"--columns-gap:0rem;\"><div class=\"wpb_column vc_column_container\"><div class=\"vc_column-inner\"><div class=\"w-vwrapper us_custom_8e09cc6b align_left valign_top\"><h2 class=\"w-text us_custom_d9a1ab4b\"><span class=\"w-text-h\"><span class=\"w-text-value\">Riga | Eksposition showroom<\/span><\/span><\/h2><div class=\"w-iconbox iconpos_left style_default color_primary align_left no_text\"><a target=\"_blank\" href=\"tel:+37127008058\" class=\"w-iconbox-link\" aria-label=\"+371 27 008 058\"><div class=\"w-iconbox-icon\" style=\"font-size:14px;\"><i class=\"fas fa-phone\"><\/i><\/div><\/a><div class=\"w-iconbox-meta\"><p class=\"w-iconbox-title\"><a target=\"_blank\" href=\"tel:+37127008058\" class=\"w-iconbox-link\" aria-label=\"+371 27 008 058\">+371 27 008 058<\/a><\/p><\/div><\/div><div class=\"w-iconbox iconpos_left style_default color_primary align_center no_text\"><a target=\"_blank\" href=\"mailto:info@trukme.lv\" class=\"w-iconbox-link\" aria-label=\"info@trukme.lv\"><div class=\"w-iconbox-icon\" style=\"font-size:14px;\"><i class=\"fas fa-envelope\"><\/i><\/div><\/a><div class=\"w-iconbox-meta\"><p class=\"w-iconbox-title\"><a target=\"_blank\" href=\"mailto:info@trukme.lv\" class=\"w-iconbox-link\" aria-label=\"info@trukme.lv\">info@trukme.lv<\/a><\/p><\/div><\/div><div class=\"w-iconbox iconpos_left style_default color_primary align_center no_text\"><a target=\"_blank\" href=\"https:\/\/maps.app.goo.gl\/u6bvLGvk9PPHd42p7\" class=\"w-iconbox-link\" aria-label=\"C\u0113su Street 31 k-3, LV-1012 Riga, Latvia\"><div class=\"w-iconbox-icon\" style=\"font-size:14px;\"><i class=\"fas fa-map\"><\/i><\/div><\/a><div class=\"w-iconbox-meta\"><p class=\"w-iconbox-title\"><a target=\"_blank\" href=\"https:\/\/maps.app.goo.gl\/u6bvLGvk9PPHd42p7\" class=\"w-iconbox-link\" aria-label=\"C\u0113su Street 31 k-3, LV-1012 Riga, Latvia\">C\u0113su Street 31 k-3, LV-1012 Riga, Latvia<\/a><\/p><\/div><\/div><\/div><\/div><\/div><div class=\"wpb_column vc_column_container\"><div class=\"vc_column-inner\"><div class=\"w-hwrapper us_custom_da5bb093 valign_top default_align_left laptops_align_left tablets_align_left mobiles_align_left\" style=\"--hwrapper-gap:30px\"><div class=\"wpb_text_column us_custom_7c9b99b5\"><div class=\"wpb_wrapper\"><p><strong>Mon.<\/strong><\/p>\n<p><strong>Tue.<\/strong><\/p>\n<p><strong>Wed.<\/strong><\/p>\n<p><strong>Thu.<\/strong><\/p>\n<p><strong>Fri.<\/strong><\/p>\n<p><strong>Sat. \u2013 Sun.<\/strong><\/p>\n<\/div><\/div><div class=\"wpb_text_column us_custom_7c9b99b5\"><div class=\"wpb_wrapper\"><p style=\"text-align: left;\">10-18<\/p>\n<p style=\"text-align: left;\">10-18<\/p>\n<p style=\"text-align: left;\">10-18<\/p>\n<p style=\"text-align: left;\">10-18<\/p>\n<p style=\"text-align: left;\">10-18<\/p>\n<p style=\"text-align: left;\">not working<\/p>\n<\/div><\/div><\/div><\/div><\/div><\/div><\/div><\/section>\n","protected":false},"excerpt":{"rendered":"","protected":false},"author":1,"featured_media":4570,"parent":0,"menu_order":0,"comment_status":"closed","ping_status":"closed","template":"","meta":{"_acf_changed":false,"footnotes":""},"class_list":["post-4710","page","type-page","status-publish","has-post-thumbnail","hentry"],"acf":[],"yoast_head":"<!-- This site is optimized with the Yoast SEO plugin v26.5 - https:\/\/yoast.com\/wordpress\/plugins\/seo\/ -->\n<title>You will find us \u2013 Trukme exhibition salon in Riga<\/title>\n<meta name=\"description\" content=\"Visit our showroom in Riga, C\u0113su Street 31 k-3. Contact: +371 27 008 058 or info@trukme.lv.\" \/>\n<meta name=\"robots\" content=\"index, follow, max-snippet:-1, max-image-preview:large, max-video-preview:-1\" \/>\n<link rel=\"canonical\" href=\"https:\/\/trukme.lv\/en\/contact-us\/\" \/>\n<meta property=\"og:locale\" content=\"en_GB\" \/>\n<meta property=\"og:type\" content=\"article\" \/>\n<meta property=\"og:title\" content=\"You will find us \u2013 Trukme exhibition salon in Riga\" \/>\n<meta property=\"og:description\" content=\"Visit our showroom in Riga, C\u0113su Street 31 k-3. Contact: +371 27 008 058 or info@trukme.lv.\" \/>\n<meta property=\"og:url\" content=\"https:\/\/trukme.lv\/en\/contact-us\/\" \/>\n<meta property=\"og:site_name\" content=\"Trukm\u0117\" \/>\n<meta property=\"article:modified_time\" content=\"2025-10-27T19:54:56+00:00\" \/>\n<meta property=\"og:image\" content=\"https:\/\/trukme.lv\/wp-content\/uploads\/2025\/07\/DSC04987-HDR-1-1024x683.jpg\" \/>\n\t<meta property=\"og:image:width\" content=\"1024\" \/>\n\t<meta property=\"og:image:height\" content=\"683\" \/>\n\t<meta property=\"og:image:type\" content=\"image\/jpeg\" \/>\n<meta name=\"twitter:card\" content=\"summary_large_image\" \/>\n<meta name=\"twitter:label1\" content=\"Estimated reading time\" \/>\n\t<meta name=\"twitter:data1\" content=\"2 minutes\" \/>\n<script type=\"application\/ld+json\" class=\"yoast-schema-graph\">{\"@context\":\"https:\/\/schema.org\",\"@graph\":[{\"@type\":\"WebPage\",\"@id\":\"https:\/\/trukme.lv\/en\/contact-us\/\",\"url\":\"https:\/\/trukme.lv\/en\/contact-us\/\",\"name\":\"You will find us \u2013 Trukme exhibition salon in Riga\",\"isPartOf\":{\"@id\":\"https:\/\/trukme.lv\/en\/#website\"},\"primaryImageOfPage\":{\"@id\":\"https:\/\/trukme.lv\/en\/contact-us\/#primaryimage\"},\"image\":{\"@id\":\"https:\/\/trukme.lv\/en\/contact-us\/#primaryimage\"},\"thumbnailUrl\":\"https:\/\/i0.wp.com\/trukme.lv\/wp-content\/uploads\/2025\/07\/DSC04987-HDR-1.jpg?fit=2556%2C1705&ssl=1\",\"datePublished\":\"2025-06-19T05:01:17+00:00\",\"dateModified\":\"2025-10-27T19:54:56+00:00\",\"description\":\"Visit our showroom in Riga, C\u0113su Street 31 k-3. Contact: +371 27 008 058 or info@trukme.lv.\",\"breadcrumb\":{\"@id\":\"https:\/\/trukme.lv\/en\/contact-us\/#breadcrumb\"},\"inLanguage\":\"en-GB\",\"potentialAction\":[{\"@type\":\"ReadAction\",\"target\":[\"https:\/\/trukme.lv\/en\/contact-us\/\"]}]},{\"@type\":\"ImageObject\",\"inLanguage\":\"en-GB\",\"@id\":\"https:\/\/trukme.lv\/en\/contact-us\/#primaryimage\",\"url\":\"https:\/\/i0.wp.com\/trukme.lv\/wp-content\/uploads\/2025\/07\/DSC04987-HDR-1.jpg?fit=2556%2C1705&ssl=1\",\"contentUrl\":\"https:\/\/i0.wp.com\/trukme.lv\/wp-content\/uploads\/2025\/07\/DSC04987-HDR-1.jpg?fit=2556%2C1705&ssl=1\",\"width\":2556,\"height\":1705},{\"@type\":\"BreadcrumbList\",\"@id\":\"https:\/\/trukme.lv\/en\/contact-us\/#breadcrumb\",\"itemListElement\":[{\"@type\":\"ListItem\",\"position\":1,\"name\":\"Home\",\"item\":\"https:\/\/trukme.lv\/en\/home\/\"},{\"@type\":\"ListItem\",\"position\":2,\"name\":\"Contact Us\"}]},{\"@type\":\"WebSite\",\"@id\":\"https:\/\/trukme.lv\/en\/#website\",\"url\":\"https:\/\/trukme.lv\/en\/\",\"name\":\"Trukm\u0117\",\"description\":\"M\u0113be\u013cu pane\u013ci, galda virsmas, m\u0113be\u013cu furnit\u016bra. Virtuves m\u0113be\u013cu, skapju, vannas istabas m\u0113be\u013cu u.c. sortiments. Paz\u012bstami un uzticami ra\u017eot\u0101ji.\",\"potentialAction\":[{\"@type\":\"SearchAction\",\"target\":{\"@type\":\"EntryPoint\",\"urlTemplate\":\"https:\/\/trukme.lv\/en\/?s={search_term_string}\"},\"query-input\":{\"@type\":\"PropertyValueSpecification\",\"valueRequired\":true,\"valueName\":\"search_term_string\"}}],\"inLanguage\":\"en-GB\"}]}<\/script>\n<!-- \/ Yoast SEO plugin. -->","yoast_head_json":{"title":"You will find us \u2013 Trukme exhibition salon in Riga","description":"Visit our showroom in Riga, C\u0113su Street 31 k-3. Contact: +371 27 008 058 or info@trukme.lv.","robots":{"index":"index","follow":"follow","max-snippet":"max-snippet:-1","max-image-preview":"max-image-preview:large","max-video-preview":"max-video-preview:-1"},"canonical":"https:\/\/trukme.lv\/en\/contact-us\/","og_locale":"en_GB","og_type":"article","og_title":"You will find us \u2013 Trukme exhibition salon in Riga","og_description":"Visit our showroom in Riga, C\u0113su Street 31 k-3. Contact: +371 27 008 058 or info@trukme.lv.","og_url":"https:\/\/trukme.lv\/en\/contact-us\/","og_site_name":"Trukm\u0117","article_modified_time":"2025-10-27T19:54:56+00:00","og_image":[{"width":1024,"height":683,"url":"https:\/\/trukme.lv\/wp-content\/uploads\/2025\/07\/DSC04987-HDR-1-1024x683.jpg","type":"image\/jpeg"}],"twitter_card":"summary_large_image","twitter_misc":{"Estimated reading time":"2 minutes"},"schema":{"@context":"https:\/\/schema.org","@graph":[{"@type":"WebPage","@id":"https:\/\/trukme.lv\/en\/contact-us\/","url":"https:\/\/trukme.lv\/en\/contact-us\/","name":"You will find us \u2013 Trukme exhibition salon in Riga","isPartOf":{"@id":"https:\/\/trukme.lv\/en\/#website"},"primaryImageOfPage":{"@id":"https:\/\/trukme.lv\/en\/contact-us\/#primaryimage"},"image":{"@id":"https:\/\/trukme.lv\/en\/contact-us\/#primaryimage"},"thumbnailUrl":"https:\/\/i0.wp.com\/trukme.lv\/wp-content\/uploads\/2025\/07\/DSC04987-HDR-1.jpg?fit=2556%2C1705&ssl=1","datePublished":"2025-06-19T05:01:17+00:00","dateModified":"2025-10-27T19:54:56+00:00","description":"Visit our showroom in Riga, C\u0113su Street 31 k-3. Contact: +371 27 008 058 or info@trukme.lv.","breadcrumb":{"@id":"https:\/\/trukme.lv\/en\/contact-us\/#breadcrumb"},"inLanguage":"en-GB","potentialAction":[{"@type":"ReadAction","target":["https:\/\/trukme.lv\/en\/contact-us\/"]}]},{"@type":"ImageObject","inLanguage":"en-GB","@id":"https:\/\/trukme.lv\/en\/contact-us\/#primaryimage","url":"https:\/\/i0.wp.com\/trukme.lv\/wp-content\/uploads\/2025\/07\/DSC04987-HDR-1.jpg?fit=2556%2C1705&ssl=1","contentUrl":"https:\/\/i0.wp.com\/trukme.lv\/wp-content\/uploads\/2025\/07\/DSC04987-HDR-1.jpg?fit=2556%2C1705&ssl=1","width":2556,"height":1705},{"@type":"BreadcrumbList","@id":"https:\/\/trukme.lv\/en\/contact-us\/#breadcrumb","itemListElement":[{"@type":"ListItem","position":1,"name":"Home","item":"https:\/\/trukme.lv\/en\/home\/"},{"@type":"ListItem","position":2,"name":"Contact Us"}]},{"@type":"WebSite","@id":"https:\/\/trukme.lv\/en\/#website","url":"https:\/\/trukme.lv\/en\/","name":"Trukm\u0117","description":"M\u0113be\u013cu pane\u013ci, galda virsmas, m\u0113be\u013cu furnit\u016bra. Virtuves m\u0113be\u013cu, skapju, vannas istabas m\u0113be\u013cu u.c. sortiments. Paz\u012bstami un uzticami ra\u017eot\u0101ji.","potentialAction":[{"@type":"SearchAction","target":{"@type":"EntryPoint","urlTemplate":"https:\/\/trukme.lv\/en\/?s={search_term_string}"},"query-input":{"@type":"PropertyValueSpecification","valueRequired":true,"valueName":"search_term_string"}}],"inLanguage":"en-GB"}]}},"jetpack_sharing_enabled":true,"_links":{"self":[{"href":"https:\/\/trukme.lv\/en\/wp-json\/wp\/v2\/pages\/4710","targetHints":{"allow":["GET"]}}],"collection":[{"href":"https:\/\/trukme.lv\/en\/wp-json\/wp\/v2\/pages"}],"about":[{"href":"https:\/\/trukme.lv\/en\/wp-json\/wp\/v2\/types\/page"}],"author":[{"embeddable":true,"href":"https:\/\/trukme.lv\/en\/wp-json\/wp\/v2\/users\/1"}],"replies":[{"embeddable":true,"href":"https:\/\/trukme.lv\/en\/wp-json\/wp\/v2\/comments?post=4710"}],"version-history":[{"count":9,"href":"https:\/\/trukme.lv\/en\/wp-json\/wp\/v2\/pages\/4710\/revisions"}],"predecessor-version":[{"id":277308,"href":"https:\/\/trukme.lv\/en\/wp-json\/wp\/v2\/pages\/4710\/revisions\/277308"}],"wp:featuredmedia":[{"embeddable":true,"href":"https:\/\/trukme.lv\/en\/wp-json\/wp\/v2\/media\/4570"}],"wp:attachment":[{"href":"https:\/\/trukme.lv\/en\/wp-json\/wp\/v2\/media?parent=4710"}],"curies":[{"name":"wp","href":"https:\/\/api.w.org\/{rel}","templated":true}]}}