{"id":4713,"date":"2025-06-19T08:00:48","date_gmt":"2025-06-19T05:00:48","guid":{"rendered":"https:\/\/trukme.lv\/about-us\/"},"modified":"2026-02-23T13:37:57","modified_gmt":"2026-02-23T11:37:57","slug":"about-us","status":"publish","type":"page","link":"https:\/\/trukme.lv\/en\/about-us\/","title":{"rendered":"About Us"},"content":{"rendered":"<section class=\"l-section wpb_row height_medium full_height valign_top color_primary with_video with_youtube\"><div id=\"us_bg_video_u93f\" class=\"l-section-video\"><script id=\"us_bg_video_u93f-script\">!function(w){var node = document.getElementById( 'us_bg_video_u93f' );if ( w.innerWidth <= 220 ) { node.remove() }}(window);<\/script><style>@media(max-width:220px){#us_bg_video_u93f{display:none!important}}<\/style><script id=\"youtube_u93f\">\r\n\t\t\t\t\twindow.USYTPlayers = ( window.USYTPlayers || { initYTFunctions: [], optionsYT: [], USYTInited: false } );\r\n\t\t\t\t\twindow.USYTPlayers.initYTFunctions.push( function() {\r\n\t\t\t\t\t\tvar player = new YT.Player( \"youtube_u93f\" , {\r\n\t\t\t\t\t\t\tvideoId: \"UQGklCH3WzY\",\r\n\t\t\t\t\t\t\tplayerVars: {\"playlist\":\"UQGklCH3WzY\",\"autohide\":1,\"autoplay\":1,\"mute\":1,\"controls\":0,\"disablekb\":1,\"enablejsapi\":1,\"fs\":0,\"loop\":1,\"rel\":0,\"showinfo\":0},\r\n\t\t\t\t\t\t\tevents: {\r\n\t\t\t\t\t\t\t\tonReady: function ( e ) {\r\n\t\t\t\t\t\t\t\t\te.target.mute();\r\n\t\t\t\t\t\t\t\t\te.target.playVideo();\r\n\t\t\t\t\t\t\t\t\te.target.g.allow = \"autoplay; fullscreen; picture-in-picture\";\r\n\t\t\t\t\t\t\t\t\te.target.g.width = window.innerWidth;\r\n\t\t\t\t\t\t\t\t\te.target.g.loading = \"lazy\";\r\n\t\t\t\t\t\t\t\t\te.target.g.dispatchEvent( new Event( \"resize\", { bubbles: true } ) );\r\n\t\t\t\t\t\t\t\t}\r\n\t\t\t\t\t\t\t}\r\n\t\t\t\t\t\t});\r\n\t\t\t\t\t\tdocument.querySelector( \"script#youtube_api_u93f\" ).remove();\r\n\t\t\t\t\t} );\r\n\t\t\t\t\twindow.onYouTubeIframeAPIReady = function() {\r\n\t\t\t\t\t\twindow.USYTPlayers.initYTFunctions.forEach( function( YTPlayer ) {\r\n\t\t\t\t\t\t\tif ( typeof YTPlayer === \"function\" ) {\r\n\t\t\t\t\t\t\t\tYTPlayer();\r\n\t\t\t\t\t\t\t}\r\n\t\t\t\t\t\t} );\r\n\t\t\t\t\t};\r\n\t\t\t\t\tvar script = document.createElement( \"script\" );\r\n\t\t\t\t\tscript.id = \"youtube_api_u93f\";\r\n\t\t\t\t\tscript.src = \"https:\/\/www.youtube.com\/iframe_api\";\r\n\t\t\t\t\tdocument.head.append( script );\r\n\t\t\t\t<\/script><\/div><div class=\"l-section-overlay\" style=\"background:linear-gradient(180deg, #071f3f 0%,rgba(7,31,63,0) 50%)\"><\/div><div class=\"l-section-h i-cf\"><div class=\"g-cols vc_row via_grid cols_3-2 laptops-cols_inherit tablets-cols_inherit mobiles-cols_1 valign_top type_default stacking_default\"><div class=\"wpb_column vc_column_container us_custom_922f4d35 us_animate_this has_bg_color\"><div class=\"vc_column-inner\"><h1 class=\"w-post-elm post_title entry-title color_link_inherit\">About Us<\/h1><div class=\"wpb_text_column\"><div class=\"wpb_wrapper\"><p>We are not only one of the largest furniture companies in Lithuania, but also a united community with common values \u200b\u200band goals.<\/p>\n<p>For almost 30 years, we have been providing wholesale and retail trade in materials intended for furniture production, and we represent well-known manufacturers of furniture materials &#8211; boards, worktops, furniture fittings &#8211; from all over Europe.<\/p>\n<p>We offer all services related to the production of furniture parts &#8211; from design, cutting of boards, drilling, edge gluing, milling to delivery to customers.<\/p>\n<\/div><\/div><\/div><\/div><div class=\"wpb_column vc_column_container\"><div class=\"vc_column-inner\"><\/div><\/div><\/div><\/div><\/section><section class=\"l-section wpb_row height_medium\"><div class=\"l-section-h i-cf\"><div class=\"g-cols vc_row via_grid cols_1 laptops-cols_inherit tablets-cols_inherit mobiles-cols_1 valign_top type_default stacking_default\"><div class=\"wpb_column vc_column_container us_custom_4a593b65 us_animate_this\"><div class=\"vc_column-inner\"><div class=\"g-cols wpb_row via_grid cols_2-3 laptops-cols_inherit tablets-cols_inherit mobiles-cols_1 valign_top type_default stacking_default\" style=\"--columns-gap:3rem;\"><div class=\"wpb_column vc_column_container\"><div class=\"vc_column-inner\"><div class=\"w-iconbox iconpos_left style_default color_primary align_left no_text\"><div class=\"w-iconbox-icon\" style=\"font-size:18px;\"><i class=\"fas fa-stars\"><\/i><\/div><div class=\"w-iconbox-meta\"><h3 class=\"w-iconbox-title\" style=\"font-size:18px;\">Values<\/h3><\/div><\/div><div class=\"w-separator size_custom\" style=\"height:10px\"><\/div><div class=\"wpb_text_column\"><div class=\"wpb_wrapper\"><p>We care about the future of the world, so sustainability is an integral part of our strategy.<\/p>\n<p>We not only choose renewable energy resources, but also cooperate with companies and organizations that value values, and actively participate in various environmental protection initiatives.<\/p>\n<\/div><\/div><\/div><\/div><div class=\"wpb_column vc_column_container\"><div class=\"vc_column-inner\"><div class=\"w-iconbox iconpos_left style_default color_primary align_left no_text\"><div class=\"w-iconbox-icon\" style=\"font-size:18px;\"><i class=\"fas fa-heart\"><\/i><\/div><div class=\"w-iconbox-meta\"><h3 class=\"w-iconbox-title\" style=\"font-size:18px;\">We are where you are<\/h3><\/div><\/div><div class=\"w-separator size_custom\" style=\"height:10px\"><\/div><div class=\"wpb_text_column\"><div class=\"wpb_wrapper\"><p>We have developed a network of showrooms in Lithuania and our first showroom in Riga, Latvia. A total of 8 showrooms have opened their doors, presenting examples of the entire wide range of Trukm\u0117 products. <\/p>\n<p>Here, design innovation specialists and sales managers provide free consultations to customers, partners &#8211; interior designers and furniture manufacturers. The showrooms are exceptional comfort and attention to you!<\/p>\n<\/div><\/div><\/div><\/div><\/div><div class=\"w-separator size_medium\"><\/div><div class=\"g-cols wpb_row via_grid cols_2-3 laptops-cols_inherit tablets-cols_inherit mobiles-cols_1 valign_top type_default stacking_default\" style=\"--columns-gap:3rem;\"><div class=\"wpb_column vc_column_container\"><div class=\"vc_column-inner\"><div class=\"w-iconbox iconpos_left style_default color_primary align_left no_text\"><div class=\"w-iconbox-icon\" style=\"font-size:18px;\"><i class=\"fas fa-rocket\"><\/i><\/div><div class=\"w-iconbox-meta\"><h3 class=\"w-iconbox-title\" style=\"font-size:18px;\">Possibilities<\/h3><\/div><\/div><div class=\"w-separator size_custom\" style=\"height:10px\"><\/div><div class=\"wpb_text_column\"><div class=\"wpb_wrapper\"><p>In our spacious 18,000 m\u00b2 warehouses, we store truly large quantities of goods, so we can offer fast delivery at a chosen time throughout Lithuania and the Baltic States.<\/p>\n<\/div><\/div><\/div><\/div><div class=\"wpb_column vc_column_container\"><div class=\"vc_column-inner\"><div class=\"w-iconbox iconpos_left style_default color_primary align_left no_text\"><div class=\"w-iconbox-icon\" style=\"font-size:18px;\"><i class=\"fas fa-lightbulb-on\"><\/i><\/div><div class=\"w-iconbox-meta\"><h3 class=\"w-iconbox-title\" style=\"font-size:18px;\">Innovations<\/h3><\/div><\/div><div class=\"w-separator size_custom\" style=\"height:10px\"><\/div><div class=\"wpb_text_column\"><div class=\"wpb_wrapper\"><p>Maintaining a high level of quality and expanding the range of products and services, we constantly invest in innovative technologies for cutting, drilling and edging boards and worktops.<\/p>\n<p>We are interested in the latest trends and innovations in interior and furniture materials, expand our knowledge at international exhibitions and conferences, so that we can supply high-quality goods and products that meet the highest standards to the furniture markets of Latvia and the Baltic States.<\/p>\n<\/div><\/div><\/div><\/div><\/div><\/div><\/div><\/div><\/div><\/section><section class=\"l-section wpb_row us_custom_b03640aa height_medium\"><div class=\"l-section-h i-cf\"><div class=\"g-cols vc_row via_grid cols_2-3 laptops-cols_inherit tablets-cols_inherit mobiles-cols_1 valign_middle type_default stacking_default\"><div class=\"wpb_column vc_column_container us_custom_4a593b65 us_animate_this\"><div class=\"vc_column-inner\"><div class=\"w-image has_ratio align_none\"><div class=\"w-image-h\"><div style=\"padding-bottom:75%\"><\/div><img decoding=\"async\" width=\"1024\" height=\"577\" src=\"https:\/\/i0.wp.com\/trukme.lv\/wp-content\/uploads\/2025\/07\/445026848_122127307682254590_6143037573685910270_n.jpg?fit=1024%2C577&amp;ssl=1\" class=\"attachment-large size-large\" alt=\"\" loading=\"lazy\" \/><\/div><\/div><\/div><\/div><div class=\"wpb_column vc_column_container us_custom_4a593b65 us_animate_this\"><div class=\"vc_column-inner\"><div class=\"wpb_text_column\"><div class=\"wpb_wrapper\"><p><strong>2024. in April 2019, Trukm\u0117 was pleased to announce the opening of our first showroom in Riga, Latvia.<\/strong><\/p>\n<p>Our decision to expand is based on our commitment to providing excellent customer service and introducing new, high-quality brands to the Latvian market. As a trusted supplier of premium furniture panels and accessories, we want to be closer to our customers to provide them with the best materials and support. <\/p>\n<p>This expansion gives us the opportunity to share our experience, build strong relationships, and adapt to the changing needs of a dynamic market. We look forward to bringing innovation and quality to the Latvian interior materials industry.<\/p>\n<\/div><\/div><\/div><\/div><\/div><\/div><\/section><section class=\"l-section wpb_row height_huge color_footer-bottom with_img parallax_ver\"><div class=\"l-section-img\" role=\"img\" aria-label=\"Image\" data-img-width=\"2080\" data-img-height=\"2022\" style=\"background-image: url(https:\/\/i0.wp.com\/trukme.lv\/wp-content\/uploads\/2025\/06\/8.-Baldine-furnitura.jpg?fit=2080%2C2022&#038;ssl=1);\"><\/div><div class=\"l-section-overlay\" style=\"background:var(--color-content-overlay)\"><\/div><div class=\"l-section-h i-cf\"><div class=\"g-cols vc_row via_grid cols_2 laptops-cols_inherit tablets-cols_inherit mobiles-cols_1 valign_middle type_default stacking_default\"><div class=\"wpb_column vc_column_container us_custom_4a593b65 us_animate_this\"><div class=\"vc_column-inner\"><div class=\"w-iconbox partner-icon iconpos_left style_default color_contrast align_left\"><div class=\"w-iconbox-icon\" style=\"font-size:18px;\"><i class=\"fas fa-handshake\"><\/i><\/div><div class=\"w-iconbox-meta\"><h3 class=\"w-iconbox-title\" style=\"font-size:18px;\">Special conditions for partners<\/h3><div class=\"w-iconbox-text\"><p>Striving for a win-win situation, we offer even more attractive conditions and additional services to loyal customers. To learn more, please contact the Trukm\u0117 Latvia sales team:<\/p>\n<\/div><\/div><\/div><\/div><\/div><div class=\"wpb_column vc_column_container us_custom_4a593b65 us_animate_this\"><div class=\"vc_column-inner\"><div class=\"g-cols wpb_row via_grid cols_3 laptops-cols_inherit tablets-cols_inherit mobiles-cols_1 valign_middle type_default stacking_default\" style=\"--columns-gap:0rem;\"><div class=\"wpb_column vc_column_container\"><div class=\"vc_column-inner\"><div class=\"w-text us_custom_064d3121\"><span class=\"w-text-h\"><span class=\"w-text-value\">Artis<\/span><\/span><\/div><\/div><\/div><div class=\"wpb_column vc_column_container\"><div class=\"vc_column-inner\"><div class=\"w-text\"><a href=\"tel:+371 270 78066\" class=\"w-text-h\"><span class=\"w-text-value\">+371 270 78066<\/span><\/a><\/div><\/div><\/div><div class=\"wpb_column vc_column_container\"><div class=\"vc_column-inner\"><div class=\"w-text\"><a href=\"mailto:a.vitols@trukme.lv\" class=\"w-text-h\"><span class=\"w-text-value\">a.vitols@trukme.lv<\/span><\/a><\/div><\/div><\/div><\/div><div class=\"w-separator size_custom with_line width_default thick_1 style_solid color_text align_center\" style=\"height:20px\"><div class=\"w-separator-h\"><\/div><\/div><div class=\"g-cols wpb_row via_grid cols_3 laptops-cols_inherit tablets-cols_inherit mobiles-cols_1 valign_top type_default stacking_default\" style=\"--columns-gap:0rem;\"><div class=\"wpb_column vc_column_container\"><div class=\"vc_column-inner\"><div class=\"w-text us_custom_064d3121\"><span class=\"w-text-h\"><span class=\"w-text-value\">Kristi\u0101na<\/span><\/span><\/div><\/div><\/div><div class=\"wpb_column vc_column_container\"><div class=\"vc_column-inner\"><div class=\"w-text\"><a href=\"tel:+371 270 08058\" class=\"w-text-h\"><span class=\"w-text-value\">+371 270 08058<\/span><\/a><\/div><\/div><\/div><div class=\"wpb_column vc_column_container\"><div class=\"vc_column-inner\"><div class=\"w-text\"><a href=\"mailto:k.bondare@trukme.lv\" class=\"w-text-h\"><span class=\"w-text-value\">k.bondare@trukme.lv<\/span><\/a><\/div><\/div><\/div><\/div><\/div><\/div><\/div><\/div><\/section><section class=\"l-section wpb_row height_auto\"><div class=\"l-section-h i-cf\"><div class=\"g-cols vc_row via_grid cols_1-2 laptops-cols_inherit tablets-cols_inherit mobiles-cols_1 valign_middle type_default reversed stacking_default\" style=\"--columns-gap:2rem;\"><div class=\"wpb_column vc_column_container us_custom_665b87cd has_bg_color stretched\"><div class=\"vc_column-inner\"><\/div><\/div><div class=\"wpb_column vc_column_container\"><div class=\"vc_column-inner\"><div class=\"w-separator size_huge\"><\/div><h2 class=\"w-text us_custom_a6ceb248\"><span class=\"w-text-h\"><span class=\"w-text-value\">Contact Us<\/span><\/span><\/h2><div class=\"g-cols wpb_row via_grid cols_3-2 laptops-cols_inherit tablets-cols_inherit mobiles-cols_1 valign_top type_default stacking_default\" style=\"--columns-gap:0rem;\"><div class=\"wpb_column vc_column_container\"><div class=\"vc_column-inner\"><div class=\"w-vwrapper align_left valign_top\"><h2 class=\"w-text us_custom_d9a1ab4b\"><span class=\"w-text-h\"><span class=\"w-text-value\">Riga | Eksposition showroom<\/span><\/span><\/h2><div class=\"w-iconbox iconpos_left style_default color_primary align_left no_text\"><a target=\"_blank\" href=\"tel:+37127008058\" class=\"w-iconbox-link\" aria-label=\"+371 27 008 058\"><div class=\"w-iconbox-icon\" style=\"font-size:14px;\"><i class=\"fas fa-phone\"><\/i><\/div><\/a><div class=\"w-iconbox-meta\"><p class=\"w-iconbox-title\"><a target=\"_blank\" href=\"tel:+37127008058\" class=\"w-iconbox-link\" aria-label=\"+371 27 008 058\">+371 27 008 058<\/a><\/p><\/div><\/div><div class=\"w-iconbox iconpos_left style_default color_primary align_center no_text\"><a target=\"_blank\" href=\"mailto:info@trukme.lv\" class=\"w-iconbox-link\" aria-label=\"info@trukme.lv\"><div class=\"w-iconbox-icon\" style=\"font-size:14px;\"><i class=\"fas fa-envelope\"><\/i><\/div><\/a><div class=\"w-iconbox-meta\"><p class=\"w-iconbox-title\"><a target=\"_blank\" href=\"mailto:info@trukme.lv\" class=\"w-iconbox-link\" aria-label=\"info@trukme.lv\">info@trukme.lv<\/a><\/p><\/div><\/div><div class=\"w-iconbox iconpos_left style_default color_primary align_center no_text\"><a target=\"_blank\" href=\"https:\/\/maps.app.goo.gl\/u6bvLGvk9PPHd42p7\" class=\"w-iconbox-link\" aria-label=\"C\u0113su Street 31 k-3, LV-1012 Riga, Latvia\"><div class=\"w-iconbox-icon\" style=\"font-size:14px;\"><i class=\"fas fa-map\"><\/i><\/div><\/a><div class=\"w-iconbox-meta\"><p class=\"w-iconbox-title\"><a target=\"_blank\" href=\"https:\/\/maps.app.goo.gl\/u6bvLGvk9PPHd42p7\" class=\"w-iconbox-link\" aria-label=\"C\u0113su Street 31 k-3, LV-1012 Riga, Latvia\">C\u0113su Street 31 k-3, LV-1012 Riga, Latvia<\/a><\/p><\/div><\/div><\/div><\/div><\/div><div class=\"wpb_column vc_column_container\"><div class=\"vc_column-inner\"><div class=\"w-hwrapper us_custom_da5bb093 valign_top align_none\" style=\"--hwrapper-gap:10px\"><div class=\"wpb_text_column us_custom_7c9b99b5\"><div class=\"wpb_wrapper\"><p><strong>Mon.<\/strong><\/p>\n<p><strong>Tue.<\/strong><\/p>\n<p><strong>Wed.<\/strong><\/p>\n<p><strong>Thu.<\/strong><\/p>\n<p><strong>Fri.<\/strong><\/p>\n<p><strong>Sat. \u2013 Sun.<\/strong><\/p>\n<\/div><\/div><div class=\"wpb_text_column us_custom_7c9b99b5\"><div class=\"wpb_wrapper\"><p style=\"text-align: left;\">10-18<\/p>\n<p style=\"text-align: left;\">10-18<\/p>\n<p style=\"text-align: left;\">10-18<\/p>\n<p style=\"text-align: left;\">10-18<\/p>\n<p style=\"text-align: left;\">10-18<\/p>\n<p style=\"text-align: left;\">not working<\/p>\n<\/div><\/div><\/div><\/div><\/div><\/div><div class=\"w-separator hide_on_mobiles size_huge\"><\/div><\/div><\/div><\/div><\/div><\/section>\n","protected":false},"excerpt":{"rendered":"","protected":false},"author":1,"featured_media":0,"parent":0,"menu_order":0,"comment_status":"closed","ping_status":"closed","template":"","meta":{"_acf_changed":false,"footnotes":""},"class_list":["post-4713","page","type-page","status-publish","hentry"],"acf":[],"yoast_head":"<!-- This site is optimized with the Yoast SEO plugin v26.5 - https:\/\/yoast.com\/wordpress\/plugins\/seo\/ -->\n<title>About us \u2013 one of the largest companies in the furniture industry<\/title>\n<meta name=\"description\" content=\"For almost 30 years, we have been offering furniture materials and component production \u2013 from design to delivery throughout Europe.\" \/>\n<meta name=\"robots\" content=\"index, follow, max-snippet:-1, max-image-preview:large, max-video-preview:-1\" \/>\n<link rel=\"canonical\" href=\"https:\/\/trukme.lv\/en\/about-us\/\" \/>\n<meta property=\"og:locale\" content=\"en_GB\" \/>\n<meta property=\"og:type\" content=\"article\" \/>\n<meta property=\"og:title\" content=\"About us \u2013 one of the largest companies in the furniture industry\" \/>\n<meta property=\"og:description\" content=\"For almost 30 years, we have been offering furniture materials and component production \u2013 from design to delivery throughout Europe.\" \/>\n<meta property=\"og:url\" content=\"https:\/\/trukme.lv\/en\/about-us\/\" \/>\n<meta property=\"og:site_name\" content=\"Trukm\u0117\" \/>\n<meta property=\"article:modified_time\" content=\"2026-02-23T11:37:57+00:00\" \/>\n<meta name=\"twitter:card\" content=\"summary_large_image\" \/>\n<meta name=\"twitter:label1\" content=\"Estimated reading time\" \/>\n\t<meta name=\"twitter:data1\" content=\"7 minutes\" \/>\n<script type=\"application\/ld+json\" class=\"yoast-schema-graph\">{\"@context\":\"https:\/\/schema.org\",\"@graph\":[{\"@type\":\"WebPage\",\"@id\":\"https:\/\/trukme.lv\/en\/about-us\/\",\"url\":\"https:\/\/trukme.lv\/en\/about-us\/\",\"name\":\"About us \u2013 one of the largest companies in the furniture industry\",\"isPartOf\":{\"@id\":\"https:\/\/trukme.lv\/en\/#website\"},\"datePublished\":\"2025-06-19T05:00:48+00:00\",\"dateModified\":\"2026-02-23T11:37:57+00:00\",\"description\":\"For almost 30 years, we have been offering furniture materials and component production \u2013 from design to delivery throughout Europe.\",\"breadcrumb\":{\"@id\":\"https:\/\/trukme.lv\/en\/about-us\/#breadcrumb\"},\"inLanguage\":\"en-GB\",\"potentialAction\":[{\"@type\":\"ReadAction\",\"target\":[\"https:\/\/trukme.lv\/en\/about-us\/\"]}]},{\"@type\":\"BreadcrumbList\",\"@id\":\"https:\/\/trukme.lv\/en\/about-us\/#breadcrumb\",\"itemListElement\":[{\"@type\":\"ListItem\",\"position\":1,\"name\":\"Home\",\"item\":\"https:\/\/trukme.lv\/en\/home\/\"},{\"@type\":\"ListItem\",\"position\":2,\"name\":\"About Us\"}]},{\"@type\":\"WebSite\",\"@id\":\"https:\/\/trukme.lv\/en\/#website\",\"url\":\"https:\/\/trukme.lv\/en\/\",\"name\":\"Trukm\u0117\",\"description\":\"M\u0113be\u013cu pane\u013ci, galda virsmas, m\u0113be\u013cu furnit\u016bra. Virtuves m\u0113be\u013cu, skapju, vannas istabas m\u0113be\u013cu u.c. sortiments. Paz\u012bstami un uzticami ra\u017eot\u0101ji.\",\"potentialAction\":[{\"@type\":\"SearchAction\",\"target\":{\"@type\":\"EntryPoint\",\"urlTemplate\":\"https:\/\/trukme.lv\/en\/?s={search_term_string}\"},\"query-input\":{\"@type\":\"PropertyValueSpecification\",\"valueRequired\":true,\"valueName\":\"search_term_string\"}}],\"inLanguage\":\"en-GB\"}]}<\/script>\n<!-- \/ Yoast SEO plugin. -->","yoast_head_json":{"title":"About us \u2013 one of the largest companies in the furniture industry","description":"For almost 30 years, we have been offering furniture materials and component production \u2013 from design to delivery throughout Europe.","robots":{"index":"index","follow":"follow","max-snippet":"max-snippet:-1","max-image-preview":"max-image-preview:large","max-video-preview":"max-video-preview:-1"},"canonical":"https:\/\/trukme.lv\/en\/about-us\/","og_locale":"en_GB","og_type":"article","og_title":"About us \u2013 one of the largest companies in the furniture industry","og_description":"For almost 30 years, we have been offering furniture materials and component production \u2013 from design to delivery throughout Europe.","og_url":"https:\/\/trukme.lv\/en\/about-us\/","og_site_name":"Trukm\u0117","article_modified_time":"2026-02-23T11:37:57+00:00","twitter_card":"summary_large_image","twitter_misc":{"Estimated reading time":"7 minutes"},"schema":{"@context":"https:\/\/schema.org","@graph":[{"@type":"WebPage","@id":"https:\/\/trukme.lv\/en\/about-us\/","url":"https:\/\/trukme.lv\/en\/about-us\/","name":"About us \u2013 one of the largest companies in the furniture industry","isPartOf":{"@id":"https:\/\/trukme.lv\/en\/#website"},"datePublished":"2025-06-19T05:00:48+00:00","dateModified":"2026-02-23T11:37:57+00:00","description":"For almost 30 years, we have been offering furniture materials and component production \u2013 from design to delivery throughout Europe.","breadcrumb":{"@id":"https:\/\/trukme.lv\/en\/about-us\/#breadcrumb"},"inLanguage":"en-GB","potentialAction":[{"@type":"ReadAction","target":["https:\/\/trukme.lv\/en\/about-us\/"]}]},{"@type":"BreadcrumbList","@id":"https:\/\/trukme.lv\/en\/about-us\/#breadcrumb","itemListElement":[{"@type":"ListItem","position":1,"name":"Home","item":"https:\/\/trukme.lv\/en\/home\/"},{"@type":"ListItem","position":2,"name":"About Us"}]},{"@type":"WebSite","@id":"https:\/\/trukme.lv\/en\/#website","url":"https:\/\/trukme.lv\/en\/","name":"Trukm\u0117","description":"M\u0113be\u013cu pane\u013ci, galda virsmas, m\u0113be\u013cu furnit\u016bra. Virtuves m\u0113be\u013cu, skapju, vannas istabas m\u0113be\u013cu u.c. sortiments. Paz\u012bstami un uzticami ra\u017eot\u0101ji.","potentialAction":[{"@type":"SearchAction","target":{"@type":"EntryPoint","urlTemplate":"https:\/\/trukme.lv\/en\/?s={search_term_string}"},"query-input":{"@type":"PropertyValueSpecification","valueRequired":true,"valueName":"search_term_string"}}],"inLanguage":"en-GB"}]}},"jetpack_sharing_enabled":true,"_links":{"self":[{"href":"https:\/\/trukme.lv\/en\/wp-json\/wp\/v2\/pages\/4713","targetHints":{"allow":["GET"]}}],"collection":[{"href":"https:\/\/trukme.lv\/en\/wp-json\/wp\/v2\/pages"}],"about":[{"href":"https:\/\/trukme.lv\/en\/wp-json\/wp\/v2\/types\/page"}],"author":[{"embeddable":true,"href":"https:\/\/trukme.lv\/en\/wp-json\/wp\/v2\/users\/1"}],"replies":[{"embeddable":true,"href":"https:\/\/trukme.lv\/en\/wp-json\/wp\/v2\/comments?post=4713"}],"version-history":[{"count":7,"href":"https:\/\/trukme.lv\/en\/wp-json\/wp\/v2\/pages\/4713\/revisions"}],"predecessor-version":[{"id":277369,"href":"https:\/\/trukme.lv\/en\/wp-json\/wp\/v2\/pages\/4713\/revisions\/277369"}],"wp:attachment":[{"href":"https:\/\/trukme.lv\/en\/wp-json\/wp\/v2\/media?parent=4713"}],"curies":[{"name":"wp","href":"https:\/\/api.w.org\/{rel}","templated":true}]}}