{"id":251630,"date":"2025-09-30T20:14:58","date_gmt":"2025-09-30T17:14:58","guid":{"rendered":"https:\/\/trukme.lv\/produkti\/uncategorized\/galda-virsma-white-andromeda-matt-k217gm\/"},"modified":"2025-10-02T12:25:24","modified_gmt":"2025-10-02T09:25:24","slug":"galda-virsma-white-andromeda-matt-k217gm","status":"publish","type":"product","link":"https:\/\/trukme.lv\/en\/products\/countertops\/laminated-countertops\/galda-virsma-white-andromeda-matt-k217gm\/","title":{"rendered":"Countertop White Andromeda Matt, K217GM"},"content":{"rendered":"<p>Particularly resistant to stains and heat, easy to maintain, very hygienic. Perfectly suited for kitchens, offices, and stores. The same decor LMDP, HPL wall panel, and ABS edging strip can be matched to the countertop.<\/p>\n","protected":false},"excerpt":{"rendered":"<p>Particularly resistant to stains and heat, easy to maintain, very hygienic. Perfectly suited for kitchens, offices, and stores. The same decor LMDP, HPL wall panel, and ABS edging strip can be matched to the countertop.<\/p>\n","protected":false},"featured_media":251157,"template":"","meta":{"_acf_changed":false},"product_brand":[6996],"product_cat":[6261,6264],"product_tag":[],"class_list":{"0":"post-251630","1":"product","2":"type-product","3":"status-publish","4":"has-post-thumbnail","6":"product_brand-kronospan-en","7":"product_cat-countertops","8":"product_cat-laminated-countertops","10":"first","11":"instock","12":"product-type-variable"},"acf":[],"yoast_head":"<!-- This site is optimized with the Yoast SEO plugin v26.5 - https:\/\/yoast.com\/wordpress\/plugins\/seo\/ -->\n<title>Countertop White Andromeda Matt, K217GM - Trukm\u0117<\/title>\n<meta name=\"robots\" content=\"index, follow, max-snippet:-1, max-image-preview:large, max-video-preview:-1\" \/>\n<link rel=\"canonical\" href=\"https:\/\/trukme.lv\/en\/products\/countertops\/laminated-countertops\/galda-virsma-white-andromeda-matt-k217gm\/\" \/>\n<meta property=\"og:locale\" content=\"en_GB\" \/>\n<meta property=\"og:type\" content=\"article\" \/>\n<meta property=\"og:title\" content=\"Countertop White Andromeda Matt, K217GM - Trukm\u0117\" \/>\n<meta property=\"og:description\" content=\"Particularly resistant to stains and heat, easy to maintain, very hygienic. Perfectly suited for kitchens, offices, and stores. The same decor LMDP, HPL wall panel, and ABS edging strip can be matched to the countertop.\" \/>\n<meta property=\"og:url\" content=\"https:\/\/trukme.lv\/en\/products\/countertops\/laminated-countertops\/galda-virsma-white-andromeda-matt-k217gm\/\" \/>\n<meta property=\"og:site_name\" content=\"Trukm\u0117\" \/>\n<meta property=\"article:modified_time\" content=\"2025-10-02T09:25:24+00:00\" \/>\n<meta property=\"og:image\" content=\"https:\/\/i0.wp.com\/trukme.lv\/wp-content\/uploads\/2025\/09\/S60K217GM101S.webp?fit=403%2C595&ssl=1\" \/>\n\t<meta property=\"og:image:width\" content=\"403\" \/>\n\t<meta property=\"og:image:height\" content=\"595\" \/>\n\t<meta property=\"og:image:type\" content=\"image\/webp\" \/>\n<meta name=\"twitter:card\" content=\"summary_large_image\" \/>\n<script type=\"application\/ld+json\" class=\"yoast-schema-graph\">{\"@context\":\"https:\/\/schema.org\",\"@graph\":[{\"@type\":\"WebPage\",\"@id\":\"https:\/\/trukme.lv\/en\/products\/countertops\/laminated-countertops\/galda-virsma-white-andromeda-matt-k217gm\/\",\"url\":\"https:\/\/trukme.lv\/en\/products\/countertops\/laminated-countertops\/galda-virsma-white-andromeda-matt-k217gm\/\",\"name\":\"Countertop White Andromeda Matt, K217GM - Trukm\u0117\",\"isPartOf\":{\"@id\":\"https:\/\/trukme.lv\/en\/#website\"},\"primaryImageOfPage\":{\"@id\":\"https:\/\/trukme.lv\/en\/products\/countertops\/laminated-countertops\/galda-virsma-white-andromeda-matt-k217gm\/#primaryimage\"},\"image\":{\"@id\":\"https:\/\/trukme.lv\/en\/products\/countertops\/laminated-countertops\/galda-virsma-white-andromeda-matt-k217gm\/#primaryimage\"},\"thumbnailUrl\":\"https:\/\/i0.wp.com\/trukme.lv\/wp-content\/uploads\/2025\/09\/S60K217GM101S.webp?fit=403%2C595&ssl=1\",\"datePublished\":\"2025-09-30T17:14:58+00:00\",\"dateModified\":\"2025-10-02T09:25:24+00:00\",\"breadcrumb\":{\"@id\":\"https:\/\/trukme.lv\/en\/products\/countertops\/laminated-countertops\/galda-virsma-white-andromeda-matt-k217gm\/#breadcrumb\"},\"inLanguage\":\"en-GB\",\"potentialAction\":[{\"@type\":\"ReadAction\",\"target\":[\"https:\/\/trukme.lv\/en\/products\/countertops\/laminated-countertops\/galda-virsma-white-andromeda-matt-k217gm\/\"]}]},{\"@type\":\"ImageObject\",\"inLanguage\":\"en-GB\",\"@id\":\"https:\/\/trukme.lv\/en\/products\/countertops\/laminated-countertops\/galda-virsma-white-andromeda-matt-k217gm\/#primaryimage\",\"url\":\"https:\/\/i0.wp.com\/trukme.lv\/wp-content\/uploads\/2025\/09\/S60K217GM101S.webp?fit=403%2C595&ssl=1\",\"contentUrl\":\"https:\/\/i0.wp.com\/trukme.lv\/wp-content\/uploads\/2025\/09\/S60K217GM101S.webp?fit=403%2C595&ssl=1\",\"width\":403,\"height\":595},{\"@type\":\"BreadcrumbList\",\"@id\":\"https:\/\/trukme.lv\/en\/products\/countertops\/laminated-countertops\/galda-virsma-white-andromeda-matt-k217gm\/#breadcrumb\",\"itemListElement\":[{\"@type\":\"ListItem\",\"position\":1,\"name\":\"Home\",\"item\":\"https:\/\/trukme.lv\/en\/home\/\"},{\"@type\":\"ListItem\",\"position\":2,\"name\":\"Products\",\"item\":\"https:\/\/trukme.lv\/en\/products\/\"},{\"@type\":\"ListItem\",\"position\":3,\"name\":\"Countertop White Andromeda Matt, K217GM\"}]},{\"@type\":\"WebSite\",\"@id\":\"https:\/\/trukme.lv\/en\/#website\",\"url\":\"https:\/\/trukme.lv\/en\/\",\"name\":\"Trukm\u0117\",\"description\":\"M\u0113be\u013cu pane\u013ci, galda virsmas, m\u0113be\u013cu furnit\u016bra. Virtuves m\u0113be\u013cu, skapju, vannas istabas m\u0113be\u013cu u.c. sortiments. Paz\u012bstami un uzticami ra\u017eot\u0101ji.\",\"potentialAction\":[{\"@type\":\"SearchAction\",\"target\":{\"@type\":\"EntryPoint\",\"urlTemplate\":\"https:\/\/trukme.lv\/en\/?s={search_term_string}\"},\"query-input\":{\"@type\":\"PropertyValueSpecification\",\"valueRequired\":true,\"valueName\":\"search_term_string\"}}],\"inLanguage\":\"en-GB\"}]}<\/script>\n<!-- \/ Yoast SEO plugin. -->","yoast_head_json":{"title":"Countertop White Andromeda Matt, K217GM - Trukm\u0117","robots":{"index":"index","follow":"follow","max-snippet":"max-snippet:-1","max-image-preview":"max-image-preview:large","max-video-preview":"max-video-preview:-1"},"canonical":"https:\/\/trukme.lv\/en\/products\/countertops\/laminated-countertops\/galda-virsma-white-andromeda-matt-k217gm\/","og_locale":"en_GB","og_type":"article","og_title":"Countertop White Andromeda Matt, K217GM - Trukm\u0117","og_description":"Particularly resistant to stains and heat, easy to maintain, very hygienic. Perfectly suited for kitchens, offices, and stores. The same decor LMDP, HPL wall panel, and ABS edging strip can be matched to the countertop.","og_url":"https:\/\/trukme.lv\/en\/products\/countertops\/laminated-countertops\/galda-virsma-white-andromeda-matt-k217gm\/","og_site_name":"Trukm\u0117","article_modified_time":"2025-10-02T09:25:24+00:00","og_image":[{"width":403,"height":595,"url":"https:\/\/i0.wp.com\/trukme.lv\/wp-content\/uploads\/2025\/09\/S60K217GM101S.webp?fit=403%2C595&ssl=1","type":"image\/webp"}],"twitter_card":"summary_large_image","schema":{"@context":"https:\/\/schema.org","@graph":[{"@type":"WebPage","@id":"https:\/\/trukme.lv\/en\/products\/countertops\/laminated-countertops\/galda-virsma-white-andromeda-matt-k217gm\/","url":"https:\/\/trukme.lv\/en\/products\/countertops\/laminated-countertops\/galda-virsma-white-andromeda-matt-k217gm\/","name":"Countertop White Andromeda Matt, K217GM - Trukm\u0117","isPartOf":{"@id":"https:\/\/trukme.lv\/en\/#website"},"primaryImageOfPage":{"@id":"https:\/\/trukme.lv\/en\/products\/countertops\/laminated-countertops\/galda-virsma-white-andromeda-matt-k217gm\/#primaryimage"},"image":{"@id":"https:\/\/trukme.lv\/en\/products\/countertops\/laminated-countertops\/galda-virsma-white-andromeda-matt-k217gm\/#primaryimage"},"thumbnailUrl":"https:\/\/i0.wp.com\/trukme.lv\/wp-content\/uploads\/2025\/09\/S60K217GM101S.webp?fit=403%2C595&ssl=1","datePublished":"2025-09-30T17:14:58+00:00","dateModified":"2025-10-02T09:25:24+00:00","breadcrumb":{"@id":"https:\/\/trukme.lv\/en\/products\/countertops\/laminated-countertops\/galda-virsma-white-andromeda-matt-k217gm\/#breadcrumb"},"inLanguage":"en-GB","potentialAction":[{"@type":"ReadAction","target":["https:\/\/trukme.lv\/en\/products\/countertops\/laminated-countertops\/galda-virsma-white-andromeda-matt-k217gm\/"]}]},{"@type":"ImageObject","inLanguage":"en-GB","@id":"https:\/\/trukme.lv\/en\/products\/countertops\/laminated-countertops\/galda-virsma-white-andromeda-matt-k217gm\/#primaryimage","url":"https:\/\/i0.wp.com\/trukme.lv\/wp-content\/uploads\/2025\/09\/S60K217GM101S.webp?fit=403%2C595&ssl=1","contentUrl":"https:\/\/i0.wp.com\/trukme.lv\/wp-content\/uploads\/2025\/09\/S60K217GM101S.webp?fit=403%2C595&ssl=1","width":403,"height":595},{"@type":"BreadcrumbList","@id":"https:\/\/trukme.lv\/en\/products\/countertops\/laminated-countertops\/galda-virsma-white-andromeda-matt-k217gm\/#breadcrumb","itemListElement":[{"@type":"ListItem","position":1,"name":"Home","item":"https:\/\/trukme.lv\/en\/home\/"},{"@type":"ListItem","position":2,"name":"Products","item":"https:\/\/trukme.lv\/en\/products\/"},{"@type":"ListItem","position":3,"name":"Countertop White Andromeda Matt, K217GM"}]},{"@type":"WebSite","@id":"https:\/\/trukme.lv\/en\/#website","url":"https:\/\/trukme.lv\/en\/","name":"Trukm\u0117","description":"M\u0113be\u013cu pane\u013ci, galda virsmas, m\u0113be\u013cu furnit\u016bra. Virtuves m\u0113be\u013cu, skapju, vannas istabas m\u0113be\u013cu u.c. sortiments. Paz\u012bstami un uzticami ra\u017eot\u0101ji.","potentialAction":[{"@type":"SearchAction","target":{"@type":"EntryPoint","urlTemplate":"https:\/\/trukme.lv\/en\/?s={search_term_string}"},"query-input":{"@type":"PropertyValueSpecification","valueRequired":true,"valueName":"search_term_string"}}],"inLanguage":"en-GB"}]}},"jetpack_sharing_enabled":true,"_links":{"self":[{"href":"https:\/\/trukme.lv\/en\/wp-json\/wp\/v2\/product\/251630","targetHints":{"allow":["GET"]}}],"collection":[{"href":"https:\/\/trukme.lv\/en\/wp-json\/wp\/v2\/product"}],"about":[{"href":"https:\/\/trukme.lv\/en\/wp-json\/wp\/v2\/types\/product"}],"wp:featuredmedia":[{"embeddable":true,"href":"https:\/\/trukme.lv\/en\/wp-json\/wp\/v2\/media\/251157"}],"wp:attachment":[{"href":"https:\/\/trukme.lv\/en\/wp-json\/wp\/v2\/media?parent=251630"}],"wp:term":[{"taxonomy":"product_brand","embeddable":true,"href":"https:\/\/trukme.lv\/en\/wp-json\/wp\/v2\/product_brand?post=251630"},{"taxonomy":"product_cat","embeddable":true,"href":"https:\/\/trukme.lv\/en\/wp-json\/wp\/v2\/product_cat?post=251630"},{"taxonomy":"product_tag","embeddable":true,"href":"https:\/\/trukme.lv\/en\/wp-json\/wp\/v2\/product_tag?post=251630"}],"curies":[{"name":"wp","href":"https:\/\/api.w.org\/{rel}","templated":true}]}}