{"id":251705,"date":"2025-09-30T20:12:39","date_gmt":"2025-09-30T17:12:39","guid":{"rendered":"https:\/\/trukme.lv\/produkti\/uncategorized\/galda-virsma-crema-limestone-k209rs\/"},"modified":"2025-10-02T12:25:37","modified_gmt":"2025-10-02T09:25:37","slug":"galda-virsma-crema-limestone-k209rs","status":"publish","type":"product","link":"https:\/\/trukme.lv\/en\/products\/countertops\/laminated-countertops\/galda-virsma-crema-limestone-k209rs\/","title":{"rendered":"Countertop Crema Limestone, K209RS"},"content":{"rendered":"<p>Particularly resistant to stains and heat, easy to maintain, very hygienic. Perfectly suited for kitchens, offices, and stores. The same decor HPL wall panel and HPL edging strip can be matched to the countertop.<\/p>\n","protected":false},"excerpt":{"rendered":"<p>Particularly resistant to stains and heat, easy to maintain, very hygienic. Perfectly suited for kitchens, offices, and stores. The same decor HPL wall panel and HPL edging strip can be matched to the countertop.<\/p>\n","protected":false},"featured_media":251004,"template":"","meta":{"_acf_changed":false},"product_brand":[6996],"product_cat":[6261,6264],"product_tag":[],"class_list":{"0":"post-251705","1":"product","2":"type-product","3":"status-publish","4":"has-post-thumbnail","6":"product_brand-kronospan-en","7":"product_cat-countertops","8":"product_cat-laminated-countertops","10":"first","11":"instock","12":"product-type-variable"},"acf":[],"yoast_head":"<!-- This site is optimized with the Yoast SEO plugin v26.5 - https:\/\/yoast.com\/wordpress\/plugins\/seo\/ -->\n<title>Countertop Crema Limestone, K209RS - Trukm\u0117<\/title>\n<meta name=\"robots\" content=\"index, follow, max-snippet:-1, max-image-preview:large, max-video-preview:-1\" \/>\n<link rel=\"canonical\" href=\"https:\/\/trukme.lv\/en\/products\/countertops\/laminated-countertops\/galda-virsma-crema-limestone-k209rs\/\" \/>\n<meta property=\"og:locale\" content=\"en_GB\" \/>\n<meta property=\"og:type\" content=\"article\" \/>\n<meta property=\"og:title\" content=\"Countertop Crema Limestone, K209RS - Trukm\u0117\" \/>\n<meta property=\"og:description\" content=\"Particularly resistant to stains and heat, easy to maintain, very hygienic. Perfectly suited for kitchens, offices, and stores. The same decor HPL wall panel and HPL edging strip can be matched to the countertop.\" \/>\n<meta property=\"og:url\" content=\"https:\/\/trukme.lv\/en\/products\/countertops\/laminated-countertops\/galda-virsma-crema-limestone-k209rs\/\" \/>\n<meta property=\"og:site_name\" content=\"Trukm\u0117\" \/>\n<meta property=\"article:modified_time\" content=\"2025-10-02T09:25:37+00:00\" \/>\n<meta property=\"og:image\" content=\"https:\/\/i0.wp.com\/trukme.lv\/wp-content\/uploads\/2025\/09\/S605526RS101S.webp?fit=1199%2C1825&ssl=1\" \/>\n\t<meta property=\"og:image:width\" content=\"1199\" \/>\n\t<meta property=\"og:image:height\" content=\"1825\" \/>\n\t<meta property=\"og:image:type\" content=\"image\/webp\" \/>\n<meta name=\"twitter:card\" content=\"summary_large_image\" \/>\n<script type=\"application\/ld+json\" class=\"yoast-schema-graph\">{\"@context\":\"https:\/\/schema.org\",\"@graph\":[{\"@type\":\"WebPage\",\"@id\":\"https:\/\/trukme.lv\/en\/products\/countertops\/laminated-countertops\/galda-virsma-crema-limestone-k209rs\/\",\"url\":\"https:\/\/trukme.lv\/en\/products\/countertops\/laminated-countertops\/galda-virsma-crema-limestone-k209rs\/\",\"name\":\"Countertop Crema Limestone, K209RS - Trukm\u0117\",\"isPartOf\":{\"@id\":\"https:\/\/trukme.lv\/en\/#website\"},\"primaryImageOfPage\":{\"@id\":\"https:\/\/trukme.lv\/en\/products\/countertops\/laminated-countertops\/galda-virsma-crema-limestone-k209rs\/#primaryimage\"},\"image\":{\"@id\":\"https:\/\/trukme.lv\/en\/products\/countertops\/laminated-countertops\/galda-virsma-crema-limestone-k209rs\/#primaryimage\"},\"thumbnailUrl\":\"https:\/\/i0.wp.com\/trukme.lv\/wp-content\/uploads\/2025\/09\/S605526RS101S.webp?fit=1199%2C1825&ssl=1\",\"datePublished\":\"2025-09-30T17:12:39+00:00\",\"dateModified\":\"2025-10-02T09:25:37+00:00\",\"breadcrumb\":{\"@id\":\"https:\/\/trukme.lv\/en\/products\/countertops\/laminated-countertops\/galda-virsma-crema-limestone-k209rs\/#breadcrumb\"},\"inLanguage\":\"en-GB\",\"potentialAction\":[{\"@type\":\"ReadAction\",\"target\":[\"https:\/\/trukme.lv\/en\/products\/countertops\/laminated-countertops\/galda-virsma-crema-limestone-k209rs\/\"]}]},{\"@type\":\"ImageObject\",\"inLanguage\":\"en-GB\",\"@id\":\"https:\/\/trukme.lv\/en\/products\/countertops\/laminated-countertops\/galda-virsma-crema-limestone-k209rs\/#primaryimage\",\"url\":\"https:\/\/i0.wp.com\/trukme.lv\/wp-content\/uploads\/2025\/09\/S605526RS101S.webp?fit=1199%2C1825&ssl=1\",\"contentUrl\":\"https:\/\/i0.wp.com\/trukme.lv\/wp-content\/uploads\/2025\/09\/S605526RS101S.webp?fit=1199%2C1825&ssl=1\",\"width\":1199,\"height\":1825},{\"@type\":\"BreadcrumbList\",\"@id\":\"https:\/\/trukme.lv\/en\/products\/countertops\/laminated-countertops\/galda-virsma-crema-limestone-k209rs\/#breadcrumb\",\"itemListElement\":[{\"@type\":\"ListItem\",\"position\":1,\"name\":\"Home\",\"item\":\"https:\/\/trukme.lv\/en\/home\/\"},{\"@type\":\"ListItem\",\"position\":2,\"name\":\"Products\",\"item\":\"https:\/\/trukme.lv\/en\/products\/\"},{\"@type\":\"ListItem\",\"position\":3,\"name\":\"Countertop Crema Limestone, K209RS\"}]},{\"@type\":\"WebSite\",\"@id\":\"https:\/\/trukme.lv\/en\/#website\",\"url\":\"https:\/\/trukme.lv\/en\/\",\"name\":\"Trukm\u0117\",\"description\":\"M\u0113be\u013cu pane\u013ci, galda virsmas, m\u0113be\u013cu furnit\u016bra. Virtuves m\u0113be\u013cu, skapju, vannas istabas m\u0113be\u013cu u.c. sortiments. Paz\u012bstami un uzticami ra\u017eot\u0101ji.\",\"potentialAction\":[{\"@type\":\"SearchAction\",\"target\":{\"@type\":\"EntryPoint\",\"urlTemplate\":\"https:\/\/trukme.lv\/en\/?s={search_term_string}\"},\"query-input\":{\"@type\":\"PropertyValueSpecification\",\"valueRequired\":true,\"valueName\":\"search_term_string\"}}],\"inLanguage\":\"en-GB\"}]}<\/script>\n<!-- \/ Yoast SEO plugin. -->","yoast_head_json":{"title":"Countertop Crema Limestone, K209RS - Trukm\u0117","robots":{"index":"index","follow":"follow","max-snippet":"max-snippet:-1","max-image-preview":"max-image-preview:large","max-video-preview":"max-video-preview:-1"},"canonical":"https:\/\/trukme.lv\/en\/products\/countertops\/laminated-countertops\/galda-virsma-crema-limestone-k209rs\/","og_locale":"en_GB","og_type":"article","og_title":"Countertop Crema Limestone, K209RS - Trukm\u0117","og_description":"Particularly resistant to stains and heat, easy to maintain, very hygienic. Perfectly suited for kitchens, offices, and stores. The same decor HPL wall panel and HPL edging strip can be matched to the countertop.","og_url":"https:\/\/trukme.lv\/en\/products\/countertops\/laminated-countertops\/galda-virsma-crema-limestone-k209rs\/","og_site_name":"Trukm\u0117","article_modified_time":"2025-10-02T09:25:37+00:00","og_image":[{"width":1199,"height":1825,"url":"https:\/\/i0.wp.com\/trukme.lv\/wp-content\/uploads\/2025\/09\/S605526RS101S.webp?fit=1199%2C1825&ssl=1","type":"image\/webp"}],"twitter_card":"summary_large_image","schema":{"@context":"https:\/\/schema.org","@graph":[{"@type":"WebPage","@id":"https:\/\/trukme.lv\/en\/products\/countertops\/laminated-countertops\/galda-virsma-crema-limestone-k209rs\/","url":"https:\/\/trukme.lv\/en\/products\/countertops\/laminated-countertops\/galda-virsma-crema-limestone-k209rs\/","name":"Countertop Crema Limestone, K209RS - Trukm\u0117","isPartOf":{"@id":"https:\/\/trukme.lv\/en\/#website"},"primaryImageOfPage":{"@id":"https:\/\/trukme.lv\/en\/products\/countertops\/laminated-countertops\/galda-virsma-crema-limestone-k209rs\/#primaryimage"},"image":{"@id":"https:\/\/trukme.lv\/en\/products\/countertops\/laminated-countertops\/galda-virsma-crema-limestone-k209rs\/#primaryimage"},"thumbnailUrl":"https:\/\/i0.wp.com\/trukme.lv\/wp-content\/uploads\/2025\/09\/S605526RS101S.webp?fit=1199%2C1825&ssl=1","datePublished":"2025-09-30T17:12:39+00:00","dateModified":"2025-10-02T09:25:37+00:00","breadcrumb":{"@id":"https:\/\/trukme.lv\/en\/products\/countertops\/laminated-countertops\/galda-virsma-crema-limestone-k209rs\/#breadcrumb"},"inLanguage":"en-GB","potentialAction":[{"@type":"ReadAction","target":["https:\/\/trukme.lv\/en\/products\/countertops\/laminated-countertops\/galda-virsma-crema-limestone-k209rs\/"]}]},{"@type":"ImageObject","inLanguage":"en-GB","@id":"https:\/\/trukme.lv\/en\/products\/countertops\/laminated-countertops\/galda-virsma-crema-limestone-k209rs\/#primaryimage","url":"https:\/\/i0.wp.com\/trukme.lv\/wp-content\/uploads\/2025\/09\/S605526RS101S.webp?fit=1199%2C1825&ssl=1","contentUrl":"https:\/\/i0.wp.com\/trukme.lv\/wp-content\/uploads\/2025\/09\/S605526RS101S.webp?fit=1199%2C1825&ssl=1","width":1199,"height":1825},{"@type":"BreadcrumbList","@id":"https:\/\/trukme.lv\/en\/products\/countertops\/laminated-countertops\/galda-virsma-crema-limestone-k209rs\/#breadcrumb","itemListElement":[{"@type":"ListItem","position":1,"name":"Home","item":"https:\/\/trukme.lv\/en\/home\/"},{"@type":"ListItem","position":2,"name":"Products","item":"https:\/\/trukme.lv\/en\/products\/"},{"@type":"ListItem","position":3,"name":"Countertop Crema Limestone, K209RS"}]},{"@type":"WebSite","@id":"https:\/\/trukme.lv\/en\/#website","url":"https:\/\/trukme.lv\/en\/","name":"Trukm\u0117","description":"M\u0113be\u013cu pane\u013ci, galda virsmas, m\u0113be\u013cu furnit\u016bra. Virtuves m\u0113be\u013cu, skapju, vannas istabas m\u0113be\u013cu u.c. sortiments. Paz\u012bstami un uzticami ra\u017eot\u0101ji.","potentialAction":[{"@type":"SearchAction","target":{"@type":"EntryPoint","urlTemplate":"https:\/\/trukme.lv\/en\/?s={search_term_string}"},"query-input":{"@type":"PropertyValueSpecification","valueRequired":true,"valueName":"search_term_string"}}],"inLanguage":"en-GB"}]}},"jetpack_sharing_enabled":true,"_links":{"self":[{"href":"https:\/\/trukme.lv\/en\/wp-json\/wp\/v2\/product\/251705","targetHints":{"allow":["GET"]}}],"collection":[{"href":"https:\/\/trukme.lv\/en\/wp-json\/wp\/v2\/product"}],"about":[{"href":"https:\/\/trukme.lv\/en\/wp-json\/wp\/v2\/types\/product"}],"wp:featuredmedia":[{"embeddable":true,"href":"https:\/\/trukme.lv\/en\/wp-json\/wp\/v2\/media\/251004"}],"wp:attachment":[{"href":"https:\/\/trukme.lv\/en\/wp-json\/wp\/v2\/media?parent=251705"}],"wp:term":[{"taxonomy":"product_brand","embeddable":true,"href":"https:\/\/trukme.lv\/en\/wp-json\/wp\/v2\/product_brand?post=251705"},{"taxonomy":"product_cat","embeddable":true,"href":"https:\/\/trukme.lv\/en\/wp-json\/wp\/v2\/product_cat?post=251705"},{"taxonomy":"product_tag","embeddable":true,"href":"https:\/\/trukme.lv\/en\/wp-json\/wp\/v2\/product_tag?post=251705"}],"curies":[{"name":"wp","href":"https:\/\/api.w.org\/{rel}","templated":true}]}}