{"id":251756,"date":"2025-09-30T20:10:52","date_gmt":"2025-09-30T17:10:52","guid":{"rendered":"https:\/\/trukme.lv\/produkti\/uncategorized\/galda-virsma-600mm-1200mm-n003-nirvana-nichel\/"},"modified":"2025-10-02T12:25:49","modified_gmt":"2025-10-02T09:25:49","slug":"galda-virsma-600mm-1200mm-n003-nirvana-nichel","status":"publish","type":"product","link":"https:\/\/trukme.lv\/en\/products\/countertops\/laminated-countertops\/galda-virsma-600mm-1200mm-n003-nirvana-nichel\/","title":{"rendered":"Countertop (600mm, 1200mm) N003, Nirvana Nichel"},"content":{"rendered":"<p>Laminated thin countertops are made of high-quality particleboard (MDP), with a high-pressure laminate (HPL) sheet pressed on the top under high pressure, and a compensating HPL sheet or kraft paper on the bottom (for 1200 mm wide countertops, the decor is on both sides, making them ideal for kitchen islands). Although the countertop is thin and elegant, it retains the properties of standard countertops: resistance to wear, heat, moisture, and impacts. In addition, it is easy to maintain.<\/p>\n","protected":false},"excerpt":{"rendered":"<p>Laminated thin countertops are made of high-quality particleboard (MDP), with a high-pressure laminate (HPL) sheet pressed on the top under high pressure, and a compensating HPL sheet or kraft paper on the bottom (for 1200 mm wide countertops, the decor is on both sides, making them ideal for kitchen islands). Although the countertop is thin&#8230;<\/p>\n","protected":false},"featured_media":250827,"template":"","meta":{"_acf_changed":false},"product_brand":[6991],"product_cat":[6261,6264],"product_tag":[],"class_list":{"0":"post-251756","1":"product","2":"type-product","3":"status-publish","4":"has-post-thumbnail","6":"product_brand-mobil3-en","7":"product_cat-countertops","8":"product_cat-laminated-countertops","10":"first","11":"instock","12":"product-type-variable"},"acf":[],"yoast_head":"<!-- This site is optimized with the Yoast SEO plugin v26.5 - https:\/\/yoast.com\/wordpress\/plugins\/seo\/ -->\n<title>Countertop (600mm, 1200mm) N003, Nirvana Nichel - Trukm\u0117<\/title>\n<meta name=\"robots\" content=\"index, follow, max-snippet:-1, max-image-preview:large, max-video-preview:-1\" \/>\n<link rel=\"canonical\" href=\"https:\/\/trukme.lv\/en\/products\/countertops\/laminated-countertops\/galda-virsma-600mm-1200mm-n003-nirvana-nichel\/\" \/>\n<meta property=\"og:locale\" content=\"en_GB\" \/>\n<meta property=\"og:type\" content=\"article\" \/>\n<meta property=\"og:title\" content=\"Countertop (600mm, 1200mm) N003, Nirvana Nichel - Trukm\u0117\" \/>\n<meta property=\"og:description\" content=\"Laminated thin countertops are made of high-quality particleboard (MDP), with a high-pressure laminate (HPL) sheet pressed on the top under high pressure, and a compensating HPL sheet or kraft paper on the bottom (for 1200 mm wide countertops, the decor is on both sides, making them ideal for kitchen islands). Although the countertop is thin...\" \/>\n<meta property=\"og:url\" content=\"https:\/\/trukme.lv\/en\/products\/countertops\/laminated-countertops\/galda-virsma-600mm-1200mm-n003-nirvana-nichel\/\" \/>\n<meta property=\"og:site_name\" content=\"Trukm\u0117\" \/>\n<meta property=\"article:modified_time\" content=\"2025-10-02T09:25:49+00:00\" \/>\n<meta property=\"og:image\" content=\"https:\/\/i0.wp.com\/trukme.lv\/wp-content\/uploads\/2025\/09\/S12N003S.webp?fit=692%2C1024&ssl=1\" \/>\n\t<meta property=\"og:image:width\" content=\"692\" \/>\n\t<meta property=\"og:image:height\" content=\"1024\" \/>\n\t<meta property=\"og:image:type\" content=\"image\/webp\" \/>\n<meta name=\"twitter:card\" content=\"summary_large_image\" \/>\n<script type=\"application\/ld+json\" class=\"yoast-schema-graph\">{\"@context\":\"https:\/\/schema.org\",\"@graph\":[{\"@type\":\"WebPage\",\"@id\":\"https:\/\/trukme.lv\/en\/products\/countertops\/laminated-countertops\/galda-virsma-600mm-1200mm-n003-nirvana-nichel\/\",\"url\":\"https:\/\/trukme.lv\/en\/products\/countertops\/laminated-countertops\/galda-virsma-600mm-1200mm-n003-nirvana-nichel\/\",\"name\":\"Countertop (600mm, 1200mm) N003, Nirvana Nichel - Trukm\u0117\",\"isPartOf\":{\"@id\":\"https:\/\/trukme.lv\/en\/#website\"},\"primaryImageOfPage\":{\"@id\":\"https:\/\/trukme.lv\/en\/products\/countertops\/laminated-countertops\/galda-virsma-600mm-1200mm-n003-nirvana-nichel\/#primaryimage\"},\"image\":{\"@id\":\"https:\/\/trukme.lv\/en\/products\/countertops\/laminated-countertops\/galda-virsma-600mm-1200mm-n003-nirvana-nichel\/#primaryimage\"},\"thumbnailUrl\":\"https:\/\/i0.wp.com\/trukme.lv\/wp-content\/uploads\/2025\/09\/S12N003S.webp?fit=692%2C1024&ssl=1\",\"datePublished\":\"2025-09-30T17:10:52+00:00\",\"dateModified\":\"2025-10-02T09:25:49+00:00\",\"breadcrumb\":{\"@id\":\"https:\/\/trukme.lv\/en\/products\/countertops\/laminated-countertops\/galda-virsma-600mm-1200mm-n003-nirvana-nichel\/#breadcrumb\"},\"inLanguage\":\"en-GB\",\"potentialAction\":[{\"@type\":\"ReadAction\",\"target\":[\"https:\/\/trukme.lv\/en\/products\/countertops\/laminated-countertops\/galda-virsma-600mm-1200mm-n003-nirvana-nichel\/\"]}]},{\"@type\":\"ImageObject\",\"inLanguage\":\"en-GB\",\"@id\":\"https:\/\/trukme.lv\/en\/products\/countertops\/laminated-countertops\/galda-virsma-600mm-1200mm-n003-nirvana-nichel\/#primaryimage\",\"url\":\"https:\/\/i0.wp.com\/trukme.lv\/wp-content\/uploads\/2025\/09\/S12N003S.webp?fit=692%2C1024&ssl=1\",\"contentUrl\":\"https:\/\/i0.wp.com\/trukme.lv\/wp-content\/uploads\/2025\/09\/S12N003S.webp?fit=692%2C1024&ssl=1\",\"width\":692,\"height\":1024},{\"@type\":\"BreadcrumbList\",\"@id\":\"https:\/\/trukme.lv\/en\/products\/countertops\/laminated-countertops\/galda-virsma-600mm-1200mm-n003-nirvana-nichel\/#breadcrumb\",\"itemListElement\":[{\"@type\":\"ListItem\",\"position\":1,\"name\":\"Home\",\"item\":\"https:\/\/trukme.lv\/en\/home\/\"},{\"@type\":\"ListItem\",\"position\":2,\"name\":\"Products\",\"item\":\"https:\/\/trukme.lv\/en\/products\/\"},{\"@type\":\"ListItem\",\"position\":3,\"name\":\"Countertop (600mm, 1200mm) N003, Nirvana Nichel\"}]},{\"@type\":\"WebSite\",\"@id\":\"https:\/\/trukme.lv\/en\/#website\",\"url\":\"https:\/\/trukme.lv\/en\/\",\"name\":\"Trukm\u0117\",\"description\":\"M\u0113be\u013cu pane\u013ci, galda virsmas, m\u0113be\u013cu furnit\u016bra. Virtuves m\u0113be\u013cu, skapju, vannas istabas m\u0113be\u013cu u.c. sortiments. Paz\u012bstami un uzticami ra\u017eot\u0101ji.\",\"potentialAction\":[{\"@type\":\"SearchAction\",\"target\":{\"@type\":\"EntryPoint\",\"urlTemplate\":\"https:\/\/trukme.lv\/en\/?s={search_term_string}\"},\"query-input\":{\"@type\":\"PropertyValueSpecification\",\"valueRequired\":true,\"valueName\":\"search_term_string\"}}],\"inLanguage\":\"en-GB\"}]}<\/script>\n<!-- \/ Yoast SEO plugin. -->","yoast_head_json":{"title":"Countertop (600mm, 1200mm) N003, Nirvana Nichel - Trukm\u0117","robots":{"index":"index","follow":"follow","max-snippet":"max-snippet:-1","max-image-preview":"max-image-preview:large","max-video-preview":"max-video-preview:-1"},"canonical":"https:\/\/trukme.lv\/en\/products\/countertops\/laminated-countertops\/galda-virsma-600mm-1200mm-n003-nirvana-nichel\/","og_locale":"en_GB","og_type":"article","og_title":"Countertop (600mm, 1200mm) N003, Nirvana Nichel - Trukm\u0117","og_description":"Laminated thin countertops are made of high-quality particleboard (MDP), with a high-pressure laminate (HPL) sheet pressed on the top under high pressure, and a compensating HPL sheet or kraft paper on the bottom (for 1200 mm wide countertops, the decor is on both sides, making them ideal for kitchen islands). Although the countertop is thin...","og_url":"https:\/\/trukme.lv\/en\/products\/countertops\/laminated-countertops\/galda-virsma-600mm-1200mm-n003-nirvana-nichel\/","og_site_name":"Trukm\u0117","article_modified_time":"2025-10-02T09:25:49+00:00","og_image":[{"width":692,"height":1024,"url":"https:\/\/i0.wp.com\/trukme.lv\/wp-content\/uploads\/2025\/09\/S12N003S.webp?fit=692%2C1024&ssl=1","type":"image\/webp"}],"twitter_card":"summary_large_image","schema":{"@context":"https:\/\/schema.org","@graph":[{"@type":"WebPage","@id":"https:\/\/trukme.lv\/en\/products\/countertops\/laminated-countertops\/galda-virsma-600mm-1200mm-n003-nirvana-nichel\/","url":"https:\/\/trukme.lv\/en\/products\/countertops\/laminated-countertops\/galda-virsma-600mm-1200mm-n003-nirvana-nichel\/","name":"Countertop (600mm, 1200mm) N003, Nirvana Nichel - Trukm\u0117","isPartOf":{"@id":"https:\/\/trukme.lv\/en\/#website"},"primaryImageOfPage":{"@id":"https:\/\/trukme.lv\/en\/products\/countertops\/laminated-countertops\/galda-virsma-600mm-1200mm-n003-nirvana-nichel\/#primaryimage"},"image":{"@id":"https:\/\/trukme.lv\/en\/products\/countertops\/laminated-countertops\/galda-virsma-600mm-1200mm-n003-nirvana-nichel\/#primaryimage"},"thumbnailUrl":"https:\/\/i0.wp.com\/trukme.lv\/wp-content\/uploads\/2025\/09\/S12N003S.webp?fit=692%2C1024&ssl=1","datePublished":"2025-09-30T17:10:52+00:00","dateModified":"2025-10-02T09:25:49+00:00","breadcrumb":{"@id":"https:\/\/trukme.lv\/en\/products\/countertops\/laminated-countertops\/galda-virsma-600mm-1200mm-n003-nirvana-nichel\/#breadcrumb"},"inLanguage":"en-GB","potentialAction":[{"@type":"ReadAction","target":["https:\/\/trukme.lv\/en\/products\/countertops\/laminated-countertops\/galda-virsma-600mm-1200mm-n003-nirvana-nichel\/"]}]},{"@type":"ImageObject","inLanguage":"en-GB","@id":"https:\/\/trukme.lv\/en\/products\/countertops\/laminated-countertops\/galda-virsma-600mm-1200mm-n003-nirvana-nichel\/#primaryimage","url":"https:\/\/i0.wp.com\/trukme.lv\/wp-content\/uploads\/2025\/09\/S12N003S.webp?fit=692%2C1024&ssl=1","contentUrl":"https:\/\/i0.wp.com\/trukme.lv\/wp-content\/uploads\/2025\/09\/S12N003S.webp?fit=692%2C1024&ssl=1","width":692,"height":1024},{"@type":"BreadcrumbList","@id":"https:\/\/trukme.lv\/en\/products\/countertops\/laminated-countertops\/galda-virsma-600mm-1200mm-n003-nirvana-nichel\/#breadcrumb","itemListElement":[{"@type":"ListItem","position":1,"name":"Home","item":"https:\/\/trukme.lv\/en\/home\/"},{"@type":"ListItem","position":2,"name":"Products","item":"https:\/\/trukme.lv\/en\/products\/"},{"@type":"ListItem","position":3,"name":"Countertop (600mm, 1200mm) N003, Nirvana Nichel"}]},{"@type":"WebSite","@id":"https:\/\/trukme.lv\/en\/#website","url":"https:\/\/trukme.lv\/en\/","name":"Trukm\u0117","description":"M\u0113be\u013cu pane\u013ci, galda virsmas, m\u0113be\u013cu furnit\u016bra. Virtuves m\u0113be\u013cu, skapju, vannas istabas m\u0113be\u013cu u.c. sortiments. Paz\u012bstami un uzticami ra\u017eot\u0101ji.","potentialAction":[{"@type":"SearchAction","target":{"@type":"EntryPoint","urlTemplate":"https:\/\/trukme.lv\/en\/?s={search_term_string}"},"query-input":{"@type":"PropertyValueSpecification","valueRequired":true,"valueName":"search_term_string"}}],"inLanguage":"en-GB"}]}},"jetpack_sharing_enabled":true,"_links":{"self":[{"href":"https:\/\/trukme.lv\/en\/wp-json\/wp\/v2\/product\/251756","targetHints":{"allow":["GET"]}}],"collection":[{"href":"https:\/\/trukme.lv\/en\/wp-json\/wp\/v2\/product"}],"about":[{"href":"https:\/\/trukme.lv\/en\/wp-json\/wp\/v2\/types\/product"}],"wp:featuredmedia":[{"embeddable":true,"href":"https:\/\/trukme.lv\/en\/wp-json\/wp\/v2\/media\/250827"}],"wp:attachment":[{"href":"https:\/\/trukme.lv\/en\/wp-json\/wp\/v2\/media?parent=251756"}],"wp:term":[{"taxonomy":"product_brand","embeddable":true,"href":"https:\/\/trukme.lv\/en\/wp-json\/wp\/v2\/product_brand?post=251756"},{"taxonomy":"product_cat","embeddable":true,"href":"https:\/\/trukme.lv\/en\/wp-json\/wp\/v2\/product_cat?post=251756"},{"taxonomy":"product_tag","embeddable":true,"href":"https:\/\/trukme.lv\/en\/wp-json\/wp\/v2\/product_tag?post=251756"}],"curies":[{"name":"wp","href":"https:\/\/api.w.org\/{rel}","templated":true}]}}