{"id":251787,"date":"2025-09-30T20:09:46","date_gmt":"2025-09-30T17:09:46","guid":{"rendered":"https:\/\/trukme.lv\/produkti\/uncategorized\/hpl-sienas-panelis-matine-k217gm-k218gm\/"},"modified":"2025-10-02T12:25:55","modified_gmt":"2025-10-02T09:25:55","slug":"hpl-sienas-panelis-matets-k217gm-k218gm","status":"publish","type":"product","link":"https:\/\/trukme.lv\/en\/products\/hpl-products\/hpl-panels\/hpl-sienas-panelis-matets-k217gm-k218gm\/","title":{"rendered":"HPL wall panel Matte, K217GM\/K218GM"},"content":{"rendered":"<p>Each model in the countertop range has an identical and matching wall panel. Chipboard wall panels are used for the final finishing of kitchen, office, and workspace countertops. In the kitchen, they connect the countertop with the line of upper cabinets, protect the wall in the work area, and create a decorative accent. Used in vertical constructions. Produced from chipboard, covered with high-pressure laminate. Perfectly matched with the countertop design.<\/p>\n","protected":false},"excerpt":{"rendered":"<p>Each model in the countertop range has an identical and matching wall panel. Chipboard wall panels are used for the final finishing of kitchen, office, and workspace countertops. In the kitchen, they connect the countertop with the line of upper cabinets, protect the wall in the work area, and create a decorative accent. Used in&#8230;<\/p>\n","protected":false},"featured_media":250752,"template":"","meta":{"_acf_changed":false},"product_brand":[6996],"product_cat":[6275,6269],"product_tag":[],"class_list":{"0":"post-251787","1":"product","2":"type-product","3":"status-publish","4":"has-post-thumbnail","6":"product_brand-kronospan-en","7":"product_cat-hpl-panels","8":"product_cat-hpl-products","10":"first","11":"instock","12":"product-type-variable"},"acf":[],"yoast_head":"<!-- This site is optimized with the Yoast SEO plugin v26.5 - https:\/\/yoast.com\/wordpress\/plugins\/seo\/ -->\n<title>HPL wall panel Matte, K217GM\/K218GM - Trukm\u0117<\/title>\n<meta name=\"robots\" content=\"index, follow, max-snippet:-1, max-image-preview:large, max-video-preview:-1\" \/>\n<link rel=\"canonical\" href=\"https:\/\/trukme.lv\/en\/products\/hpl-products\/hpl-panels\/hpl-sienas-panelis-matets-k217gm-k218gm\/\" \/>\n<meta property=\"og:locale\" content=\"en_GB\" \/>\n<meta property=\"og:type\" content=\"article\" \/>\n<meta property=\"og:title\" content=\"HPL wall panel Matte, K217GM\/K218GM - Trukm\u0117\" \/>\n<meta property=\"og:description\" content=\"Each model in the countertop range has an identical and matching wall panel. Chipboard wall panels are used for the final finishing of kitchen, office, and workspace countertops. In the kitchen, they connect the countertop with the line of upper cabinets, protect the wall in the work area, and create a decorative accent. Used in...\" \/>\n<meta property=\"og:url\" content=\"https:\/\/trukme.lv\/en\/products\/hpl-products\/hpl-panels\/hpl-sienas-panelis-matets-k217gm-k218gm\/\" \/>\n<meta property=\"og:site_name\" content=\"Trukm\u0117\" \/>\n<meta property=\"article:modified_time\" content=\"2025-10-02T09:25:55+00:00\" \/>\n<meta property=\"og:image\" content=\"https:\/\/i0.wp.com\/trukme.lv\/wp-content\/uploads\/2025\/09\/HSK217K21801S.webp?fit=603%2C929&ssl=1\" \/>\n\t<meta property=\"og:image:width\" content=\"603\" \/>\n\t<meta property=\"og:image:height\" content=\"929\" \/>\n\t<meta property=\"og:image:type\" content=\"image\/webp\" \/>\n<meta name=\"twitter:card\" content=\"summary_large_image\" \/>\n<script type=\"application\/ld+json\" class=\"yoast-schema-graph\">{\"@context\":\"https:\/\/schema.org\",\"@graph\":[{\"@type\":\"WebPage\",\"@id\":\"https:\/\/trukme.lv\/en\/products\/hpl-products\/hpl-panels\/hpl-sienas-panelis-matets-k217gm-k218gm\/\",\"url\":\"https:\/\/trukme.lv\/en\/products\/hpl-products\/hpl-panels\/hpl-sienas-panelis-matets-k217gm-k218gm\/\",\"name\":\"HPL wall panel Matte, K217GM\/K218GM - Trukm\u0117\",\"isPartOf\":{\"@id\":\"https:\/\/trukme.lv\/en\/#website\"},\"primaryImageOfPage\":{\"@id\":\"https:\/\/trukme.lv\/en\/products\/hpl-products\/hpl-panels\/hpl-sienas-panelis-matets-k217gm-k218gm\/#primaryimage\"},\"image\":{\"@id\":\"https:\/\/trukme.lv\/en\/products\/hpl-products\/hpl-panels\/hpl-sienas-panelis-matets-k217gm-k218gm\/#primaryimage\"},\"thumbnailUrl\":\"https:\/\/i0.wp.com\/trukme.lv\/wp-content\/uploads\/2025\/09\/HSK217K21801S.webp?fit=603%2C929&ssl=1\",\"datePublished\":\"2025-09-30T17:09:46+00:00\",\"dateModified\":\"2025-10-02T09:25:55+00:00\",\"breadcrumb\":{\"@id\":\"https:\/\/trukme.lv\/en\/products\/hpl-products\/hpl-panels\/hpl-sienas-panelis-matets-k217gm-k218gm\/#breadcrumb\"},\"inLanguage\":\"en-GB\",\"potentialAction\":[{\"@type\":\"ReadAction\",\"target\":[\"https:\/\/trukme.lv\/en\/products\/hpl-products\/hpl-panels\/hpl-sienas-panelis-matets-k217gm-k218gm\/\"]}]},{\"@type\":\"ImageObject\",\"inLanguage\":\"en-GB\",\"@id\":\"https:\/\/trukme.lv\/en\/products\/hpl-products\/hpl-panels\/hpl-sienas-panelis-matets-k217gm-k218gm\/#primaryimage\",\"url\":\"https:\/\/i0.wp.com\/trukme.lv\/wp-content\/uploads\/2025\/09\/HSK217K21801S.webp?fit=603%2C929&ssl=1\",\"contentUrl\":\"https:\/\/i0.wp.com\/trukme.lv\/wp-content\/uploads\/2025\/09\/HSK217K21801S.webp?fit=603%2C929&ssl=1\",\"width\":603,\"height\":929},{\"@type\":\"BreadcrumbList\",\"@id\":\"https:\/\/trukme.lv\/en\/products\/hpl-products\/hpl-panels\/hpl-sienas-panelis-matets-k217gm-k218gm\/#breadcrumb\",\"itemListElement\":[{\"@type\":\"ListItem\",\"position\":1,\"name\":\"Home\",\"item\":\"https:\/\/trukme.lv\/en\/home\/\"},{\"@type\":\"ListItem\",\"position\":2,\"name\":\"Products\",\"item\":\"https:\/\/trukme.lv\/en\/products\/\"},{\"@type\":\"ListItem\",\"position\":3,\"name\":\"HPL wall panel Matte, K217GM\/K218GM\"}]},{\"@type\":\"WebSite\",\"@id\":\"https:\/\/trukme.lv\/en\/#website\",\"url\":\"https:\/\/trukme.lv\/en\/\",\"name\":\"Trukm\u0117\",\"description\":\"M\u0113be\u013cu pane\u013ci, galda virsmas, m\u0113be\u013cu furnit\u016bra. Virtuves m\u0113be\u013cu, skapju, vannas istabas m\u0113be\u013cu u.c. sortiments. Paz\u012bstami un uzticami ra\u017eot\u0101ji.\",\"potentialAction\":[{\"@type\":\"SearchAction\",\"target\":{\"@type\":\"EntryPoint\",\"urlTemplate\":\"https:\/\/trukme.lv\/en\/?s={search_term_string}\"},\"query-input\":{\"@type\":\"PropertyValueSpecification\",\"valueRequired\":true,\"valueName\":\"search_term_string\"}}],\"inLanguage\":\"en-GB\"}]}<\/script>\n<!-- \/ Yoast SEO plugin. -->","yoast_head_json":{"title":"HPL wall panel Matte, K217GM\/K218GM - Trukm\u0117","robots":{"index":"index","follow":"follow","max-snippet":"max-snippet:-1","max-image-preview":"max-image-preview:large","max-video-preview":"max-video-preview:-1"},"canonical":"https:\/\/trukme.lv\/en\/products\/hpl-products\/hpl-panels\/hpl-sienas-panelis-matets-k217gm-k218gm\/","og_locale":"en_GB","og_type":"article","og_title":"HPL wall panel Matte, K217GM\/K218GM - Trukm\u0117","og_description":"Each model in the countertop range has an identical and matching wall panel. Chipboard wall panels are used for the final finishing of kitchen, office, and workspace countertops. In the kitchen, they connect the countertop with the line of upper cabinets, protect the wall in the work area, and create a decorative accent. Used in...","og_url":"https:\/\/trukme.lv\/en\/products\/hpl-products\/hpl-panels\/hpl-sienas-panelis-matets-k217gm-k218gm\/","og_site_name":"Trukm\u0117","article_modified_time":"2025-10-02T09:25:55+00:00","og_image":[{"width":603,"height":929,"url":"https:\/\/i0.wp.com\/trukme.lv\/wp-content\/uploads\/2025\/09\/HSK217K21801S.webp?fit=603%2C929&ssl=1","type":"image\/webp"}],"twitter_card":"summary_large_image","schema":{"@context":"https:\/\/schema.org","@graph":[{"@type":"WebPage","@id":"https:\/\/trukme.lv\/en\/products\/hpl-products\/hpl-panels\/hpl-sienas-panelis-matets-k217gm-k218gm\/","url":"https:\/\/trukme.lv\/en\/products\/hpl-products\/hpl-panels\/hpl-sienas-panelis-matets-k217gm-k218gm\/","name":"HPL wall panel Matte, K217GM\/K218GM - Trukm\u0117","isPartOf":{"@id":"https:\/\/trukme.lv\/en\/#website"},"primaryImageOfPage":{"@id":"https:\/\/trukme.lv\/en\/products\/hpl-products\/hpl-panels\/hpl-sienas-panelis-matets-k217gm-k218gm\/#primaryimage"},"image":{"@id":"https:\/\/trukme.lv\/en\/products\/hpl-products\/hpl-panels\/hpl-sienas-panelis-matets-k217gm-k218gm\/#primaryimage"},"thumbnailUrl":"https:\/\/i0.wp.com\/trukme.lv\/wp-content\/uploads\/2025\/09\/HSK217K21801S.webp?fit=603%2C929&ssl=1","datePublished":"2025-09-30T17:09:46+00:00","dateModified":"2025-10-02T09:25:55+00:00","breadcrumb":{"@id":"https:\/\/trukme.lv\/en\/products\/hpl-products\/hpl-panels\/hpl-sienas-panelis-matets-k217gm-k218gm\/#breadcrumb"},"inLanguage":"en-GB","potentialAction":[{"@type":"ReadAction","target":["https:\/\/trukme.lv\/en\/products\/hpl-products\/hpl-panels\/hpl-sienas-panelis-matets-k217gm-k218gm\/"]}]},{"@type":"ImageObject","inLanguage":"en-GB","@id":"https:\/\/trukme.lv\/en\/products\/hpl-products\/hpl-panels\/hpl-sienas-panelis-matets-k217gm-k218gm\/#primaryimage","url":"https:\/\/i0.wp.com\/trukme.lv\/wp-content\/uploads\/2025\/09\/HSK217K21801S.webp?fit=603%2C929&ssl=1","contentUrl":"https:\/\/i0.wp.com\/trukme.lv\/wp-content\/uploads\/2025\/09\/HSK217K21801S.webp?fit=603%2C929&ssl=1","width":603,"height":929},{"@type":"BreadcrumbList","@id":"https:\/\/trukme.lv\/en\/products\/hpl-products\/hpl-panels\/hpl-sienas-panelis-matets-k217gm-k218gm\/#breadcrumb","itemListElement":[{"@type":"ListItem","position":1,"name":"Home","item":"https:\/\/trukme.lv\/en\/home\/"},{"@type":"ListItem","position":2,"name":"Products","item":"https:\/\/trukme.lv\/en\/products\/"},{"@type":"ListItem","position":3,"name":"HPL wall panel Matte, K217GM\/K218GM"}]},{"@type":"WebSite","@id":"https:\/\/trukme.lv\/en\/#website","url":"https:\/\/trukme.lv\/en\/","name":"Trukm\u0117","description":"M\u0113be\u013cu pane\u013ci, galda virsmas, m\u0113be\u013cu furnit\u016bra. Virtuves m\u0113be\u013cu, skapju, vannas istabas m\u0113be\u013cu u.c. sortiments. Paz\u012bstami un uzticami ra\u017eot\u0101ji.","potentialAction":[{"@type":"SearchAction","target":{"@type":"EntryPoint","urlTemplate":"https:\/\/trukme.lv\/en\/?s={search_term_string}"},"query-input":{"@type":"PropertyValueSpecification","valueRequired":true,"valueName":"search_term_string"}}],"inLanguage":"en-GB"}]}},"jetpack_sharing_enabled":true,"_links":{"self":[{"href":"https:\/\/trukme.lv\/en\/wp-json\/wp\/v2\/product\/251787","targetHints":{"allow":["GET"]}}],"collection":[{"href":"https:\/\/trukme.lv\/en\/wp-json\/wp\/v2\/product"}],"about":[{"href":"https:\/\/trukme.lv\/en\/wp-json\/wp\/v2\/types\/product"}],"wp:featuredmedia":[{"embeddable":true,"href":"https:\/\/trukme.lv\/en\/wp-json\/wp\/v2\/media\/250752"}],"wp:attachment":[{"href":"https:\/\/trukme.lv\/en\/wp-json\/wp\/v2\/media?parent=251787"}],"wp:term":[{"taxonomy":"product_brand","embeddable":true,"href":"https:\/\/trukme.lv\/en\/wp-json\/wp\/v2\/product_brand?post=251787"},{"taxonomy":"product_cat","embeddable":true,"href":"https:\/\/trukme.lv\/en\/wp-json\/wp\/v2\/product_cat?post=251787"},{"taxonomy":"product_tag","embeddable":true,"href":"https:\/\/trukme.lv\/en\/wp-json\/wp\/v2\/product_tag?post=251787"}],"curies":[{"name":"wp","href":"https:\/\/api.w.org\/{rel}","templated":true}]}}