{"id":251855,"date":"2025-09-30T20:07:30","date_gmt":"2025-09-30T17:07:30","guid":{"rendered":"https:\/\/trukme.lv\/produkti\/uncategorized\/platne-cpl-07mm-melns-3190-dogal\/"},"modified":"2025-10-02T12:26:09","modified_gmt":"2025-10-02T09:26:09","slug":"platne-cpl-07mm-melns-3190-dogal","status":"publish","type":"product","link":"https:\/\/trukme.lv\/en\/products\/hpl-products\/hpl-cpl-sheets\/platne-cpl-07mm-melns-3190-dogal\/","title":{"rendered":"Panel CPL 0.7mm black 3190 DOGAL"},"content":{"rendered":"<p>High-pressure laminate (HPL) is an excellent material for surfaces that must be particularly durable and impact-resistant. It is produced by pressing a multilayer sheet and decorative paper impregnated with resin. Distinguished by wear resistance, durability, and hygiene. High-pressure laminate products are compatible with our range of MFC and countertops. They can be fixed to various types of wood substrates. Offers wide application possibilities in different types of interiors.<\/p>\n","protected":false},"excerpt":{"rendered":"<p>High-pressure laminate (HPL) is an excellent material for surfaces that must be particularly durable and impact-resistant. It is produced by pressing a multilayer sheet and decorative paper impregnated with resin. Distinguished by wear resistance, durability, and hygiene. High-pressure laminate products are compatible with our range of MFC and countertops. They can be fixed to various&#8230;<\/p>\n","protected":false},"featured_media":250576,"template":"","meta":{"_acf_changed":false},"product_brand":[6957],"product_cat":[6269,6273],"product_tag":[],"class_list":{"0":"post-251855","1":"product","2":"type-product","3":"status-publish","4":"has-post-thumbnail","6":"product_brand-gentas-en-2","7":"product_cat-hpl-products","8":"product_cat-hpl-cpl-sheets","10":"first","11":"instock","12":"product-type-variable"},"acf":[],"yoast_head":"<!-- This site is optimized with the Yoast SEO plugin v26.5 - https:\/\/yoast.com\/wordpress\/plugins\/seo\/ -->\n<title>Panel CPL 0.7mm black 3190 DOGAL - Trukm\u0117<\/title>\n<meta name=\"robots\" content=\"index, follow, max-snippet:-1, max-image-preview:large, max-video-preview:-1\" \/>\n<link rel=\"canonical\" href=\"https:\/\/trukme.lv\/en\/products\/hpl-products\/hpl-cpl-sheets\/platne-cpl-07mm-melns-3190-dogal\/\" \/>\n<meta property=\"og:locale\" content=\"en_GB\" \/>\n<meta property=\"og:type\" content=\"article\" \/>\n<meta property=\"og:title\" content=\"Panel CPL 0.7mm black 3190 DOGAL - Trukm\u0117\" \/>\n<meta property=\"og:description\" content=\"High-pressure laminate (HPL) is an excellent material for surfaces that must be particularly durable and impact-resistant. It is produced by pressing a multilayer sheet and decorative paper impregnated with resin. Distinguished by wear resistance, durability, and hygiene. High-pressure laminate products are compatible with our range of MFC and countertops. They can be fixed to various...\" \/>\n<meta property=\"og:url\" content=\"https:\/\/trukme.lv\/en\/products\/hpl-products\/hpl-cpl-sheets\/platne-cpl-07mm-melns-3190-dogal\/\" \/>\n<meta property=\"og:site_name\" content=\"Trukm\u0117\" \/>\n<meta property=\"article:modified_time\" content=\"2025-10-02T09:26:09+00:00\" \/>\n<meta property=\"og:image\" content=\"https:\/\/i0.wp.com\/trukme.lv\/wp-content\/uploads\/2025\/09\/HPL073190VLS.webp?fit=1114%2C1398&ssl=1\" \/>\n\t<meta property=\"og:image:width\" content=\"1114\" \/>\n\t<meta property=\"og:image:height\" content=\"1398\" \/>\n\t<meta property=\"og:image:type\" content=\"image\/webp\" \/>\n<meta name=\"twitter:card\" content=\"summary_large_image\" \/>\n<script type=\"application\/ld+json\" class=\"yoast-schema-graph\">{\"@context\":\"https:\/\/schema.org\",\"@graph\":[{\"@type\":\"WebPage\",\"@id\":\"https:\/\/trukme.lv\/en\/products\/hpl-products\/hpl-cpl-sheets\/platne-cpl-07mm-melns-3190-dogal\/\",\"url\":\"https:\/\/trukme.lv\/en\/products\/hpl-products\/hpl-cpl-sheets\/platne-cpl-07mm-melns-3190-dogal\/\",\"name\":\"Panel CPL 0.7mm black 3190 DOGAL - Trukm\u0117\",\"isPartOf\":{\"@id\":\"https:\/\/trukme.lv\/en\/#website\"},\"primaryImageOfPage\":{\"@id\":\"https:\/\/trukme.lv\/en\/products\/hpl-products\/hpl-cpl-sheets\/platne-cpl-07mm-melns-3190-dogal\/#primaryimage\"},\"image\":{\"@id\":\"https:\/\/trukme.lv\/en\/products\/hpl-products\/hpl-cpl-sheets\/platne-cpl-07mm-melns-3190-dogal\/#primaryimage\"},\"thumbnailUrl\":\"https:\/\/i0.wp.com\/trukme.lv\/wp-content\/uploads\/2025\/09\/HPL073190VLS.webp?fit=1114%2C1398&ssl=1\",\"datePublished\":\"2025-09-30T17:07:30+00:00\",\"dateModified\":\"2025-10-02T09:26:09+00:00\",\"breadcrumb\":{\"@id\":\"https:\/\/trukme.lv\/en\/products\/hpl-products\/hpl-cpl-sheets\/platne-cpl-07mm-melns-3190-dogal\/#breadcrumb\"},\"inLanguage\":\"en-GB\",\"potentialAction\":[{\"@type\":\"ReadAction\",\"target\":[\"https:\/\/trukme.lv\/en\/products\/hpl-products\/hpl-cpl-sheets\/platne-cpl-07mm-melns-3190-dogal\/\"]}]},{\"@type\":\"ImageObject\",\"inLanguage\":\"en-GB\",\"@id\":\"https:\/\/trukme.lv\/en\/products\/hpl-products\/hpl-cpl-sheets\/platne-cpl-07mm-melns-3190-dogal\/#primaryimage\",\"url\":\"https:\/\/i0.wp.com\/trukme.lv\/wp-content\/uploads\/2025\/09\/HPL073190VLS.webp?fit=1114%2C1398&ssl=1\",\"contentUrl\":\"https:\/\/i0.wp.com\/trukme.lv\/wp-content\/uploads\/2025\/09\/HPL073190VLS.webp?fit=1114%2C1398&ssl=1\",\"width\":1114,\"height\":1398},{\"@type\":\"BreadcrumbList\",\"@id\":\"https:\/\/trukme.lv\/en\/products\/hpl-products\/hpl-cpl-sheets\/platne-cpl-07mm-melns-3190-dogal\/#breadcrumb\",\"itemListElement\":[{\"@type\":\"ListItem\",\"position\":1,\"name\":\"Home\",\"item\":\"https:\/\/trukme.lv\/en\/home\/\"},{\"@type\":\"ListItem\",\"position\":2,\"name\":\"Products\",\"item\":\"https:\/\/trukme.lv\/en\/products\/\"},{\"@type\":\"ListItem\",\"position\":3,\"name\":\"Panel CPL 0.7mm black 3190 DOGAL\"}]},{\"@type\":\"WebSite\",\"@id\":\"https:\/\/trukme.lv\/en\/#website\",\"url\":\"https:\/\/trukme.lv\/en\/\",\"name\":\"Trukm\u0117\",\"description\":\"M\u0113be\u013cu pane\u013ci, galda virsmas, m\u0113be\u013cu furnit\u016bra. Virtuves m\u0113be\u013cu, skapju, vannas istabas m\u0113be\u013cu u.c. sortiments. Paz\u012bstami un uzticami ra\u017eot\u0101ji.\",\"potentialAction\":[{\"@type\":\"SearchAction\",\"target\":{\"@type\":\"EntryPoint\",\"urlTemplate\":\"https:\/\/trukme.lv\/en\/?s={search_term_string}\"},\"query-input\":{\"@type\":\"PropertyValueSpecification\",\"valueRequired\":true,\"valueName\":\"search_term_string\"}}],\"inLanguage\":\"en-GB\"}]}<\/script>\n<!-- \/ Yoast SEO plugin. -->","yoast_head_json":{"title":"Panel CPL 0.7mm black 3190 DOGAL - Trukm\u0117","robots":{"index":"index","follow":"follow","max-snippet":"max-snippet:-1","max-image-preview":"max-image-preview:large","max-video-preview":"max-video-preview:-1"},"canonical":"https:\/\/trukme.lv\/en\/products\/hpl-products\/hpl-cpl-sheets\/platne-cpl-07mm-melns-3190-dogal\/","og_locale":"en_GB","og_type":"article","og_title":"Panel CPL 0.7mm black 3190 DOGAL - Trukm\u0117","og_description":"High-pressure laminate (HPL) is an excellent material for surfaces that must be particularly durable and impact-resistant. It is produced by pressing a multilayer sheet and decorative paper impregnated with resin. Distinguished by wear resistance, durability, and hygiene. High-pressure laminate products are compatible with our range of MFC and countertops. They can be fixed to various...","og_url":"https:\/\/trukme.lv\/en\/products\/hpl-products\/hpl-cpl-sheets\/platne-cpl-07mm-melns-3190-dogal\/","og_site_name":"Trukm\u0117","article_modified_time":"2025-10-02T09:26:09+00:00","og_image":[{"width":1114,"height":1398,"url":"https:\/\/i0.wp.com\/trukme.lv\/wp-content\/uploads\/2025\/09\/HPL073190VLS.webp?fit=1114%2C1398&ssl=1","type":"image\/webp"}],"twitter_card":"summary_large_image","schema":{"@context":"https:\/\/schema.org","@graph":[{"@type":"WebPage","@id":"https:\/\/trukme.lv\/en\/products\/hpl-products\/hpl-cpl-sheets\/platne-cpl-07mm-melns-3190-dogal\/","url":"https:\/\/trukme.lv\/en\/products\/hpl-products\/hpl-cpl-sheets\/platne-cpl-07mm-melns-3190-dogal\/","name":"Panel CPL 0.7mm black 3190 DOGAL - Trukm\u0117","isPartOf":{"@id":"https:\/\/trukme.lv\/en\/#website"},"primaryImageOfPage":{"@id":"https:\/\/trukme.lv\/en\/products\/hpl-products\/hpl-cpl-sheets\/platne-cpl-07mm-melns-3190-dogal\/#primaryimage"},"image":{"@id":"https:\/\/trukme.lv\/en\/products\/hpl-products\/hpl-cpl-sheets\/platne-cpl-07mm-melns-3190-dogal\/#primaryimage"},"thumbnailUrl":"https:\/\/i0.wp.com\/trukme.lv\/wp-content\/uploads\/2025\/09\/HPL073190VLS.webp?fit=1114%2C1398&ssl=1","datePublished":"2025-09-30T17:07:30+00:00","dateModified":"2025-10-02T09:26:09+00:00","breadcrumb":{"@id":"https:\/\/trukme.lv\/en\/products\/hpl-products\/hpl-cpl-sheets\/platne-cpl-07mm-melns-3190-dogal\/#breadcrumb"},"inLanguage":"en-GB","potentialAction":[{"@type":"ReadAction","target":["https:\/\/trukme.lv\/en\/products\/hpl-products\/hpl-cpl-sheets\/platne-cpl-07mm-melns-3190-dogal\/"]}]},{"@type":"ImageObject","inLanguage":"en-GB","@id":"https:\/\/trukme.lv\/en\/products\/hpl-products\/hpl-cpl-sheets\/platne-cpl-07mm-melns-3190-dogal\/#primaryimage","url":"https:\/\/i0.wp.com\/trukme.lv\/wp-content\/uploads\/2025\/09\/HPL073190VLS.webp?fit=1114%2C1398&ssl=1","contentUrl":"https:\/\/i0.wp.com\/trukme.lv\/wp-content\/uploads\/2025\/09\/HPL073190VLS.webp?fit=1114%2C1398&ssl=1","width":1114,"height":1398},{"@type":"BreadcrumbList","@id":"https:\/\/trukme.lv\/en\/products\/hpl-products\/hpl-cpl-sheets\/platne-cpl-07mm-melns-3190-dogal\/#breadcrumb","itemListElement":[{"@type":"ListItem","position":1,"name":"Home","item":"https:\/\/trukme.lv\/en\/home\/"},{"@type":"ListItem","position":2,"name":"Products","item":"https:\/\/trukme.lv\/en\/products\/"},{"@type":"ListItem","position":3,"name":"Panel CPL 0.7mm black 3190 DOGAL"}]},{"@type":"WebSite","@id":"https:\/\/trukme.lv\/en\/#website","url":"https:\/\/trukme.lv\/en\/","name":"Trukm\u0117","description":"M\u0113be\u013cu pane\u013ci, galda virsmas, m\u0113be\u013cu furnit\u016bra. Virtuves m\u0113be\u013cu, skapju, vannas istabas m\u0113be\u013cu u.c. sortiments. Paz\u012bstami un uzticami ra\u017eot\u0101ji.","potentialAction":[{"@type":"SearchAction","target":{"@type":"EntryPoint","urlTemplate":"https:\/\/trukme.lv\/en\/?s={search_term_string}"},"query-input":{"@type":"PropertyValueSpecification","valueRequired":true,"valueName":"search_term_string"}}],"inLanguage":"en-GB"}]}},"jetpack_sharing_enabled":true,"_links":{"self":[{"href":"https:\/\/trukme.lv\/en\/wp-json\/wp\/v2\/product\/251855","targetHints":{"allow":["GET"]}}],"collection":[{"href":"https:\/\/trukme.lv\/en\/wp-json\/wp\/v2\/product"}],"about":[{"href":"https:\/\/trukme.lv\/en\/wp-json\/wp\/v2\/types\/product"}],"wp:featuredmedia":[{"embeddable":true,"href":"https:\/\/trukme.lv\/en\/wp-json\/wp\/v2\/media\/250576"}],"wp:attachment":[{"href":"https:\/\/trukme.lv\/en\/wp-json\/wp\/v2\/media?parent=251855"}],"wp:term":[{"taxonomy":"product_brand","embeddable":true,"href":"https:\/\/trukme.lv\/en\/wp-json\/wp\/v2\/product_brand?post=251855"},{"taxonomy":"product_cat","embeddable":true,"href":"https:\/\/trukme.lv\/en\/wp-json\/wp\/v2\/product_cat?post=251855"},{"taxonomy":"product_tag","embeddable":true,"href":"https:\/\/trukme.lv\/en\/wp-json\/wp\/v2\/product_tag?post=251855"}],"curies":[{"name":"wp","href":"https:\/\/api.w.org\/{rel}","templated":true}]}}