{"id":252032,"date":"2025-09-30T20:00:05","date_gmt":"2025-09-30T17:00:05","guid":{"rendered":"https:\/\/trukme.lv\/produkti\/uncategorized\/compact-hpl-10mm-melns-3190-melns-pildijums-annapurna-tekstura\/"},"modified":"2025-10-02T12:26:43","modified_gmt":"2025-10-02T09:26:43","slug":"compact-hpl-10mm-melns-3190-melns-pildijums-annapurna-tekstura","status":"publish","type":"product","link":"https:\/\/trukme.lv\/en\/products\/hpl-products\/compact-hpl-laminates-en-5\/compact-hpl-10mm-melns-3190-melns-pildijums-annapurna-tekstura\/","title":{"rendered":"Compact HPL 10mm Black 3190, black core, Annapurna texture"},"content":{"rendered":"<p>Compact board is a multilayer sheet material produced under high pressure and temperature by pressing several dozen layers of kraft paper. This modern-looking countertop material is distinguished by its resistance to moisture and steam, high durability, and resistance to load and wear. ATTENTION! Compact HPL is covered on both sides with the same black decor, but the Annapurna texture is only on one side. The other side has black melamine with BS texture.<\/p>\n","protected":false},"excerpt":{"rendered":"<p>Compact board is a multilayer sheet material produced under high pressure and temperature by pressing several dozen layers of kraft paper. This modern-looking countertop material is distinguished by its resistance to moisture and steam, high durability, and resistance to load and wear. ATTENTION! Compact HPL is covered on both sides with the same black decor,&#8230;<\/p>\n","protected":false},"featured_media":249910,"template":"","meta":{"_acf_changed":false},"product_brand":[7021],"product_cat":[6271,6269],"product_tag":[],"class_list":{"0":"post-252032","1":"product","2":"type-product","3":"status-publish","4":"has-post-thumbnail","6":"product_brand-smart-en","7":"product_cat-compact-hpl-laminates-en-5","8":"product_cat-hpl-products","10":"first","11":"instock","12":"product-type-variable"},"acf":[],"yoast_head":"<!-- This site is optimized with the Yoast SEO plugin v26.5 - https:\/\/yoast.com\/wordpress\/plugins\/seo\/ -->\n<title>Compact HPL 10mm Black 3190, black core, Annapurna texture - Trukm\u0117<\/title>\n<meta name=\"robots\" content=\"index, follow, max-snippet:-1, max-image-preview:large, max-video-preview:-1\" \/>\n<link rel=\"canonical\" href=\"https:\/\/trukme.lv\/en\/products\/hpl-products\/compact-hpl-laminates-en-5\/compact-hpl-10mm-melns-3190-melns-pildijums-annapurna-tekstura\/\" \/>\n<meta property=\"og:locale\" content=\"en_GB\" \/>\n<meta property=\"og:type\" content=\"article\" \/>\n<meta property=\"og:title\" content=\"Compact HPL 10mm Black 3190, black core, Annapurna texture - Trukm\u0117\" \/>\n<meta property=\"og:description\" content=\"Compact board is a multilayer sheet material produced under high pressure and temperature by pressing several dozen layers of kraft paper. This modern-looking countertop material is distinguished by its resistance to moisture and steam, high durability, and resistance to load and wear. ATTENTION! Compact HPL is covered on both sides with the same black decor,...\" \/>\n<meta property=\"og:url\" content=\"https:\/\/trukme.lv\/en\/products\/hpl-products\/compact-hpl-laminates-en-5\/compact-hpl-10mm-melns-3190-melns-pildijums-annapurna-tekstura\/\" \/>\n<meta property=\"og:site_name\" content=\"Trukm\u0117\" \/>\n<meta property=\"article:modified_time\" content=\"2025-10-02T09:26:43+00:00\" \/>\n<meta property=\"og:image\" content=\"https:\/\/i0.wp.com\/trukme.lv\/wp-content\/uploads\/2025\/09\/CMP103190ANNS.webp?fit=683%2C1024&ssl=1\" \/>\n\t<meta property=\"og:image:width\" content=\"683\" \/>\n\t<meta property=\"og:image:height\" content=\"1024\" \/>\n\t<meta property=\"og:image:type\" content=\"image\/webp\" \/>\n<meta name=\"twitter:card\" content=\"summary_large_image\" \/>\n<script type=\"application\/ld+json\" class=\"yoast-schema-graph\">{\"@context\":\"https:\/\/schema.org\",\"@graph\":[{\"@type\":\"WebPage\",\"@id\":\"https:\/\/trukme.lv\/en\/products\/hpl-products\/compact-hpl-laminates-en-5\/compact-hpl-10mm-melns-3190-melns-pildijums-annapurna-tekstura\/\",\"url\":\"https:\/\/trukme.lv\/en\/products\/hpl-products\/compact-hpl-laminates-en-5\/compact-hpl-10mm-melns-3190-melns-pildijums-annapurna-tekstura\/\",\"name\":\"Compact HPL 10mm Black 3190, black core, Annapurna texture - Trukm\u0117\",\"isPartOf\":{\"@id\":\"https:\/\/trukme.lv\/en\/#website\"},\"primaryImageOfPage\":{\"@id\":\"https:\/\/trukme.lv\/en\/products\/hpl-products\/compact-hpl-laminates-en-5\/compact-hpl-10mm-melns-3190-melns-pildijums-annapurna-tekstura\/#primaryimage\"},\"image\":{\"@id\":\"https:\/\/trukme.lv\/en\/products\/hpl-products\/compact-hpl-laminates-en-5\/compact-hpl-10mm-melns-3190-melns-pildijums-annapurna-tekstura\/#primaryimage\"},\"thumbnailUrl\":\"https:\/\/i0.wp.com\/trukme.lv\/wp-content\/uploads\/2025\/09\/CMP103190ANNS.webp?fit=683%2C1024&ssl=1\",\"datePublished\":\"2025-09-30T17:00:05+00:00\",\"dateModified\":\"2025-10-02T09:26:43+00:00\",\"breadcrumb\":{\"@id\":\"https:\/\/trukme.lv\/en\/products\/hpl-products\/compact-hpl-laminates-en-5\/compact-hpl-10mm-melns-3190-melns-pildijums-annapurna-tekstura\/#breadcrumb\"},\"inLanguage\":\"en-GB\",\"potentialAction\":[{\"@type\":\"ReadAction\",\"target\":[\"https:\/\/trukme.lv\/en\/products\/hpl-products\/compact-hpl-laminates-en-5\/compact-hpl-10mm-melns-3190-melns-pildijums-annapurna-tekstura\/\"]}]},{\"@type\":\"ImageObject\",\"inLanguage\":\"en-GB\",\"@id\":\"https:\/\/trukme.lv\/en\/products\/hpl-products\/compact-hpl-laminates-en-5\/compact-hpl-10mm-melns-3190-melns-pildijums-annapurna-tekstura\/#primaryimage\",\"url\":\"https:\/\/i0.wp.com\/trukme.lv\/wp-content\/uploads\/2025\/09\/CMP103190ANNS.webp?fit=683%2C1024&ssl=1\",\"contentUrl\":\"https:\/\/i0.wp.com\/trukme.lv\/wp-content\/uploads\/2025\/09\/CMP103190ANNS.webp?fit=683%2C1024&ssl=1\",\"width\":683,\"height\":1024},{\"@type\":\"BreadcrumbList\",\"@id\":\"https:\/\/trukme.lv\/en\/products\/hpl-products\/compact-hpl-laminates-en-5\/compact-hpl-10mm-melns-3190-melns-pildijums-annapurna-tekstura\/#breadcrumb\",\"itemListElement\":[{\"@type\":\"ListItem\",\"position\":1,\"name\":\"Home\",\"item\":\"https:\/\/trukme.lv\/en\/home\/\"},{\"@type\":\"ListItem\",\"position\":2,\"name\":\"Products\",\"item\":\"https:\/\/trukme.lv\/en\/products\/\"},{\"@type\":\"ListItem\",\"position\":3,\"name\":\"Compact HPL 10mm Black 3190, black core, Annapurna texture\"}]},{\"@type\":\"WebSite\",\"@id\":\"https:\/\/trukme.lv\/en\/#website\",\"url\":\"https:\/\/trukme.lv\/en\/\",\"name\":\"Trukm\u0117\",\"description\":\"M\u0113be\u013cu pane\u013ci, galda virsmas, m\u0113be\u013cu furnit\u016bra. Virtuves m\u0113be\u013cu, skapju, vannas istabas m\u0113be\u013cu u.c. sortiments. Paz\u012bstami un uzticami ra\u017eot\u0101ji.\",\"potentialAction\":[{\"@type\":\"SearchAction\",\"target\":{\"@type\":\"EntryPoint\",\"urlTemplate\":\"https:\/\/trukme.lv\/en\/?s={search_term_string}\"},\"query-input\":{\"@type\":\"PropertyValueSpecification\",\"valueRequired\":true,\"valueName\":\"search_term_string\"}}],\"inLanguage\":\"en-GB\"}]}<\/script>\n<!-- \/ Yoast SEO plugin. -->","yoast_head_json":{"title":"Compact HPL 10mm Black 3190, black core, Annapurna texture - Trukm\u0117","robots":{"index":"index","follow":"follow","max-snippet":"max-snippet:-1","max-image-preview":"max-image-preview:large","max-video-preview":"max-video-preview:-1"},"canonical":"https:\/\/trukme.lv\/en\/products\/hpl-products\/compact-hpl-laminates-en-5\/compact-hpl-10mm-melns-3190-melns-pildijums-annapurna-tekstura\/","og_locale":"en_GB","og_type":"article","og_title":"Compact HPL 10mm Black 3190, black core, Annapurna texture - Trukm\u0117","og_description":"Compact board is a multilayer sheet material produced under high pressure and temperature by pressing several dozen layers of kraft paper. This modern-looking countertop material is distinguished by its resistance to moisture and steam, high durability, and resistance to load and wear. ATTENTION! Compact HPL is covered on both sides with the same black decor,...","og_url":"https:\/\/trukme.lv\/en\/products\/hpl-products\/compact-hpl-laminates-en-5\/compact-hpl-10mm-melns-3190-melns-pildijums-annapurna-tekstura\/","og_site_name":"Trukm\u0117","article_modified_time":"2025-10-02T09:26:43+00:00","og_image":[{"width":683,"height":1024,"url":"https:\/\/i0.wp.com\/trukme.lv\/wp-content\/uploads\/2025\/09\/CMP103190ANNS.webp?fit=683%2C1024&ssl=1","type":"image\/webp"}],"twitter_card":"summary_large_image","schema":{"@context":"https:\/\/schema.org","@graph":[{"@type":"WebPage","@id":"https:\/\/trukme.lv\/en\/products\/hpl-products\/compact-hpl-laminates-en-5\/compact-hpl-10mm-melns-3190-melns-pildijums-annapurna-tekstura\/","url":"https:\/\/trukme.lv\/en\/products\/hpl-products\/compact-hpl-laminates-en-5\/compact-hpl-10mm-melns-3190-melns-pildijums-annapurna-tekstura\/","name":"Compact HPL 10mm Black 3190, black core, Annapurna texture - Trukm\u0117","isPartOf":{"@id":"https:\/\/trukme.lv\/en\/#website"},"primaryImageOfPage":{"@id":"https:\/\/trukme.lv\/en\/products\/hpl-products\/compact-hpl-laminates-en-5\/compact-hpl-10mm-melns-3190-melns-pildijums-annapurna-tekstura\/#primaryimage"},"image":{"@id":"https:\/\/trukme.lv\/en\/products\/hpl-products\/compact-hpl-laminates-en-5\/compact-hpl-10mm-melns-3190-melns-pildijums-annapurna-tekstura\/#primaryimage"},"thumbnailUrl":"https:\/\/i0.wp.com\/trukme.lv\/wp-content\/uploads\/2025\/09\/CMP103190ANNS.webp?fit=683%2C1024&ssl=1","datePublished":"2025-09-30T17:00:05+00:00","dateModified":"2025-10-02T09:26:43+00:00","breadcrumb":{"@id":"https:\/\/trukme.lv\/en\/products\/hpl-products\/compact-hpl-laminates-en-5\/compact-hpl-10mm-melns-3190-melns-pildijums-annapurna-tekstura\/#breadcrumb"},"inLanguage":"en-GB","potentialAction":[{"@type":"ReadAction","target":["https:\/\/trukme.lv\/en\/products\/hpl-products\/compact-hpl-laminates-en-5\/compact-hpl-10mm-melns-3190-melns-pildijums-annapurna-tekstura\/"]}]},{"@type":"ImageObject","inLanguage":"en-GB","@id":"https:\/\/trukme.lv\/en\/products\/hpl-products\/compact-hpl-laminates-en-5\/compact-hpl-10mm-melns-3190-melns-pildijums-annapurna-tekstura\/#primaryimage","url":"https:\/\/i0.wp.com\/trukme.lv\/wp-content\/uploads\/2025\/09\/CMP103190ANNS.webp?fit=683%2C1024&ssl=1","contentUrl":"https:\/\/i0.wp.com\/trukme.lv\/wp-content\/uploads\/2025\/09\/CMP103190ANNS.webp?fit=683%2C1024&ssl=1","width":683,"height":1024},{"@type":"BreadcrumbList","@id":"https:\/\/trukme.lv\/en\/products\/hpl-products\/compact-hpl-laminates-en-5\/compact-hpl-10mm-melns-3190-melns-pildijums-annapurna-tekstura\/#breadcrumb","itemListElement":[{"@type":"ListItem","position":1,"name":"Home","item":"https:\/\/trukme.lv\/en\/home\/"},{"@type":"ListItem","position":2,"name":"Products","item":"https:\/\/trukme.lv\/en\/products\/"},{"@type":"ListItem","position":3,"name":"Compact HPL 10mm Black 3190, black core, Annapurna texture"}]},{"@type":"WebSite","@id":"https:\/\/trukme.lv\/en\/#website","url":"https:\/\/trukme.lv\/en\/","name":"Trukm\u0117","description":"M\u0113be\u013cu pane\u013ci, galda virsmas, m\u0113be\u013cu furnit\u016bra. Virtuves m\u0113be\u013cu, skapju, vannas istabas m\u0113be\u013cu u.c. sortiments. Paz\u012bstami un uzticami ra\u017eot\u0101ji.","potentialAction":[{"@type":"SearchAction","target":{"@type":"EntryPoint","urlTemplate":"https:\/\/trukme.lv\/en\/?s={search_term_string}"},"query-input":{"@type":"PropertyValueSpecification","valueRequired":true,"valueName":"search_term_string"}}],"inLanguage":"en-GB"}]}},"jetpack_sharing_enabled":true,"_links":{"self":[{"href":"https:\/\/trukme.lv\/en\/wp-json\/wp\/v2\/product\/252032","targetHints":{"allow":["GET"]}}],"collection":[{"href":"https:\/\/trukme.lv\/en\/wp-json\/wp\/v2\/product"}],"about":[{"href":"https:\/\/trukme.lv\/en\/wp-json\/wp\/v2\/types\/product"}],"wp:featuredmedia":[{"embeddable":true,"href":"https:\/\/trukme.lv\/en\/wp-json\/wp\/v2\/media\/249910"}],"wp:attachment":[{"href":"https:\/\/trukme.lv\/en\/wp-json\/wp\/v2\/media?parent=252032"}],"wp:term":[{"taxonomy":"product_brand","embeddable":true,"href":"https:\/\/trukme.lv\/en\/wp-json\/wp\/v2\/product_brand?post=252032"},{"taxonomy":"product_cat","embeddable":true,"href":"https:\/\/trukme.lv\/en\/wp-json\/wp\/v2\/product_cat?post=252032"},{"taxonomy":"product_tag","embeddable":true,"href":"https:\/\/trukme.lv\/en\/wp-json\/wp\/v2\/product_tag?post=252032"}],"curies":[{"name":"wp","href":"https:\/\/api.w.org\/{rel}","templated":true}]}}