{"id":252046,"date":"2025-09-30T19:59:31","date_gmt":"2025-09-30T16:59:31","guid":{"rendered":"https:\/\/trukme.lv\/produkti\/uncategorized\/lksp-platne-19mm-j004-jungle-smart\/"},"modified":"2025-10-02T12:26:45","modified_gmt":"2025-10-02T09:26:45","slug":"lksp-platne-19mm-j004-jungle-smart","status":"publish","type":"product","link":"https:\/\/trukme.lv\/en\/products\/panels\/laminated-mdf-panels\/lksp-platne-19mm-j004-jungle-smart\/","title":{"rendered":"LKSP panel 19mm J004 Jungle SM&#8217;art"},"content":{"rendered":"<p>The main feature of the Jungle collection decor is refined simplicity, perfectly suitable for any space and interior. The authentic and expressive structure is revealed in two different matte levels, giving the final product expressiveness.<\/p>\n","protected":false},"excerpt":{"rendered":"<p>The main feature of the Jungle collection decor is refined simplicity, perfectly suitable for any space and interior. The authentic and expressive structure is revealed in two different matte levels, giving the final product expressiveness.<\/p>\n","protected":false},"featured_media":249857,"template":"","meta":{"_acf_changed":false},"product_brand":[7021],"product_cat":[6673,6667],"product_tag":[],"class_list":{"0":"post-252046","1":"product","2":"type-product","3":"status-publish","4":"has-post-thumbnail","6":"product_brand-smart-en","7":"product_cat-laminated-mdf-panels","8":"product_cat-panels","10":"first","11":"instock","12":"product-type-variable"},"acf":[],"yoast_head":"<!-- This site is optimized with the Yoast SEO plugin v26.5 - https:\/\/yoast.com\/wordpress\/plugins\/seo\/ -->\n<title>LKSP panel 19mm J004 Jungle SM&#039;art - Trukm\u0117<\/title>\n<meta name=\"robots\" content=\"index, follow, max-snippet:-1, max-image-preview:large, max-video-preview:-1\" \/>\n<link rel=\"canonical\" href=\"https:\/\/trukme.lv\/en\/products\/panels\/laminated-mdf-panels\/lksp-platne-19mm-j004-jungle-smart\/\" \/>\n<meta property=\"og:locale\" content=\"en_GB\" \/>\n<meta property=\"og:type\" content=\"article\" \/>\n<meta property=\"og:title\" content=\"LKSP panel 19mm J004 Jungle SM&#039;art - Trukm\u0117\" \/>\n<meta property=\"og:description\" content=\"The main feature of the Jungle collection decor is refined simplicity, perfectly suitable for any space and interior. The authentic and expressive structure is revealed in two different matte levels, giving the final product expressiveness.\" \/>\n<meta property=\"og:url\" content=\"https:\/\/trukme.lv\/en\/products\/panels\/laminated-mdf-panels\/lksp-platne-19mm-j004-jungle-smart\/\" \/>\n<meta property=\"og:site_name\" content=\"Trukm\u0117\" \/>\n<meta property=\"article:modified_time\" content=\"2025-10-02T09:26:45+00:00\" \/>\n<meta property=\"og:image\" content=\"https:\/\/i0.wp.com\/trukme.lv\/wp-content\/uploads\/2025\/09\/819J004SMART1S.webp?fit=567%2C871&ssl=1\" \/>\n\t<meta property=\"og:image:width\" content=\"567\" \/>\n\t<meta property=\"og:image:height\" content=\"871\" \/>\n\t<meta property=\"og:image:type\" content=\"image\/webp\" \/>\n<meta name=\"twitter:card\" content=\"summary_large_image\" \/>\n<script type=\"application\/ld+json\" class=\"yoast-schema-graph\">{\"@context\":\"https:\/\/schema.org\",\"@graph\":[{\"@type\":\"WebPage\",\"@id\":\"https:\/\/trukme.lv\/en\/products\/panels\/laminated-mdf-panels\/lksp-platne-19mm-j004-jungle-smart\/\",\"url\":\"https:\/\/trukme.lv\/en\/products\/panels\/laminated-mdf-panels\/lksp-platne-19mm-j004-jungle-smart\/\",\"name\":\"LKSP panel 19mm J004 Jungle SM'art - Trukm\u0117\",\"isPartOf\":{\"@id\":\"https:\/\/trukme.lv\/en\/#website\"},\"primaryImageOfPage\":{\"@id\":\"https:\/\/trukme.lv\/en\/products\/panels\/laminated-mdf-panels\/lksp-platne-19mm-j004-jungle-smart\/#primaryimage\"},\"image\":{\"@id\":\"https:\/\/trukme.lv\/en\/products\/panels\/laminated-mdf-panels\/lksp-platne-19mm-j004-jungle-smart\/#primaryimage\"},\"thumbnailUrl\":\"https:\/\/i0.wp.com\/trukme.lv\/wp-content\/uploads\/2025\/09\/819J004SMART1S.webp?fit=567%2C871&ssl=1\",\"datePublished\":\"2025-09-30T16:59:31+00:00\",\"dateModified\":\"2025-10-02T09:26:45+00:00\",\"breadcrumb\":{\"@id\":\"https:\/\/trukme.lv\/en\/products\/panels\/laminated-mdf-panels\/lksp-platne-19mm-j004-jungle-smart\/#breadcrumb\"},\"inLanguage\":\"en-GB\",\"potentialAction\":[{\"@type\":\"ReadAction\",\"target\":[\"https:\/\/trukme.lv\/en\/products\/panels\/laminated-mdf-panels\/lksp-platne-19mm-j004-jungle-smart\/\"]}]},{\"@type\":\"ImageObject\",\"inLanguage\":\"en-GB\",\"@id\":\"https:\/\/trukme.lv\/en\/products\/panels\/laminated-mdf-panels\/lksp-platne-19mm-j004-jungle-smart\/#primaryimage\",\"url\":\"https:\/\/i0.wp.com\/trukme.lv\/wp-content\/uploads\/2025\/09\/819J004SMART1S.webp?fit=567%2C871&ssl=1\",\"contentUrl\":\"https:\/\/i0.wp.com\/trukme.lv\/wp-content\/uploads\/2025\/09\/819J004SMART1S.webp?fit=567%2C871&ssl=1\",\"width\":567,\"height\":871},{\"@type\":\"BreadcrumbList\",\"@id\":\"https:\/\/trukme.lv\/en\/products\/panels\/laminated-mdf-panels\/lksp-platne-19mm-j004-jungle-smart\/#breadcrumb\",\"itemListElement\":[{\"@type\":\"ListItem\",\"position\":1,\"name\":\"Home\",\"item\":\"https:\/\/trukme.lv\/en\/home\/\"},{\"@type\":\"ListItem\",\"position\":2,\"name\":\"Products\",\"item\":\"https:\/\/trukme.lv\/en\/products\/\"},{\"@type\":\"ListItem\",\"position\":3,\"name\":\"LKSP panel 19mm J004 Jungle SM&#8217;art\"}]},{\"@type\":\"WebSite\",\"@id\":\"https:\/\/trukme.lv\/en\/#website\",\"url\":\"https:\/\/trukme.lv\/en\/\",\"name\":\"Trukm\u0117\",\"description\":\"M\u0113be\u013cu pane\u013ci, galda virsmas, m\u0113be\u013cu furnit\u016bra. Virtuves m\u0113be\u013cu, skapju, vannas istabas m\u0113be\u013cu u.c. sortiments. Paz\u012bstami un uzticami ra\u017eot\u0101ji.\",\"potentialAction\":[{\"@type\":\"SearchAction\",\"target\":{\"@type\":\"EntryPoint\",\"urlTemplate\":\"https:\/\/trukme.lv\/en\/?s={search_term_string}\"},\"query-input\":{\"@type\":\"PropertyValueSpecification\",\"valueRequired\":true,\"valueName\":\"search_term_string\"}}],\"inLanguage\":\"en-GB\"}]}<\/script>\n<!-- \/ Yoast SEO plugin. -->","yoast_head_json":{"title":"LKSP panel 19mm J004 Jungle SM'art - Trukm\u0117","robots":{"index":"index","follow":"follow","max-snippet":"max-snippet:-1","max-image-preview":"max-image-preview:large","max-video-preview":"max-video-preview:-1"},"canonical":"https:\/\/trukme.lv\/en\/products\/panels\/laminated-mdf-panels\/lksp-platne-19mm-j004-jungle-smart\/","og_locale":"en_GB","og_type":"article","og_title":"LKSP panel 19mm J004 Jungle SM'art - Trukm\u0117","og_description":"The main feature of the Jungle collection decor is refined simplicity, perfectly suitable for any space and interior. The authentic and expressive structure is revealed in two different matte levels, giving the final product expressiveness.","og_url":"https:\/\/trukme.lv\/en\/products\/panels\/laminated-mdf-panels\/lksp-platne-19mm-j004-jungle-smart\/","og_site_name":"Trukm\u0117","article_modified_time":"2025-10-02T09:26:45+00:00","og_image":[{"width":567,"height":871,"url":"https:\/\/i0.wp.com\/trukme.lv\/wp-content\/uploads\/2025\/09\/819J004SMART1S.webp?fit=567%2C871&ssl=1","type":"image\/webp"}],"twitter_card":"summary_large_image","schema":{"@context":"https:\/\/schema.org","@graph":[{"@type":"WebPage","@id":"https:\/\/trukme.lv\/en\/products\/panels\/laminated-mdf-panels\/lksp-platne-19mm-j004-jungle-smart\/","url":"https:\/\/trukme.lv\/en\/products\/panels\/laminated-mdf-panels\/lksp-platne-19mm-j004-jungle-smart\/","name":"LKSP panel 19mm J004 Jungle SM'art - Trukm\u0117","isPartOf":{"@id":"https:\/\/trukme.lv\/en\/#website"},"primaryImageOfPage":{"@id":"https:\/\/trukme.lv\/en\/products\/panels\/laminated-mdf-panels\/lksp-platne-19mm-j004-jungle-smart\/#primaryimage"},"image":{"@id":"https:\/\/trukme.lv\/en\/products\/panels\/laminated-mdf-panels\/lksp-platne-19mm-j004-jungle-smart\/#primaryimage"},"thumbnailUrl":"https:\/\/i0.wp.com\/trukme.lv\/wp-content\/uploads\/2025\/09\/819J004SMART1S.webp?fit=567%2C871&ssl=1","datePublished":"2025-09-30T16:59:31+00:00","dateModified":"2025-10-02T09:26:45+00:00","breadcrumb":{"@id":"https:\/\/trukme.lv\/en\/products\/panels\/laminated-mdf-panels\/lksp-platne-19mm-j004-jungle-smart\/#breadcrumb"},"inLanguage":"en-GB","potentialAction":[{"@type":"ReadAction","target":["https:\/\/trukme.lv\/en\/products\/panels\/laminated-mdf-panels\/lksp-platne-19mm-j004-jungle-smart\/"]}]},{"@type":"ImageObject","inLanguage":"en-GB","@id":"https:\/\/trukme.lv\/en\/products\/panels\/laminated-mdf-panels\/lksp-platne-19mm-j004-jungle-smart\/#primaryimage","url":"https:\/\/i0.wp.com\/trukme.lv\/wp-content\/uploads\/2025\/09\/819J004SMART1S.webp?fit=567%2C871&ssl=1","contentUrl":"https:\/\/i0.wp.com\/trukme.lv\/wp-content\/uploads\/2025\/09\/819J004SMART1S.webp?fit=567%2C871&ssl=1","width":567,"height":871},{"@type":"BreadcrumbList","@id":"https:\/\/trukme.lv\/en\/products\/panels\/laminated-mdf-panels\/lksp-platne-19mm-j004-jungle-smart\/#breadcrumb","itemListElement":[{"@type":"ListItem","position":1,"name":"Home","item":"https:\/\/trukme.lv\/en\/home\/"},{"@type":"ListItem","position":2,"name":"Products","item":"https:\/\/trukme.lv\/en\/products\/"},{"@type":"ListItem","position":3,"name":"LKSP panel 19mm J004 Jungle SM&#8217;art"}]},{"@type":"WebSite","@id":"https:\/\/trukme.lv\/en\/#website","url":"https:\/\/trukme.lv\/en\/","name":"Trukm\u0117","description":"M\u0113be\u013cu pane\u013ci, galda virsmas, m\u0113be\u013cu furnit\u016bra. Virtuves m\u0113be\u013cu, skapju, vannas istabas m\u0113be\u013cu u.c. sortiments. Paz\u012bstami un uzticami ra\u017eot\u0101ji.","potentialAction":[{"@type":"SearchAction","target":{"@type":"EntryPoint","urlTemplate":"https:\/\/trukme.lv\/en\/?s={search_term_string}"},"query-input":{"@type":"PropertyValueSpecification","valueRequired":true,"valueName":"search_term_string"}}],"inLanguage":"en-GB"}]}},"jetpack_sharing_enabled":true,"_links":{"self":[{"href":"https:\/\/trukme.lv\/en\/wp-json\/wp\/v2\/product\/252046","targetHints":{"allow":["GET"]}}],"collection":[{"href":"https:\/\/trukme.lv\/en\/wp-json\/wp\/v2\/product"}],"about":[{"href":"https:\/\/trukme.lv\/en\/wp-json\/wp\/v2\/types\/product"}],"wp:featuredmedia":[{"embeddable":true,"href":"https:\/\/trukme.lv\/en\/wp-json\/wp\/v2\/media\/249857"}],"wp:attachment":[{"href":"https:\/\/trukme.lv\/en\/wp-json\/wp\/v2\/media?parent=252046"}],"wp:term":[{"taxonomy":"product_brand","embeddable":true,"href":"https:\/\/trukme.lv\/en\/wp-json\/wp\/v2\/product_brand?post=252046"},{"taxonomy":"product_cat","embeddable":true,"href":"https:\/\/trukme.lv\/en\/wp-json\/wp\/v2\/product_cat?post=252046"},{"taxonomy":"product_tag","embeddable":true,"href":"https:\/\/trukme.lv\/en\/wp-json\/wp\/v2\/product_tag?post=252046"}],"curies":[{"name":"wp","href":"https:\/\/api.w.org\/{rel}","templated":true}]}}