{"id":252106,"date":"2025-09-30T19:57:33","date_gmt":"2025-09-30T16:57:33","guid":{"rendered":"https:\/\/trukme.lv\/produkti\/uncategorized\/sienas-panelu-sanu-profils-start-2800x33x18-krems-s027-gizir\/"},"modified":"2025-10-02T12:26:56","modified_gmt":"2025-10-02T09:26:56","slug":"sienas-panelu-sanu-profils-start-2800x33x18-krems-s027-gizir","status":"publish","type":"product","link":"https:\/\/trukme.lv\/en\/products\/finishing-materials\/wall-cladding-panels\/sienas-panelu-sanu-profils-start-2800x33x18-krems-s027-gizir\/","title":{"rendered":"Wall panel side profile Start 2800x33x18 Cream S027, Gizir"},"content":{"rendered":"<p>Gizir wall finishing boards \u2013 these are excellent surface-shaped MDF panels covered with a matte PVC coating. These boards are very easy to use and install. Perfectly suitable for diversifying and revitalizing both home and commercial interiors. When connecting Gizir wall finishing boards, each board and the side END START will shorten by 13 mm. The width of the groove in the wall finishing boards is also 13 mm.<\/p>\n","protected":false},"excerpt":{"rendered":"<p>Gizir wall finishing boards \u2013 these are excellent surface-shaped MDF panels covered with a matte PVC coating. These boards are very easy to use and install. Perfectly suitable for diversifying and revitalizing both home and commercial interiors. When connecting Gizir wall finishing boards, each board and the side END START will shorten by 13 mm&#8230;.<\/p>\n","protected":false},"featured_media":249641,"template":"","meta":{"_acf_changed":false},"product_brand":[6954],"product_cat":[6251,6253],"product_tag":[],"class_list":{"0":"post-252106","1":"product","2":"type-product","3":"status-publish","4":"has-post-thumbnail","6":"product_brand-gizir-en","7":"product_cat-finishing-materials","8":"product_cat-wall-cladding-panels","10":"first","11":"instock","12":"product-type-variable"},"acf":[],"yoast_head":"<!-- This site is optimized with the Yoast SEO plugin v26.5 - https:\/\/yoast.com\/wordpress\/plugins\/seo\/ -->\n<title>Wall panel side profile Start 2800x33x18 Cream S027, Gizir - Trukm\u0117<\/title>\n<meta name=\"robots\" content=\"index, follow, max-snippet:-1, max-image-preview:large, max-video-preview:-1\" \/>\n<link rel=\"canonical\" href=\"https:\/\/trukme.lv\/en\/products\/finishing-materials\/wall-cladding-panels\/sienas-panelu-sanu-profils-start-2800x33x18-krems-s027-gizir\/\" \/>\n<meta property=\"og:locale\" content=\"en_GB\" \/>\n<meta property=\"og:type\" content=\"article\" \/>\n<meta property=\"og:title\" content=\"Wall panel side profile Start 2800x33x18 Cream S027, Gizir - Trukm\u0117\" \/>\n<meta property=\"og:description\" content=\"Gizir wall finishing boards \u2013 these are excellent surface-shaped MDF panels covered with a matte PVC coating. These boards are very easy to use and install. Perfectly suitable for diversifying and revitalizing both home and commercial interiors. When connecting Gizir wall finishing boards, each board and the side END START will shorten by 13 mm....\" \/>\n<meta property=\"og:url\" content=\"https:\/\/trukme.lv\/en\/products\/finishing-materials\/wall-cladding-panels\/sienas-panelu-sanu-profils-start-2800x33x18-krems-s027-gizir\/\" \/>\n<meta property=\"og:site_name\" content=\"Trukm\u0117\" \/>\n<meta property=\"article:modified_time\" content=\"2025-10-02T09:26:56+00:00\" \/>\n<meta property=\"og:image\" content=\"https:\/\/i0.wp.com\/trukme.lv\/wp-content\/uploads\/2025\/09\/818S027UZBAIGIMASSS.webp?fit=2048%2C1583&ssl=1\" \/>\n\t<meta property=\"og:image:width\" content=\"2048\" \/>\n\t<meta property=\"og:image:height\" content=\"1583\" \/>\n\t<meta property=\"og:image:type\" content=\"image\/webp\" \/>\n<meta name=\"twitter:card\" content=\"summary_large_image\" \/>\n<script type=\"application\/ld+json\" class=\"yoast-schema-graph\">{\"@context\":\"https:\/\/schema.org\",\"@graph\":[{\"@type\":\"WebPage\",\"@id\":\"https:\/\/trukme.lv\/en\/products\/finishing-materials\/wall-cladding-panels\/sienas-panelu-sanu-profils-start-2800x33x18-krems-s027-gizir\/\",\"url\":\"https:\/\/trukme.lv\/en\/products\/finishing-materials\/wall-cladding-panels\/sienas-panelu-sanu-profils-start-2800x33x18-krems-s027-gizir\/\",\"name\":\"Wall panel side profile Start 2800x33x18 Cream S027, Gizir - Trukm\u0117\",\"isPartOf\":{\"@id\":\"https:\/\/trukme.lv\/en\/#website\"},\"primaryImageOfPage\":{\"@id\":\"https:\/\/trukme.lv\/en\/products\/finishing-materials\/wall-cladding-panels\/sienas-panelu-sanu-profils-start-2800x33x18-krems-s027-gizir\/#primaryimage\"},\"image\":{\"@id\":\"https:\/\/trukme.lv\/en\/products\/finishing-materials\/wall-cladding-panels\/sienas-panelu-sanu-profils-start-2800x33x18-krems-s027-gizir\/#primaryimage\"},\"thumbnailUrl\":\"https:\/\/i0.wp.com\/trukme.lv\/wp-content\/uploads\/2025\/09\/818S027UZBAIGIMASSS.webp?fit=2048%2C1583&ssl=1\",\"datePublished\":\"2025-09-30T16:57:33+00:00\",\"dateModified\":\"2025-10-02T09:26:56+00:00\",\"breadcrumb\":{\"@id\":\"https:\/\/trukme.lv\/en\/products\/finishing-materials\/wall-cladding-panels\/sienas-panelu-sanu-profils-start-2800x33x18-krems-s027-gizir\/#breadcrumb\"},\"inLanguage\":\"en-GB\",\"potentialAction\":[{\"@type\":\"ReadAction\",\"target\":[\"https:\/\/trukme.lv\/en\/products\/finishing-materials\/wall-cladding-panels\/sienas-panelu-sanu-profils-start-2800x33x18-krems-s027-gizir\/\"]}]},{\"@type\":\"ImageObject\",\"inLanguage\":\"en-GB\",\"@id\":\"https:\/\/trukme.lv\/en\/products\/finishing-materials\/wall-cladding-panels\/sienas-panelu-sanu-profils-start-2800x33x18-krems-s027-gizir\/#primaryimage\",\"url\":\"https:\/\/i0.wp.com\/trukme.lv\/wp-content\/uploads\/2025\/09\/818S027UZBAIGIMASSS.webp?fit=2048%2C1583&ssl=1\",\"contentUrl\":\"https:\/\/i0.wp.com\/trukme.lv\/wp-content\/uploads\/2025\/09\/818S027UZBAIGIMASSS.webp?fit=2048%2C1583&ssl=1\",\"width\":2048,\"height\":1583},{\"@type\":\"BreadcrumbList\",\"@id\":\"https:\/\/trukme.lv\/en\/products\/finishing-materials\/wall-cladding-panels\/sienas-panelu-sanu-profils-start-2800x33x18-krems-s027-gizir\/#breadcrumb\",\"itemListElement\":[{\"@type\":\"ListItem\",\"position\":1,\"name\":\"Home\",\"item\":\"https:\/\/trukme.lv\/en\/home\/\"},{\"@type\":\"ListItem\",\"position\":2,\"name\":\"Products\",\"item\":\"https:\/\/trukme.lv\/en\/products\/\"},{\"@type\":\"ListItem\",\"position\":3,\"name\":\"Wall panel side profile Start 2800x33x18 Cream S027, Gizir\"}]},{\"@type\":\"WebSite\",\"@id\":\"https:\/\/trukme.lv\/en\/#website\",\"url\":\"https:\/\/trukme.lv\/en\/\",\"name\":\"Trukm\u0117\",\"description\":\"M\u0113be\u013cu pane\u013ci, galda virsmas, m\u0113be\u013cu furnit\u016bra. Virtuves m\u0113be\u013cu, skapju, vannas istabas m\u0113be\u013cu u.c. sortiments. Paz\u012bstami un uzticami ra\u017eot\u0101ji.\",\"potentialAction\":[{\"@type\":\"SearchAction\",\"target\":{\"@type\":\"EntryPoint\",\"urlTemplate\":\"https:\/\/trukme.lv\/en\/?s={search_term_string}\"},\"query-input\":{\"@type\":\"PropertyValueSpecification\",\"valueRequired\":true,\"valueName\":\"search_term_string\"}}],\"inLanguage\":\"en-GB\"}]}<\/script>\n<!-- \/ Yoast SEO plugin. -->","yoast_head_json":{"title":"Wall panel side profile Start 2800x33x18 Cream S027, Gizir - Trukm\u0117","robots":{"index":"index","follow":"follow","max-snippet":"max-snippet:-1","max-image-preview":"max-image-preview:large","max-video-preview":"max-video-preview:-1"},"canonical":"https:\/\/trukme.lv\/en\/products\/finishing-materials\/wall-cladding-panels\/sienas-panelu-sanu-profils-start-2800x33x18-krems-s027-gizir\/","og_locale":"en_GB","og_type":"article","og_title":"Wall panel side profile Start 2800x33x18 Cream S027, Gizir - Trukm\u0117","og_description":"Gizir wall finishing boards \u2013 these are excellent surface-shaped MDF panels covered with a matte PVC coating. These boards are very easy to use and install. Perfectly suitable for diversifying and revitalizing both home and commercial interiors. When connecting Gizir wall finishing boards, each board and the side END START will shorten by 13 mm....","og_url":"https:\/\/trukme.lv\/en\/products\/finishing-materials\/wall-cladding-panels\/sienas-panelu-sanu-profils-start-2800x33x18-krems-s027-gizir\/","og_site_name":"Trukm\u0117","article_modified_time":"2025-10-02T09:26:56+00:00","og_image":[{"width":2048,"height":1583,"url":"https:\/\/i0.wp.com\/trukme.lv\/wp-content\/uploads\/2025\/09\/818S027UZBAIGIMASSS.webp?fit=2048%2C1583&ssl=1","type":"image\/webp"}],"twitter_card":"summary_large_image","schema":{"@context":"https:\/\/schema.org","@graph":[{"@type":"WebPage","@id":"https:\/\/trukme.lv\/en\/products\/finishing-materials\/wall-cladding-panels\/sienas-panelu-sanu-profils-start-2800x33x18-krems-s027-gizir\/","url":"https:\/\/trukme.lv\/en\/products\/finishing-materials\/wall-cladding-panels\/sienas-panelu-sanu-profils-start-2800x33x18-krems-s027-gizir\/","name":"Wall panel side profile Start 2800x33x18 Cream S027, Gizir - Trukm\u0117","isPartOf":{"@id":"https:\/\/trukme.lv\/en\/#website"},"primaryImageOfPage":{"@id":"https:\/\/trukme.lv\/en\/products\/finishing-materials\/wall-cladding-panels\/sienas-panelu-sanu-profils-start-2800x33x18-krems-s027-gizir\/#primaryimage"},"image":{"@id":"https:\/\/trukme.lv\/en\/products\/finishing-materials\/wall-cladding-panels\/sienas-panelu-sanu-profils-start-2800x33x18-krems-s027-gizir\/#primaryimage"},"thumbnailUrl":"https:\/\/i0.wp.com\/trukme.lv\/wp-content\/uploads\/2025\/09\/818S027UZBAIGIMASSS.webp?fit=2048%2C1583&ssl=1","datePublished":"2025-09-30T16:57:33+00:00","dateModified":"2025-10-02T09:26:56+00:00","breadcrumb":{"@id":"https:\/\/trukme.lv\/en\/products\/finishing-materials\/wall-cladding-panels\/sienas-panelu-sanu-profils-start-2800x33x18-krems-s027-gizir\/#breadcrumb"},"inLanguage":"en-GB","potentialAction":[{"@type":"ReadAction","target":["https:\/\/trukme.lv\/en\/products\/finishing-materials\/wall-cladding-panels\/sienas-panelu-sanu-profils-start-2800x33x18-krems-s027-gizir\/"]}]},{"@type":"ImageObject","inLanguage":"en-GB","@id":"https:\/\/trukme.lv\/en\/products\/finishing-materials\/wall-cladding-panels\/sienas-panelu-sanu-profils-start-2800x33x18-krems-s027-gizir\/#primaryimage","url":"https:\/\/i0.wp.com\/trukme.lv\/wp-content\/uploads\/2025\/09\/818S027UZBAIGIMASSS.webp?fit=2048%2C1583&ssl=1","contentUrl":"https:\/\/i0.wp.com\/trukme.lv\/wp-content\/uploads\/2025\/09\/818S027UZBAIGIMASSS.webp?fit=2048%2C1583&ssl=1","width":2048,"height":1583},{"@type":"BreadcrumbList","@id":"https:\/\/trukme.lv\/en\/products\/finishing-materials\/wall-cladding-panels\/sienas-panelu-sanu-profils-start-2800x33x18-krems-s027-gizir\/#breadcrumb","itemListElement":[{"@type":"ListItem","position":1,"name":"Home","item":"https:\/\/trukme.lv\/en\/home\/"},{"@type":"ListItem","position":2,"name":"Products","item":"https:\/\/trukme.lv\/en\/products\/"},{"@type":"ListItem","position":3,"name":"Wall panel side profile Start 2800x33x18 Cream S027, Gizir"}]},{"@type":"WebSite","@id":"https:\/\/trukme.lv\/en\/#website","url":"https:\/\/trukme.lv\/en\/","name":"Trukm\u0117","description":"M\u0113be\u013cu pane\u013ci, galda virsmas, m\u0113be\u013cu furnit\u016bra. Virtuves m\u0113be\u013cu, skapju, vannas istabas m\u0113be\u013cu u.c. sortiments. Paz\u012bstami un uzticami ra\u017eot\u0101ji.","potentialAction":[{"@type":"SearchAction","target":{"@type":"EntryPoint","urlTemplate":"https:\/\/trukme.lv\/en\/?s={search_term_string}"},"query-input":{"@type":"PropertyValueSpecification","valueRequired":true,"valueName":"search_term_string"}}],"inLanguage":"en-GB"}]}},"jetpack_sharing_enabled":true,"_links":{"self":[{"href":"https:\/\/trukme.lv\/en\/wp-json\/wp\/v2\/product\/252106","targetHints":{"allow":["GET"]}}],"collection":[{"href":"https:\/\/trukme.lv\/en\/wp-json\/wp\/v2\/product"}],"about":[{"href":"https:\/\/trukme.lv\/en\/wp-json\/wp\/v2\/types\/product"}],"wp:featuredmedia":[{"embeddable":true,"href":"https:\/\/trukme.lv\/en\/wp-json\/wp\/v2\/media\/249641"}],"wp:attachment":[{"href":"https:\/\/trukme.lv\/en\/wp-json\/wp\/v2\/media?parent=252106"}],"wp:term":[{"taxonomy":"product_brand","embeddable":true,"href":"https:\/\/trukme.lv\/en\/wp-json\/wp\/v2\/product_brand?post=252106"},{"taxonomy":"product_cat","embeddable":true,"href":"https:\/\/trukme.lv\/en\/wp-json\/wp\/v2\/product_cat?post=252106"},{"taxonomy":"product_tag","embeddable":true,"href":"https:\/\/trukme.lv\/en\/wp-json\/wp\/v2\/product_tag?post=252106"}],"curies":[{"name":"wp","href":"https:\/\/api.w.org\/{rel}","templated":true}]}}