{"id":252112,"date":"2025-09-30T19:57:23","date_gmt":"2025-09-30T16:57:23","guid":{"rendered":"https:\/\/trukme.lv\/produkti\/uncategorized\/platne-matt-18mm-kremkrasas-s020-gizir-divpuseja\/"},"modified":"2025-10-02T12:26:57","modified_gmt":"2025-10-02T09:26:57","slug":"platne-matt-18mm-kremkrasas-s020-gizir-divpuseja","status":"publish","type":"product","link":"https:\/\/trukme.lv\/en\/products\/panels\/matte-panel\/platne-matt-18mm-kremkrasas-s020-gizir-divpuseja\/","title":{"rendered":"Panel Matt 18mm cream S020 GIZIR, double-sided"},"content":{"rendered":"<p>Gizir Super Matt collection consists of matte tone decors. These panels contain high-quality MDF coated with a PVC film. The panel is double-sided or has the same color matte PP coating on the other side. The panel is highly resistant to UV rays. ATTENTION! To avoid possible color tone differences in the furniture, ROTATING the parts IS NOT RECOMMENDED.<\/p>\n","protected":false},"excerpt":{"rendered":"<p>Gizir Super Matt collection consists of matte tone decors. These panels contain high-quality MDF coated with a PVC film. The panel is double-sided or has the same color matte PP coating on the other side. The panel is highly resistant to UV rays. ATTENTION! To avoid possible color tone differences in the furniture, ROTATING the&#8230;<\/p>\n","protected":false},"featured_media":249626,"template":"","meta":{"_acf_changed":false},"product_brand":[6954],"product_cat":[6675,6667],"product_tag":[],"class_list":{"0":"post-252112","1":"product","2":"type-product","3":"status-publish","4":"has-post-thumbnail","6":"product_brand-gizir-en","7":"product_cat-matte-panel","8":"product_cat-panels","10":"first","11":"instock","12":"product-type-variable"},"acf":[],"yoast_head":"<!-- This site is optimized with the Yoast SEO plugin v26.5 - https:\/\/yoast.com\/wordpress\/plugins\/seo\/ -->\n<title>Panel Matt 18mm cream S020 GIZIR, double-sided - Trukm\u0117<\/title>\n<meta name=\"robots\" content=\"index, follow, max-snippet:-1, max-image-preview:large, max-video-preview:-1\" \/>\n<link rel=\"canonical\" href=\"https:\/\/trukme.lv\/en\/products\/panels\/matte-panel\/platne-matt-18mm-kremkrasas-s020-gizir-divpuseja\/\" \/>\n<meta property=\"og:locale\" content=\"en_GB\" \/>\n<meta property=\"og:type\" content=\"article\" \/>\n<meta property=\"og:title\" content=\"Panel Matt 18mm cream S020 GIZIR, double-sided - Trukm\u0117\" \/>\n<meta property=\"og:description\" content=\"Gizir Super Matt collection consists of matte tone decors. These panels contain high-quality MDF coated with a PVC film. The panel is double-sided or has the same color matte PP coating on the other side. The panel is highly resistant to UV rays. ATTENTION! To avoid possible color tone differences in the furniture, ROTATING the...\" \/>\n<meta property=\"og:url\" content=\"https:\/\/trukme.lv\/en\/products\/panels\/matte-panel\/platne-matt-18mm-kremkrasas-s020-gizir-divpuseja\/\" \/>\n<meta property=\"og:site_name\" content=\"Trukm\u0117\" \/>\n<meta property=\"article:modified_time\" content=\"2025-10-02T09:26:57+00:00\" \/>\n<meta property=\"og:image\" content=\"https:\/\/i0.wp.com\/trukme.lv\/wp-content\/uploads\/2025\/09\/818S020SM102S.webp?fit=768%2C576&ssl=1\" \/>\n\t<meta property=\"og:image:width\" content=\"768\" \/>\n\t<meta property=\"og:image:height\" content=\"576\" \/>\n\t<meta property=\"og:image:type\" content=\"image\/webp\" \/>\n<meta name=\"twitter:card\" content=\"summary_large_image\" \/>\n<script type=\"application\/ld+json\" class=\"yoast-schema-graph\">{\"@context\":\"https:\/\/schema.org\",\"@graph\":[{\"@type\":\"WebPage\",\"@id\":\"https:\/\/trukme.lv\/en\/products\/panels\/matte-panel\/platne-matt-18mm-kremkrasas-s020-gizir-divpuseja\/\",\"url\":\"https:\/\/trukme.lv\/en\/products\/panels\/matte-panel\/platne-matt-18mm-kremkrasas-s020-gizir-divpuseja\/\",\"name\":\"Panel Matt 18mm cream S020 GIZIR, double-sided - Trukm\u0117\",\"isPartOf\":{\"@id\":\"https:\/\/trukme.lv\/en\/#website\"},\"primaryImageOfPage\":{\"@id\":\"https:\/\/trukme.lv\/en\/products\/panels\/matte-panel\/platne-matt-18mm-kremkrasas-s020-gizir-divpuseja\/#primaryimage\"},\"image\":{\"@id\":\"https:\/\/trukme.lv\/en\/products\/panels\/matte-panel\/platne-matt-18mm-kremkrasas-s020-gizir-divpuseja\/#primaryimage\"},\"thumbnailUrl\":\"https:\/\/i0.wp.com\/trukme.lv\/wp-content\/uploads\/2025\/09\/818S020SM102S.webp?fit=768%2C576&ssl=1\",\"datePublished\":\"2025-09-30T16:57:23+00:00\",\"dateModified\":\"2025-10-02T09:26:57+00:00\",\"breadcrumb\":{\"@id\":\"https:\/\/trukme.lv\/en\/products\/panels\/matte-panel\/platne-matt-18mm-kremkrasas-s020-gizir-divpuseja\/#breadcrumb\"},\"inLanguage\":\"en-GB\",\"potentialAction\":[{\"@type\":\"ReadAction\",\"target\":[\"https:\/\/trukme.lv\/en\/products\/panels\/matte-panel\/platne-matt-18mm-kremkrasas-s020-gizir-divpuseja\/\"]}]},{\"@type\":\"ImageObject\",\"inLanguage\":\"en-GB\",\"@id\":\"https:\/\/trukme.lv\/en\/products\/panels\/matte-panel\/platne-matt-18mm-kremkrasas-s020-gizir-divpuseja\/#primaryimage\",\"url\":\"https:\/\/i0.wp.com\/trukme.lv\/wp-content\/uploads\/2025\/09\/818S020SM102S.webp?fit=768%2C576&ssl=1\",\"contentUrl\":\"https:\/\/i0.wp.com\/trukme.lv\/wp-content\/uploads\/2025\/09\/818S020SM102S.webp?fit=768%2C576&ssl=1\",\"width\":768,\"height\":576},{\"@type\":\"BreadcrumbList\",\"@id\":\"https:\/\/trukme.lv\/en\/products\/panels\/matte-panel\/platne-matt-18mm-kremkrasas-s020-gizir-divpuseja\/#breadcrumb\",\"itemListElement\":[{\"@type\":\"ListItem\",\"position\":1,\"name\":\"Home\",\"item\":\"https:\/\/trukme.lv\/en\/home\/\"},{\"@type\":\"ListItem\",\"position\":2,\"name\":\"Products\",\"item\":\"https:\/\/trukme.lv\/en\/products\/\"},{\"@type\":\"ListItem\",\"position\":3,\"name\":\"Panel Matt 18mm cream S020 GIZIR, double-sided\"}]},{\"@type\":\"WebSite\",\"@id\":\"https:\/\/trukme.lv\/en\/#website\",\"url\":\"https:\/\/trukme.lv\/en\/\",\"name\":\"Trukm\u0117\",\"description\":\"M\u0113be\u013cu pane\u013ci, galda virsmas, m\u0113be\u013cu furnit\u016bra. Virtuves m\u0113be\u013cu, skapju, vannas istabas m\u0113be\u013cu u.c. sortiments. Paz\u012bstami un uzticami ra\u017eot\u0101ji.\",\"potentialAction\":[{\"@type\":\"SearchAction\",\"target\":{\"@type\":\"EntryPoint\",\"urlTemplate\":\"https:\/\/trukme.lv\/en\/?s={search_term_string}\"},\"query-input\":{\"@type\":\"PropertyValueSpecification\",\"valueRequired\":true,\"valueName\":\"search_term_string\"}}],\"inLanguage\":\"en-GB\"}]}<\/script>\n<!-- \/ Yoast SEO plugin. -->","yoast_head_json":{"title":"Panel Matt 18mm cream S020 GIZIR, double-sided - Trukm\u0117","robots":{"index":"index","follow":"follow","max-snippet":"max-snippet:-1","max-image-preview":"max-image-preview:large","max-video-preview":"max-video-preview:-1"},"canonical":"https:\/\/trukme.lv\/en\/products\/panels\/matte-panel\/platne-matt-18mm-kremkrasas-s020-gizir-divpuseja\/","og_locale":"en_GB","og_type":"article","og_title":"Panel Matt 18mm cream S020 GIZIR, double-sided - Trukm\u0117","og_description":"Gizir Super Matt collection consists of matte tone decors. These panels contain high-quality MDF coated with a PVC film. The panel is double-sided or has the same color matte PP coating on the other side. The panel is highly resistant to UV rays. ATTENTION! To avoid possible color tone differences in the furniture, ROTATING the...","og_url":"https:\/\/trukme.lv\/en\/products\/panels\/matte-panel\/platne-matt-18mm-kremkrasas-s020-gizir-divpuseja\/","og_site_name":"Trukm\u0117","article_modified_time":"2025-10-02T09:26:57+00:00","og_image":[{"width":768,"height":576,"url":"https:\/\/i0.wp.com\/trukme.lv\/wp-content\/uploads\/2025\/09\/818S020SM102S.webp?fit=768%2C576&ssl=1","type":"image\/webp"}],"twitter_card":"summary_large_image","schema":{"@context":"https:\/\/schema.org","@graph":[{"@type":"WebPage","@id":"https:\/\/trukme.lv\/en\/products\/panels\/matte-panel\/platne-matt-18mm-kremkrasas-s020-gizir-divpuseja\/","url":"https:\/\/trukme.lv\/en\/products\/panels\/matte-panel\/platne-matt-18mm-kremkrasas-s020-gizir-divpuseja\/","name":"Panel Matt 18mm cream S020 GIZIR, double-sided - Trukm\u0117","isPartOf":{"@id":"https:\/\/trukme.lv\/en\/#website"},"primaryImageOfPage":{"@id":"https:\/\/trukme.lv\/en\/products\/panels\/matte-panel\/platne-matt-18mm-kremkrasas-s020-gizir-divpuseja\/#primaryimage"},"image":{"@id":"https:\/\/trukme.lv\/en\/products\/panels\/matte-panel\/platne-matt-18mm-kremkrasas-s020-gizir-divpuseja\/#primaryimage"},"thumbnailUrl":"https:\/\/i0.wp.com\/trukme.lv\/wp-content\/uploads\/2025\/09\/818S020SM102S.webp?fit=768%2C576&ssl=1","datePublished":"2025-09-30T16:57:23+00:00","dateModified":"2025-10-02T09:26:57+00:00","breadcrumb":{"@id":"https:\/\/trukme.lv\/en\/products\/panels\/matte-panel\/platne-matt-18mm-kremkrasas-s020-gizir-divpuseja\/#breadcrumb"},"inLanguage":"en-GB","potentialAction":[{"@type":"ReadAction","target":["https:\/\/trukme.lv\/en\/products\/panels\/matte-panel\/platne-matt-18mm-kremkrasas-s020-gizir-divpuseja\/"]}]},{"@type":"ImageObject","inLanguage":"en-GB","@id":"https:\/\/trukme.lv\/en\/products\/panels\/matte-panel\/platne-matt-18mm-kremkrasas-s020-gizir-divpuseja\/#primaryimage","url":"https:\/\/i0.wp.com\/trukme.lv\/wp-content\/uploads\/2025\/09\/818S020SM102S.webp?fit=768%2C576&ssl=1","contentUrl":"https:\/\/i0.wp.com\/trukme.lv\/wp-content\/uploads\/2025\/09\/818S020SM102S.webp?fit=768%2C576&ssl=1","width":768,"height":576},{"@type":"BreadcrumbList","@id":"https:\/\/trukme.lv\/en\/products\/panels\/matte-panel\/platne-matt-18mm-kremkrasas-s020-gizir-divpuseja\/#breadcrumb","itemListElement":[{"@type":"ListItem","position":1,"name":"Home","item":"https:\/\/trukme.lv\/en\/home\/"},{"@type":"ListItem","position":2,"name":"Products","item":"https:\/\/trukme.lv\/en\/products\/"},{"@type":"ListItem","position":3,"name":"Panel Matt 18mm cream S020 GIZIR, double-sided"}]},{"@type":"WebSite","@id":"https:\/\/trukme.lv\/en\/#website","url":"https:\/\/trukme.lv\/en\/","name":"Trukm\u0117","description":"M\u0113be\u013cu pane\u013ci, galda virsmas, m\u0113be\u013cu furnit\u016bra. Virtuves m\u0113be\u013cu, skapju, vannas istabas m\u0113be\u013cu u.c. sortiments. Paz\u012bstami un uzticami ra\u017eot\u0101ji.","potentialAction":[{"@type":"SearchAction","target":{"@type":"EntryPoint","urlTemplate":"https:\/\/trukme.lv\/en\/?s={search_term_string}"},"query-input":{"@type":"PropertyValueSpecification","valueRequired":true,"valueName":"search_term_string"}}],"inLanguage":"en-GB"}]}},"jetpack_sharing_enabled":true,"_links":{"self":[{"href":"https:\/\/trukme.lv\/en\/wp-json\/wp\/v2\/product\/252112","targetHints":{"allow":["GET"]}}],"collection":[{"href":"https:\/\/trukme.lv\/en\/wp-json\/wp\/v2\/product"}],"about":[{"href":"https:\/\/trukme.lv\/en\/wp-json\/wp\/v2\/types\/product"}],"wp:featuredmedia":[{"embeddable":true,"href":"https:\/\/trukme.lv\/en\/wp-json\/wp\/v2\/media\/249626"}],"wp:attachment":[{"href":"https:\/\/trukme.lv\/en\/wp-json\/wp\/v2\/media?parent=252112"}],"wp:term":[{"taxonomy":"product_brand","embeddable":true,"href":"https:\/\/trukme.lv\/en\/wp-json\/wp\/v2\/product_brand?post=252112"},{"taxonomy":"product_cat","embeddable":true,"href":"https:\/\/trukme.lv\/en\/wp-json\/wp\/v2\/product_cat?post=252112"},{"taxonomy":"product_tag","embeddable":true,"href":"https:\/\/trukme.lv\/en\/wp-json\/wp\/v2\/product_tag?post=252112"}],"curies":[{"name":"wp","href":"https:\/\/api.w.org\/{rel}","templated":true}]}}