{"id":252296,"date":"2025-09-30T19:44:48","date_gmt":"2025-09-30T16:44:48","guid":{"rendered":"https:\/\/trukme.lv\/produkti\/uncategorized\/abs-mala-f-a-b-720-fenix\/"},"modified":"2025-10-02T12:27:30","modified_gmt":"2025-10-02T09:27:30","slug":"abs-mala-f-a-b-720-fenix","status":"publish","type":"product","link":"https:\/\/trukme.lv\/en\/products\/edges\/worktop-edges\/abs-mala-f-a-b-720-fenix\/","title":{"rendered":"ABS edge F.A.B 720 Fenix"},"content":{"rendered":"<p>Compatible with worktops: F.A.B 720 Fenix<\/p>\n","protected":false},"excerpt":{"rendered":"<p>Compatible with worktops: F.A.B 720 Fenix<\/p>\n","protected":false},"featured_media":0,"template":"","meta":{"_acf_changed":false},"product_brand":[6970],"product_cat":[6279,6283],"product_tag":[],"class_list":{"0":"post-252296","1":"product","2":"type-product","3":"status-publish","5":"product_brand-fab-en","6":"product_cat-edges","7":"product_cat-worktop-edges","9":"first","10":"instock","11":"product-type-variable"},"acf":[],"yoast_head":"<!-- This site is optimized with the Yoast SEO plugin v26.5 - https:\/\/yoast.com\/wordpress\/plugins\/seo\/ -->\n<title>ABS edge F.A.B 720 Fenix - Trukm\u0117<\/title>\n<meta name=\"robots\" content=\"index, follow, max-snippet:-1, max-image-preview:large, max-video-preview:-1\" \/>\n<link rel=\"canonical\" href=\"https:\/\/trukme.lv\/en\/products\/edges\/worktop-edges\/abs-mala-f-a-b-720-fenix\/\" \/>\n<meta property=\"og:locale\" content=\"en_GB\" \/>\n<meta property=\"og:type\" content=\"article\" \/>\n<meta property=\"og:title\" content=\"ABS edge F.A.B 720 Fenix - Trukm\u0117\" \/>\n<meta property=\"og:description\" content=\"Compatible with worktops: F.A.B 720 Fenix\" \/>\n<meta property=\"og:url\" content=\"https:\/\/trukme.lv\/en\/products\/edges\/worktop-edges\/abs-mala-f-a-b-720-fenix\/\" \/>\n<meta property=\"og:site_name\" content=\"Trukm\u0117\" \/>\n<meta property=\"article:modified_time\" content=\"2025-10-02T09:27:30+00:00\" \/>\n<meta name=\"twitter:card\" content=\"summary_large_image\" \/>\n<script type=\"application\/ld+json\" class=\"yoast-schema-graph\">{\"@context\":\"https:\/\/schema.org\",\"@graph\":[{\"@type\":\"WebPage\",\"@id\":\"https:\/\/trukme.lv\/en\/products\/edges\/worktop-edges\/abs-mala-f-a-b-720-fenix\/\",\"url\":\"https:\/\/trukme.lv\/en\/products\/edges\/worktop-edges\/abs-mala-f-a-b-720-fenix\/\",\"name\":\"ABS edge F.A.B 720 Fenix - Trukm\u0117\",\"isPartOf\":{\"@id\":\"https:\/\/trukme.lv\/en\/#website\"},\"datePublished\":\"2025-09-30T16:44:48+00:00\",\"dateModified\":\"2025-10-02T09:27:30+00:00\",\"breadcrumb\":{\"@id\":\"https:\/\/trukme.lv\/en\/products\/edges\/worktop-edges\/abs-mala-f-a-b-720-fenix\/#breadcrumb\"},\"inLanguage\":\"en-GB\",\"potentialAction\":[{\"@type\":\"ReadAction\",\"target\":[\"https:\/\/trukme.lv\/en\/products\/edges\/worktop-edges\/abs-mala-f-a-b-720-fenix\/\"]}]},{\"@type\":\"BreadcrumbList\",\"@id\":\"https:\/\/trukme.lv\/en\/products\/edges\/worktop-edges\/abs-mala-f-a-b-720-fenix\/#breadcrumb\",\"itemListElement\":[{\"@type\":\"ListItem\",\"position\":1,\"name\":\"Home\",\"item\":\"https:\/\/trukme.lv\/en\/home\/\"},{\"@type\":\"ListItem\",\"position\":2,\"name\":\"Products\",\"item\":\"https:\/\/trukme.lv\/en\/products\/\"},{\"@type\":\"ListItem\",\"position\":3,\"name\":\"ABS edge F.A.B 720 Fenix\"}]},{\"@type\":\"WebSite\",\"@id\":\"https:\/\/trukme.lv\/en\/#website\",\"url\":\"https:\/\/trukme.lv\/en\/\",\"name\":\"Trukm\u0117\",\"description\":\"M\u0113be\u013cu pane\u013ci, galda virsmas, m\u0113be\u013cu furnit\u016bra. Virtuves m\u0113be\u013cu, skapju, vannas istabas m\u0113be\u013cu u.c. sortiments. Paz\u012bstami un uzticami ra\u017eot\u0101ji.\",\"potentialAction\":[{\"@type\":\"SearchAction\",\"target\":{\"@type\":\"EntryPoint\",\"urlTemplate\":\"https:\/\/trukme.lv\/en\/?s={search_term_string}\"},\"query-input\":{\"@type\":\"PropertyValueSpecification\",\"valueRequired\":true,\"valueName\":\"search_term_string\"}}],\"inLanguage\":\"en-GB\"}]}<\/script>\n<!-- \/ Yoast SEO plugin. -->","yoast_head_json":{"title":"ABS edge F.A.B 720 Fenix - Trukm\u0117","robots":{"index":"index","follow":"follow","max-snippet":"max-snippet:-1","max-image-preview":"max-image-preview:large","max-video-preview":"max-video-preview:-1"},"canonical":"https:\/\/trukme.lv\/en\/products\/edges\/worktop-edges\/abs-mala-f-a-b-720-fenix\/","og_locale":"en_GB","og_type":"article","og_title":"ABS edge F.A.B 720 Fenix - Trukm\u0117","og_description":"Compatible with worktops: F.A.B 720 Fenix","og_url":"https:\/\/trukme.lv\/en\/products\/edges\/worktop-edges\/abs-mala-f-a-b-720-fenix\/","og_site_name":"Trukm\u0117","article_modified_time":"2025-10-02T09:27:30+00:00","twitter_card":"summary_large_image","schema":{"@context":"https:\/\/schema.org","@graph":[{"@type":"WebPage","@id":"https:\/\/trukme.lv\/en\/products\/edges\/worktop-edges\/abs-mala-f-a-b-720-fenix\/","url":"https:\/\/trukme.lv\/en\/products\/edges\/worktop-edges\/abs-mala-f-a-b-720-fenix\/","name":"ABS edge F.A.B 720 Fenix - Trukm\u0117","isPartOf":{"@id":"https:\/\/trukme.lv\/en\/#website"},"datePublished":"2025-09-30T16:44:48+00:00","dateModified":"2025-10-02T09:27:30+00:00","breadcrumb":{"@id":"https:\/\/trukme.lv\/en\/products\/edges\/worktop-edges\/abs-mala-f-a-b-720-fenix\/#breadcrumb"},"inLanguage":"en-GB","potentialAction":[{"@type":"ReadAction","target":["https:\/\/trukme.lv\/en\/products\/edges\/worktop-edges\/abs-mala-f-a-b-720-fenix\/"]}]},{"@type":"BreadcrumbList","@id":"https:\/\/trukme.lv\/en\/products\/edges\/worktop-edges\/abs-mala-f-a-b-720-fenix\/#breadcrumb","itemListElement":[{"@type":"ListItem","position":1,"name":"Home","item":"https:\/\/trukme.lv\/en\/home\/"},{"@type":"ListItem","position":2,"name":"Products","item":"https:\/\/trukme.lv\/en\/products\/"},{"@type":"ListItem","position":3,"name":"ABS edge F.A.B 720 Fenix"}]},{"@type":"WebSite","@id":"https:\/\/trukme.lv\/en\/#website","url":"https:\/\/trukme.lv\/en\/","name":"Trukm\u0117","description":"M\u0113be\u013cu pane\u013ci, galda virsmas, m\u0113be\u013cu furnit\u016bra. Virtuves m\u0113be\u013cu, skapju, vannas istabas m\u0113be\u013cu u.c. sortiments. Paz\u012bstami un uzticami ra\u017eot\u0101ji.","potentialAction":[{"@type":"SearchAction","target":{"@type":"EntryPoint","urlTemplate":"https:\/\/trukme.lv\/en\/?s={search_term_string}"},"query-input":{"@type":"PropertyValueSpecification","valueRequired":true,"valueName":"search_term_string"}}],"inLanguage":"en-GB"}]}},"jetpack_sharing_enabled":true,"_links":{"self":[{"href":"https:\/\/trukme.lv\/en\/wp-json\/wp\/v2\/product\/252296","targetHints":{"allow":["GET"]}}],"collection":[{"href":"https:\/\/trukme.lv\/en\/wp-json\/wp\/v2\/product"}],"about":[{"href":"https:\/\/trukme.lv\/en\/wp-json\/wp\/v2\/types\/product"}],"wp:attachment":[{"href":"https:\/\/trukme.lv\/en\/wp-json\/wp\/v2\/media?parent=252296"}],"wp:term":[{"taxonomy":"product_brand","embeddable":true,"href":"https:\/\/trukme.lv\/en\/wp-json\/wp\/v2\/product_brand?post=252296"},{"taxonomy":"product_cat","embeddable":true,"href":"https:\/\/trukme.lv\/en\/wp-json\/wp\/v2\/product_cat?post=252296"},{"taxonomy":"product_tag","embeddable":true,"href":"https:\/\/trukme.lv\/en\/wp-json\/wp\/v2\/product_tag?post=252296"}],"curies":[{"name":"wp","href":"https:\/\/api.w.org\/{rel}","templated":true}]}}