{"id":252486,"date":"2025-09-30T19:52:20","date_gmt":"2025-09-30T16:52:20","guid":{"rendered":"https:\/\/trukme.lv\/produkti\/uncategorized\/mdf-platne-brushed-inox-al03-al03\/"},"modified":"2025-10-02T12:28:06","modified_gmt":"2025-10-02T09:28:06","slug":"mdf-platne-brushed-inox-al03-al03","status":"publish","type":"product","link":"https:\/\/trukme.lv\/en\/products\/panels\/natural-metal-coated-board\/mdf-platne-brushed-inox-al03-al03\/","title":{"rendered":"MDF panel Brushed Inox, AL03\/AL03"},"content":{"rendered":"<p>The metalized panel is a strong, durable, and versatile material made from medium-density fiberboard (MDF) covered with a real aluminum sheet with a wear-resistant coating. It is ideally suited for vertical furniture elements, fronts, to add luxury, subtle gloss, or highlight details in interiors. Used for home, office, or public space furniture. Both sides of the panel are covered with a protective film. The panels are double-sided, coated on both sides with the same color brushed stainless steel HPL sheet.<\/p>\n","protected":false},"excerpt":{"rendered":"<p>The metalized panel is a strong, durable, and versatile material made from medium-density fiberboard (MDF) covered with a real aluminum sheet with a wear-resistant coating. It is ideally suited for vertical furniture elements, fronts, to add luxury, subtle gloss, or highlight details in interiors. Used for home, office, or public space furniture. Both sides of&#8230;<\/p>\n","protected":false},"featured_media":249090,"template":"","meta":{"_acf_changed":false},"product_brand":[6996],"product_cat":[6679,6667],"product_tag":[],"class_list":{"0":"post-252486","1":"product","2":"type-product","3":"status-publish","4":"has-post-thumbnail","6":"product_brand-kronospan-en","7":"product_cat-natural-metal-coated-board","8":"product_cat-panels","10":"first","11":"instock","12":"product-type-variable"},"acf":[],"yoast_head":"<!-- This site is optimized with the Yoast SEO plugin v26.5 - https:\/\/yoast.com\/wordpress\/plugins\/seo\/ -->\n<title>MDF panel Brushed Inox, AL03\/AL03 - Trukm\u0117<\/title>\n<meta name=\"robots\" content=\"index, follow, max-snippet:-1, max-image-preview:large, max-video-preview:-1\" \/>\n<link rel=\"canonical\" href=\"https:\/\/trukme.lv\/en\/products\/panels\/natural-metal-coated-board\/mdf-platne-brushed-inox-al03-al03\/\" \/>\n<meta property=\"og:locale\" content=\"en_GB\" \/>\n<meta property=\"og:type\" content=\"article\" \/>\n<meta property=\"og:title\" content=\"MDF panel Brushed Inox, AL03\/AL03 - Trukm\u0117\" \/>\n<meta property=\"og:description\" content=\"The metalized panel is a strong, durable, and versatile material made from medium-density fiberboard (MDF) covered with a real aluminum sheet with a wear-resistant coating. It is ideally suited for vertical furniture elements, fronts, to add luxury, subtle gloss, or highlight details in interiors. Used for home, office, or public space furniture. Both sides of...\" \/>\n<meta property=\"og:url\" content=\"https:\/\/trukme.lv\/en\/products\/panels\/natural-metal-coated-board\/mdf-platne-brushed-inox-al03-al03\/\" \/>\n<meta property=\"og:site_name\" content=\"Trukm\u0117\" \/>\n<meta property=\"article:modified_time\" content=\"2025-10-02T09:28:06+00:00\" \/>\n<meta property=\"og:image\" content=\"https:\/\/i0.wp.com\/trukme.lv\/wp-content\/uploads\/2025\/09\/818AL0300102S.webp?fit=1200%2C1800&ssl=1\" \/>\n\t<meta property=\"og:image:width\" content=\"1200\" \/>\n\t<meta property=\"og:image:height\" content=\"1800\" \/>\n\t<meta property=\"og:image:type\" content=\"image\/webp\" \/>\n<meta name=\"twitter:card\" content=\"summary_large_image\" \/>\n<script type=\"application\/ld+json\" class=\"yoast-schema-graph\">{\"@context\":\"https:\/\/schema.org\",\"@graph\":[{\"@type\":\"WebPage\",\"@id\":\"https:\/\/trukme.lv\/en\/products\/panels\/natural-metal-coated-board\/mdf-platne-brushed-inox-al03-al03\/\",\"url\":\"https:\/\/trukme.lv\/en\/products\/panels\/natural-metal-coated-board\/mdf-platne-brushed-inox-al03-al03\/\",\"name\":\"MDF panel Brushed Inox, AL03\/AL03 - Trukm\u0117\",\"isPartOf\":{\"@id\":\"https:\/\/trukme.lv\/en\/#website\"},\"primaryImageOfPage\":{\"@id\":\"https:\/\/trukme.lv\/en\/products\/panels\/natural-metal-coated-board\/mdf-platne-brushed-inox-al03-al03\/#primaryimage\"},\"image\":{\"@id\":\"https:\/\/trukme.lv\/en\/products\/panels\/natural-metal-coated-board\/mdf-platne-brushed-inox-al03-al03\/#primaryimage\"},\"thumbnailUrl\":\"https:\/\/i0.wp.com\/trukme.lv\/wp-content\/uploads\/2025\/09\/818AL0300102S.webp?fit=1200%2C1800&ssl=1\",\"datePublished\":\"2025-09-30T16:52:20+00:00\",\"dateModified\":\"2025-10-02T09:28:06+00:00\",\"breadcrumb\":{\"@id\":\"https:\/\/trukme.lv\/en\/products\/panels\/natural-metal-coated-board\/mdf-platne-brushed-inox-al03-al03\/#breadcrumb\"},\"inLanguage\":\"en-GB\",\"potentialAction\":[{\"@type\":\"ReadAction\",\"target\":[\"https:\/\/trukme.lv\/en\/products\/panels\/natural-metal-coated-board\/mdf-platne-brushed-inox-al03-al03\/\"]}]},{\"@type\":\"ImageObject\",\"inLanguage\":\"en-GB\",\"@id\":\"https:\/\/trukme.lv\/en\/products\/panels\/natural-metal-coated-board\/mdf-platne-brushed-inox-al03-al03\/#primaryimage\",\"url\":\"https:\/\/i0.wp.com\/trukme.lv\/wp-content\/uploads\/2025\/09\/818AL0300102S.webp?fit=1200%2C1800&ssl=1\",\"contentUrl\":\"https:\/\/i0.wp.com\/trukme.lv\/wp-content\/uploads\/2025\/09\/818AL0300102S.webp?fit=1200%2C1800&ssl=1\",\"width\":1200,\"height\":1800},{\"@type\":\"BreadcrumbList\",\"@id\":\"https:\/\/trukme.lv\/en\/products\/panels\/natural-metal-coated-board\/mdf-platne-brushed-inox-al03-al03\/#breadcrumb\",\"itemListElement\":[{\"@type\":\"ListItem\",\"position\":1,\"name\":\"Home\",\"item\":\"https:\/\/trukme.lv\/en\/home\/\"},{\"@type\":\"ListItem\",\"position\":2,\"name\":\"Products\",\"item\":\"https:\/\/trukme.lv\/en\/products\/\"},{\"@type\":\"ListItem\",\"position\":3,\"name\":\"MDF panel Brushed Inox, AL03\/AL03\"}]},{\"@type\":\"WebSite\",\"@id\":\"https:\/\/trukme.lv\/en\/#website\",\"url\":\"https:\/\/trukme.lv\/en\/\",\"name\":\"Trukm\u0117\",\"description\":\"M\u0113be\u013cu pane\u013ci, galda virsmas, m\u0113be\u013cu furnit\u016bra. Virtuves m\u0113be\u013cu, skapju, vannas istabas m\u0113be\u013cu u.c. sortiments. Paz\u012bstami un uzticami ra\u017eot\u0101ji.\",\"potentialAction\":[{\"@type\":\"SearchAction\",\"target\":{\"@type\":\"EntryPoint\",\"urlTemplate\":\"https:\/\/trukme.lv\/en\/?s={search_term_string}\"},\"query-input\":{\"@type\":\"PropertyValueSpecification\",\"valueRequired\":true,\"valueName\":\"search_term_string\"}}],\"inLanguage\":\"en-GB\"}]}<\/script>\n<!-- \/ Yoast SEO plugin. -->","yoast_head_json":{"title":"MDF panel Brushed Inox, AL03\/AL03 - Trukm\u0117","robots":{"index":"index","follow":"follow","max-snippet":"max-snippet:-1","max-image-preview":"max-image-preview:large","max-video-preview":"max-video-preview:-1"},"canonical":"https:\/\/trukme.lv\/en\/products\/panels\/natural-metal-coated-board\/mdf-platne-brushed-inox-al03-al03\/","og_locale":"en_GB","og_type":"article","og_title":"MDF panel Brushed Inox, AL03\/AL03 - Trukm\u0117","og_description":"The metalized panel is a strong, durable, and versatile material made from medium-density fiberboard (MDF) covered with a real aluminum sheet with a wear-resistant coating. It is ideally suited for vertical furniture elements, fronts, to add luxury, subtle gloss, or highlight details in interiors. Used for home, office, or public space furniture. Both sides of...","og_url":"https:\/\/trukme.lv\/en\/products\/panels\/natural-metal-coated-board\/mdf-platne-brushed-inox-al03-al03\/","og_site_name":"Trukm\u0117","article_modified_time":"2025-10-02T09:28:06+00:00","og_image":[{"width":1200,"height":1800,"url":"https:\/\/i0.wp.com\/trukme.lv\/wp-content\/uploads\/2025\/09\/818AL0300102S.webp?fit=1200%2C1800&ssl=1","type":"image\/webp"}],"twitter_card":"summary_large_image","schema":{"@context":"https:\/\/schema.org","@graph":[{"@type":"WebPage","@id":"https:\/\/trukme.lv\/en\/products\/panels\/natural-metal-coated-board\/mdf-platne-brushed-inox-al03-al03\/","url":"https:\/\/trukme.lv\/en\/products\/panels\/natural-metal-coated-board\/mdf-platne-brushed-inox-al03-al03\/","name":"MDF panel Brushed Inox, AL03\/AL03 - Trukm\u0117","isPartOf":{"@id":"https:\/\/trukme.lv\/en\/#website"},"primaryImageOfPage":{"@id":"https:\/\/trukme.lv\/en\/products\/panels\/natural-metal-coated-board\/mdf-platne-brushed-inox-al03-al03\/#primaryimage"},"image":{"@id":"https:\/\/trukme.lv\/en\/products\/panels\/natural-metal-coated-board\/mdf-platne-brushed-inox-al03-al03\/#primaryimage"},"thumbnailUrl":"https:\/\/i0.wp.com\/trukme.lv\/wp-content\/uploads\/2025\/09\/818AL0300102S.webp?fit=1200%2C1800&ssl=1","datePublished":"2025-09-30T16:52:20+00:00","dateModified":"2025-10-02T09:28:06+00:00","breadcrumb":{"@id":"https:\/\/trukme.lv\/en\/products\/panels\/natural-metal-coated-board\/mdf-platne-brushed-inox-al03-al03\/#breadcrumb"},"inLanguage":"en-GB","potentialAction":[{"@type":"ReadAction","target":["https:\/\/trukme.lv\/en\/products\/panels\/natural-metal-coated-board\/mdf-platne-brushed-inox-al03-al03\/"]}]},{"@type":"ImageObject","inLanguage":"en-GB","@id":"https:\/\/trukme.lv\/en\/products\/panels\/natural-metal-coated-board\/mdf-platne-brushed-inox-al03-al03\/#primaryimage","url":"https:\/\/i0.wp.com\/trukme.lv\/wp-content\/uploads\/2025\/09\/818AL0300102S.webp?fit=1200%2C1800&ssl=1","contentUrl":"https:\/\/i0.wp.com\/trukme.lv\/wp-content\/uploads\/2025\/09\/818AL0300102S.webp?fit=1200%2C1800&ssl=1","width":1200,"height":1800},{"@type":"BreadcrumbList","@id":"https:\/\/trukme.lv\/en\/products\/panels\/natural-metal-coated-board\/mdf-platne-brushed-inox-al03-al03\/#breadcrumb","itemListElement":[{"@type":"ListItem","position":1,"name":"Home","item":"https:\/\/trukme.lv\/en\/home\/"},{"@type":"ListItem","position":2,"name":"Products","item":"https:\/\/trukme.lv\/en\/products\/"},{"@type":"ListItem","position":3,"name":"MDF panel Brushed Inox, AL03\/AL03"}]},{"@type":"WebSite","@id":"https:\/\/trukme.lv\/en\/#website","url":"https:\/\/trukme.lv\/en\/","name":"Trukm\u0117","description":"M\u0113be\u013cu pane\u013ci, galda virsmas, m\u0113be\u013cu furnit\u016bra. Virtuves m\u0113be\u013cu, skapju, vannas istabas m\u0113be\u013cu u.c. sortiments. Paz\u012bstami un uzticami ra\u017eot\u0101ji.","potentialAction":[{"@type":"SearchAction","target":{"@type":"EntryPoint","urlTemplate":"https:\/\/trukme.lv\/en\/?s={search_term_string}"},"query-input":{"@type":"PropertyValueSpecification","valueRequired":true,"valueName":"search_term_string"}}],"inLanguage":"en-GB"}]}},"jetpack_sharing_enabled":true,"_links":{"self":[{"href":"https:\/\/trukme.lv\/en\/wp-json\/wp\/v2\/product\/252486","targetHints":{"allow":["GET"]}}],"collection":[{"href":"https:\/\/trukme.lv\/en\/wp-json\/wp\/v2\/product"}],"about":[{"href":"https:\/\/trukme.lv\/en\/wp-json\/wp\/v2\/types\/product"}],"wp:featuredmedia":[{"embeddable":true,"href":"https:\/\/trukme.lv\/en\/wp-json\/wp\/v2\/media\/249090"}],"wp:attachment":[{"href":"https:\/\/trukme.lv\/en\/wp-json\/wp\/v2\/media?parent=252486"}],"wp:term":[{"taxonomy":"product_brand","embeddable":true,"href":"https:\/\/trukme.lv\/en\/wp-json\/wp\/v2\/product_brand?post=252486"},{"taxonomy":"product_cat","embeddable":true,"href":"https:\/\/trukme.lv\/en\/wp-json\/wp\/v2\/product_cat?post=252486"},{"taxonomy":"product_tag","embeddable":true,"href":"https:\/\/trukme.lv\/en\/wp-json\/wp\/v2\/product_tag?post=252486"}],"curies":[{"name":"wp","href":"https:\/\/api.w.org\/{rel}","templated":true}]}}