{"id":252530,"date":"2025-09-30T19:51:03","date_gmt":"2025-09-30T16:51:03","guid":{"rendered":"https:\/\/trukme.lv\/produkti\/uncategorized\/polylac-matt-18mm-9527-light-grey\/"},"modified":"2025-10-02T12:28:14","modified_gmt":"2025-10-02T09:28:14","slug":"polylac-matt-18mm-9527-light-grey","status":"publish","type":"product","link":"https:\/\/trukme.lv\/en\/products\/panels\/matte-panel\/polylac-matt-18mm-9527-light-grey\/","title":{"rendered":"POLYLAC MATT 18mm 9527 Light Grey"},"content":{"rendered":"<p>Gizir Polylac technology guarantees a high level of matte finish while maintaining exceptional resistance to scratches, stains, heat, and chemicals. One side is matte, the other coated with melamine of the same color. This decorative panel is particularly durable and has lower wear levels.<\/p>\n","protected":false},"excerpt":{"rendered":"<p>Gizir Polylac technology guarantees a high level of matte finish while maintaining exceptional resistance to scratches, stains, heat, and chemicals. One side is matte, the other coated with melamine of the same color. This decorative panel is particularly durable and has lower wear levels.<\/p>\n","protected":false},"featured_media":248957,"template":"","meta":{"_acf_changed":false},"product_brand":[6954],"product_cat":[6675,6667],"product_tag":[],"class_list":{"0":"post-252530","1":"product","2":"type-product","3":"status-publish","4":"has-post-thumbnail","6":"product_brand-gizir-en","7":"product_cat-matte-panel","8":"product_cat-panels","10":"first","11":"outofstock","12":"purchasable","13":"product-type-variable"},"acf":[],"yoast_head":"<!-- This site is optimized with the Yoast SEO plugin v26.5 - https:\/\/yoast.com\/wordpress\/plugins\/seo\/ -->\n<title>POLYLAC MATT 18mm 9527 Light Grey - Trukm\u0117<\/title>\n<meta name=\"robots\" content=\"index, follow, max-snippet:-1, max-image-preview:large, max-video-preview:-1\" \/>\n<link rel=\"canonical\" href=\"https:\/\/trukme.lv\/en\/products\/panels\/matte-panel\/polylac-matt-18mm-9527-light-grey\/\" \/>\n<meta property=\"og:locale\" content=\"en_GB\" \/>\n<meta property=\"og:type\" content=\"article\" \/>\n<meta property=\"og:title\" content=\"POLYLAC MATT 18mm 9527 Light Grey - Trukm\u0117\" \/>\n<meta property=\"og:description\" content=\"Gizir Polylac technology guarantees a high level of matte finish while maintaining exceptional resistance to scratches, stains, heat, and chemicals. One side is matte, the other coated with melamine of the same color. This decorative panel is particularly durable and has lower wear levels.\" \/>\n<meta property=\"og:url\" content=\"https:\/\/trukme.lv\/en\/products\/panels\/matte-panel\/polylac-matt-18mm-9527-light-grey\/\" \/>\n<meta property=\"og:site_name\" content=\"Trukm\u0117\" \/>\n<meta property=\"article:modified_time\" content=\"2025-10-02T09:28:14+00:00\" \/>\n<meta property=\"og:image\" content=\"https:\/\/i0.wp.com\/trukme.lv\/wp-content\/uploads\/2025\/09\/8189527MATPOL101S.webp?fit=160%2C110&ssl=1\" \/>\n\t<meta property=\"og:image:width\" content=\"160\" \/>\n\t<meta property=\"og:image:height\" content=\"110\" \/>\n\t<meta property=\"og:image:type\" content=\"image\/webp\" \/>\n<meta name=\"twitter:card\" content=\"summary_large_image\" \/>\n<script type=\"application\/ld+json\" class=\"yoast-schema-graph\">{\"@context\":\"https:\/\/schema.org\",\"@graph\":[{\"@type\":\"WebPage\",\"@id\":\"https:\/\/trukme.lv\/en\/products\/panels\/matte-panel\/polylac-matt-18mm-9527-light-grey\/\",\"url\":\"https:\/\/trukme.lv\/en\/products\/panels\/matte-panel\/polylac-matt-18mm-9527-light-grey\/\",\"name\":\"POLYLAC MATT 18mm 9527 Light Grey - Trukm\u0117\",\"isPartOf\":{\"@id\":\"https:\/\/trukme.lv\/en\/#website\"},\"primaryImageOfPage\":{\"@id\":\"https:\/\/trukme.lv\/en\/products\/panels\/matte-panel\/polylac-matt-18mm-9527-light-grey\/#primaryimage\"},\"image\":{\"@id\":\"https:\/\/trukme.lv\/en\/products\/panels\/matte-panel\/polylac-matt-18mm-9527-light-grey\/#primaryimage\"},\"thumbnailUrl\":\"https:\/\/i0.wp.com\/trukme.lv\/wp-content\/uploads\/2025\/09\/8189527MATPOL101S.webp?fit=160%2C110&ssl=1\",\"datePublished\":\"2025-09-30T16:51:03+00:00\",\"dateModified\":\"2025-10-02T09:28:14+00:00\",\"breadcrumb\":{\"@id\":\"https:\/\/trukme.lv\/en\/products\/panels\/matte-panel\/polylac-matt-18mm-9527-light-grey\/#breadcrumb\"},\"inLanguage\":\"en-GB\",\"potentialAction\":[{\"@type\":\"ReadAction\",\"target\":[\"https:\/\/trukme.lv\/en\/products\/panels\/matte-panel\/polylac-matt-18mm-9527-light-grey\/\"]}]},{\"@type\":\"ImageObject\",\"inLanguage\":\"en-GB\",\"@id\":\"https:\/\/trukme.lv\/en\/products\/panels\/matte-panel\/polylac-matt-18mm-9527-light-grey\/#primaryimage\",\"url\":\"https:\/\/i0.wp.com\/trukme.lv\/wp-content\/uploads\/2025\/09\/8189527MATPOL101S.webp?fit=160%2C110&ssl=1\",\"contentUrl\":\"https:\/\/i0.wp.com\/trukme.lv\/wp-content\/uploads\/2025\/09\/8189527MATPOL101S.webp?fit=160%2C110&ssl=1\",\"width\":160,\"height\":110},{\"@type\":\"BreadcrumbList\",\"@id\":\"https:\/\/trukme.lv\/en\/products\/panels\/matte-panel\/polylac-matt-18mm-9527-light-grey\/#breadcrumb\",\"itemListElement\":[{\"@type\":\"ListItem\",\"position\":1,\"name\":\"Home\",\"item\":\"https:\/\/trukme.lv\/en\/home\/\"},{\"@type\":\"ListItem\",\"position\":2,\"name\":\"Products\",\"item\":\"https:\/\/trukme.lv\/en\/products\/\"},{\"@type\":\"ListItem\",\"position\":3,\"name\":\"POLYLAC MATT 18mm 9527 Light Grey\"}]},{\"@type\":\"WebSite\",\"@id\":\"https:\/\/trukme.lv\/en\/#website\",\"url\":\"https:\/\/trukme.lv\/en\/\",\"name\":\"Trukm\u0117\",\"description\":\"M\u0113be\u013cu pane\u013ci, galda virsmas, m\u0113be\u013cu furnit\u016bra. Virtuves m\u0113be\u013cu, skapju, vannas istabas m\u0113be\u013cu u.c. sortiments. Paz\u012bstami un uzticami ra\u017eot\u0101ji.\",\"potentialAction\":[{\"@type\":\"SearchAction\",\"target\":{\"@type\":\"EntryPoint\",\"urlTemplate\":\"https:\/\/trukme.lv\/en\/?s={search_term_string}\"},\"query-input\":{\"@type\":\"PropertyValueSpecification\",\"valueRequired\":true,\"valueName\":\"search_term_string\"}}],\"inLanguage\":\"en-GB\"}]}<\/script>\n<!-- \/ Yoast SEO plugin. -->","yoast_head_json":{"title":"POLYLAC MATT 18mm 9527 Light Grey - Trukm\u0117","robots":{"index":"index","follow":"follow","max-snippet":"max-snippet:-1","max-image-preview":"max-image-preview:large","max-video-preview":"max-video-preview:-1"},"canonical":"https:\/\/trukme.lv\/en\/products\/panels\/matte-panel\/polylac-matt-18mm-9527-light-grey\/","og_locale":"en_GB","og_type":"article","og_title":"POLYLAC MATT 18mm 9527 Light Grey - Trukm\u0117","og_description":"Gizir Polylac technology guarantees a high level of matte finish while maintaining exceptional resistance to scratches, stains, heat, and chemicals. One side is matte, the other coated with melamine of the same color. This decorative panel is particularly durable and has lower wear levels.","og_url":"https:\/\/trukme.lv\/en\/products\/panels\/matte-panel\/polylac-matt-18mm-9527-light-grey\/","og_site_name":"Trukm\u0117","article_modified_time":"2025-10-02T09:28:14+00:00","og_image":[{"width":160,"height":110,"url":"https:\/\/i0.wp.com\/trukme.lv\/wp-content\/uploads\/2025\/09\/8189527MATPOL101S.webp?fit=160%2C110&ssl=1","type":"image\/webp"}],"twitter_card":"summary_large_image","schema":{"@context":"https:\/\/schema.org","@graph":[{"@type":"WebPage","@id":"https:\/\/trukme.lv\/en\/products\/panels\/matte-panel\/polylac-matt-18mm-9527-light-grey\/","url":"https:\/\/trukme.lv\/en\/products\/panels\/matte-panel\/polylac-matt-18mm-9527-light-grey\/","name":"POLYLAC MATT 18mm 9527 Light Grey - Trukm\u0117","isPartOf":{"@id":"https:\/\/trukme.lv\/en\/#website"},"primaryImageOfPage":{"@id":"https:\/\/trukme.lv\/en\/products\/panels\/matte-panel\/polylac-matt-18mm-9527-light-grey\/#primaryimage"},"image":{"@id":"https:\/\/trukme.lv\/en\/products\/panels\/matte-panel\/polylac-matt-18mm-9527-light-grey\/#primaryimage"},"thumbnailUrl":"https:\/\/i0.wp.com\/trukme.lv\/wp-content\/uploads\/2025\/09\/8189527MATPOL101S.webp?fit=160%2C110&ssl=1","datePublished":"2025-09-30T16:51:03+00:00","dateModified":"2025-10-02T09:28:14+00:00","breadcrumb":{"@id":"https:\/\/trukme.lv\/en\/products\/panels\/matte-panel\/polylac-matt-18mm-9527-light-grey\/#breadcrumb"},"inLanguage":"en-GB","potentialAction":[{"@type":"ReadAction","target":["https:\/\/trukme.lv\/en\/products\/panels\/matte-panel\/polylac-matt-18mm-9527-light-grey\/"]}]},{"@type":"ImageObject","inLanguage":"en-GB","@id":"https:\/\/trukme.lv\/en\/products\/panels\/matte-panel\/polylac-matt-18mm-9527-light-grey\/#primaryimage","url":"https:\/\/i0.wp.com\/trukme.lv\/wp-content\/uploads\/2025\/09\/8189527MATPOL101S.webp?fit=160%2C110&ssl=1","contentUrl":"https:\/\/i0.wp.com\/trukme.lv\/wp-content\/uploads\/2025\/09\/8189527MATPOL101S.webp?fit=160%2C110&ssl=1","width":160,"height":110},{"@type":"BreadcrumbList","@id":"https:\/\/trukme.lv\/en\/products\/panels\/matte-panel\/polylac-matt-18mm-9527-light-grey\/#breadcrumb","itemListElement":[{"@type":"ListItem","position":1,"name":"Home","item":"https:\/\/trukme.lv\/en\/home\/"},{"@type":"ListItem","position":2,"name":"Products","item":"https:\/\/trukme.lv\/en\/products\/"},{"@type":"ListItem","position":3,"name":"POLYLAC MATT 18mm 9527 Light Grey"}]},{"@type":"WebSite","@id":"https:\/\/trukme.lv\/en\/#website","url":"https:\/\/trukme.lv\/en\/","name":"Trukm\u0117","description":"M\u0113be\u013cu pane\u013ci, galda virsmas, m\u0113be\u013cu furnit\u016bra. Virtuves m\u0113be\u013cu, skapju, vannas istabas m\u0113be\u013cu u.c. sortiments. Paz\u012bstami un uzticami ra\u017eot\u0101ji.","potentialAction":[{"@type":"SearchAction","target":{"@type":"EntryPoint","urlTemplate":"https:\/\/trukme.lv\/en\/?s={search_term_string}"},"query-input":{"@type":"PropertyValueSpecification","valueRequired":true,"valueName":"search_term_string"}}],"inLanguage":"en-GB"}]}},"jetpack_sharing_enabled":true,"_links":{"self":[{"href":"https:\/\/trukme.lv\/en\/wp-json\/wp\/v2\/product\/252530","targetHints":{"allow":["GET"]}}],"collection":[{"href":"https:\/\/trukme.lv\/en\/wp-json\/wp\/v2\/product"}],"about":[{"href":"https:\/\/trukme.lv\/en\/wp-json\/wp\/v2\/types\/product"}],"wp:featuredmedia":[{"embeddable":true,"href":"https:\/\/trukme.lv\/en\/wp-json\/wp\/v2\/media\/248957"}],"wp:attachment":[{"href":"https:\/\/trukme.lv\/en\/wp-json\/wp\/v2\/media?parent=252530"}],"wp:term":[{"taxonomy":"product_brand","embeddable":true,"href":"https:\/\/trukme.lv\/en\/wp-json\/wp\/v2\/product_brand?post=252530"},{"taxonomy":"product_cat","embeddable":true,"href":"https:\/\/trukme.lv\/en\/wp-json\/wp\/v2\/product_cat?post=252530"},{"taxonomy":"product_tag","embeddable":true,"href":"https:\/\/trukme.lv\/en\/wp-json\/wp\/v2\/product_tag?post=252530"}],"curies":[{"name":"wp","href":"https:\/\/api.w.org\/{rel}","templated":true}]}}