{"id":252535,"date":"2025-09-30T19:50:53","date_gmt":"2025-09-30T16:50:53","guid":{"rendered":"https:\/\/trukme.lv\/produkti\/uncategorized\/white-9511-polylac-18mm-gizir\/"},"modified":"2025-10-02T12:28:15","modified_gmt":"2025-10-02T09:28:15","slug":"white-9511-polylac-18mm-gizir","status":"publish","type":"product","link":"https:\/\/trukme.lv\/en\/products\/panels\/glossy-board\/white-9511-polylac-18mm-gizir\/","title":{"rendered":"White 9511 POLYLAC 18mm GIZIR"},"content":{"rendered":"<p>Gizir Polylac board stands out with the highest gloss level, maintaining exceptional resistance to scratches, stains, heat, and chemicals. One side is coated with Polylac technology, while the other is covered with a matte laminate of the same decor. This ecological, high-gloss multi-layer decorative board is especially durable with reduced wear. ATTENTION! Due to the specific coating layer that gives the board a deep color tone, it is recommended to follow the texture direction and visual pattern alignment principle.<\/p>\n","protected":false},"excerpt":{"rendered":"<p>Gizir Polylac board stands out with the highest gloss level, maintaining exceptional resistance to scratches, stains, heat, and chemicals. One side is coated with Polylac technology, while the other is covered with a matte laminate of the same decor. This ecological, high-gloss multi-layer decorative board is especially durable with reduced wear. ATTENTION! Due to the&#8230;<\/p>\n","protected":false},"featured_media":248942,"template":"","meta":{"_acf_changed":false},"product_brand":[6954],"product_cat":[6683,6667],"product_tag":[],"class_list":{"0":"post-252535","1":"product","2":"type-product","3":"status-publish","4":"has-post-thumbnail","6":"product_brand-gizir-en","7":"product_cat-glossy-board","8":"product_cat-panels","10":"first","11":"instock","12":"product-type-variable"},"acf":[],"yoast_head":"<!-- This site is optimized with the Yoast SEO plugin v26.5 - https:\/\/yoast.com\/wordpress\/plugins\/seo\/ -->\n<title>White 9511 POLYLAC 18mm GIZIR - Trukm\u0117<\/title>\n<meta name=\"robots\" content=\"index, follow, max-snippet:-1, max-image-preview:large, max-video-preview:-1\" \/>\n<link rel=\"canonical\" href=\"https:\/\/trukme.lv\/en\/products\/panels\/glossy-board\/white-9511-polylac-18mm-gizir\/\" \/>\n<meta property=\"og:locale\" content=\"en_GB\" \/>\n<meta property=\"og:type\" content=\"article\" \/>\n<meta property=\"og:title\" content=\"White 9511 POLYLAC 18mm GIZIR - Trukm\u0117\" \/>\n<meta property=\"og:description\" content=\"Gizir Polylac board stands out with the highest gloss level, maintaining exceptional resistance to scratches, stains, heat, and chemicals. One side is coated with Polylac technology, while the other is covered with a matte laminate of the same decor. This ecological, high-gloss multi-layer decorative board is especially durable with reduced wear. ATTENTION! Due to the...\" \/>\n<meta property=\"og:url\" content=\"https:\/\/trukme.lv\/en\/products\/panels\/glossy-board\/white-9511-polylac-18mm-gizir\/\" \/>\n<meta property=\"og:site_name\" content=\"Trukm\u0117\" \/>\n<meta property=\"article:modified_time\" content=\"2025-10-02T09:28:15+00:00\" \/>\n<meta property=\"og:image\" content=\"https:\/\/i0.wp.com\/trukme.lv\/wp-content\/uploads\/2025\/09\/8189511POL01S.webp?fit=724%2C543&ssl=1\" \/>\n\t<meta property=\"og:image:width\" content=\"724\" \/>\n\t<meta property=\"og:image:height\" content=\"543\" \/>\n\t<meta property=\"og:image:type\" content=\"image\/webp\" \/>\n<meta name=\"twitter:card\" content=\"summary_large_image\" \/>\n<script type=\"application\/ld+json\" class=\"yoast-schema-graph\">{\"@context\":\"https:\/\/schema.org\",\"@graph\":[{\"@type\":\"WebPage\",\"@id\":\"https:\/\/trukme.lv\/en\/products\/panels\/glossy-board\/white-9511-polylac-18mm-gizir\/\",\"url\":\"https:\/\/trukme.lv\/en\/products\/panels\/glossy-board\/white-9511-polylac-18mm-gizir\/\",\"name\":\"White 9511 POLYLAC 18mm GIZIR - Trukm\u0117\",\"isPartOf\":{\"@id\":\"https:\/\/trukme.lv\/en\/#website\"},\"primaryImageOfPage\":{\"@id\":\"https:\/\/trukme.lv\/en\/products\/panels\/glossy-board\/white-9511-polylac-18mm-gizir\/#primaryimage\"},\"image\":{\"@id\":\"https:\/\/trukme.lv\/en\/products\/panels\/glossy-board\/white-9511-polylac-18mm-gizir\/#primaryimage\"},\"thumbnailUrl\":\"https:\/\/i0.wp.com\/trukme.lv\/wp-content\/uploads\/2025\/09\/8189511POL01S.webp?fit=724%2C543&ssl=1\",\"datePublished\":\"2025-09-30T16:50:53+00:00\",\"dateModified\":\"2025-10-02T09:28:15+00:00\",\"breadcrumb\":{\"@id\":\"https:\/\/trukme.lv\/en\/products\/panels\/glossy-board\/white-9511-polylac-18mm-gizir\/#breadcrumb\"},\"inLanguage\":\"en-GB\",\"potentialAction\":[{\"@type\":\"ReadAction\",\"target\":[\"https:\/\/trukme.lv\/en\/products\/panels\/glossy-board\/white-9511-polylac-18mm-gizir\/\"]}]},{\"@type\":\"ImageObject\",\"inLanguage\":\"en-GB\",\"@id\":\"https:\/\/trukme.lv\/en\/products\/panels\/glossy-board\/white-9511-polylac-18mm-gizir\/#primaryimage\",\"url\":\"https:\/\/i0.wp.com\/trukme.lv\/wp-content\/uploads\/2025\/09\/8189511POL01S.webp?fit=724%2C543&ssl=1\",\"contentUrl\":\"https:\/\/i0.wp.com\/trukme.lv\/wp-content\/uploads\/2025\/09\/8189511POL01S.webp?fit=724%2C543&ssl=1\",\"width\":724,\"height\":543},{\"@type\":\"BreadcrumbList\",\"@id\":\"https:\/\/trukme.lv\/en\/products\/panels\/glossy-board\/white-9511-polylac-18mm-gizir\/#breadcrumb\",\"itemListElement\":[{\"@type\":\"ListItem\",\"position\":1,\"name\":\"Home\",\"item\":\"https:\/\/trukme.lv\/en\/home\/\"},{\"@type\":\"ListItem\",\"position\":2,\"name\":\"Products\",\"item\":\"https:\/\/trukme.lv\/en\/products\/\"},{\"@type\":\"ListItem\",\"position\":3,\"name\":\"White 9511 POLYLAC 18mm GIZIR\"}]},{\"@type\":\"WebSite\",\"@id\":\"https:\/\/trukme.lv\/en\/#website\",\"url\":\"https:\/\/trukme.lv\/en\/\",\"name\":\"Trukm\u0117\",\"description\":\"M\u0113be\u013cu pane\u013ci, galda virsmas, m\u0113be\u013cu furnit\u016bra. Virtuves m\u0113be\u013cu, skapju, vannas istabas m\u0113be\u013cu u.c. sortiments. Paz\u012bstami un uzticami ra\u017eot\u0101ji.\",\"potentialAction\":[{\"@type\":\"SearchAction\",\"target\":{\"@type\":\"EntryPoint\",\"urlTemplate\":\"https:\/\/trukme.lv\/en\/?s={search_term_string}\"},\"query-input\":{\"@type\":\"PropertyValueSpecification\",\"valueRequired\":true,\"valueName\":\"search_term_string\"}}],\"inLanguage\":\"en-GB\"}]}<\/script>\n<!-- \/ Yoast SEO plugin. -->","yoast_head_json":{"title":"White 9511 POLYLAC 18mm GIZIR - Trukm\u0117","robots":{"index":"index","follow":"follow","max-snippet":"max-snippet:-1","max-image-preview":"max-image-preview:large","max-video-preview":"max-video-preview:-1"},"canonical":"https:\/\/trukme.lv\/en\/products\/panels\/glossy-board\/white-9511-polylac-18mm-gizir\/","og_locale":"en_GB","og_type":"article","og_title":"White 9511 POLYLAC 18mm GIZIR - Trukm\u0117","og_description":"Gizir Polylac board stands out with the highest gloss level, maintaining exceptional resistance to scratches, stains, heat, and chemicals. One side is coated with Polylac technology, while the other is covered with a matte laminate of the same decor. This ecological, high-gloss multi-layer decorative board is especially durable with reduced wear. ATTENTION! Due to the...","og_url":"https:\/\/trukme.lv\/en\/products\/panels\/glossy-board\/white-9511-polylac-18mm-gizir\/","og_site_name":"Trukm\u0117","article_modified_time":"2025-10-02T09:28:15+00:00","og_image":[{"width":724,"height":543,"url":"https:\/\/i0.wp.com\/trukme.lv\/wp-content\/uploads\/2025\/09\/8189511POL01S.webp?fit=724%2C543&ssl=1","type":"image\/webp"}],"twitter_card":"summary_large_image","schema":{"@context":"https:\/\/schema.org","@graph":[{"@type":"WebPage","@id":"https:\/\/trukme.lv\/en\/products\/panels\/glossy-board\/white-9511-polylac-18mm-gizir\/","url":"https:\/\/trukme.lv\/en\/products\/panels\/glossy-board\/white-9511-polylac-18mm-gizir\/","name":"White 9511 POLYLAC 18mm GIZIR - Trukm\u0117","isPartOf":{"@id":"https:\/\/trukme.lv\/en\/#website"},"primaryImageOfPage":{"@id":"https:\/\/trukme.lv\/en\/products\/panels\/glossy-board\/white-9511-polylac-18mm-gizir\/#primaryimage"},"image":{"@id":"https:\/\/trukme.lv\/en\/products\/panels\/glossy-board\/white-9511-polylac-18mm-gizir\/#primaryimage"},"thumbnailUrl":"https:\/\/i0.wp.com\/trukme.lv\/wp-content\/uploads\/2025\/09\/8189511POL01S.webp?fit=724%2C543&ssl=1","datePublished":"2025-09-30T16:50:53+00:00","dateModified":"2025-10-02T09:28:15+00:00","breadcrumb":{"@id":"https:\/\/trukme.lv\/en\/products\/panels\/glossy-board\/white-9511-polylac-18mm-gizir\/#breadcrumb"},"inLanguage":"en-GB","potentialAction":[{"@type":"ReadAction","target":["https:\/\/trukme.lv\/en\/products\/panels\/glossy-board\/white-9511-polylac-18mm-gizir\/"]}]},{"@type":"ImageObject","inLanguage":"en-GB","@id":"https:\/\/trukme.lv\/en\/products\/panels\/glossy-board\/white-9511-polylac-18mm-gizir\/#primaryimage","url":"https:\/\/i0.wp.com\/trukme.lv\/wp-content\/uploads\/2025\/09\/8189511POL01S.webp?fit=724%2C543&ssl=1","contentUrl":"https:\/\/i0.wp.com\/trukme.lv\/wp-content\/uploads\/2025\/09\/8189511POL01S.webp?fit=724%2C543&ssl=1","width":724,"height":543},{"@type":"BreadcrumbList","@id":"https:\/\/trukme.lv\/en\/products\/panels\/glossy-board\/white-9511-polylac-18mm-gizir\/#breadcrumb","itemListElement":[{"@type":"ListItem","position":1,"name":"Home","item":"https:\/\/trukme.lv\/en\/home\/"},{"@type":"ListItem","position":2,"name":"Products","item":"https:\/\/trukme.lv\/en\/products\/"},{"@type":"ListItem","position":3,"name":"White 9511 POLYLAC 18mm GIZIR"}]},{"@type":"WebSite","@id":"https:\/\/trukme.lv\/en\/#website","url":"https:\/\/trukme.lv\/en\/","name":"Trukm\u0117","description":"M\u0113be\u013cu pane\u013ci, galda virsmas, m\u0113be\u013cu furnit\u016bra. Virtuves m\u0113be\u013cu, skapju, vannas istabas m\u0113be\u013cu u.c. sortiments. Paz\u012bstami un uzticami ra\u017eot\u0101ji.","potentialAction":[{"@type":"SearchAction","target":{"@type":"EntryPoint","urlTemplate":"https:\/\/trukme.lv\/en\/?s={search_term_string}"},"query-input":{"@type":"PropertyValueSpecification","valueRequired":true,"valueName":"search_term_string"}}],"inLanguage":"en-GB"}]}},"jetpack_sharing_enabled":true,"_links":{"self":[{"href":"https:\/\/trukme.lv\/en\/wp-json\/wp\/v2\/product\/252535","targetHints":{"allow":["GET"]}}],"collection":[{"href":"https:\/\/trukme.lv\/en\/wp-json\/wp\/v2\/product"}],"about":[{"href":"https:\/\/trukme.lv\/en\/wp-json\/wp\/v2\/types\/product"}],"wp:featuredmedia":[{"embeddable":true,"href":"https:\/\/trukme.lv\/en\/wp-json\/wp\/v2\/media\/248942"}],"wp:attachment":[{"href":"https:\/\/trukme.lv\/en\/wp-json\/wp\/v2\/media?parent=252535"}],"wp:term":[{"taxonomy":"product_brand","embeddable":true,"href":"https:\/\/trukme.lv\/en\/wp-json\/wp\/v2\/product_brand?post=252535"},{"taxonomy":"product_cat","embeddable":true,"href":"https:\/\/trukme.lv\/en\/wp-json\/wp\/v2\/product_cat?post=252535"},{"taxonomy":"product_tag","embeddable":true,"href":"https:\/\/trukme.lv\/en\/wp-json\/wp\/v2\/product_tag?post=252535"}],"curies":[{"name":"wp","href":"https:\/\/api.w.org\/{rel}","templated":true}]}}