{"id":252560,"date":"2025-09-30T19:49:47","date_gmt":"2025-09-30T16:49:47","guid":{"rendered":"https:\/\/trukme.lv\/produkti\/uncategorized\/lksp-brilliant-white-8681gl-gl\/"},"modified":"2025-10-02T12:28:18","modified_gmt":"2025-10-02T09:28:18","slug":"lksp-brilliant-white-8681gl-gl","status":"publish","type":"product","link":"https:\/\/trukme.lv\/en\/products\/panels\/glossy-board\/lksp-brilliant-white-8681gl-gl\/","title":{"rendered":"LKSP Brilliant White, 8681GL\/GL"},"content":{"rendered":"<p>LMDP or laminated chipboard \u2013 it is the most commonly used furniture material with a laminated surface. Due to the properties of this surface, the board is resistant to moisture, elevated temperatures, and scratches, making it suitable for various interior spaces. The Color collection by Kronospan manufacturer features single-color decors \u2013 from calm white, milk, or ivory shades to particularly bold, bright red or purple colors. Combinable with glossy decors to highlight brilliance, with wood patterns \u2013 to accent contrasts and divide spaces. Both sides are glossy.<\/p>\n","protected":false},"excerpt":{"rendered":"<p>LMDP or laminated chipboard \u2013 it is the most commonly used furniture material with a laminated surface. Due to the properties of this surface, the board is resistant to moisture, elevated temperatures, and scratches, making it suitable for various interior spaces. The Color collection by Kronospan manufacturer features single-color decors \u2013 from calm white, milk,&#8230;<\/p>\n","protected":false},"featured_media":248878,"template":"","meta":{"_acf_changed":false},"product_brand":[],"product_cat":[6683,6667],"product_tag":[],"class_list":{"0":"post-252560","1":"product","2":"type-product","3":"status-publish","4":"has-post-thumbnail","6":"product_cat-glossy-board","7":"product_cat-panels","9":"first","10":"instock","11":"product-type-variable"},"acf":[],"yoast_head":"<!-- This site is optimized with the Yoast SEO plugin v26.5 - https:\/\/yoast.com\/wordpress\/plugins\/seo\/ -->\n<title>LKSP Brilliant White, 8681GL\/GL - Trukm\u0117<\/title>\n<meta name=\"robots\" content=\"index, follow, max-snippet:-1, max-image-preview:large, max-video-preview:-1\" \/>\n<link rel=\"canonical\" href=\"https:\/\/trukme.lv\/en\/products\/panels\/glossy-board\/lksp-brilliant-white-8681gl-gl\/\" \/>\n<meta property=\"og:locale\" content=\"en_GB\" \/>\n<meta property=\"og:type\" content=\"article\" \/>\n<meta property=\"og:title\" content=\"LKSP Brilliant White, 8681GL\/GL - Trukm\u0117\" \/>\n<meta property=\"og:description\" content=\"LMDP or laminated chipboard \u2013 it is the most commonly used furniture material with a laminated surface. Due to the properties of this surface, the board is resistant to moisture, elevated temperatures, and scratches, making it suitable for various interior spaces. The Color collection by Kronospan manufacturer features single-color decors \u2013 from calm white, milk,...\" \/>\n<meta property=\"og:url\" content=\"https:\/\/trukme.lv\/en\/products\/panels\/glossy-board\/lksp-brilliant-white-8681gl-gl\/\" \/>\n<meta property=\"og:site_name\" content=\"Trukm\u0117\" \/>\n<meta property=\"article:modified_time\" content=\"2025-10-02T09:28:18+00:00\" \/>\n<meta property=\"og:image\" content=\"https:\/\/i0.wp.com\/trukme.lv\/wp-content\/uploads\/2025\/09\/8188681SQ101S.webp?fit=768%2C576&ssl=1\" \/>\n\t<meta property=\"og:image:width\" content=\"768\" \/>\n\t<meta property=\"og:image:height\" content=\"576\" \/>\n\t<meta property=\"og:image:type\" content=\"image\/webp\" \/>\n<meta name=\"twitter:card\" content=\"summary_large_image\" \/>\n<script type=\"application\/ld+json\" class=\"yoast-schema-graph\">{\"@context\":\"https:\/\/schema.org\",\"@graph\":[{\"@type\":\"WebPage\",\"@id\":\"https:\/\/trukme.lv\/en\/products\/panels\/glossy-board\/lksp-brilliant-white-8681gl-gl\/\",\"url\":\"https:\/\/trukme.lv\/en\/products\/panels\/glossy-board\/lksp-brilliant-white-8681gl-gl\/\",\"name\":\"LKSP Brilliant White, 8681GL\/GL - Trukm\u0117\",\"isPartOf\":{\"@id\":\"https:\/\/trukme.lv\/en\/#website\"},\"primaryImageOfPage\":{\"@id\":\"https:\/\/trukme.lv\/en\/products\/panels\/glossy-board\/lksp-brilliant-white-8681gl-gl\/#primaryimage\"},\"image\":{\"@id\":\"https:\/\/trukme.lv\/en\/products\/panels\/glossy-board\/lksp-brilliant-white-8681gl-gl\/#primaryimage\"},\"thumbnailUrl\":\"https:\/\/i0.wp.com\/trukme.lv\/wp-content\/uploads\/2025\/09\/8188681SQ101S.webp?fit=768%2C576&ssl=1\",\"datePublished\":\"2025-09-30T16:49:47+00:00\",\"dateModified\":\"2025-10-02T09:28:18+00:00\",\"breadcrumb\":{\"@id\":\"https:\/\/trukme.lv\/en\/products\/panels\/glossy-board\/lksp-brilliant-white-8681gl-gl\/#breadcrumb\"},\"inLanguage\":\"en-GB\",\"potentialAction\":[{\"@type\":\"ReadAction\",\"target\":[\"https:\/\/trukme.lv\/en\/products\/panels\/glossy-board\/lksp-brilliant-white-8681gl-gl\/\"]}]},{\"@type\":\"ImageObject\",\"inLanguage\":\"en-GB\",\"@id\":\"https:\/\/trukme.lv\/en\/products\/panels\/glossy-board\/lksp-brilliant-white-8681gl-gl\/#primaryimage\",\"url\":\"https:\/\/i0.wp.com\/trukme.lv\/wp-content\/uploads\/2025\/09\/8188681SQ101S.webp?fit=768%2C576&ssl=1\",\"contentUrl\":\"https:\/\/i0.wp.com\/trukme.lv\/wp-content\/uploads\/2025\/09\/8188681SQ101S.webp?fit=768%2C576&ssl=1\",\"width\":768,\"height\":576},{\"@type\":\"BreadcrumbList\",\"@id\":\"https:\/\/trukme.lv\/en\/products\/panels\/glossy-board\/lksp-brilliant-white-8681gl-gl\/#breadcrumb\",\"itemListElement\":[{\"@type\":\"ListItem\",\"position\":1,\"name\":\"Home\",\"item\":\"https:\/\/trukme.lv\/en\/home\/\"},{\"@type\":\"ListItem\",\"position\":2,\"name\":\"Products\",\"item\":\"https:\/\/trukme.lv\/en\/products\/\"},{\"@type\":\"ListItem\",\"position\":3,\"name\":\"LKSP Brilliant White, 8681GL\/GL\"}]},{\"@type\":\"WebSite\",\"@id\":\"https:\/\/trukme.lv\/en\/#website\",\"url\":\"https:\/\/trukme.lv\/en\/\",\"name\":\"Trukm\u0117\",\"description\":\"M\u0113be\u013cu pane\u013ci, galda virsmas, m\u0113be\u013cu furnit\u016bra. Virtuves m\u0113be\u013cu, skapju, vannas istabas m\u0113be\u013cu u.c. sortiments. Paz\u012bstami un uzticami ra\u017eot\u0101ji.\",\"potentialAction\":[{\"@type\":\"SearchAction\",\"target\":{\"@type\":\"EntryPoint\",\"urlTemplate\":\"https:\/\/trukme.lv\/en\/?s={search_term_string}\"},\"query-input\":{\"@type\":\"PropertyValueSpecification\",\"valueRequired\":true,\"valueName\":\"search_term_string\"}}],\"inLanguage\":\"en-GB\"}]}<\/script>\n<!-- \/ Yoast SEO plugin. -->","yoast_head_json":{"title":"LKSP Brilliant White, 8681GL\/GL - Trukm\u0117","robots":{"index":"index","follow":"follow","max-snippet":"max-snippet:-1","max-image-preview":"max-image-preview:large","max-video-preview":"max-video-preview:-1"},"canonical":"https:\/\/trukme.lv\/en\/products\/panels\/glossy-board\/lksp-brilliant-white-8681gl-gl\/","og_locale":"en_GB","og_type":"article","og_title":"LKSP Brilliant White, 8681GL\/GL - Trukm\u0117","og_description":"LMDP or laminated chipboard \u2013 it is the most commonly used furniture material with a laminated surface. Due to the properties of this surface, the board is resistant to moisture, elevated temperatures, and scratches, making it suitable for various interior spaces. The Color collection by Kronospan manufacturer features single-color decors \u2013 from calm white, milk,...","og_url":"https:\/\/trukme.lv\/en\/products\/panels\/glossy-board\/lksp-brilliant-white-8681gl-gl\/","og_site_name":"Trukm\u0117","article_modified_time":"2025-10-02T09:28:18+00:00","og_image":[{"width":768,"height":576,"url":"https:\/\/i0.wp.com\/trukme.lv\/wp-content\/uploads\/2025\/09\/8188681SQ101S.webp?fit=768%2C576&ssl=1","type":"image\/webp"}],"twitter_card":"summary_large_image","schema":{"@context":"https:\/\/schema.org","@graph":[{"@type":"WebPage","@id":"https:\/\/trukme.lv\/en\/products\/panels\/glossy-board\/lksp-brilliant-white-8681gl-gl\/","url":"https:\/\/trukme.lv\/en\/products\/panels\/glossy-board\/lksp-brilliant-white-8681gl-gl\/","name":"LKSP Brilliant White, 8681GL\/GL - Trukm\u0117","isPartOf":{"@id":"https:\/\/trukme.lv\/en\/#website"},"primaryImageOfPage":{"@id":"https:\/\/trukme.lv\/en\/products\/panels\/glossy-board\/lksp-brilliant-white-8681gl-gl\/#primaryimage"},"image":{"@id":"https:\/\/trukme.lv\/en\/products\/panels\/glossy-board\/lksp-brilliant-white-8681gl-gl\/#primaryimage"},"thumbnailUrl":"https:\/\/i0.wp.com\/trukme.lv\/wp-content\/uploads\/2025\/09\/8188681SQ101S.webp?fit=768%2C576&ssl=1","datePublished":"2025-09-30T16:49:47+00:00","dateModified":"2025-10-02T09:28:18+00:00","breadcrumb":{"@id":"https:\/\/trukme.lv\/en\/products\/panels\/glossy-board\/lksp-brilliant-white-8681gl-gl\/#breadcrumb"},"inLanguage":"en-GB","potentialAction":[{"@type":"ReadAction","target":["https:\/\/trukme.lv\/en\/products\/panels\/glossy-board\/lksp-brilliant-white-8681gl-gl\/"]}]},{"@type":"ImageObject","inLanguage":"en-GB","@id":"https:\/\/trukme.lv\/en\/products\/panels\/glossy-board\/lksp-brilliant-white-8681gl-gl\/#primaryimage","url":"https:\/\/i0.wp.com\/trukme.lv\/wp-content\/uploads\/2025\/09\/8188681SQ101S.webp?fit=768%2C576&ssl=1","contentUrl":"https:\/\/i0.wp.com\/trukme.lv\/wp-content\/uploads\/2025\/09\/8188681SQ101S.webp?fit=768%2C576&ssl=1","width":768,"height":576},{"@type":"BreadcrumbList","@id":"https:\/\/trukme.lv\/en\/products\/panels\/glossy-board\/lksp-brilliant-white-8681gl-gl\/#breadcrumb","itemListElement":[{"@type":"ListItem","position":1,"name":"Home","item":"https:\/\/trukme.lv\/en\/home\/"},{"@type":"ListItem","position":2,"name":"Products","item":"https:\/\/trukme.lv\/en\/products\/"},{"@type":"ListItem","position":3,"name":"LKSP Brilliant White, 8681GL\/GL"}]},{"@type":"WebSite","@id":"https:\/\/trukme.lv\/en\/#website","url":"https:\/\/trukme.lv\/en\/","name":"Trukm\u0117","description":"M\u0113be\u013cu pane\u013ci, galda virsmas, m\u0113be\u013cu furnit\u016bra. Virtuves m\u0113be\u013cu, skapju, vannas istabas m\u0113be\u013cu u.c. sortiments. Paz\u012bstami un uzticami ra\u017eot\u0101ji.","potentialAction":[{"@type":"SearchAction","target":{"@type":"EntryPoint","urlTemplate":"https:\/\/trukme.lv\/en\/?s={search_term_string}"},"query-input":{"@type":"PropertyValueSpecification","valueRequired":true,"valueName":"search_term_string"}}],"inLanguage":"en-GB"}]}},"jetpack_sharing_enabled":true,"_links":{"self":[{"href":"https:\/\/trukme.lv\/en\/wp-json\/wp\/v2\/product\/252560","targetHints":{"allow":["GET"]}}],"collection":[{"href":"https:\/\/trukme.lv\/en\/wp-json\/wp\/v2\/product"}],"about":[{"href":"https:\/\/trukme.lv\/en\/wp-json\/wp\/v2\/types\/product"}],"wp:featuredmedia":[{"embeddable":true,"href":"https:\/\/trukme.lv\/en\/wp-json\/wp\/v2\/media\/248878"}],"wp:attachment":[{"href":"https:\/\/trukme.lv\/en\/wp-json\/wp\/v2\/media?parent=252560"}],"wp:term":[{"taxonomy":"product_brand","embeddable":true,"href":"https:\/\/trukme.lv\/en\/wp-json\/wp\/v2\/product_brand?post=252560"},{"taxonomy":"product_cat","embeddable":true,"href":"https:\/\/trukme.lv\/en\/wp-json\/wp\/v2\/product_cat?post=252560"},{"taxonomy":"product_tag","embeddable":true,"href":"https:\/\/trukme.lv\/en\/wp-json\/wp\/v2\/product_tag?post=252560"}],"curies":[{"name":"wp","href":"https:\/\/api.w.org\/{rel}","templated":true}]}}