{"id":252580,"date":"2025-09-30T19:49:03","date_gmt":"2025-09-30T16:49:03","guid":{"rendered":"https:\/\/trukme.lv\/produkti\/uncategorized\/acrylic-matt-satin-7045am-bs\/"},"modified":"2025-10-02T12:28:21","modified_gmt":"2025-10-02T09:28:21","slug":"acrylic-matt-satin-7045am-bs","status":"publish","type":"product","link":"https:\/\/trukme.lv\/en\/products\/panels\/matte-panel\/acrylic-matt-satin-7045am-bs\/","title":{"rendered":"Acrylic Matt Satin, 7045AM\/BS"},"content":{"rendered":"<p>Acrylic Matt \u2013 MDF board coated with matte acrylic. The base is a 17 mm MDF board, covered on the top with a 0.7 mm matte acrylic layer and on the back with a 0.6 mm impact-resistant polystyrene film, for additional durability. The board is highly resistant to impacts, abrasion, chemicals, and UV radiation. Fingerprints hardly remain on the Acrylic Matt surface, making it significantly less prone to dirt.<\/p>\n","protected":false},"excerpt":{"rendered":"<p>Acrylic Matt \u2013 MDF board coated with matte acrylic. The base is a 17 mm MDF board, covered on the top with a 0.7 mm matte acrylic layer and on the back with a 0.6 mm impact-resistant polystyrene film, for additional durability. The board is highly resistant to impacts, abrasion, chemicals, and UV radiation. Fingerprints&#8230;<\/p>\n","protected":false},"featured_media":248822,"template":"","meta":{"_acf_changed":false},"product_brand":[6996],"product_cat":[6675,6667],"product_tag":[],"class_list":{"0":"post-252580","1":"product","2":"type-product","3":"status-publish","4":"has-post-thumbnail","6":"product_brand-kronospan-en","7":"product_cat-matte-panel","8":"product_cat-panels","10":"first","11":"instock","12":"product-type-variable"},"acf":[],"yoast_head":"<!-- This site is optimized with the Yoast SEO plugin v26.5 - https:\/\/yoast.com\/wordpress\/plugins\/seo\/ -->\n<title>Acrylic Matt Satin, 7045AM\/BS - Trukm\u0117<\/title>\n<meta name=\"robots\" content=\"index, follow, max-snippet:-1, max-image-preview:large, max-video-preview:-1\" \/>\n<link rel=\"canonical\" href=\"https:\/\/trukme.lv\/en\/products\/panels\/matte-panel\/acrylic-matt-satin-7045am-bs\/\" \/>\n<meta property=\"og:locale\" content=\"en_GB\" \/>\n<meta property=\"og:type\" content=\"article\" \/>\n<meta property=\"og:title\" content=\"Acrylic Matt Satin, 7045AM\/BS - Trukm\u0117\" \/>\n<meta property=\"og:description\" content=\"Acrylic Matt \u2013 MDF board coated with matte acrylic. The base is a 17 mm MDF board, covered on the top with a 0.7 mm matte acrylic layer and on the back with a 0.6 mm impact-resistant polystyrene film, for additional durability. The board is highly resistant to impacts, abrasion, chemicals, and UV radiation. Fingerprints...\" \/>\n<meta property=\"og:url\" content=\"https:\/\/trukme.lv\/en\/products\/panels\/matte-panel\/acrylic-matt-satin-7045am-bs\/\" \/>\n<meta property=\"og:site_name\" content=\"Trukm\u0117\" \/>\n<meta property=\"article:modified_time\" content=\"2025-10-02T09:28:21+00:00\" \/>\n<meta property=\"og:image\" content=\"https:\/\/i0.wp.com\/trukme.lv\/wp-content\/uploads\/2025\/09\/8187045AM101S.webp?fit=1644%2C2048&ssl=1\" \/>\n\t<meta property=\"og:image:width\" content=\"1644\" \/>\n\t<meta property=\"og:image:height\" content=\"2048\" \/>\n\t<meta property=\"og:image:type\" content=\"image\/webp\" \/>\n<meta name=\"twitter:card\" content=\"summary_large_image\" \/>\n<script type=\"application\/ld+json\" class=\"yoast-schema-graph\">{\"@context\":\"https:\/\/schema.org\",\"@graph\":[{\"@type\":\"WebPage\",\"@id\":\"https:\/\/trukme.lv\/en\/products\/panels\/matte-panel\/acrylic-matt-satin-7045am-bs\/\",\"url\":\"https:\/\/trukme.lv\/en\/products\/panels\/matte-panel\/acrylic-matt-satin-7045am-bs\/\",\"name\":\"Acrylic Matt Satin, 7045AM\/BS - Trukm\u0117\",\"isPartOf\":{\"@id\":\"https:\/\/trukme.lv\/en\/#website\"},\"primaryImageOfPage\":{\"@id\":\"https:\/\/trukme.lv\/en\/products\/panels\/matte-panel\/acrylic-matt-satin-7045am-bs\/#primaryimage\"},\"image\":{\"@id\":\"https:\/\/trukme.lv\/en\/products\/panels\/matte-panel\/acrylic-matt-satin-7045am-bs\/#primaryimage\"},\"thumbnailUrl\":\"https:\/\/i0.wp.com\/trukme.lv\/wp-content\/uploads\/2025\/09\/8187045AM101S.webp?fit=1644%2C2048&ssl=1\",\"datePublished\":\"2025-09-30T16:49:03+00:00\",\"dateModified\":\"2025-10-02T09:28:21+00:00\",\"breadcrumb\":{\"@id\":\"https:\/\/trukme.lv\/en\/products\/panels\/matte-panel\/acrylic-matt-satin-7045am-bs\/#breadcrumb\"},\"inLanguage\":\"en-GB\",\"potentialAction\":[{\"@type\":\"ReadAction\",\"target\":[\"https:\/\/trukme.lv\/en\/products\/panels\/matte-panel\/acrylic-matt-satin-7045am-bs\/\"]}]},{\"@type\":\"ImageObject\",\"inLanguage\":\"en-GB\",\"@id\":\"https:\/\/trukme.lv\/en\/products\/panels\/matte-panel\/acrylic-matt-satin-7045am-bs\/#primaryimage\",\"url\":\"https:\/\/i0.wp.com\/trukme.lv\/wp-content\/uploads\/2025\/09\/8187045AM101S.webp?fit=1644%2C2048&ssl=1\",\"contentUrl\":\"https:\/\/i0.wp.com\/trukme.lv\/wp-content\/uploads\/2025\/09\/8187045AM101S.webp?fit=1644%2C2048&ssl=1\",\"width\":1644,\"height\":2048},{\"@type\":\"BreadcrumbList\",\"@id\":\"https:\/\/trukme.lv\/en\/products\/panels\/matte-panel\/acrylic-matt-satin-7045am-bs\/#breadcrumb\",\"itemListElement\":[{\"@type\":\"ListItem\",\"position\":1,\"name\":\"Home\",\"item\":\"https:\/\/trukme.lv\/en\/home\/\"},{\"@type\":\"ListItem\",\"position\":2,\"name\":\"Products\",\"item\":\"https:\/\/trukme.lv\/en\/products\/\"},{\"@type\":\"ListItem\",\"position\":3,\"name\":\"Acrylic Matt Satin, 7045AM\/BS\"}]},{\"@type\":\"WebSite\",\"@id\":\"https:\/\/trukme.lv\/en\/#website\",\"url\":\"https:\/\/trukme.lv\/en\/\",\"name\":\"Trukm\u0117\",\"description\":\"M\u0113be\u013cu pane\u013ci, galda virsmas, m\u0113be\u013cu furnit\u016bra. Virtuves m\u0113be\u013cu, skapju, vannas istabas m\u0113be\u013cu u.c. sortiments. Paz\u012bstami un uzticami ra\u017eot\u0101ji.\",\"potentialAction\":[{\"@type\":\"SearchAction\",\"target\":{\"@type\":\"EntryPoint\",\"urlTemplate\":\"https:\/\/trukme.lv\/en\/?s={search_term_string}\"},\"query-input\":{\"@type\":\"PropertyValueSpecification\",\"valueRequired\":true,\"valueName\":\"search_term_string\"}}],\"inLanguage\":\"en-GB\"}]}<\/script>\n<!-- \/ Yoast SEO plugin. -->","yoast_head_json":{"title":"Acrylic Matt Satin, 7045AM\/BS - Trukm\u0117","robots":{"index":"index","follow":"follow","max-snippet":"max-snippet:-1","max-image-preview":"max-image-preview:large","max-video-preview":"max-video-preview:-1"},"canonical":"https:\/\/trukme.lv\/en\/products\/panels\/matte-panel\/acrylic-matt-satin-7045am-bs\/","og_locale":"en_GB","og_type":"article","og_title":"Acrylic Matt Satin, 7045AM\/BS - Trukm\u0117","og_description":"Acrylic Matt \u2013 MDF board coated with matte acrylic. The base is a 17 mm MDF board, covered on the top with a 0.7 mm matte acrylic layer and on the back with a 0.6 mm impact-resistant polystyrene film, for additional durability. The board is highly resistant to impacts, abrasion, chemicals, and UV radiation. Fingerprints...","og_url":"https:\/\/trukme.lv\/en\/products\/panels\/matte-panel\/acrylic-matt-satin-7045am-bs\/","og_site_name":"Trukm\u0117","article_modified_time":"2025-10-02T09:28:21+00:00","og_image":[{"width":1644,"height":2048,"url":"https:\/\/i0.wp.com\/trukme.lv\/wp-content\/uploads\/2025\/09\/8187045AM101S.webp?fit=1644%2C2048&ssl=1","type":"image\/webp"}],"twitter_card":"summary_large_image","schema":{"@context":"https:\/\/schema.org","@graph":[{"@type":"WebPage","@id":"https:\/\/trukme.lv\/en\/products\/panels\/matte-panel\/acrylic-matt-satin-7045am-bs\/","url":"https:\/\/trukme.lv\/en\/products\/panels\/matte-panel\/acrylic-matt-satin-7045am-bs\/","name":"Acrylic Matt Satin, 7045AM\/BS - Trukm\u0117","isPartOf":{"@id":"https:\/\/trukme.lv\/en\/#website"},"primaryImageOfPage":{"@id":"https:\/\/trukme.lv\/en\/products\/panels\/matte-panel\/acrylic-matt-satin-7045am-bs\/#primaryimage"},"image":{"@id":"https:\/\/trukme.lv\/en\/products\/panels\/matte-panel\/acrylic-matt-satin-7045am-bs\/#primaryimage"},"thumbnailUrl":"https:\/\/i0.wp.com\/trukme.lv\/wp-content\/uploads\/2025\/09\/8187045AM101S.webp?fit=1644%2C2048&ssl=1","datePublished":"2025-09-30T16:49:03+00:00","dateModified":"2025-10-02T09:28:21+00:00","breadcrumb":{"@id":"https:\/\/trukme.lv\/en\/products\/panels\/matte-panel\/acrylic-matt-satin-7045am-bs\/#breadcrumb"},"inLanguage":"en-GB","potentialAction":[{"@type":"ReadAction","target":["https:\/\/trukme.lv\/en\/products\/panels\/matte-panel\/acrylic-matt-satin-7045am-bs\/"]}]},{"@type":"ImageObject","inLanguage":"en-GB","@id":"https:\/\/trukme.lv\/en\/products\/panels\/matte-panel\/acrylic-matt-satin-7045am-bs\/#primaryimage","url":"https:\/\/i0.wp.com\/trukme.lv\/wp-content\/uploads\/2025\/09\/8187045AM101S.webp?fit=1644%2C2048&ssl=1","contentUrl":"https:\/\/i0.wp.com\/trukme.lv\/wp-content\/uploads\/2025\/09\/8187045AM101S.webp?fit=1644%2C2048&ssl=1","width":1644,"height":2048},{"@type":"BreadcrumbList","@id":"https:\/\/trukme.lv\/en\/products\/panels\/matte-panel\/acrylic-matt-satin-7045am-bs\/#breadcrumb","itemListElement":[{"@type":"ListItem","position":1,"name":"Home","item":"https:\/\/trukme.lv\/en\/home\/"},{"@type":"ListItem","position":2,"name":"Products","item":"https:\/\/trukme.lv\/en\/products\/"},{"@type":"ListItem","position":3,"name":"Acrylic Matt Satin, 7045AM\/BS"}]},{"@type":"WebSite","@id":"https:\/\/trukme.lv\/en\/#website","url":"https:\/\/trukme.lv\/en\/","name":"Trukm\u0117","description":"M\u0113be\u013cu pane\u013ci, galda virsmas, m\u0113be\u013cu furnit\u016bra. Virtuves m\u0113be\u013cu, skapju, vannas istabas m\u0113be\u013cu u.c. sortiments. Paz\u012bstami un uzticami ra\u017eot\u0101ji.","potentialAction":[{"@type":"SearchAction","target":{"@type":"EntryPoint","urlTemplate":"https:\/\/trukme.lv\/en\/?s={search_term_string}"},"query-input":{"@type":"PropertyValueSpecification","valueRequired":true,"valueName":"search_term_string"}}],"inLanguage":"en-GB"}]}},"jetpack_sharing_enabled":true,"_links":{"self":[{"href":"https:\/\/trukme.lv\/en\/wp-json\/wp\/v2\/product\/252580","targetHints":{"allow":["GET"]}}],"collection":[{"href":"https:\/\/trukme.lv\/en\/wp-json\/wp\/v2\/product"}],"about":[{"href":"https:\/\/trukme.lv\/en\/wp-json\/wp\/v2\/types\/product"}],"wp:featuredmedia":[{"embeddable":true,"href":"https:\/\/trukme.lv\/en\/wp-json\/wp\/v2\/media\/248822"}],"wp:attachment":[{"href":"https:\/\/trukme.lv\/en\/wp-json\/wp\/v2\/media?parent=252580"}],"wp:term":[{"taxonomy":"product_brand","embeddable":true,"href":"https:\/\/trukme.lv\/en\/wp-json\/wp\/v2\/product_brand?post=252580"},{"taxonomy":"product_cat","embeddable":true,"href":"https:\/\/trukme.lv\/en\/wp-json\/wp\/v2\/product_cat?post=252580"},{"taxonomy":"product_tag","embeddable":true,"href":"https:\/\/trukme.lv\/en\/wp-json\/wp\/v2\/product_tag?post=252580"}],"curies":[{"name":"wp","href":"https:\/\/api.w.org\/{rel}","templated":true}]}}