{"id":252817,"date":"2025-09-30T19:29:24","date_gmt":"2025-09-30T16:29:24","guid":{"rendered":"https:\/\/trukme.lv\/produkti\/uncategorized\/abs-mala-pegaso-elegante-4994gd-skin\/"},"modified":"2025-10-02T12:29:06","modified_gmt":"2025-10-02T09:29:06","slug":"abs-mala-pegaso-elegante-4994gd-skin","status":"publish","type":"product","link":"https:\/\/trukme.lv\/en\/products\/edges\/abs-edges\/abs-mala-pegaso-elegante-4994gd-skin\/","title":{"rendered":"ABS edge Pegaso Elegante 4994GD SKIN"},"content":{"rendered":"","protected":false},"excerpt":{"rendered":"","protected":false},"featured_media":247624,"template":"","meta":{"_acf_changed":false},"product_brand":[6931],"product_cat":[6281,6279],"product_tag":[],"class_list":{"0":"post-252817","1":"product","2":"type-product","3":"status-publish","4":"has-post-thumbnail","6":"product_brand-emporio-skin-en","7":"product_cat-abs-edges","8":"product_cat-edges","10":"first","11":"instock","12":"product-type-variable"},"acf":[],"yoast_head":"<!-- This site is optimized with the Yoast SEO plugin v26.5 - https:\/\/yoast.com\/wordpress\/plugins\/seo\/ -->\n<title>ABS edge Pegaso Elegante 4994GD SKIN - Trukm\u0117<\/title>\n<meta name=\"robots\" content=\"index, follow, max-snippet:-1, max-image-preview:large, max-video-preview:-1\" \/>\n<link rel=\"canonical\" href=\"https:\/\/trukme.lv\/en\/products\/edges\/abs-edges\/abs-mala-pegaso-elegante-4994gd-skin\/\" \/>\n<meta property=\"og:locale\" content=\"en_GB\" \/>\n<meta property=\"og:type\" content=\"article\" \/>\n<meta property=\"og:title\" content=\"ABS edge Pegaso Elegante 4994GD SKIN - Trukm\u0117\" \/>\n<meta property=\"og:url\" content=\"https:\/\/trukme.lv\/en\/products\/edges\/abs-edges\/abs-mala-pegaso-elegante-4994gd-skin\/\" \/>\n<meta property=\"og:site_name\" content=\"Trukm\u0117\" \/>\n<meta property=\"article:modified_time\" content=\"2025-10-02T09:29:06+00:00\" \/>\n<meta property=\"og:image\" content=\"https:\/\/i0.wp.com\/trukme.lv\/wp-content\/uploads\/2025\/09\/649942210SKINS.webp?fit=900%2C600&ssl=1\" \/>\n\t<meta property=\"og:image:width\" content=\"900\" \/>\n\t<meta property=\"og:image:height\" content=\"600\" \/>\n\t<meta property=\"og:image:type\" content=\"image\/webp\" \/>\n<meta name=\"twitter:card\" content=\"summary_large_image\" \/>\n<script type=\"application\/ld+json\" class=\"yoast-schema-graph\">{\"@context\":\"https:\/\/schema.org\",\"@graph\":[{\"@type\":\"WebPage\",\"@id\":\"https:\/\/trukme.lv\/en\/products\/edges\/abs-edges\/abs-mala-pegaso-elegante-4994gd-skin\/\",\"url\":\"https:\/\/trukme.lv\/en\/products\/edges\/abs-edges\/abs-mala-pegaso-elegante-4994gd-skin\/\",\"name\":\"ABS edge Pegaso Elegante 4994GD SKIN - Trukm\u0117\",\"isPartOf\":{\"@id\":\"https:\/\/trukme.lv\/en\/#website\"},\"primaryImageOfPage\":{\"@id\":\"https:\/\/trukme.lv\/en\/products\/edges\/abs-edges\/abs-mala-pegaso-elegante-4994gd-skin\/#primaryimage\"},\"image\":{\"@id\":\"https:\/\/trukme.lv\/en\/products\/edges\/abs-edges\/abs-mala-pegaso-elegante-4994gd-skin\/#primaryimage\"},\"thumbnailUrl\":\"https:\/\/i0.wp.com\/trukme.lv\/wp-content\/uploads\/2025\/09\/649942210SKINS.webp?fit=900%2C600&ssl=1\",\"datePublished\":\"2025-09-30T16:29:24+00:00\",\"dateModified\":\"2025-10-02T09:29:06+00:00\",\"breadcrumb\":{\"@id\":\"https:\/\/trukme.lv\/en\/products\/edges\/abs-edges\/abs-mala-pegaso-elegante-4994gd-skin\/#breadcrumb\"},\"inLanguage\":\"en-GB\",\"potentialAction\":[{\"@type\":\"ReadAction\",\"target\":[\"https:\/\/trukme.lv\/en\/products\/edges\/abs-edges\/abs-mala-pegaso-elegante-4994gd-skin\/\"]}]},{\"@type\":\"ImageObject\",\"inLanguage\":\"en-GB\",\"@id\":\"https:\/\/trukme.lv\/en\/products\/edges\/abs-edges\/abs-mala-pegaso-elegante-4994gd-skin\/#primaryimage\",\"url\":\"https:\/\/i0.wp.com\/trukme.lv\/wp-content\/uploads\/2025\/09\/649942210SKINS.webp?fit=900%2C600&ssl=1\",\"contentUrl\":\"https:\/\/i0.wp.com\/trukme.lv\/wp-content\/uploads\/2025\/09\/649942210SKINS.webp?fit=900%2C600&ssl=1\",\"width\":900,\"height\":600},{\"@type\":\"BreadcrumbList\",\"@id\":\"https:\/\/trukme.lv\/en\/products\/edges\/abs-edges\/abs-mala-pegaso-elegante-4994gd-skin\/#breadcrumb\",\"itemListElement\":[{\"@type\":\"ListItem\",\"position\":1,\"name\":\"Home\",\"item\":\"https:\/\/trukme.lv\/en\/home\/\"},{\"@type\":\"ListItem\",\"position\":2,\"name\":\"Products\",\"item\":\"https:\/\/trukme.lv\/en\/products\/\"},{\"@type\":\"ListItem\",\"position\":3,\"name\":\"ABS edge Pegaso Elegante 4994GD SKIN\"}]},{\"@type\":\"WebSite\",\"@id\":\"https:\/\/trukme.lv\/en\/#website\",\"url\":\"https:\/\/trukme.lv\/en\/\",\"name\":\"Trukm\u0117\",\"description\":\"M\u0113be\u013cu pane\u013ci, galda virsmas, m\u0113be\u013cu furnit\u016bra. Virtuves m\u0113be\u013cu, skapju, vannas istabas m\u0113be\u013cu u.c. sortiments. Paz\u012bstami un uzticami ra\u017eot\u0101ji.\",\"potentialAction\":[{\"@type\":\"SearchAction\",\"target\":{\"@type\":\"EntryPoint\",\"urlTemplate\":\"https:\/\/trukme.lv\/en\/?s={search_term_string}\"},\"query-input\":{\"@type\":\"PropertyValueSpecification\",\"valueRequired\":true,\"valueName\":\"search_term_string\"}}],\"inLanguage\":\"en-GB\"}]}<\/script>\n<!-- \/ Yoast SEO plugin. -->","yoast_head_json":{"title":"ABS edge Pegaso Elegante 4994GD SKIN - Trukm\u0117","robots":{"index":"index","follow":"follow","max-snippet":"max-snippet:-1","max-image-preview":"max-image-preview:large","max-video-preview":"max-video-preview:-1"},"canonical":"https:\/\/trukme.lv\/en\/products\/edges\/abs-edges\/abs-mala-pegaso-elegante-4994gd-skin\/","og_locale":"en_GB","og_type":"article","og_title":"ABS edge Pegaso Elegante 4994GD SKIN - Trukm\u0117","og_url":"https:\/\/trukme.lv\/en\/products\/edges\/abs-edges\/abs-mala-pegaso-elegante-4994gd-skin\/","og_site_name":"Trukm\u0117","article_modified_time":"2025-10-02T09:29:06+00:00","og_image":[{"width":900,"height":600,"url":"https:\/\/i0.wp.com\/trukme.lv\/wp-content\/uploads\/2025\/09\/649942210SKINS.webp?fit=900%2C600&ssl=1","type":"image\/webp"}],"twitter_card":"summary_large_image","schema":{"@context":"https:\/\/schema.org","@graph":[{"@type":"WebPage","@id":"https:\/\/trukme.lv\/en\/products\/edges\/abs-edges\/abs-mala-pegaso-elegante-4994gd-skin\/","url":"https:\/\/trukme.lv\/en\/products\/edges\/abs-edges\/abs-mala-pegaso-elegante-4994gd-skin\/","name":"ABS edge Pegaso Elegante 4994GD SKIN - Trukm\u0117","isPartOf":{"@id":"https:\/\/trukme.lv\/en\/#website"},"primaryImageOfPage":{"@id":"https:\/\/trukme.lv\/en\/products\/edges\/abs-edges\/abs-mala-pegaso-elegante-4994gd-skin\/#primaryimage"},"image":{"@id":"https:\/\/trukme.lv\/en\/products\/edges\/abs-edges\/abs-mala-pegaso-elegante-4994gd-skin\/#primaryimage"},"thumbnailUrl":"https:\/\/i0.wp.com\/trukme.lv\/wp-content\/uploads\/2025\/09\/649942210SKINS.webp?fit=900%2C600&ssl=1","datePublished":"2025-09-30T16:29:24+00:00","dateModified":"2025-10-02T09:29:06+00:00","breadcrumb":{"@id":"https:\/\/trukme.lv\/en\/products\/edges\/abs-edges\/abs-mala-pegaso-elegante-4994gd-skin\/#breadcrumb"},"inLanguage":"en-GB","potentialAction":[{"@type":"ReadAction","target":["https:\/\/trukme.lv\/en\/products\/edges\/abs-edges\/abs-mala-pegaso-elegante-4994gd-skin\/"]}]},{"@type":"ImageObject","inLanguage":"en-GB","@id":"https:\/\/trukme.lv\/en\/products\/edges\/abs-edges\/abs-mala-pegaso-elegante-4994gd-skin\/#primaryimage","url":"https:\/\/i0.wp.com\/trukme.lv\/wp-content\/uploads\/2025\/09\/649942210SKINS.webp?fit=900%2C600&ssl=1","contentUrl":"https:\/\/i0.wp.com\/trukme.lv\/wp-content\/uploads\/2025\/09\/649942210SKINS.webp?fit=900%2C600&ssl=1","width":900,"height":600},{"@type":"BreadcrumbList","@id":"https:\/\/trukme.lv\/en\/products\/edges\/abs-edges\/abs-mala-pegaso-elegante-4994gd-skin\/#breadcrumb","itemListElement":[{"@type":"ListItem","position":1,"name":"Home","item":"https:\/\/trukme.lv\/en\/home\/"},{"@type":"ListItem","position":2,"name":"Products","item":"https:\/\/trukme.lv\/en\/products\/"},{"@type":"ListItem","position":3,"name":"ABS edge Pegaso Elegante 4994GD SKIN"}]},{"@type":"WebSite","@id":"https:\/\/trukme.lv\/en\/#website","url":"https:\/\/trukme.lv\/en\/","name":"Trukm\u0117","description":"M\u0113be\u013cu pane\u013ci, galda virsmas, m\u0113be\u013cu furnit\u016bra. Virtuves m\u0113be\u013cu, skapju, vannas istabas m\u0113be\u013cu u.c. sortiments. Paz\u012bstami un uzticami ra\u017eot\u0101ji.","potentialAction":[{"@type":"SearchAction","target":{"@type":"EntryPoint","urlTemplate":"https:\/\/trukme.lv\/en\/?s={search_term_string}"},"query-input":{"@type":"PropertyValueSpecification","valueRequired":true,"valueName":"search_term_string"}}],"inLanguage":"en-GB"}]}},"jetpack_sharing_enabled":true,"_links":{"self":[{"href":"https:\/\/trukme.lv\/en\/wp-json\/wp\/v2\/product\/252817","targetHints":{"allow":["GET"]}}],"collection":[{"href":"https:\/\/trukme.lv\/en\/wp-json\/wp\/v2\/product"}],"about":[{"href":"https:\/\/trukme.lv\/en\/wp-json\/wp\/v2\/types\/product"}],"wp:featuredmedia":[{"embeddable":true,"href":"https:\/\/trukme.lv\/en\/wp-json\/wp\/v2\/media\/247624"}],"wp:attachment":[{"href":"https:\/\/trukme.lv\/en\/wp-json\/wp\/v2\/media?parent=252817"}],"wp:term":[{"taxonomy":"product_brand","embeddable":true,"href":"https:\/\/trukme.lv\/en\/wp-json\/wp\/v2\/product_brand?post=252817"},{"taxonomy":"product_cat","embeddable":true,"href":"https:\/\/trukme.lv\/en\/wp-json\/wp\/v2\/product_cat?post=252817"},{"taxonomy":"product_tag","embeddable":true,"href":"https:\/\/trukme.lv\/en\/wp-json\/wp\/v2\/product_tag?post=252817"}],"curies":[{"name":"wp","href":"https:\/\/api.w.org\/{rel}","templated":true}]}}