{"id":272486,"date":"2025-09-30T23:29:39","date_gmt":"2025-09-30T20:29:39","guid":{"rendered":"https:\/\/trukme.lv\/produkti\/uncategorized\/w-core-udensizturiga-platne-202mm-1740-calce\/"},"modified":"2025-10-02T12:29:21","modified_gmt":"2025-10-02T09:29:21","slug":"w-core-udensizturiga-platne-202mm-1740-calce","status":"publish","type":"product","link":"https:\/\/trukme.lv\/en\/products\/panels\/waterproof-board\/w-core-udensizturiga-platne-202mm-1740-calce\/","title":{"rendered":"W-Core waterproof panel 20.2mm 1740 Calce"},"content":{"rendered":"<p>W-core \u2013 waterproof panel covered with a decorative HPL sheet. The product is made from recycled rigid polyurethane. The panel is sustainable, biologically safe, easy to process, high density, lightweight, and resistant not only to humidity but also to water.<\/p>\n","protected":false},"excerpt":{"rendered":"<p>W-core \u2013 waterproof panel covered with a decorative HPL sheet. The product is made from recycled rigid polyurethane. The panel is sustainable, biologically safe, easy to process, high density, lightweight, and resistant not only to humidity but also to water.<\/p>\n","protected":false},"featured_media":272247,"template":"","meta":{"_acf_changed":false},"product_brand":[],"product_cat":[6667,6685],"product_tag":[],"class_list":{"0":"post-272486","1":"product","2":"type-product","3":"status-publish","4":"has-post-thumbnail","6":"product_cat-panels","7":"product_cat-waterproof-board","9":"first","10":"instock","11":"product-type-simple"},"acf":[],"yoast_head":"<!-- This site is optimized with the Yoast SEO plugin v26.5 - https:\/\/yoast.com\/wordpress\/plugins\/seo\/ -->\n<title>W-Core waterproof panel 20.2mm 1740 Calce - Trukm\u0117<\/title>\n<meta name=\"robots\" content=\"index, follow, max-snippet:-1, max-image-preview:large, max-video-preview:-1\" \/>\n<link rel=\"canonical\" href=\"https:\/\/trukme.lv\/en\/products\/panels\/waterproof-board\/w-core-udensizturiga-platne-202mm-1740-calce\/\" \/>\n<meta property=\"og:locale\" content=\"en_GB\" \/>\n<meta property=\"og:type\" content=\"article\" \/>\n<meta property=\"og:title\" content=\"W-Core waterproof panel 20.2mm 1740 Calce - Trukm\u0117\" \/>\n<meta property=\"og:description\" content=\"W-core \u2013 waterproof panel covered with a decorative HPL sheet. The product is made from recycled rigid polyurethane. The panel is sustainable, biologically safe, easy to process, high density, lightweight, and resistant not only to humidity but also to water.\" \/>\n<meta property=\"og:url\" content=\"https:\/\/trukme.lv\/en\/products\/panels\/waterproof-board\/w-core-udensizturiga-platne-202mm-1740-calce\/\" \/>\n<meta property=\"og:site_name\" content=\"Trukm\u0117\" \/>\n<meta property=\"article:modified_time\" content=\"2025-10-02T09:29:21+00:00\" \/>\n<meta property=\"og:image\" content=\"https:\/\/i0.wp.com\/trukme.lv\/wp-content\/uploads\/2025\/09\/S191740CALCE.webp?fit=1179%2C2048&ssl=1\" \/>\n\t<meta property=\"og:image:width\" content=\"1179\" \/>\n\t<meta property=\"og:image:height\" content=\"2048\" \/>\n\t<meta property=\"og:image:type\" content=\"image\/webp\" \/>\n<meta name=\"twitter:card\" content=\"summary_large_image\" \/>\n<script type=\"application\/ld+json\" class=\"yoast-schema-graph\">{\"@context\":\"https:\/\/schema.org\",\"@graph\":[{\"@type\":\"WebPage\",\"@id\":\"https:\/\/trukme.lv\/en\/products\/panels\/waterproof-board\/w-core-udensizturiga-platne-202mm-1740-calce\/\",\"url\":\"https:\/\/trukme.lv\/en\/products\/panels\/waterproof-board\/w-core-udensizturiga-platne-202mm-1740-calce\/\",\"name\":\"W-Core waterproof panel 20.2mm 1740 Calce - Trukm\u0117\",\"isPartOf\":{\"@id\":\"https:\/\/trukme.lv\/en\/#website\"},\"primaryImageOfPage\":{\"@id\":\"https:\/\/trukme.lv\/en\/products\/panels\/waterproof-board\/w-core-udensizturiga-platne-202mm-1740-calce\/#primaryimage\"},\"image\":{\"@id\":\"https:\/\/trukme.lv\/en\/products\/panels\/waterproof-board\/w-core-udensizturiga-platne-202mm-1740-calce\/#primaryimage\"},\"thumbnailUrl\":\"https:\/\/i0.wp.com\/trukme.lv\/wp-content\/uploads\/2025\/09\/S191740CALCE.webp?fit=1179%2C2048&ssl=1\",\"datePublished\":\"2025-09-30T20:29:39+00:00\",\"dateModified\":\"2025-10-02T09:29:21+00:00\",\"breadcrumb\":{\"@id\":\"https:\/\/trukme.lv\/en\/products\/panels\/waterproof-board\/w-core-udensizturiga-platne-202mm-1740-calce\/#breadcrumb\"},\"inLanguage\":\"en-GB\",\"potentialAction\":[{\"@type\":\"ReadAction\",\"target\":[\"https:\/\/trukme.lv\/en\/products\/panels\/waterproof-board\/w-core-udensizturiga-platne-202mm-1740-calce\/\"]}]},{\"@type\":\"ImageObject\",\"inLanguage\":\"en-GB\",\"@id\":\"https:\/\/trukme.lv\/en\/products\/panels\/waterproof-board\/w-core-udensizturiga-platne-202mm-1740-calce\/#primaryimage\",\"url\":\"https:\/\/i0.wp.com\/trukme.lv\/wp-content\/uploads\/2025\/09\/S191740CALCE.webp?fit=1179%2C2048&ssl=1\",\"contentUrl\":\"https:\/\/i0.wp.com\/trukme.lv\/wp-content\/uploads\/2025\/09\/S191740CALCE.webp?fit=1179%2C2048&ssl=1\",\"width\":1179,\"height\":2048},{\"@type\":\"BreadcrumbList\",\"@id\":\"https:\/\/trukme.lv\/en\/products\/panels\/waterproof-board\/w-core-udensizturiga-platne-202mm-1740-calce\/#breadcrumb\",\"itemListElement\":[{\"@type\":\"ListItem\",\"position\":1,\"name\":\"Home\",\"item\":\"https:\/\/trukme.lv\/en\/home\/\"},{\"@type\":\"ListItem\",\"position\":2,\"name\":\"Products\",\"item\":\"https:\/\/trukme.lv\/en\/products\/\"},{\"@type\":\"ListItem\",\"position\":3,\"name\":\"W-Core waterproof panel 20.2mm 1740 Calce\"}]},{\"@type\":\"WebSite\",\"@id\":\"https:\/\/trukme.lv\/en\/#website\",\"url\":\"https:\/\/trukme.lv\/en\/\",\"name\":\"Trukm\u0117\",\"description\":\"M\u0113be\u013cu pane\u013ci, galda virsmas, m\u0113be\u013cu furnit\u016bra. Virtuves m\u0113be\u013cu, skapju, vannas istabas m\u0113be\u013cu u.c. sortiments. Paz\u012bstami un uzticami ra\u017eot\u0101ji.\",\"potentialAction\":[{\"@type\":\"SearchAction\",\"target\":{\"@type\":\"EntryPoint\",\"urlTemplate\":\"https:\/\/trukme.lv\/en\/?s={search_term_string}\"},\"query-input\":{\"@type\":\"PropertyValueSpecification\",\"valueRequired\":true,\"valueName\":\"search_term_string\"}}],\"inLanguage\":\"en-GB\"}]}<\/script>\n<!-- \/ Yoast SEO plugin. -->","yoast_head_json":{"title":"W-Core waterproof panel 20.2mm 1740 Calce - Trukm\u0117","robots":{"index":"index","follow":"follow","max-snippet":"max-snippet:-1","max-image-preview":"max-image-preview:large","max-video-preview":"max-video-preview:-1"},"canonical":"https:\/\/trukme.lv\/en\/products\/panels\/waterproof-board\/w-core-udensizturiga-platne-202mm-1740-calce\/","og_locale":"en_GB","og_type":"article","og_title":"W-Core waterproof panel 20.2mm 1740 Calce - Trukm\u0117","og_description":"W-core \u2013 waterproof panel covered with a decorative HPL sheet. The product is made from recycled rigid polyurethane. The panel is sustainable, biologically safe, easy to process, high density, lightweight, and resistant not only to humidity but also to water.","og_url":"https:\/\/trukme.lv\/en\/products\/panels\/waterproof-board\/w-core-udensizturiga-platne-202mm-1740-calce\/","og_site_name":"Trukm\u0117","article_modified_time":"2025-10-02T09:29:21+00:00","og_image":[{"width":1179,"height":2048,"url":"https:\/\/i0.wp.com\/trukme.lv\/wp-content\/uploads\/2025\/09\/S191740CALCE.webp?fit=1179%2C2048&ssl=1","type":"image\/webp"}],"twitter_card":"summary_large_image","schema":{"@context":"https:\/\/schema.org","@graph":[{"@type":"WebPage","@id":"https:\/\/trukme.lv\/en\/products\/panels\/waterproof-board\/w-core-udensizturiga-platne-202mm-1740-calce\/","url":"https:\/\/trukme.lv\/en\/products\/panels\/waterproof-board\/w-core-udensizturiga-platne-202mm-1740-calce\/","name":"W-Core waterproof panel 20.2mm 1740 Calce - Trukm\u0117","isPartOf":{"@id":"https:\/\/trukme.lv\/en\/#website"},"primaryImageOfPage":{"@id":"https:\/\/trukme.lv\/en\/products\/panels\/waterproof-board\/w-core-udensizturiga-platne-202mm-1740-calce\/#primaryimage"},"image":{"@id":"https:\/\/trukme.lv\/en\/products\/panels\/waterproof-board\/w-core-udensizturiga-platne-202mm-1740-calce\/#primaryimage"},"thumbnailUrl":"https:\/\/i0.wp.com\/trukme.lv\/wp-content\/uploads\/2025\/09\/S191740CALCE.webp?fit=1179%2C2048&ssl=1","datePublished":"2025-09-30T20:29:39+00:00","dateModified":"2025-10-02T09:29:21+00:00","breadcrumb":{"@id":"https:\/\/trukme.lv\/en\/products\/panels\/waterproof-board\/w-core-udensizturiga-platne-202mm-1740-calce\/#breadcrumb"},"inLanguage":"en-GB","potentialAction":[{"@type":"ReadAction","target":["https:\/\/trukme.lv\/en\/products\/panels\/waterproof-board\/w-core-udensizturiga-platne-202mm-1740-calce\/"]}]},{"@type":"ImageObject","inLanguage":"en-GB","@id":"https:\/\/trukme.lv\/en\/products\/panels\/waterproof-board\/w-core-udensizturiga-platne-202mm-1740-calce\/#primaryimage","url":"https:\/\/i0.wp.com\/trukme.lv\/wp-content\/uploads\/2025\/09\/S191740CALCE.webp?fit=1179%2C2048&ssl=1","contentUrl":"https:\/\/i0.wp.com\/trukme.lv\/wp-content\/uploads\/2025\/09\/S191740CALCE.webp?fit=1179%2C2048&ssl=1","width":1179,"height":2048},{"@type":"BreadcrumbList","@id":"https:\/\/trukme.lv\/en\/products\/panels\/waterproof-board\/w-core-udensizturiga-platne-202mm-1740-calce\/#breadcrumb","itemListElement":[{"@type":"ListItem","position":1,"name":"Home","item":"https:\/\/trukme.lv\/en\/home\/"},{"@type":"ListItem","position":2,"name":"Products","item":"https:\/\/trukme.lv\/en\/products\/"},{"@type":"ListItem","position":3,"name":"W-Core waterproof panel 20.2mm 1740 Calce"}]},{"@type":"WebSite","@id":"https:\/\/trukme.lv\/en\/#website","url":"https:\/\/trukme.lv\/en\/","name":"Trukm\u0117","description":"M\u0113be\u013cu pane\u013ci, galda virsmas, m\u0113be\u013cu furnit\u016bra. Virtuves m\u0113be\u013cu, skapju, vannas istabas m\u0113be\u013cu u.c. sortiments. Paz\u012bstami un uzticami ra\u017eot\u0101ji.","potentialAction":[{"@type":"SearchAction","target":{"@type":"EntryPoint","urlTemplate":"https:\/\/trukme.lv\/en\/?s={search_term_string}"},"query-input":{"@type":"PropertyValueSpecification","valueRequired":true,"valueName":"search_term_string"}}],"inLanguage":"en-GB"}]}},"jetpack_sharing_enabled":true,"_links":{"self":[{"href":"https:\/\/trukme.lv\/en\/wp-json\/wp\/v2\/product\/272486","targetHints":{"allow":["GET"]}}],"collection":[{"href":"https:\/\/trukme.lv\/en\/wp-json\/wp\/v2\/product"}],"about":[{"href":"https:\/\/trukme.lv\/en\/wp-json\/wp\/v2\/types\/product"}],"wp:featuredmedia":[{"embeddable":true,"href":"https:\/\/trukme.lv\/en\/wp-json\/wp\/v2\/media\/272247"}],"wp:attachment":[{"href":"https:\/\/trukme.lv\/en\/wp-json\/wp\/v2\/media?parent=272486"}],"wp:term":[{"taxonomy":"product_brand","embeddable":true,"href":"https:\/\/trukme.lv\/en\/wp-json\/wp\/v2\/product_brand?post=272486"},{"taxonomy":"product_cat","embeddable":true,"href":"https:\/\/trukme.lv\/en\/wp-json\/wp\/v2\/product_cat?post=272486"},{"taxonomy":"product_tag","embeddable":true,"href":"https:\/\/trukme.lv\/en\/wp-json\/wp\/v2\/product_tag?post=272486"}],"curies":[{"name":"wp","href":"https:\/\/api.w.org\/{rel}","templated":true}]}}