{"id":272509,"date":"2025-09-30T23:28:53","date_gmt":"2025-09-30T20:28:53","guid":{"rendered":"https:\/\/trukme.lv\/produkti\/uncategorized\/rocko-sienas-panelis-yacht-wood-r122fn\/"},"modified":"2025-10-02T12:29:29","modified_gmt":"2025-10-02T09:29:29","slug":"rocko-sienas-panelis-yacht-wood-r122fn","status":"publish","type":"product","link":"https:\/\/trukme.lv\/en\/products\/finishing-materials\/wall-cladding-panels\/rocko-sienas-panelis-yacht-wood-r122fn\/","title":{"rendered":"Rocko wall panel Yacht Wood, R122FN"},"content":{"rendered":"<p>Rocko wall panels are a completely new product on the market \u2013 a decorative, water-resistant, versatile wall finishing panel that provides even wider interior solution possibilities. The Rocko wall panel is ideal for both commercial and individual projects \u2013 for both new buildings and renovations. The panel is made of a mixture of stone, plastic, and composite materials, providing resistance to water and stains, making it suitable for kitchens or bathrooms. The panels are particularly large-format, yet easy and simple to install. Choose from 4 decor collections \u2013 Stones, Bosco, Metal, Color \u2013 and more than 26 different decors.<\/p>\n","protected":false},"excerpt":{"rendered":"<p>Rocko wall panels are a completely new product on the market \u2013 a decorative, water-resistant, versatile wall finishing panel that provides even wider interior solution possibilities. The Rocko wall panel is ideal for both commercial and individual projects \u2013 for both new buildings and renovations. The panel is made of a mixture of stone, plastic,&#8230;<\/p>\n","protected":false},"featured_media":272122,"template":"","meta":{"_acf_changed":false},"product_brand":[6996],"product_cat":[6251,6253],"product_tag":[],"class_list":{"0":"post-272509","1":"product","2":"type-product","3":"status-publish","4":"has-post-thumbnail","6":"product_brand-kronospan-en","7":"product_cat-finishing-materials","8":"product_cat-wall-cladding-panels","10":"first","11":"instock","12":"product-type-simple"},"acf":[],"yoast_head":"<!-- This site is optimized with the Yoast SEO plugin v26.5 - https:\/\/yoast.com\/wordpress\/plugins\/seo\/ -->\n<title>Rocko wall panel Yacht Wood, R122FN - Trukm\u0117<\/title>\n<meta name=\"robots\" content=\"index, follow, max-snippet:-1, max-image-preview:large, max-video-preview:-1\" \/>\n<link rel=\"canonical\" href=\"https:\/\/trukme.lv\/en\/products\/finishing-materials\/wall-cladding-panels\/rocko-sienas-panelis-yacht-wood-r122fn\/\" \/>\n<meta property=\"og:locale\" content=\"en_GB\" \/>\n<meta property=\"og:type\" content=\"article\" \/>\n<meta property=\"og:title\" content=\"Rocko wall panel Yacht Wood, R122FN - Trukm\u0117\" \/>\n<meta property=\"og:description\" content=\"Rocko wall panels are a completely new product on the market \u2013 a decorative, water-resistant, versatile wall finishing panel that provides even wider interior solution possibilities. The Rocko wall panel is ideal for both commercial and individual projects \u2013 for both new buildings and renovations. The panel is made of a mixture of stone, plastic,...\" \/>\n<meta property=\"og:url\" content=\"https:\/\/trukme.lv\/en\/products\/finishing-materials\/wall-cladding-panels\/rocko-sienas-panelis-yacht-wood-r122fn\/\" \/>\n<meta property=\"og:site_name\" content=\"Trukm\u0117\" \/>\n<meta property=\"article:modified_time\" content=\"2025-10-02T09:29:29+00:00\" \/>\n<meta property=\"og:image\" content=\"https:\/\/i0.wp.com\/trukme.lv\/wp-content\/uploads\/2025\/09\/RTR122FN01.webp?fit=805%2C1820&ssl=1\" \/>\n\t<meta property=\"og:image:width\" content=\"805\" \/>\n\t<meta property=\"og:image:height\" content=\"1820\" \/>\n\t<meta property=\"og:image:type\" content=\"image\/webp\" \/>\n<meta name=\"twitter:card\" content=\"summary_large_image\" \/>\n<script type=\"application\/ld+json\" class=\"yoast-schema-graph\">{\"@context\":\"https:\/\/schema.org\",\"@graph\":[{\"@type\":\"WebPage\",\"@id\":\"https:\/\/trukme.lv\/en\/products\/finishing-materials\/wall-cladding-panels\/rocko-sienas-panelis-yacht-wood-r122fn\/\",\"url\":\"https:\/\/trukme.lv\/en\/products\/finishing-materials\/wall-cladding-panels\/rocko-sienas-panelis-yacht-wood-r122fn\/\",\"name\":\"Rocko wall panel Yacht Wood, R122FN - Trukm\u0117\",\"isPartOf\":{\"@id\":\"https:\/\/trukme.lv\/en\/#website\"},\"primaryImageOfPage\":{\"@id\":\"https:\/\/trukme.lv\/en\/products\/finishing-materials\/wall-cladding-panels\/rocko-sienas-panelis-yacht-wood-r122fn\/#primaryimage\"},\"image\":{\"@id\":\"https:\/\/trukme.lv\/en\/products\/finishing-materials\/wall-cladding-panels\/rocko-sienas-panelis-yacht-wood-r122fn\/#primaryimage\"},\"thumbnailUrl\":\"https:\/\/i0.wp.com\/trukme.lv\/wp-content\/uploads\/2025\/09\/RTR122FN01.webp?fit=805%2C1820&ssl=1\",\"datePublished\":\"2025-09-30T20:28:53+00:00\",\"dateModified\":\"2025-10-02T09:29:29+00:00\",\"breadcrumb\":{\"@id\":\"https:\/\/trukme.lv\/en\/products\/finishing-materials\/wall-cladding-panels\/rocko-sienas-panelis-yacht-wood-r122fn\/#breadcrumb\"},\"inLanguage\":\"en-GB\",\"potentialAction\":[{\"@type\":\"ReadAction\",\"target\":[\"https:\/\/trukme.lv\/en\/products\/finishing-materials\/wall-cladding-panels\/rocko-sienas-panelis-yacht-wood-r122fn\/\"]}]},{\"@type\":\"ImageObject\",\"inLanguage\":\"en-GB\",\"@id\":\"https:\/\/trukme.lv\/en\/products\/finishing-materials\/wall-cladding-panels\/rocko-sienas-panelis-yacht-wood-r122fn\/#primaryimage\",\"url\":\"https:\/\/i0.wp.com\/trukme.lv\/wp-content\/uploads\/2025\/09\/RTR122FN01.webp?fit=805%2C1820&ssl=1\",\"contentUrl\":\"https:\/\/i0.wp.com\/trukme.lv\/wp-content\/uploads\/2025\/09\/RTR122FN01.webp?fit=805%2C1820&ssl=1\",\"width\":805,\"height\":1820},{\"@type\":\"BreadcrumbList\",\"@id\":\"https:\/\/trukme.lv\/en\/products\/finishing-materials\/wall-cladding-panels\/rocko-sienas-panelis-yacht-wood-r122fn\/#breadcrumb\",\"itemListElement\":[{\"@type\":\"ListItem\",\"position\":1,\"name\":\"Home\",\"item\":\"https:\/\/trukme.lv\/en\/home\/\"},{\"@type\":\"ListItem\",\"position\":2,\"name\":\"Products\",\"item\":\"https:\/\/trukme.lv\/en\/products\/\"},{\"@type\":\"ListItem\",\"position\":3,\"name\":\"Rocko wall panel Yacht Wood, R122FN\"}]},{\"@type\":\"WebSite\",\"@id\":\"https:\/\/trukme.lv\/en\/#website\",\"url\":\"https:\/\/trukme.lv\/en\/\",\"name\":\"Trukm\u0117\",\"description\":\"M\u0113be\u013cu pane\u013ci, galda virsmas, m\u0113be\u013cu furnit\u016bra. Virtuves m\u0113be\u013cu, skapju, vannas istabas m\u0113be\u013cu u.c. sortiments. Paz\u012bstami un uzticami ra\u017eot\u0101ji.\",\"potentialAction\":[{\"@type\":\"SearchAction\",\"target\":{\"@type\":\"EntryPoint\",\"urlTemplate\":\"https:\/\/trukme.lv\/en\/?s={search_term_string}\"},\"query-input\":{\"@type\":\"PropertyValueSpecification\",\"valueRequired\":true,\"valueName\":\"search_term_string\"}}],\"inLanguage\":\"en-GB\"}]}<\/script>\n<!-- \/ Yoast SEO plugin. -->","yoast_head_json":{"title":"Rocko wall panel Yacht Wood, R122FN - Trukm\u0117","robots":{"index":"index","follow":"follow","max-snippet":"max-snippet:-1","max-image-preview":"max-image-preview:large","max-video-preview":"max-video-preview:-1"},"canonical":"https:\/\/trukme.lv\/en\/products\/finishing-materials\/wall-cladding-panels\/rocko-sienas-panelis-yacht-wood-r122fn\/","og_locale":"en_GB","og_type":"article","og_title":"Rocko wall panel Yacht Wood, R122FN - Trukm\u0117","og_description":"Rocko wall panels are a completely new product on the market \u2013 a decorative, water-resistant, versatile wall finishing panel that provides even wider interior solution possibilities. The Rocko wall panel is ideal for both commercial and individual projects \u2013 for both new buildings and renovations. The panel is made of a mixture of stone, plastic,...","og_url":"https:\/\/trukme.lv\/en\/products\/finishing-materials\/wall-cladding-panels\/rocko-sienas-panelis-yacht-wood-r122fn\/","og_site_name":"Trukm\u0117","article_modified_time":"2025-10-02T09:29:29+00:00","og_image":[{"width":805,"height":1820,"url":"https:\/\/i0.wp.com\/trukme.lv\/wp-content\/uploads\/2025\/09\/RTR122FN01.webp?fit=805%2C1820&ssl=1","type":"image\/webp"}],"twitter_card":"summary_large_image","schema":{"@context":"https:\/\/schema.org","@graph":[{"@type":"WebPage","@id":"https:\/\/trukme.lv\/en\/products\/finishing-materials\/wall-cladding-panels\/rocko-sienas-panelis-yacht-wood-r122fn\/","url":"https:\/\/trukme.lv\/en\/products\/finishing-materials\/wall-cladding-panels\/rocko-sienas-panelis-yacht-wood-r122fn\/","name":"Rocko wall panel Yacht Wood, R122FN - Trukm\u0117","isPartOf":{"@id":"https:\/\/trukme.lv\/en\/#website"},"primaryImageOfPage":{"@id":"https:\/\/trukme.lv\/en\/products\/finishing-materials\/wall-cladding-panels\/rocko-sienas-panelis-yacht-wood-r122fn\/#primaryimage"},"image":{"@id":"https:\/\/trukme.lv\/en\/products\/finishing-materials\/wall-cladding-panels\/rocko-sienas-panelis-yacht-wood-r122fn\/#primaryimage"},"thumbnailUrl":"https:\/\/i0.wp.com\/trukme.lv\/wp-content\/uploads\/2025\/09\/RTR122FN01.webp?fit=805%2C1820&ssl=1","datePublished":"2025-09-30T20:28:53+00:00","dateModified":"2025-10-02T09:29:29+00:00","breadcrumb":{"@id":"https:\/\/trukme.lv\/en\/products\/finishing-materials\/wall-cladding-panels\/rocko-sienas-panelis-yacht-wood-r122fn\/#breadcrumb"},"inLanguage":"en-GB","potentialAction":[{"@type":"ReadAction","target":["https:\/\/trukme.lv\/en\/products\/finishing-materials\/wall-cladding-panels\/rocko-sienas-panelis-yacht-wood-r122fn\/"]}]},{"@type":"ImageObject","inLanguage":"en-GB","@id":"https:\/\/trukme.lv\/en\/products\/finishing-materials\/wall-cladding-panels\/rocko-sienas-panelis-yacht-wood-r122fn\/#primaryimage","url":"https:\/\/i0.wp.com\/trukme.lv\/wp-content\/uploads\/2025\/09\/RTR122FN01.webp?fit=805%2C1820&ssl=1","contentUrl":"https:\/\/i0.wp.com\/trukme.lv\/wp-content\/uploads\/2025\/09\/RTR122FN01.webp?fit=805%2C1820&ssl=1","width":805,"height":1820},{"@type":"BreadcrumbList","@id":"https:\/\/trukme.lv\/en\/products\/finishing-materials\/wall-cladding-panels\/rocko-sienas-panelis-yacht-wood-r122fn\/#breadcrumb","itemListElement":[{"@type":"ListItem","position":1,"name":"Home","item":"https:\/\/trukme.lv\/en\/home\/"},{"@type":"ListItem","position":2,"name":"Products","item":"https:\/\/trukme.lv\/en\/products\/"},{"@type":"ListItem","position":3,"name":"Rocko wall panel Yacht Wood, R122FN"}]},{"@type":"WebSite","@id":"https:\/\/trukme.lv\/en\/#website","url":"https:\/\/trukme.lv\/en\/","name":"Trukm\u0117","description":"M\u0113be\u013cu pane\u013ci, galda virsmas, m\u0113be\u013cu furnit\u016bra. Virtuves m\u0113be\u013cu, skapju, vannas istabas m\u0113be\u013cu u.c. sortiments. Paz\u012bstami un uzticami ra\u017eot\u0101ji.","potentialAction":[{"@type":"SearchAction","target":{"@type":"EntryPoint","urlTemplate":"https:\/\/trukme.lv\/en\/?s={search_term_string}"},"query-input":{"@type":"PropertyValueSpecification","valueRequired":true,"valueName":"search_term_string"}}],"inLanguage":"en-GB"}]}},"jetpack_sharing_enabled":true,"_links":{"self":[{"href":"https:\/\/trukme.lv\/en\/wp-json\/wp\/v2\/product\/272509","targetHints":{"allow":["GET"]}}],"collection":[{"href":"https:\/\/trukme.lv\/en\/wp-json\/wp\/v2\/product"}],"about":[{"href":"https:\/\/trukme.lv\/en\/wp-json\/wp\/v2\/types\/product"}],"wp:featuredmedia":[{"embeddable":true,"href":"https:\/\/trukme.lv\/en\/wp-json\/wp\/v2\/media\/272122"}],"wp:attachment":[{"href":"https:\/\/trukme.lv\/en\/wp-json\/wp\/v2\/media?parent=272509"}],"wp:term":[{"taxonomy":"product_brand","embeddable":true,"href":"https:\/\/trukme.lv\/en\/wp-json\/wp\/v2\/product_brand?post=272509"},{"taxonomy":"product_cat","embeddable":true,"href":"https:\/\/trukme.lv\/en\/wp-json\/wp\/v2\/product_cat?post=272509"},{"taxonomy":"product_tag","embeddable":true,"href":"https:\/\/trukme.lv\/en\/wp-json\/wp\/v2\/product_tag?post=272509"}],"curies":[{"name":"wp","href":"https:\/\/api.w.org\/{rel}","templated":true}]}}