{"id":272589,"date":"2025-09-30T23:26:18","date_gmt":"2025-09-30T20:26:18","guid":{"rendered":"https:\/\/trukme.lv\/produkti\/uncategorized\/hpl-sienas-panelis-k551su-k552su\/"},"modified":"2025-10-02T12:30:04","modified_gmt":"2025-10-02T09:30:04","slug":"hpl-sienas-panelis-k551su-k552su","status":"publish","type":"product","link":"https:\/\/trukme.lv\/en\/products\/hpl-products\/hpl-panels\/hpl-sienas-panelis-k551su-k552su\/","title":{"rendered":"HPL wall panel K551SU\/K552SU"},"content":{"rendered":"<p>Each countertop in the range has an identical and matching wall panel. Chipboard wall panels are used for the final finishing of kitchen, office, and workspace countertops. In the kitchen, they connect the countertop with the line of upper cabinets, protect the wall in the work area, and create a decorative accent. Used for vertical constructions. Produced from chipboard, covered with high-pressure laminate. Perfectly matched with the countertop design. *HPL wall panel K551SU\/K552SU is not identical to Compact HPL K551SU decor.<\/p>\n","protected":false},"excerpt":{"rendered":"<p>Each countertop in the range has an identical and matching wall panel. Chipboard wall panels are used for the final finishing of kitchen, office, and workspace countertops. In the kitchen, they connect the countertop with the line of upper cabinets, protect the wall in the work area, and create a decorative accent. Used for vertical&#8230;<\/p>\n","protected":false},"featured_media":271757,"template":"","meta":{"_acf_changed":false},"product_brand":[6996],"product_cat":[6275,6269],"product_tag":[],"class_list":{"0":"post-272589","1":"product","2":"type-product","3":"status-publish","4":"has-post-thumbnail","6":"product_brand-kronospan-en","7":"product_cat-hpl-panels","8":"product_cat-hpl-products","10":"first","11":"instock","12":"product-type-simple"},"acf":[],"yoast_head":"<!-- This site is optimized with the Yoast SEO plugin v26.5 - https:\/\/yoast.com\/wordpress\/plugins\/seo\/ -->\n<title>HPL wall panel K551SU\/K552SU - Trukm\u0117<\/title>\n<meta name=\"robots\" content=\"index, follow, max-snippet:-1, max-image-preview:large, max-video-preview:-1\" \/>\n<link rel=\"canonical\" href=\"https:\/\/trukme.lv\/en\/products\/hpl-products\/hpl-panels\/hpl-sienas-panelis-k551su-k552su\/\" \/>\n<meta property=\"og:locale\" content=\"en_GB\" \/>\n<meta property=\"og:type\" content=\"article\" \/>\n<meta property=\"og:title\" content=\"HPL wall panel K551SU\/K552SU - Trukm\u0117\" \/>\n<meta property=\"og:description\" content=\"Each countertop in the range has an identical and matching wall panel. Chipboard wall panels are used for the final finishing of kitchen, office, and workspace countertops. In the kitchen, they connect the countertop with the line of upper cabinets, protect the wall in the work area, and create a decorative accent. Used for vertical...\" \/>\n<meta property=\"og:url\" content=\"https:\/\/trukme.lv\/en\/products\/hpl-products\/hpl-panels\/hpl-sienas-panelis-k551su-k552su\/\" \/>\n<meta property=\"og:site_name\" content=\"Trukm\u0117\" \/>\n<meta property=\"article:modified_time\" content=\"2025-10-02T09:30:04+00:00\" \/>\n<meta property=\"og:image\" content=\"https:\/\/i0.wp.com\/trukme.lv\/wp-content\/uploads\/2025\/09\/HSK551K55210.webp?fit=2048%2C1536&ssl=1\" \/>\n\t<meta property=\"og:image:width\" content=\"2048\" \/>\n\t<meta property=\"og:image:height\" content=\"1536\" \/>\n\t<meta property=\"og:image:type\" content=\"image\/webp\" \/>\n<meta name=\"twitter:card\" content=\"summary_large_image\" \/>\n<script type=\"application\/ld+json\" class=\"yoast-schema-graph\">{\"@context\":\"https:\/\/schema.org\",\"@graph\":[{\"@type\":\"WebPage\",\"@id\":\"https:\/\/trukme.lv\/en\/products\/hpl-products\/hpl-panels\/hpl-sienas-panelis-k551su-k552su\/\",\"url\":\"https:\/\/trukme.lv\/en\/products\/hpl-products\/hpl-panels\/hpl-sienas-panelis-k551su-k552su\/\",\"name\":\"HPL wall panel K551SU\/K552SU - Trukm\u0117\",\"isPartOf\":{\"@id\":\"https:\/\/trukme.lv\/en\/#website\"},\"primaryImageOfPage\":{\"@id\":\"https:\/\/trukme.lv\/en\/products\/hpl-products\/hpl-panels\/hpl-sienas-panelis-k551su-k552su\/#primaryimage\"},\"image\":{\"@id\":\"https:\/\/trukme.lv\/en\/products\/hpl-products\/hpl-panels\/hpl-sienas-panelis-k551su-k552su\/#primaryimage\"},\"thumbnailUrl\":\"https:\/\/i0.wp.com\/trukme.lv\/wp-content\/uploads\/2025\/09\/HSK551K55210.webp?fit=2048%2C1536&ssl=1\",\"datePublished\":\"2025-09-30T20:26:18+00:00\",\"dateModified\":\"2025-10-02T09:30:04+00:00\",\"breadcrumb\":{\"@id\":\"https:\/\/trukme.lv\/en\/products\/hpl-products\/hpl-panels\/hpl-sienas-panelis-k551su-k552su\/#breadcrumb\"},\"inLanguage\":\"en-GB\",\"potentialAction\":[{\"@type\":\"ReadAction\",\"target\":[\"https:\/\/trukme.lv\/en\/products\/hpl-products\/hpl-panels\/hpl-sienas-panelis-k551su-k552su\/\"]}]},{\"@type\":\"ImageObject\",\"inLanguage\":\"en-GB\",\"@id\":\"https:\/\/trukme.lv\/en\/products\/hpl-products\/hpl-panels\/hpl-sienas-panelis-k551su-k552su\/#primaryimage\",\"url\":\"https:\/\/i0.wp.com\/trukme.lv\/wp-content\/uploads\/2025\/09\/HSK551K55210.webp?fit=2048%2C1536&ssl=1\",\"contentUrl\":\"https:\/\/i0.wp.com\/trukme.lv\/wp-content\/uploads\/2025\/09\/HSK551K55210.webp?fit=2048%2C1536&ssl=1\",\"width\":2048,\"height\":1536},{\"@type\":\"BreadcrumbList\",\"@id\":\"https:\/\/trukme.lv\/en\/products\/hpl-products\/hpl-panels\/hpl-sienas-panelis-k551su-k552su\/#breadcrumb\",\"itemListElement\":[{\"@type\":\"ListItem\",\"position\":1,\"name\":\"Home\",\"item\":\"https:\/\/trukme.lv\/en\/home\/\"},{\"@type\":\"ListItem\",\"position\":2,\"name\":\"Products\",\"item\":\"https:\/\/trukme.lv\/en\/products\/\"},{\"@type\":\"ListItem\",\"position\":3,\"name\":\"HPL wall panel K551SU\/K552SU\"}]},{\"@type\":\"WebSite\",\"@id\":\"https:\/\/trukme.lv\/en\/#website\",\"url\":\"https:\/\/trukme.lv\/en\/\",\"name\":\"Trukm\u0117\",\"description\":\"M\u0113be\u013cu pane\u013ci, galda virsmas, m\u0113be\u013cu furnit\u016bra. Virtuves m\u0113be\u013cu, skapju, vannas istabas m\u0113be\u013cu u.c. sortiments. Paz\u012bstami un uzticami ra\u017eot\u0101ji.\",\"potentialAction\":[{\"@type\":\"SearchAction\",\"target\":{\"@type\":\"EntryPoint\",\"urlTemplate\":\"https:\/\/trukme.lv\/en\/?s={search_term_string}\"},\"query-input\":{\"@type\":\"PropertyValueSpecification\",\"valueRequired\":true,\"valueName\":\"search_term_string\"}}],\"inLanguage\":\"en-GB\"}]}<\/script>\n<!-- \/ Yoast SEO plugin. -->","yoast_head_json":{"title":"HPL wall panel K551SU\/K552SU - Trukm\u0117","robots":{"index":"index","follow":"follow","max-snippet":"max-snippet:-1","max-image-preview":"max-image-preview:large","max-video-preview":"max-video-preview:-1"},"canonical":"https:\/\/trukme.lv\/en\/products\/hpl-products\/hpl-panels\/hpl-sienas-panelis-k551su-k552su\/","og_locale":"en_GB","og_type":"article","og_title":"HPL wall panel K551SU\/K552SU - Trukm\u0117","og_description":"Each countertop in the range has an identical and matching wall panel. Chipboard wall panels are used for the final finishing of kitchen, office, and workspace countertops. In the kitchen, they connect the countertop with the line of upper cabinets, protect the wall in the work area, and create a decorative accent. Used for vertical...","og_url":"https:\/\/trukme.lv\/en\/products\/hpl-products\/hpl-panels\/hpl-sienas-panelis-k551su-k552su\/","og_site_name":"Trukm\u0117","article_modified_time":"2025-10-02T09:30:04+00:00","og_image":[{"width":2048,"height":1536,"url":"https:\/\/i0.wp.com\/trukme.lv\/wp-content\/uploads\/2025\/09\/HSK551K55210.webp?fit=2048%2C1536&ssl=1","type":"image\/webp"}],"twitter_card":"summary_large_image","schema":{"@context":"https:\/\/schema.org","@graph":[{"@type":"WebPage","@id":"https:\/\/trukme.lv\/en\/products\/hpl-products\/hpl-panels\/hpl-sienas-panelis-k551su-k552su\/","url":"https:\/\/trukme.lv\/en\/products\/hpl-products\/hpl-panels\/hpl-sienas-panelis-k551su-k552su\/","name":"HPL wall panel K551SU\/K552SU - Trukm\u0117","isPartOf":{"@id":"https:\/\/trukme.lv\/en\/#website"},"primaryImageOfPage":{"@id":"https:\/\/trukme.lv\/en\/products\/hpl-products\/hpl-panels\/hpl-sienas-panelis-k551su-k552su\/#primaryimage"},"image":{"@id":"https:\/\/trukme.lv\/en\/products\/hpl-products\/hpl-panels\/hpl-sienas-panelis-k551su-k552su\/#primaryimage"},"thumbnailUrl":"https:\/\/i0.wp.com\/trukme.lv\/wp-content\/uploads\/2025\/09\/HSK551K55210.webp?fit=2048%2C1536&ssl=1","datePublished":"2025-09-30T20:26:18+00:00","dateModified":"2025-10-02T09:30:04+00:00","breadcrumb":{"@id":"https:\/\/trukme.lv\/en\/products\/hpl-products\/hpl-panels\/hpl-sienas-panelis-k551su-k552su\/#breadcrumb"},"inLanguage":"en-GB","potentialAction":[{"@type":"ReadAction","target":["https:\/\/trukme.lv\/en\/products\/hpl-products\/hpl-panels\/hpl-sienas-panelis-k551su-k552su\/"]}]},{"@type":"ImageObject","inLanguage":"en-GB","@id":"https:\/\/trukme.lv\/en\/products\/hpl-products\/hpl-panels\/hpl-sienas-panelis-k551su-k552su\/#primaryimage","url":"https:\/\/i0.wp.com\/trukme.lv\/wp-content\/uploads\/2025\/09\/HSK551K55210.webp?fit=2048%2C1536&ssl=1","contentUrl":"https:\/\/i0.wp.com\/trukme.lv\/wp-content\/uploads\/2025\/09\/HSK551K55210.webp?fit=2048%2C1536&ssl=1","width":2048,"height":1536},{"@type":"BreadcrumbList","@id":"https:\/\/trukme.lv\/en\/products\/hpl-products\/hpl-panels\/hpl-sienas-panelis-k551su-k552su\/#breadcrumb","itemListElement":[{"@type":"ListItem","position":1,"name":"Home","item":"https:\/\/trukme.lv\/en\/home\/"},{"@type":"ListItem","position":2,"name":"Products","item":"https:\/\/trukme.lv\/en\/products\/"},{"@type":"ListItem","position":3,"name":"HPL wall panel K551SU\/K552SU"}]},{"@type":"WebSite","@id":"https:\/\/trukme.lv\/en\/#website","url":"https:\/\/trukme.lv\/en\/","name":"Trukm\u0117","description":"M\u0113be\u013cu pane\u013ci, galda virsmas, m\u0113be\u013cu furnit\u016bra. Virtuves m\u0113be\u013cu, skapju, vannas istabas m\u0113be\u013cu u.c. sortiments. Paz\u012bstami un uzticami ra\u017eot\u0101ji.","potentialAction":[{"@type":"SearchAction","target":{"@type":"EntryPoint","urlTemplate":"https:\/\/trukme.lv\/en\/?s={search_term_string}"},"query-input":{"@type":"PropertyValueSpecification","valueRequired":true,"valueName":"search_term_string"}}],"inLanguage":"en-GB"}]}},"jetpack_sharing_enabled":true,"_links":{"self":[{"href":"https:\/\/trukme.lv\/en\/wp-json\/wp\/v2\/product\/272589","targetHints":{"allow":["GET"]}}],"collection":[{"href":"https:\/\/trukme.lv\/en\/wp-json\/wp\/v2\/product"}],"about":[{"href":"https:\/\/trukme.lv\/en\/wp-json\/wp\/v2\/types\/product"}],"wp:featuredmedia":[{"embeddable":true,"href":"https:\/\/trukme.lv\/en\/wp-json\/wp\/v2\/media\/271757"}],"wp:attachment":[{"href":"https:\/\/trukme.lv\/en\/wp-json\/wp\/v2\/media?parent=272589"}],"wp:term":[{"taxonomy":"product_brand","embeddable":true,"href":"https:\/\/trukme.lv\/en\/wp-json\/wp\/v2\/product_brand?post=272589"},{"taxonomy":"product_cat","embeddable":true,"href":"https:\/\/trukme.lv\/en\/wp-json\/wp\/v2\/product_cat?post=272589"},{"taxonomy":"product_tag","embeddable":true,"href":"https:\/\/trukme.lv\/en\/wp-json\/wp\/v2\/product_tag?post=272589"}],"curies":[{"name":"wp","href":"https:\/\/api.w.org\/{rel}","templated":true}]}}