{"id":272606,"date":"2025-09-30T23:25:51","date_gmt":"2025-09-30T20:25:51","guid":{"rendered":"https:\/\/trukme.lv\/produkti\/uncategorized\/hpl-loksne-0-7mm-aliuminium-6010-metalizuotas\/"},"modified":"2025-10-02T12:30:10","modified_gmt":"2025-10-02T09:30:10","slug":"hpl-loksne-0-7mm-aliuminium-6010-metalizuotas","status":"publish","type":"product","link":"https:\/\/trukme.lv\/en\/products\/hpl-products\/hpl-cpl-sheets\/hpl-loksne-0-7mm-aliuminium-6010-metalizuotas\/","title":{"rendered":"HPL panel 0.7mm, Aliuminium 6010 metalizuotas"},"content":{"rendered":"<p>High-pressure laminate (HPL) is an excellent material for surfaces that must be especially durable and impact-resistant. It is produced by pressing a multi-layer sheet and resin-impregnated decorative paper. Distinguished by its abrasion resistance, durability, and hygiene. High-pressure laminate products are compatible with our range of LMDP and countertops. They can be attached to different types of wooden substrates. Offers wide application possibilities in various interiors. IMPORTANT! HPL is coated with a real metal sheet, therefore the surface is more sensitive to mechanical damage. According to standard EN 438-2-25, surface scratch resistance \u2013 2N.<\/p>\n","protected":false},"excerpt":{"rendered":"<p>High-pressure laminate (HPL) is an excellent material for surfaces that must be especially durable and impact-resistant. It is produced by pressing a multi-layer sheet and resin-impregnated decorative paper. Distinguished by its abrasion resistance, durability, and hygiene. High-pressure laminate products are compatible with our range of LMDP and countertops. They can be attached to different types&#8230;<\/p>\n","protected":false},"featured_media":271695,"template":"","meta":{"_acf_changed":false},"product_brand":[6957],"product_cat":[6269,6273],"product_tag":[],"class_list":{"0":"post-272606","1":"product","2":"type-product","3":"status-publish","4":"has-post-thumbnail","6":"product_brand-gentas-en-2","7":"product_cat-hpl-products","8":"product_cat-hpl-cpl-sheets","10":"first","11":"instock","12":"product-type-simple"},"acf":[],"yoast_head":"<!-- This site is optimized with the Yoast SEO plugin v26.5 - https:\/\/yoast.com\/wordpress\/plugins\/seo\/ -->\n<title>HPL panel 0.7mm, Aliuminium 6010 metalizuotas - Trukm\u0117<\/title>\n<meta name=\"robots\" content=\"index, follow, max-snippet:-1, max-image-preview:large, max-video-preview:-1\" \/>\n<link rel=\"canonical\" href=\"https:\/\/trukme.lv\/en\/products\/hpl-products\/hpl-cpl-sheets\/hpl-loksne-0-7mm-aliuminium-6010-metalizuotas\/\" \/>\n<meta property=\"og:locale\" content=\"en_GB\" \/>\n<meta property=\"og:type\" content=\"article\" \/>\n<meta property=\"og:title\" content=\"HPL panel 0.7mm, Aliuminium 6010 metalizuotas - Trukm\u0117\" \/>\n<meta property=\"og:description\" content=\"High-pressure laminate (HPL) is an excellent material for surfaces that must be especially durable and impact-resistant. It is produced by pressing a multi-layer sheet and resin-impregnated decorative paper. Distinguished by its abrasion resistance, durability, and hygiene. High-pressure laminate products are compatible with our range of LMDP and countertops. They can be attached to different types...\" \/>\n<meta property=\"og:url\" content=\"https:\/\/trukme.lv\/en\/products\/hpl-products\/hpl-cpl-sheets\/hpl-loksne-0-7mm-aliuminium-6010-metalizuotas\/\" \/>\n<meta property=\"og:site_name\" content=\"Trukm\u0117\" \/>\n<meta property=\"article:modified_time\" content=\"2025-10-02T09:30:10+00:00\" \/>\n<meta property=\"og:image\" content=\"https:\/\/i0.wp.com\/trukme.lv\/wp-content\/uploads\/2025\/09\/HPL076010METAL.webp?fit=600%2C564&ssl=1\" \/>\n\t<meta property=\"og:image:width\" content=\"600\" \/>\n\t<meta property=\"og:image:height\" content=\"564\" \/>\n\t<meta property=\"og:image:type\" content=\"image\/webp\" \/>\n<meta name=\"twitter:card\" content=\"summary_large_image\" \/>\n<script type=\"application\/ld+json\" class=\"yoast-schema-graph\">{\"@context\":\"https:\/\/schema.org\",\"@graph\":[{\"@type\":\"WebPage\",\"@id\":\"https:\/\/trukme.lv\/en\/products\/hpl-products\/hpl-cpl-sheets\/hpl-loksne-0-7mm-aliuminium-6010-metalizuotas\/\",\"url\":\"https:\/\/trukme.lv\/en\/products\/hpl-products\/hpl-cpl-sheets\/hpl-loksne-0-7mm-aliuminium-6010-metalizuotas\/\",\"name\":\"HPL panel 0.7mm, Aliuminium 6010 metalizuotas - Trukm\u0117\",\"isPartOf\":{\"@id\":\"https:\/\/trukme.lv\/en\/#website\"},\"primaryImageOfPage\":{\"@id\":\"https:\/\/trukme.lv\/en\/products\/hpl-products\/hpl-cpl-sheets\/hpl-loksne-0-7mm-aliuminium-6010-metalizuotas\/#primaryimage\"},\"image\":{\"@id\":\"https:\/\/trukme.lv\/en\/products\/hpl-products\/hpl-cpl-sheets\/hpl-loksne-0-7mm-aliuminium-6010-metalizuotas\/#primaryimage\"},\"thumbnailUrl\":\"https:\/\/i0.wp.com\/trukme.lv\/wp-content\/uploads\/2025\/09\/HPL076010METAL.webp?fit=600%2C564&ssl=1\",\"datePublished\":\"2025-09-30T20:25:51+00:00\",\"dateModified\":\"2025-10-02T09:30:10+00:00\",\"breadcrumb\":{\"@id\":\"https:\/\/trukme.lv\/en\/products\/hpl-products\/hpl-cpl-sheets\/hpl-loksne-0-7mm-aliuminium-6010-metalizuotas\/#breadcrumb\"},\"inLanguage\":\"en-GB\",\"potentialAction\":[{\"@type\":\"ReadAction\",\"target\":[\"https:\/\/trukme.lv\/en\/products\/hpl-products\/hpl-cpl-sheets\/hpl-loksne-0-7mm-aliuminium-6010-metalizuotas\/\"]}]},{\"@type\":\"ImageObject\",\"inLanguage\":\"en-GB\",\"@id\":\"https:\/\/trukme.lv\/en\/products\/hpl-products\/hpl-cpl-sheets\/hpl-loksne-0-7mm-aliuminium-6010-metalizuotas\/#primaryimage\",\"url\":\"https:\/\/i0.wp.com\/trukme.lv\/wp-content\/uploads\/2025\/09\/HPL076010METAL.webp?fit=600%2C564&ssl=1\",\"contentUrl\":\"https:\/\/i0.wp.com\/trukme.lv\/wp-content\/uploads\/2025\/09\/HPL076010METAL.webp?fit=600%2C564&ssl=1\",\"width\":600,\"height\":564},{\"@type\":\"BreadcrumbList\",\"@id\":\"https:\/\/trukme.lv\/en\/products\/hpl-products\/hpl-cpl-sheets\/hpl-loksne-0-7mm-aliuminium-6010-metalizuotas\/#breadcrumb\",\"itemListElement\":[{\"@type\":\"ListItem\",\"position\":1,\"name\":\"Home\",\"item\":\"https:\/\/trukme.lv\/en\/home\/\"},{\"@type\":\"ListItem\",\"position\":2,\"name\":\"Products\",\"item\":\"https:\/\/trukme.lv\/en\/products\/\"},{\"@type\":\"ListItem\",\"position\":3,\"name\":\"HPL panel 0.7mm, Aliuminium 6010 metalizuotas\"}]},{\"@type\":\"WebSite\",\"@id\":\"https:\/\/trukme.lv\/en\/#website\",\"url\":\"https:\/\/trukme.lv\/en\/\",\"name\":\"Trukm\u0117\",\"description\":\"M\u0113be\u013cu pane\u013ci, galda virsmas, m\u0113be\u013cu furnit\u016bra. Virtuves m\u0113be\u013cu, skapju, vannas istabas m\u0113be\u013cu u.c. sortiments. Paz\u012bstami un uzticami ra\u017eot\u0101ji.\",\"potentialAction\":[{\"@type\":\"SearchAction\",\"target\":{\"@type\":\"EntryPoint\",\"urlTemplate\":\"https:\/\/trukme.lv\/en\/?s={search_term_string}\"},\"query-input\":{\"@type\":\"PropertyValueSpecification\",\"valueRequired\":true,\"valueName\":\"search_term_string\"}}],\"inLanguage\":\"en-GB\"}]}<\/script>\n<!-- \/ Yoast SEO plugin. -->","yoast_head_json":{"title":"HPL panel 0.7mm, Aliuminium 6010 metalizuotas - Trukm\u0117","robots":{"index":"index","follow":"follow","max-snippet":"max-snippet:-1","max-image-preview":"max-image-preview:large","max-video-preview":"max-video-preview:-1"},"canonical":"https:\/\/trukme.lv\/en\/products\/hpl-products\/hpl-cpl-sheets\/hpl-loksne-0-7mm-aliuminium-6010-metalizuotas\/","og_locale":"en_GB","og_type":"article","og_title":"HPL panel 0.7mm, Aliuminium 6010 metalizuotas - Trukm\u0117","og_description":"High-pressure laminate (HPL) is an excellent material for surfaces that must be especially durable and impact-resistant. It is produced by pressing a multi-layer sheet and resin-impregnated decorative paper. Distinguished by its abrasion resistance, durability, and hygiene. High-pressure laminate products are compatible with our range of LMDP and countertops. They can be attached to different types...","og_url":"https:\/\/trukme.lv\/en\/products\/hpl-products\/hpl-cpl-sheets\/hpl-loksne-0-7mm-aliuminium-6010-metalizuotas\/","og_site_name":"Trukm\u0117","article_modified_time":"2025-10-02T09:30:10+00:00","og_image":[{"width":600,"height":564,"url":"https:\/\/i0.wp.com\/trukme.lv\/wp-content\/uploads\/2025\/09\/HPL076010METAL.webp?fit=600%2C564&ssl=1","type":"image\/webp"}],"twitter_card":"summary_large_image","schema":{"@context":"https:\/\/schema.org","@graph":[{"@type":"WebPage","@id":"https:\/\/trukme.lv\/en\/products\/hpl-products\/hpl-cpl-sheets\/hpl-loksne-0-7mm-aliuminium-6010-metalizuotas\/","url":"https:\/\/trukme.lv\/en\/products\/hpl-products\/hpl-cpl-sheets\/hpl-loksne-0-7mm-aliuminium-6010-metalizuotas\/","name":"HPL panel 0.7mm, Aliuminium 6010 metalizuotas - Trukm\u0117","isPartOf":{"@id":"https:\/\/trukme.lv\/en\/#website"},"primaryImageOfPage":{"@id":"https:\/\/trukme.lv\/en\/products\/hpl-products\/hpl-cpl-sheets\/hpl-loksne-0-7mm-aliuminium-6010-metalizuotas\/#primaryimage"},"image":{"@id":"https:\/\/trukme.lv\/en\/products\/hpl-products\/hpl-cpl-sheets\/hpl-loksne-0-7mm-aliuminium-6010-metalizuotas\/#primaryimage"},"thumbnailUrl":"https:\/\/i0.wp.com\/trukme.lv\/wp-content\/uploads\/2025\/09\/HPL076010METAL.webp?fit=600%2C564&ssl=1","datePublished":"2025-09-30T20:25:51+00:00","dateModified":"2025-10-02T09:30:10+00:00","breadcrumb":{"@id":"https:\/\/trukme.lv\/en\/products\/hpl-products\/hpl-cpl-sheets\/hpl-loksne-0-7mm-aliuminium-6010-metalizuotas\/#breadcrumb"},"inLanguage":"en-GB","potentialAction":[{"@type":"ReadAction","target":["https:\/\/trukme.lv\/en\/products\/hpl-products\/hpl-cpl-sheets\/hpl-loksne-0-7mm-aliuminium-6010-metalizuotas\/"]}]},{"@type":"ImageObject","inLanguage":"en-GB","@id":"https:\/\/trukme.lv\/en\/products\/hpl-products\/hpl-cpl-sheets\/hpl-loksne-0-7mm-aliuminium-6010-metalizuotas\/#primaryimage","url":"https:\/\/i0.wp.com\/trukme.lv\/wp-content\/uploads\/2025\/09\/HPL076010METAL.webp?fit=600%2C564&ssl=1","contentUrl":"https:\/\/i0.wp.com\/trukme.lv\/wp-content\/uploads\/2025\/09\/HPL076010METAL.webp?fit=600%2C564&ssl=1","width":600,"height":564},{"@type":"BreadcrumbList","@id":"https:\/\/trukme.lv\/en\/products\/hpl-products\/hpl-cpl-sheets\/hpl-loksne-0-7mm-aliuminium-6010-metalizuotas\/#breadcrumb","itemListElement":[{"@type":"ListItem","position":1,"name":"Home","item":"https:\/\/trukme.lv\/en\/home\/"},{"@type":"ListItem","position":2,"name":"Products","item":"https:\/\/trukme.lv\/en\/products\/"},{"@type":"ListItem","position":3,"name":"HPL panel 0.7mm, Aliuminium 6010 metalizuotas"}]},{"@type":"WebSite","@id":"https:\/\/trukme.lv\/en\/#website","url":"https:\/\/trukme.lv\/en\/","name":"Trukm\u0117","description":"M\u0113be\u013cu pane\u013ci, galda virsmas, m\u0113be\u013cu furnit\u016bra. Virtuves m\u0113be\u013cu, skapju, vannas istabas m\u0113be\u013cu u.c. sortiments. Paz\u012bstami un uzticami ra\u017eot\u0101ji.","potentialAction":[{"@type":"SearchAction","target":{"@type":"EntryPoint","urlTemplate":"https:\/\/trukme.lv\/en\/?s={search_term_string}"},"query-input":{"@type":"PropertyValueSpecification","valueRequired":true,"valueName":"search_term_string"}}],"inLanguage":"en-GB"}]}},"jetpack_sharing_enabled":true,"_links":{"self":[{"href":"https:\/\/trukme.lv\/en\/wp-json\/wp\/v2\/product\/272606","targetHints":{"allow":["GET"]}}],"collection":[{"href":"https:\/\/trukme.lv\/en\/wp-json\/wp\/v2\/product"}],"about":[{"href":"https:\/\/trukme.lv\/en\/wp-json\/wp\/v2\/types\/product"}],"wp:featuredmedia":[{"embeddable":true,"href":"https:\/\/trukme.lv\/en\/wp-json\/wp\/v2\/media\/271695"}],"wp:attachment":[{"href":"https:\/\/trukme.lv\/en\/wp-json\/wp\/v2\/media?parent=272606"}],"wp:term":[{"taxonomy":"product_brand","embeddable":true,"href":"https:\/\/trukme.lv\/en\/wp-json\/wp\/v2\/product_brand?post=272606"},{"taxonomy":"product_cat","embeddable":true,"href":"https:\/\/trukme.lv\/en\/wp-json\/wp\/v2\/product_cat?post=272606"},{"taxonomy":"product_tag","embeddable":true,"href":"https:\/\/trukme.lv\/en\/wp-json\/wp\/v2\/product_tag?post=272606"}],"curies":[{"name":"wp","href":"https:\/\/api.w.org\/{rel}","templated":true}]}}