{"id":272622,"date":"2025-09-30T23:25:25","date_gmt":"2025-09-30T20:25:25","guid":{"rendered":"https:\/\/trukme.lv\/produkti\/uncategorized\/cpl-loksne-loksne-0-7mm-dark-wood-4722-touch-tekstura\/"},"modified":"2025-10-02T12:30:18","modified_gmt":"2025-10-02T09:30:18","slug":"cpl-loksne-loksne-0-7mm-dark-wood-4722-touch-tekstura","status":"publish","type":"product","link":"https:\/\/trukme.lv\/en\/products\/hpl-products\/hpl-cpl-sheets\/cpl-loksne-loksne-0-7mm-dark-wood-4722-touch-tekstura\/","title":{"rendered":"CPL sheet 0.7mm DARK WOOD 4722 TOUCH texture"},"content":{"rendered":"<p>High-pressure laminate (HPL) is an excellent material for surfaces that must be particularly durable and impact-resistant. Produced by pressing a multilayer sheet and decorative paper impregnated with resin. It has wear resistance, durability, and hygiene. High-pressure laminate products are compatible with our range of MFC and countertops. They can be fixed to various types of wood substrates. Offers many application possibilities in different types of interiors. IMPORTANT! Smooth texture is more sensitive to mechanical damage than embossed. According to EN 438-2-25 standard, surface scratch resistance \u2013 3N.<\/p>\n","protected":false},"excerpt":{"rendered":"<p>High-pressure laminate (HPL) is an excellent material for surfaces that must be particularly durable and impact-resistant. Produced by pressing a multilayer sheet and decorative paper impregnated with resin. It has wear resistance, durability, and hygiene. High-pressure laminate products are compatible with our range of MFC and countertops. They can be fixed to various types of&#8230;<\/p>\n","protected":false},"featured_media":271625,"template":"","meta":{"_acf_changed":false},"product_brand":[6957],"product_cat":[6269,6273],"product_tag":[],"class_list":{"0":"post-272622","1":"product","2":"type-product","3":"status-publish","4":"has-post-thumbnail","6":"product_brand-gentas-en-2","7":"product_cat-hpl-products","8":"product_cat-hpl-cpl-sheets","10":"first","11":"instock","12":"product-type-simple"},"acf":[],"yoast_head":"<!-- This site is optimized with the Yoast SEO plugin v26.5 - https:\/\/yoast.com\/wordpress\/plugins\/seo\/ -->\n<title>CPL sheet 0.7mm DARK WOOD 4722 TOUCH texture - Trukm\u0117<\/title>\n<meta name=\"robots\" content=\"index, follow, max-snippet:-1, max-image-preview:large, max-video-preview:-1\" \/>\n<link rel=\"canonical\" href=\"https:\/\/trukme.lv\/en\/products\/hpl-products\/hpl-cpl-sheets\/cpl-loksne-loksne-0-7mm-dark-wood-4722-touch-tekstura\/\" \/>\n<meta property=\"og:locale\" content=\"en_GB\" \/>\n<meta property=\"og:type\" content=\"article\" \/>\n<meta property=\"og:title\" content=\"CPL sheet 0.7mm DARK WOOD 4722 TOUCH texture - Trukm\u0117\" \/>\n<meta property=\"og:description\" content=\"High-pressure laminate (HPL) is an excellent material for surfaces that must be particularly durable and impact-resistant. Produced by pressing a multilayer sheet and decorative paper impregnated with resin. It has wear resistance, durability, and hygiene. High-pressure laminate products are compatible with our range of MFC and countertops. They can be fixed to various types of...\" \/>\n<meta property=\"og:url\" content=\"https:\/\/trukme.lv\/en\/products\/hpl-products\/hpl-cpl-sheets\/cpl-loksne-loksne-0-7mm-dark-wood-4722-touch-tekstura\/\" \/>\n<meta property=\"og:site_name\" content=\"Trukm\u0117\" \/>\n<meta property=\"article:modified_time\" content=\"2025-10-02T09:30:18+00:00\" \/>\n<meta property=\"og:image\" content=\"https:\/\/i0.wp.com\/trukme.lv\/wp-content\/uploads\/2025\/09\/HP074722TOUCH.webp?fit=1600%2C941&ssl=1\" \/>\n\t<meta property=\"og:image:width\" content=\"1600\" \/>\n\t<meta property=\"og:image:height\" content=\"941\" \/>\n\t<meta property=\"og:image:type\" content=\"image\/webp\" \/>\n<meta name=\"twitter:card\" content=\"summary_large_image\" \/>\n<script type=\"application\/ld+json\" class=\"yoast-schema-graph\">{\"@context\":\"https:\/\/schema.org\",\"@graph\":[{\"@type\":\"WebPage\",\"@id\":\"https:\/\/trukme.lv\/en\/products\/hpl-products\/hpl-cpl-sheets\/cpl-loksne-loksne-0-7mm-dark-wood-4722-touch-tekstura\/\",\"url\":\"https:\/\/trukme.lv\/en\/products\/hpl-products\/hpl-cpl-sheets\/cpl-loksne-loksne-0-7mm-dark-wood-4722-touch-tekstura\/\",\"name\":\"CPL sheet 0.7mm DARK WOOD 4722 TOUCH texture - Trukm\u0117\",\"isPartOf\":{\"@id\":\"https:\/\/trukme.lv\/en\/#website\"},\"primaryImageOfPage\":{\"@id\":\"https:\/\/trukme.lv\/en\/products\/hpl-products\/hpl-cpl-sheets\/cpl-loksne-loksne-0-7mm-dark-wood-4722-touch-tekstura\/#primaryimage\"},\"image\":{\"@id\":\"https:\/\/trukme.lv\/en\/products\/hpl-products\/hpl-cpl-sheets\/cpl-loksne-loksne-0-7mm-dark-wood-4722-touch-tekstura\/#primaryimage\"},\"thumbnailUrl\":\"https:\/\/i0.wp.com\/trukme.lv\/wp-content\/uploads\/2025\/09\/HP074722TOUCH.webp?fit=1600%2C941&ssl=1\",\"datePublished\":\"2025-09-30T20:25:25+00:00\",\"dateModified\":\"2025-10-02T09:30:18+00:00\",\"breadcrumb\":{\"@id\":\"https:\/\/trukme.lv\/en\/products\/hpl-products\/hpl-cpl-sheets\/cpl-loksne-loksne-0-7mm-dark-wood-4722-touch-tekstura\/#breadcrumb\"},\"inLanguage\":\"en-GB\",\"potentialAction\":[{\"@type\":\"ReadAction\",\"target\":[\"https:\/\/trukme.lv\/en\/products\/hpl-products\/hpl-cpl-sheets\/cpl-loksne-loksne-0-7mm-dark-wood-4722-touch-tekstura\/\"]}]},{\"@type\":\"ImageObject\",\"inLanguage\":\"en-GB\",\"@id\":\"https:\/\/trukme.lv\/en\/products\/hpl-products\/hpl-cpl-sheets\/cpl-loksne-loksne-0-7mm-dark-wood-4722-touch-tekstura\/#primaryimage\",\"url\":\"https:\/\/i0.wp.com\/trukme.lv\/wp-content\/uploads\/2025\/09\/HP074722TOUCH.webp?fit=1600%2C941&ssl=1\",\"contentUrl\":\"https:\/\/i0.wp.com\/trukme.lv\/wp-content\/uploads\/2025\/09\/HP074722TOUCH.webp?fit=1600%2C941&ssl=1\",\"width\":1600,\"height\":941},{\"@type\":\"BreadcrumbList\",\"@id\":\"https:\/\/trukme.lv\/en\/products\/hpl-products\/hpl-cpl-sheets\/cpl-loksne-loksne-0-7mm-dark-wood-4722-touch-tekstura\/#breadcrumb\",\"itemListElement\":[{\"@type\":\"ListItem\",\"position\":1,\"name\":\"Home\",\"item\":\"https:\/\/trukme.lv\/en\/home\/\"},{\"@type\":\"ListItem\",\"position\":2,\"name\":\"Products\",\"item\":\"https:\/\/trukme.lv\/en\/products\/\"},{\"@type\":\"ListItem\",\"position\":3,\"name\":\"CPL sheet 0.7mm DARK WOOD 4722 TOUCH texture\"}]},{\"@type\":\"WebSite\",\"@id\":\"https:\/\/trukme.lv\/en\/#website\",\"url\":\"https:\/\/trukme.lv\/en\/\",\"name\":\"Trukm\u0117\",\"description\":\"M\u0113be\u013cu pane\u013ci, galda virsmas, m\u0113be\u013cu furnit\u016bra. Virtuves m\u0113be\u013cu, skapju, vannas istabas m\u0113be\u013cu u.c. sortiments. Paz\u012bstami un uzticami ra\u017eot\u0101ji.\",\"potentialAction\":[{\"@type\":\"SearchAction\",\"target\":{\"@type\":\"EntryPoint\",\"urlTemplate\":\"https:\/\/trukme.lv\/en\/?s={search_term_string}\"},\"query-input\":{\"@type\":\"PropertyValueSpecification\",\"valueRequired\":true,\"valueName\":\"search_term_string\"}}],\"inLanguage\":\"en-GB\"}]}<\/script>\n<!-- \/ Yoast SEO plugin. -->","yoast_head_json":{"title":"CPL sheet 0.7mm DARK WOOD 4722 TOUCH texture - Trukm\u0117","robots":{"index":"index","follow":"follow","max-snippet":"max-snippet:-1","max-image-preview":"max-image-preview:large","max-video-preview":"max-video-preview:-1"},"canonical":"https:\/\/trukme.lv\/en\/products\/hpl-products\/hpl-cpl-sheets\/cpl-loksne-loksne-0-7mm-dark-wood-4722-touch-tekstura\/","og_locale":"en_GB","og_type":"article","og_title":"CPL sheet 0.7mm DARK WOOD 4722 TOUCH texture - Trukm\u0117","og_description":"High-pressure laminate (HPL) is an excellent material for surfaces that must be particularly durable and impact-resistant. Produced by pressing a multilayer sheet and decorative paper impregnated with resin. It has wear resistance, durability, and hygiene. High-pressure laminate products are compatible with our range of MFC and countertops. They can be fixed to various types of...","og_url":"https:\/\/trukme.lv\/en\/products\/hpl-products\/hpl-cpl-sheets\/cpl-loksne-loksne-0-7mm-dark-wood-4722-touch-tekstura\/","og_site_name":"Trukm\u0117","article_modified_time":"2025-10-02T09:30:18+00:00","og_image":[{"width":1600,"height":941,"url":"https:\/\/i0.wp.com\/trukme.lv\/wp-content\/uploads\/2025\/09\/HP074722TOUCH.webp?fit=1600%2C941&ssl=1","type":"image\/webp"}],"twitter_card":"summary_large_image","schema":{"@context":"https:\/\/schema.org","@graph":[{"@type":"WebPage","@id":"https:\/\/trukme.lv\/en\/products\/hpl-products\/hpl-cpl-sheets\/cpl-loksne-loksne-0-7mm-dark-wood-4722-touch-tekstura\/","url":"https:\/\/trukme.lv\/en\/products\/hpl-products\/hpl-cpl-sheets\/cpl-loksne-loksne-0-7mm-dark-wood-4722-touch-tekstura\/","name":"CPL sheet 0.7mm DARK WOOD 4722 TOUCH texture - Trukm\u0117","isPartOf":{"@id":"https:\/\/trukme.lv\/en\/#website"},"primaryImageOfPage":{"@id":"https:\/\/trukme.lv\/en\/products\/hpl-products\/hpl-cpl-sheets\/cpl-loksne-loksne-0-7mm-dark-wood-4722-touch-tekstura\/#primaryimage"},"image":{"@id":"https:\/\/trukme.lv\/en\/products\/hpl-products\/hpl-cpl-sheets\/cpl-loksne-loksne-0-7mm-dark-wood-4722-touch-tekstura\/#primaryimage"},"thumbnailUrl":"https:\/\/i0.wp.com\/trukme.lv\/wp-content\/uploads\/2025\/09\/HP074722TOUCH.webp?fit=1600%2C941&ssl=1","datePublished":"2025-09-30T20:25:25+00:00","dateModified":"2025-10-02T09:30:18+00:00","breadcrumb":{"@id":"https:\/\/trukme.lv\/en\/products\/hpl-products\/hpl-cpl-sheets\/cpl-loksne-loksne-0-7mm-dark-wood-4722-touch-tekstura\/#breadcrumb"},"inLanguage":"en-GB","potentialAction":[{"@type":"ReadAction","target":["https:\/\/trukme.lv\/en\/products\/hpl-products\/hpl-cpl-sheets\/cpl-loksne-loksne-0-7mm-dark-wood-4722-touch-tekstura\/"]}]},{"@type":"ImageObject","inLanguage":"en-GB","@id":"https:\/\/trukme.lv\/en\/products\/hpl-products\/hpl-cpl-sheets\/cpl-loksne-loksne-0-7mm-dark-wood-4722-touch-tekstura\/#primaryimage","url":"https:\/\/i0.wp.com\/trukme.lv\/wp-content\/uploads\/2025\/09\/HP074722TOUCH.webp?fit=1600%2C941&ssl=1","contentUrl":"https:\/\/i0.wp.com\/trukme.lv\/wp-content\/uploads\/2025\/09\/HP074722TOUCH.webp?fit=1600%2C941&ssl=1","width":1600,"height":941},{"@type":"BreadcrumbList","@id":"https:\/\/trukme.lv\/en\/products\/hpl-products\/hpl-cpl-sheets\/cpl-loksne-loksne-0-7mm-dark-wood-4722-touch-tekstura\/#breadcrumb","itemListElement":[{"@type":"ListItem","position":1,"name":"Home","item":"https:\/\/trukme.lv\/en\/home\/"},{"@type":"ListItem","position":2,"name":"Products","item":"https:\/\/trukme.lv\/en\/products\/"},{"@type":"ListItem","position":3,"name":"CPL sheet 0.7mm DARK WOOD 4722 TOUCH texture"}]},{"@type":"WebSite","@id":"https:\/\/trukme.lv\/en\/#website","url":"https:\/\/trukme.lv\/en\/","name":"Trukm\u0117","description":"M\u0113be\u013cu pane\u013ci, galda virsmas, m\u0113be\u013cu furnit\u016bra. Virtuves m\u0113be\u013cu, skapju, vannas istabas m\u0113be\u013cu u.c. sortiments. Paz\u012bstami un uzticami ra\u017eot\u0101ji.","potentialAction":[{"@type":"SearchAction","target":{"@type":"EntryPoint","urlTemplate":"https:\/\/trukme.lv\/en\/?s={search_term_string}"},"query-input":{"@type":"PropertyValueSpecification","valueRequired":true,"valueName":"search_term_string"}}],"inLanguage":"en-GB"}]}},"jetpack_sharing_enabled":true,"_links":{"self":[{"href":"https:\/\/trukme.lv\/en\/wp-json\/wp\/v2\/product\/272622","targetHints":{"allow":["GET"]}}],"collection":[{"href":"https:\/\/trukme.lv\/en\/wp-json\/wp\/v2\/product"}],"about":[{"href":"https:\/\/trukme.lv\/en\/wp-json\/wp\/v2\/types\/product"}],"wp:featuredmedia":[{"embeddable":true,"href":"https:\/\/trukme.lv\/en\/wp-json\/wp\/v2\/media\/271625"}],"wp:attachment":[{"href":"https:\/\/trukme.lv\/en\/wp-json\/wp\/v2\/media?parent=272622"}],"wp:term":[{"taxonomy":"product_brand","embeddable":true,"href":"https:\/\/trukme.lv\/en\/wp-json\/wp\/v2\/product_brand?post=272622"},{"taxonomy":"product_cat","embeddable":true,"href":"https:\/\/trukme.lv\/en\/wp-json\/wp\/v2\/product_cat?post=272622"},{"taxonomy":"product_tag","embeddable":true,"href":"https:\/\/trukme.lv\/en\/wp-json\/wp\/v2\/product_tag?post=272622"}],"curies":[{"name":"wp","href":"https:\/\/api.w.org\/{rel}","templated":true}]}}