{"id":272761,"date":"2025-09-30T23:18:46","date_gmt":"2025-09-30T20:18:46","guid":{"rendered":"https:\/\/trukme.lv\/produkti\/uncategorized\/compact-hpl-loksne-calacatta-olympus-k551su-su-balts-pildijums\/"},"modified":"2025-10-21T22:48:29","modified_gmt":"2025-10-21T19:48:29","slug":"compact-hpl-loksne-calacatta-olympus-k551su-su-balts-pildijums","status":"publish","type":"product","link":"https:\/\/trukme.lv\/en\/products\/compact-hpl-laminates-en-2\/compact-hpl-loksne-calacatta-olympus-k551su-su-balts-pildijums\/","title":{"rendered":"Compact HPL loksne Calacatta Olympus, K551SU\/SU (Balts pild\u012bjums)"},"content":{"rendered":"<p>Kompakt\u0101 pl\u0101ksne \u2013 t\u0101 ir dekorat\u012bvs struktur\u0101ls augstspiediena lamin\u0101ts, kas sast\u0101v no daudzsl\u0101\u0146u loksnes, kas augsta spiediena un temperat\u016bras ietekm\u0113 p\u0101rkl\u0101ta ar speci\u0101l\u0101 sve\u0137\u012b impregn\u0113tu dekorat\u012bvo pap\u012bru. Izce\u013cas ar iztur\u012bbu pret mitrumu un \u016bdeni, lielu notur\u012bbu un iztur\u012bbu pret slodzi. Kompakt\u0101 pl\u0101ksne ir piem\u0113rota gan horizont\u0101l\u0101m, gan vertik\u0101l\u0101m konstrukcij\u0101m, t\u0101d\u0113\u013c pielietojama gandr\u012bz visur: virtuv\u0113 elegantai un vieglai darba virsmai, galdiem, skap\u012b\u0161iem, tuale\u0161u un \u0123\u0113rbtuvju starpsien\u0101m, birojos, b\u0113rnud\u0101rzos, skol\u0101s, medic\u012bnas iest\u0101d\u0113s, sporta klubos, veikalu skatlogos vai vienk\u0101r\u0161i k\u0101 interjera akcents. Kronospan ra\u017eot\u0101ja Compact Akmens \u2013 Marmora dekori ir popul\u0101r\u0101k\u0101 izv\u0113le. Darba virsmas ir praktiskas, viegli kopjamas, izskat\u0101s eleganti un rada grezn\u012bbas saj\u016btu. *HPL sienas panelis K551SU\/K552SU nav identisks Compact HPL dekoram. Nav raksta atk\u0101rtojuma vis\u0101 Compact HPL garum\u0101.<\/p>\n","protected":false},"excerpt":{"rendered":"<p>Kompakt\u0101 pl\u0101ksne \u2013 t\u0101 ir dekorat\u012bvs struktur\u0101ls augstspiediena lamin\u0101ts, kas sast\u0101v no daudzsl\u0101\u0146u loksnes, kas augsta spiediena un temperat\u016bras ietekm\u0113 p\u0101rkl\u0101ta ar speci\u0101l\u0101 sve\u0137\u012b impregn\u0113tu dekorat\u012bvo pap\u012bru. Izce\u013cas ar iztur\u012bbu pret mitrumu un \u016bdeni, lielu notur\u012bbu un iztur\u012bbu pret slodzi. Kompakt\u0101 pl\u0101ksne ir piem\u0113rota gan horizont\u0101l\u0101m, gan vertik\u0101l\u0101m konstrukcij\u0101m, t\u0101d\u0113\u013c pielietojama gandr\u012bz visur: virtuv\u0113 elegantai&#8230;<\/p>\n","protected":false},"featured_media":270561,"template":"","meta":{"_acf_changed":false},"product_brand":[6996],"product_cat":[6255],"product_tag":[],"class_list":{"0":"post-272761","1":"product","2":"type-product","3":"status-publish","4":"has-post-thumbnail","6":"product_brand-kronospan-en","7":"product_cat-compact-hpl-laminates-en-2","9":"first","10":"instock","11":"product-type-simple"},"acf":[],"yoast_head":"<!-- This site is optimized with the Yoast SEO plugin v26.5 - https:\/\/yoast.com\/wordpress\/plugins\/seo\/ -->\n<title>Compact HPL loksne Calacatta Olympus, K551SU\/SU (Balts pild\u012bjums) - Trukm\u0117<\/title>\n<meta name=\"robots\" content=\"index, follow, max-snippet:-1, max-image-preview:large, max-video-preview:-1\" \/>\n<link rel=\"canonical\" href=\"https:\/\/trukme.lv\/en\/products\/compact-hpl-laminates-en-2\/compact-hpl-loksne-calacatta-olympus-k551su-su-balts-pildijums\/\" \/>\n<meta property=\"og:locale\" content=\"en_GB\" \/>\n<meta property=\"og:type\" content=\"article\" \/>\n<meta property=\"og:title\" content=\"Compact HPL loksne Calacatta Olympus, K551SU\/SU (Balts pild\u012bjums) - Trukm\u0117\" \/>\n<meta property=\"og:description\" content=\"Kompakt\u0101 pl\u0101ksne \u2013 t\u0101 ir dekorat\u012bvs struktur\u0101ls augstspiediena lamin\u0101ts, kas sast\u0101v no daudzsl\u0101\u0146u loksnes, kas augsta spiediena un temperat\u016bras ietekm\u0113 p\u0101rkl\u0101ta ar speci\u0101l\u0101 sve\u0137\u012b impregn\u0113tu dekorat\u012bvo pap\u012bru. Izce\u013cas ar iztur\u012bbu pret mitrumu un \u016bdeni, lielu notur\u012bbu un iztur\u012bbu pret slodzi. Kompakt\u0101 pl\u0101ksne ir piem\u0113rota gan horizont\u0101l\u0101m, gan vertik\u0101l\u0101m konstrukcij\u0101m, t\u0101d\u0113\u013c pielietojama gandr\u012bz visur: virtuv\u0113 elegantai...\" \/>\n<meta property=\"og:url\" content=\"https:\/\/trukme.lv\/en\/products\/compact-hpl-laminates-en-2\/compact-hpl-loksne-calacatta-olympus-k551su-su-balts-pildijums\/\" \/>\n<meta property=\"og:site_name\" content=\"Trukm\u0117\" \/>\n<meta property=\"article:modified_time\" content=\"2025-10-21T19:48:29+00:00\" \/>\n<meta property=\"og:image\" content=\"https:\/\/trukme.lv\/wp-content\/uploads\/2025\/09\/CMP12K551SUKRON.webp\" \/>\n\t<meta property=\"og:image:width\" content=\"567\" \/>\n\t<meta property=\"og:image:height\" content=\"851\" \/>\n\t<meta property=\"og:image:type\" content=\"image\/webp\" \/>\n<meta name=\"twitter:card\" content=\"summary_large_image\" \/>\n<meta name=\"twitter:label1\" content=\"Estimated reading time\" \/>\n\t<meta name=\"twitter:data1\" content=\"1 minute\" \/>\n<script type=\"application\/ld+json\" class=\"yoast-schema-graph\">{\"@context\":\"https:\/\/schema.org\",\"@graph\":[{\"@type\":\"WebPage\",\"@id\":\"https:\/\/trukme.lv\/en\/products\/compact-hpl-laminates-en-2\/compact-hpl-loksne-calacatta-olympus-k551su-su-balts-pildijums\/\",\"url\":\"https:\/\/trukme.lv\/en\/products\/compact-hpl-laminates-en-2\/compact-hpl-loksne-calacatta-olympus-k551su-su-balts-pildijums\/\",\"name\":\"Compact HPL loksne Calacatta Olympus, K551SU\/SU (Balts pild\u012bjums) - Trukm\u0117\",\"isPartOf\":{\"@id\":\"https:\/\/trukme.lv\/en\/#website\"},\"primaryImageOfPage\":{\"@id\":\"https:\/\/trukme.lv\/en\/products\/compact-hpl-laminates-en-2\/compact-hpl-loksne-calacatta-olympus-k551su-su-balts-pildijums\/#primaryimage\"},\"image\":{\"@id\":\"https:\/\/trukme.lv\/en\/products\/compact-hpl-laminates-en-2\/compact-hpl-loksne-calacatta-olympus-k551su-su-balts-pildijums\/#primaryimage\"},\"thumbnailUrl\":\"https:\/\/i0.wp.com\/trukme.lv\/wp-content\/uploads\/2025\/09\/CMP12K551SUKRON.webp?fit=567%2C851&ssl=1\",\"datePublished\":\"2025-09-30T20:18:46+00:00\",\"dateModified\":\"2025-10-21T19:48:29+00:00\",\"breadcrumb\":{\"@id\":\"https:\/\/trukme.lv\/en\/products\/compact-hpl-laminates-en-2\/compact-hpl-loksne-calacatta-olympus-k551su-su-balts-pildijums\/#breadcrumb\"},\"inLanguage\":\"en-GB\",\"potentialAction\":[{\"@type\":\"ReadAction\",\"target\":[\"https:\/\/trukme.lv\/en\/products\/compact-hpl-laminates-en-2\/compact-hpl-loksne-calacatta-olympus-k551su-su-balts-pildijums\/\"]}]},{\"@type\":\"ImageObject\",\"inLanguage\":\"en-GB\",\"@id\":\"https:\/\/trukme.lv\/en\/products\/compact-hpl-laminates-en-2\/compact-hpl-loksne-calacatta-olympus-k551su-su-balts-pildijums\/#primaryimage\",\"url\":\"https:\/\/i0.wp.com\/trukme.lv\/wp-content\/uploads\/2025\/09\/CMP12K551SUKRON.webp?fit=567%2C851&ssl=1\",\"contentUrl\":\"https:\/\/i0.wp.com\/trukme.lv\/wp-content\/uploads\/2025\/09\/CMP12K551SUKRON.webp?fit=567%2C851&ssl=1\",\"width\":567,\"height\":851},{\"@type\":\"BreadcrumbList\",\"@id\":\"https:\/\/trukme.lv\/en\/products\/compact-hpl-laminates-en-2\/compact-hpl-loksne-calacatta-olympus-k551su-su-balts-pildijums\/#breadcrumb\",\"itemListElement\":[{\"@type\":\"ListItem\",\"position\":1,\"name\":\"Home\",\"item\":\"https:\/\/trukme.lv\/en\/home\/\"},{\"@type\":\"ListItem\",\"position\":2,\"name\":\"Products\",\"item\":\"https:\/\/trukme.lv\/en\/products\/\"},{\"@type\":\"ListItem\",\"position\":3,\"name\":\"Compact HPL loksne Calacatta Olympus, K551SU\/SU (Balts pild\u012bjums)\"}]},{\"@type\":\"WebSite\",\"@id\":\"https:\/\/trukme.lv\/en\/#website\",\"url\":\"https:\/\/trukme.lv\/en\/\",\"name\":\"Trukm\u0117\",\"description\":\"M\u0113be\u013cu pane\u013ci, galda virsmas, m\u0113be\u013cu furnit\u016bra. Virtuves m\u0113be\u013cu, skapju, vannas istabas m\u0113be\u013cu u.c. sortiments. Paz\u012bstami un uzticami ra\u017eot\u0101ji.\",\"potentialAction\":[{\"@type\":\"SearchAction\",\"target\":{\"@type\":\"EntryPoint\",\"urlTemplate\":\"https:\/\/trukme.lv\/en\/?s={search_term_string}\"},\"query-input\":{\"@type\":\"PropertyValueSpecification\",\"valueRequired\":true,\"valueName\":\"search_term_string\"}}],\"inLanguage\":\"en-GB\"}]}<\/script>\n<!-- \/ Yoast SEO plugin. -->","yoast_head_json":{"title":"Compact HPL loksne Calacatta Olympus, K551SU\/SU (Balts pild\u012bjums) - Trukm\u0117","robots":{"index":"index","follow":"follow","max-snippet":"max-snippet:-1","max-image-preview":"max-image-preview:large","max-video-preview":"max-video-preview:-1"},"canonical":"https:\/\/trukme.lv\/en\/products\/compact-hpl-laminates-en-2\/compact-hpl-loksne-calacatta-olympus-k551su-su-balts-pildijums\/","og_locale":"en_GB","og_type":"article","og_title":"Compact HPL loksne Calacatta Olympus, K551SU\/SU (Balts pild\u012bjums) - Trukm\u0117","og_description":"Kompakt\u0101 pl\u0101ksne \u2013 t\u0101 ir dekorat\u012bvs struktur\u0101ls augstspiediena lamin\u0101ts, kas sast\u0101v no daudzsl\u0101\u0146u loksnes, kas augsta spiediena un temperat\u016bras ietekm\u0113 p\u0101rkl\u0101ta ar speci\u0101l\u0101 sve\u0137\u012b impregn\u0113tu dekorat\u012bvo pap\u012bru. Izce\u013cas ar iztur\u012bbu pret mitrumu un \u016bdeni, lielu notur\u012bbu un iztur\u012bbu pret slodzi. Kompakt\u0101 pl\u0101ksne ir piem\u0113rota gan horizont\u0101l\u0101m, gan vertik\u0101l\u0101m konstrukcij\u0101m, t\u0101d\u0113\u013c pielietojama gandr\u012bz visur: virtuv\u0113 elegantai...","og_url":"https:\/\/trukme.lv\/en\/products\/compact-hpl-laminates-en-2\/compact-hpl-loksne-calacatta-olympus-k551su-su-balts-pildijums\/","og_site_name":"Trukm\u0117","article_modified_time":"2025-10-21T19:48:29+00:00","og_image":[{"width":567,"height":851,"url":"https:\/\/trukme.lv\/wp-content\/uploads\/2025\/09\/CMP12K551SUKRON.webp","type":"image\/webp"}],"twitter_card":"summary_large_image","twitter_misc":{"Estimated reading time":"1 minute"},"schema":{"@context":"https:\/\/schema.org","@graph":[{"@type":"WebPage","@id":"https:\/\/trukme.lv\/en\/products\/compact-hpl-laminates-en-2\/compact-hpl-loksne-calacatta-olympus-k551su-su-balts-pildijums\/","url":"https:\/\/trukme.lv\/en\/products\/compact-hpl-laminates-en-2\/compact-hpl-loksne-calacatta-olympus-k551su-su-balts-pildijums\/","name":"Compact HPL loksne Calacatta Olympus, K551SU\/SU (Balts pild\u012bjums) - Trukm\u0117","isPartOf":{"@id":"https:\/\/trukme.lv\/en\/#website"},"primaryImageOfPage":{"@id":"https:\/\/trukme.lv\/en\/products\/compact-hpl-laminates-en-2\/compact-hpl-loksne-calacatta-olympus-k551su-su-balts-pildijums\/#primaryimage"},"image":{"@id":"https:\/\/trukme.lv\/en\/products\/compact-hpl-laminates-en-2\/compact-hpl-loksne-calacatta-olympus-k551su-su-balts-pildijums\/#primaryimage"},"thumbnailUrl":"https:\/\/i0.wp.com\/trukme.lv\/wp-content\/uploads\/2025\/09\/CMP12K551SUKRON.webp?fit=567%2C851&ssl=1","datePublished":"2025-09-30T20:18:46+00:00","dateModified":"2025-10-21T19:48:29+00:00","breadcrumb":{"@id":"https:\/\/trukme.lv\/en\/products\/compact-hpl-laminates-en-2\/compact-hpl-loksne-calacatta-olympus-k551su-su-balts-pildijums\/#breadcrumb"},"inLanguage":"en-GB","potentialAction":[{"@type":"ReadAction","target":["https:\/\/trukme.lv\/en\/products\/compact-hpl-laminates-en-2\/compact-hpl-loksne-calacatta-olympus-k551su-su-balts-pildijums\/"]}]},{"@type":"ImageObject","inLanguage":"en-GB","@id":"https:\/\/trukme.lv\/en\/products\/compact-hpl-laminates-en-2\/compact-hpl-loksne-calacatta-olympus-k551su-su-balts-pildijums\/#primaryimage","url":"https:\/\/i0.wp.com\/trukme.lv\/wp-content\/uploads\/2025\/09\/CMP12K551SUKRON.webp?fit=567%2C851&ssl=1","contentUrl":"https:\/\/i0.wp.com\/trukme.lv\/wp-content\/uploads\/2025\/09\/CMP12K551SUKRON.webp?fit=567%2C851&ssl=1","width":567,"height":851},{"@type":"BreadcrumbList","@id":"https:\/\/trukme.lv\/en\/products\/compact-hpl-laminates-en-2\/compact-hpl-loksne-calacatta-olympus-k551su-su-balts-pildijums\/#breadcrumb","itemListElement":[{"@type":"ListItem","position":1,"name":"Home","item":"https:\/\/trukme.lv\/en\/home\/"},{"@type":"ListItem","position":2,"name":"Products","item":"https:\/\/trukme.lv\/en\/products\/"},{"@type":"ListItem","position":3,"name":"Compact HPL loksne Calacatta Olympus, K551SU\/SU (Balts pild\u012bjums)"}]},{"@type":"WebSite","@id":"https:\/\/trukme.lv\/en\/#website","url":"https:\/\/trukme.lv\/en\/","name":"Trukm\u0117","description":"M\u0113be\u013cu pane\u013ci, galda virsmas, m\u0113be\u013cu furnit\u016bra. Virtuves m\u0113be\u013cu, skapju, vannas istabas m\u0113be\u013cu u.c. sortiments. Paz\u012bstami un uzticami ra\u017eot\u0101ji.","potentialAction":[{"@type":"SearchAction","target":{"@type":"EntryPoint","urlTemplate":"https:\/\/trukme.lv\/en\/?s={search_term_string}"},"query-input":{"@type":"PropertyValueSpecification","valueRequired":true,"valueName":"search_term_string"}}],"inLanguage":"en-GB"}]}},"jetpack_sharing_enabled":true,"_links":{"self":[{"href":"https:\/\/trukme.lv\/en\/wp-json\/wp\/v2\/product\/272761","targetHints":{"allow":["GET"]}}],"collection":[{"href":"https:\/\/trukme.lv\/en\/wp-json\/wp\/v2\/product"}],"about":[{"href":"https:\/\/trukme.lv\/en\/wp-json\/wp\/v2\/types\/product"}],"wp:featuredmedia":[{"embeddable":true,"href":"https:\/\/trukme.lv\/en\/wp-json\/wp\/v2\/media\/270561"}],"wp:attachment":[{"href":"https:\/\/trukme.lv\/en\/wp-json\/wp\/v2\/media?parent=272761"}],"wp:term":[{"taxonomy":"product_brand","embeddable":true,"href":"https:\/\/trukme.lv\/en\/wp-json\/wp\/v2\/product_brand?post=272761"},{"taxonomy":"product_cat","embeddable":true,"href":"https:\/\/trukme.lv\/en\/wp-json\/wp\/v2\/product_cat?post=272761"},{"taxonomy":"product_tag","embeddable":true,"href":"https:\/\/trukme.lv\/en\/wp-json\/wp\/v2\/product_tag?post=272761"}],"curies":[{"name":"wp","href":"https:\/\/api.w.org\/{rel}","templated":true}]}}