{"id":272781,"date":"2025-09-30T23:18:14","date_gmt":"2025-09-30T20:18:14","guid":{"rendered":"https:\/\/trukme.lv\/produkti\/uncategorized\/compact-hpl-loksne-12mm-grey-marble-5762-italian-stone-tekstura-melns-pildijums\/"},"modified":"2025-10-02T12:31:18","modified_gmt":"2025-10-02T09:31:18","slug":"compact-hpl-loksne-12mm-grey-marble-5762-italian-stone-tekstura-melns-pildijums","status":"publish","type":"product","link":"https:\/\/trukme.lv\/en\/products\/hpl-products\/compact-hpl-laminates-en-5\/compact-hpl-loksne-12mm-grey-marble-5762-italian-stone-tekstura-melns-pildijums\/","title":{"rendered":"Compact HPL sheet 12mm Grey Marble 5762 Italian Stone texture (Black core)"},"content":{"rendered":"<p>Compact board is a multilayer sheet material produced under high pressure and temperature by pressing several dozen layers of kraft paper. This modern-looking countertop material is distinguished by its resistance to moisture and steam, high durability, and resistance to load and wear.<\/p>\n","protected":false},"excerpt":{"rendered":"<p>Compact board is a multilayer sheet material produced under high pressure and temperature by pressing several dozen layers of kraft paper. This modern-looking countertop material is distinguished by its resistance to moisture and steam, high durability, and resistance to load and wear.<\/p>\n","protected":false},"featured_media":270481,"template":"","meta":{"_acf_changed":false},"product_brand":[6957],"product_cat":[6271,6269],"product_tag":[],"class_list":{"0":"post-272781","1":"product","2":"type-product","3":"status-publish","4":"has-post-thumbnail","6":"product_brand-gentas-en-2","7":"product_cat-compact-hpl-laminates-en-5","8":"product_cat-hpl-products","10":"first","11":"instock","12":"product-type-simple"},"acf":[],"yoast_head":"<!-- This site is optimized with the Yoast SEO plugin v26.5 - https:\/\/yoast.com\/wordpress\/plugins\/seo\/ -->\n<title>Compact HPL sheet 12mm Grey Marble 5762 Italian Stone texture (Black core) - Trukm\u0117<\/title>\n<meta name=\"robots\" content=\"index, follow, max-snippet:-1, max-image-preview:large, max-video-preview:-1\" \/>\n<link rel=\"canonical\" href=\"https:\/\/trukme.lv\/en\/products\/hpl-products\/compact-hpl-laminates-en-5\/compact-hpl-loksne-12mm-grey-marble-5762-italian-stone-tekstura-melns-pildijums\/\" \/>\n<meta property=\"og:locale\" content=\"en_GB\" \/>\n<meta property=\"og:type\" content=\"article\" \/>\n<meta property=\"og:title\" content=\"Compact HPL sheet 12mm Grey Marble 5762 Italian Stone texture (Black core) - Trukm\u0117\" \/>\n<meta property=\"og:description\" content=\"Compact board is a multilayer sheet material produced under high pressure and temperature by pressing several dozen layers of kraft paper. This modern-looking countertop material is distinguished by its resistance to moisture and steam, high durability, and resistance to load and wear.\" \/>\n<meta property=\"og:url\" content=\"https:\/\/trukme.lv\/en\/products\/hpl-products\/compact-hpl-laminates-en-5\/compact-hpl-loksne-12mm-grey-marble-5762-italian-stone-tekstura-melns-pildijums\/\" \/>\n<meta property=\"og:site_name\" content=\"Trukm\u0117\" \/>\n<meta property=\"article:modified_time\" content=\"2025-10-02T09:31:18+00:00\" \/>\n<meta property=\"og:image\" content=\"https:\/\/i0.wp.com\/trukme.lv\/wp-content\/uploads\/2025\/09\/CMP125762ITSTONE.webp?fit=1107%2C1600&ssl=1\" \/>\n\t<meta property=\"og:image:width\" content=\"1107\" \/>\n\t<meta property=\"og:image:height\" content=\"1600\" \/>\n\t<meta property=\"og:image:type\" content=\"image\/webp\" \/>\n<meta name=\"twitter:card\" content=\"summary_large_image\" \/>\n<script type=\"application\/ld+json\" class=\"yoast-schema-graph\">{\"@context\":\"https:\/\/schema.org\",\"@graph\":[{\"@type\":\"WebPage\",\"@id\":\"https:\/\/trukme.lv\/en\/products\/hpl-products\/compact-hpl-laminates-en-5\/compact-hpl-loksne-12mm-grey-marble-5762-italian-stone-tekstura-melns-pildijums\/\",\"url\":\"https:\/\/trukme.lv\/en\/products\/hpl-products\/compact-hpl-laminates-en-5\/compact-hpl-loksne-12mm-grey-marble-5762-italian-stone-tekstura-melns-pildijums\/\",\"name\":\"Compact HPL sheet 12mm Grey Marble 5762 Italian Stone texture (Black core) - Trukm\u0117\",\"isPartOf\":{\"@id\":\"https:\/\/trukme.lv\/en\/#website\"},\"primaryImageOfPage\":{\"@id\":\"https:\/\/trukme.lv\/en\/products\/hpl-products\/compact-hpl-laminates-en-5\/compact-hpl-loksne-12mm-grey-marble-5762-italian-stone-tekstura-melns-pildijums\/#primaryimage\"},\"image\":{\"@id\":\"https:\/\/trukme.lv\/en\/products\/hpl-products\/compact-hpl-laminates-en-5\/compact-hpl-loksne-12mm-grey-marble-5762-italian-stone-tekstura-melns-pildijums\/#primaryimage\"},\"thumbnailUrl\":\"https:\/\/i0.wp.com\/trukme.lv\/wp-content\/uploads\/2025\/09\/CMP125762ITSTONE.webp?fit=1107%2C1600&ssl=1\",\"datePublished\":\"2025-09-30T20:18:14+00:00\",\"dateModified\":\"2025-10-02T09:31:18+00:00\",\"breadcrumb\":{\"@id\":\"https:\/\/trukme.lv\/en\/products\/hpl-products\/compact-hpl-laminates-en-5\/compact-hpl-loksne-12mm-grey-marble-5762-italian-stone-tekstura-melns-pildijums\/#breadcrumb\"},\"inLanguage\":\"en-GB\",\"potentialAction\":[{\"@type\":\"ReadAction\",\"target\":[\"https:\/\/trukme.lv\/en\/products\/hpl-products\/compact-hpl-laminates-en-5\/compact-hpl-loksne-12mm-grey-marble-5762-italian-stone-tekstura-melns-pildijums\/\"]}]},{\"@type\":\"ImageObject\",\"inLanguage\":\"en-GB\",\"@id\":\"https:\/\/trukme.lv\/en\/products\/hpl-products\/compact-hpl-laminates-en-5\/compact-hpl-loksne-12mm-grey-marble-5762-italian-stone-tekstura-melns-pildijums\/#primaryimage\",\"url\":\"https:\/\/i0.wp.com\/trukme.lv\/wp-content\/uploads\/2025\/09\/CMP125762ITSTONE.webp?fit=1107%2C1600&ssl=1\",\"contentUrl\":\"https:\/\/i0.wp.com\/trukme.lv\/wp-content\/uploads\/2025\/09\/CMP125762ITSTONE.webp?fit=1107%2C1600&ssl=1\",\"width\":1107,\"height\":1600},{\"@type\":\"BreadcrumbList\",\"@id\":\"https:\/\/trukme.lv\/en\/products\/hpl-products\/compact-hpl-laminates-en-5\/compact-hpl-loksne-12mm-grey-marble-5762-italian-stone-tekstura-melns-pildijums\/#breadcrumb\",\"itemListElement\":[{\"@type\":\"ListItem\",\"position\":1,\"name\":\"Home\",\"item\":\"https:\/\/trukme.lv\/en\/home\/\"},{\"@type\":\"ListItem\",\"position\":2,\"name\":\"Products\",\"item\":\"https:\/\/trukme.lv\/en\/products\/\"},{\"@type\":\"ListItem\",\"position\":3,\"name\":\"Compact HPL sheet 12mm Grey Marble 5762 Italian Stone texture (Black core)\"}]},{\"@type\":\"WebSite\",\"@id\":\"https:\/\/trukme.lv\/en\/#website\",\"url\":\"https:\/\/trukme.lv\/en\/\",\"name\":\"Trukm\u0117\",\"description\":\"M\u0113be\u013cu pane\u013ci, galda virsmas, m\u0113be\u013cu furnit\u016bra. Virtuves m\u0113be\u013cu, skapju, vannas istabas m\u0113be\u013cu u.c. sortiments. Paz\u012bstami un uzticami ra\u017eot\u0101ji.\",\"potentialAction\":[{\"@type\":\"SearchAction\",\"target\":{\"@type\":\"EntryPoint\",\"urlTemplate\":\"https:\/\/trukme.lv\/en\/?s={search_term_string}\"},\"query-input\":{\"@type\":\"PropertyValueSpecification\",\"valueRequired\":true,\"valueName\":\"search_term_string\"}}],\"inLanguage\":\"en-GB\"}]}<\/script>\n<!-- \/ Yoast SEO plugin. -->","yoast_head_json":{"title":"Compact HPL sheet 12mm Grey Marble 5762 Italian Stone texture (Black core) - Trukm\u0117","robots":{"index":"index","follow":"follow","max-snippet":"max-snippet:-1","max-image-preview":"max-image-preview:large","max-video-preview":"max-video-preview:-1"},"canonical":"https:\/\/trukme.lv\/en\/products\/hpl-products\/compact-hpl-laminates-en-5\/compact-hpl-loksne-12mm-grey-marble-5762-italian-stone-tekstura-melns-pildijums\/","og_locale":"en_GB","og_type":"article","og_title":"Compact HPL sheet 12mm Grey Marble 5762 Italian Stone texture (Black core) - Trukm\u0117","og_description":"Compact board is a multilayer sheet material produced under high pressure and temperature by pressing several dozen layers of kraft paper. This modern-looking countertop material is distinguished by its resistance to moisture and steam, high durability, and resistance to load and wear.","og_url":"https:\/\/trukme.lv\/en\/products\/hpl-products\/compact-hpl-laminates-en-5\/compact-hpl-loksne-12mm-grey-marble-5762-italian-stone-tekstura-melns-pildijums\/","og_site_name":"Trukm\u0117","article_modified_time":"2025-10-02T09:31:18+00:00","og_image":[{"width":1107,"height":1600,"url":"https:\/\/i0.wp.com\/trukme.lv\/wp-content\/uploads\/2025\/09\/CMP125762ITSTONE.webp?fit=1107%2C1600&ssl=1","type":"image\/webp"}],"twitter_card":"summary_large_image","schema":{"@context":"https:\/\/schema.org","@graph":[{"@type":"WebPage","@id":"https:\/\/trukme.lv\/en\/products\/hpl-products\/compact-hpl-laminates-en-5\/compact-hpl-loksne-12mm-grey-marble-5762-italian-stone-tekstura-melns-pildijums\/","url":"https:\/\/trukme.lv\/en\/products\/hpl-products\/compact-hpl-laminates-en-5\/compact-hpl-loksne-12mm-grey-marble-5762-italian-stone-tekstura-melns-pildijums\/","name":"Compact HPL sheet 12mm Grey Marble 5762 Italian Stone texture (Black core) - Trukm\u0117","isPartOf":{"@id":"https:\/\/trukme.lv\/en\/#website"},"primaryImageOfPage":{"@id":"https:\/\/trukme.lv\/en\/products\/hpl-products\/compact-hpl-laminates-en-5\/compact-hpl-loksne-12mm-grey-marble-5762-italian-stone-tekstura-melns-pildijums\/#primaryimage"},"image":{"@id":"https:\/\/trukme.lv\/en\/products\/hpl-products\/compact-hpl-laminates-en-5\/compact-hpl-loksne-12mm-grey-marble-5762-italian-stone-tekstura-melns-pildijums\/#primaryimage"},"thumbnailUrl":"https:\/\/i0.wp.com\/trukme.lv\/wp-content\/uploads\/2025\/09\/CMP125762ITSTONE.webp?fit=1107%2C1600&ssl=1","datePublished":"2025-09-30T20:18:14+00:00","dateModified":"2025-10-02T09:31:18+00:00","breadcrumb":{"@id":"https:\/\/trukme.lv\/en\/products\/hpl-products\/compact-hpl-laminates-en-5\/compact-hpl-loksne-12mm-grey-marble-5762-italian-stone-tekstura-melns-pildijums\/#breadcrumb"},"inLanguage":"en-GB","potentialAction":[{"@type":"ReadAction","target":["https:\/\/trukme.lv\/en\/products\/hpl-products\/compact-hpl-laminates-en-5\/compact-hpl-loksne-12mm-grey-marble-5762-italian-stone-tekstura-melns-pildijums\/"]}]},{"@type":"ImageObject","inLanguage":"en-GB","@id":"https:\/\/trukme.lv\/en\/products\/hpl-products\/compact-hpl-laminates-en-5\/compact-hpl-loksne-12mm-grey-marble-5762-italian-stone-tekstura-melns-pildijums\/#primaryimage","url":"https:\/\/i0.wp.com\/trukme.lv\/wp-content\/uploads\/2025\/09\/CMP125762ITSTONE.webp?fit=1107%2C1600&ssl=1","contentUrl":"https:\/\/i0.wp.com\/trukme.lv\/wp-content\/uploads\/2025\/09\/CMP125762ITSTONE.webp?fit=1107%2C1600&ssl=1","width":1107,"height":1600},{"@type":"BreadcrumbList","@id":"https:\/\/trukme.lv\/en\/products\/hpl-products\/compact-hpl-laminates-en-5\/compact-hpl-loksne-12mm-grey-marble-5762-italian-stone-tekstura-melns-pildijums\/#breadcrumb","itemListElement":[{"@type":"ListItem","position":1,"name":"Home","item":"https:\/\/trukme.lv\/en\/home\/"},{"@type":"ListItem","position":2,"name":"Products","item":"https:\/\/trukme.lv\/en\/products\/"},{"@type":"ListItem","position":3,"name":"Compact HPL sheet 12mm Grey Marble 5762 Italian Stone texture (Black core)"}]},{"@type":"WebSite","@id":"https:\/\/trukme.lv\/en\/#website","url":"https:\/\/trukme.lv\/en\/","name":"Trukm\u0117","description":"M\u0113be\u013cu pane\u013ci, galda virsmas, m\u0113be\u013cu furnit\u016bra. Virtuves m\u0113be\u013cu, skapju, vannas istabas m\u0113be\u013cu u.c. sortiments. Paz\u012bstami un uzticami ra\u017eot\u0101ji.","potentialAction":[{"@type":"SearchAction","target":{"@type":"EntryPoint","urlTemplate":"https:\/\/trukme.lv\/en\/?s={search_term_string}"},"query-input":{"@type":"PropertyValueSpecification","valueRequired":true,"valueName":"search_term_string"}}],"inLanguage":"en-GB"}]}},"jetpack_sharing_enabled":true,"_links":{"self":[{"href":"https:\/\/trukme.lv\/en\/wp-json\/wp\/v2\/product\/272781","targetHints":{"allow":["GET"]}}],"collection":[{"href":"https:\/\/trukme.lv\/en\/wp-json\/wp\/v2\/product"}],"about":[{"href":"https:\/\/trukme.lv\/en\/wp-json\/wp\/v2\/types\/product"}],"wp:featuredmedia":[{"embeddable":true,"href":"https:\/\/trukme.lv\/en\/wp-json\/wp\/v2\/media\/270481"}],"wp:attachment":[{"href":"https:\/\/trukme.lv\/en\/wp-json\/wp\/v2\/media?parent=272781"}],"wp:term":[{"taxonomy":"product_brand","embeddable":true,"href":"https:\/\/trukme.lv\/en\/wp-json\/wp\/v2\/product_brand?post=272781"},{"taxonomy":"product_cat","embeddable":true,"href":"https:\/\/trukme.lv\/en\/wp-json\/wp\/v2\/product_cat?post=272781"},{"taxonomy":"product_tag","embeddable":true,"href":"https:\/\/trukme.lv\/en\/wp-json\/wp\/v2\/product_tag?post=272781"}],"curies":[{"name":"wp","href":"https:\/\/api.w.org\/{rel}","templated":true}]}}