{"id":272788,"date":"2025-09-30T23:18:01","date_gmt":"2025-09-30T20:18:01","guid":{"rendered":"https:\/\/trukme.lv\/produkti\/uncategorized\/compact-hpl-loksne-portland-k028su-peleks-pildijums\/"},"modified":"2025-10-21T22:48:33","modified_gmt":"2025-10-21T19:48:33","slug":"compact-hpl-loksne-portland-k028su-peleks-pildijums","status":"publish","type":"product","link":"https:\/\/trukme.lv\/en\/products\/compact-hpl-laminates-en-2\/compact-hpl-loksne-portland-k028su-peleks-pildijums\/","title":{"rendered":"Compact HPL loksne Portland, K028SU (Pel\u0113ks pild\u012bjums)"},"content":{"rendered":"<p>Augsta iztur\u012bba pret mitrumu un \u016bdeni, \u013coti iztur\u012bgs un struktur\u0101li stabils. Augstspiediena lamin\u0101ts, kas tiek ra\u017eots no vair\u0101kiem speci\u0101la pap\u012bra sl\u0101\u0146iem, kas pies\u016bcin\u0101ti ar sve\u0137iem, saspiesti augstas temperat\u016bras un spiediena ietekm\u0113. *HPL starpsiena K023SU\/K028SU nav identiska Compact HPL dekoram.<\/p>\n","protected":false},"excerpt":{"rendered":"<p>Augsta iztur\u012bba pret mitrumu un \u016bdeni, \u013coti iztur\u012bgs un struktur\u0101li stabils. Augstspiediena lamin\u0101ts, kas tiek ra\u017eots no vair\u0101kiem speci\u0101la pap\u012bra sl\u0101\u0146iem, kas pies\u016bcin\u0101ti ar sve\u0137iem, saspiesti augstas temperat\u016bras un spiediena ietekm\u0113. *HPL starpsiena K023SU\/K028SU nav identiska Compact HPL dekoram.<\/p>\n","protected":false},"featured_media":270453,"template":"","meta":{"_acf_changed":false},"product_brand":[6996],"product_cat":[6255],"product_tag":[],"class_list":{"0":"post-272788","1":"product","2":"type-product","3":"status-publish","4":"has-post-thumbnail","6":"product_brand-kronospan-en","7":"product_cat-compact-hpl-laminates-en-2","9":"first","10":"instock","11":"product-type-simple"},"acf":[],"yoast_head":"<!-- This site is optimized with the Yoast SEO plugin v26.5 - https:\/\/yoast.com\/wordpress\/plugins\/seo\/ -->\n<title>Compact HPL loksne Portland, K028SU (Pel\u0113ks pild\u012bjums) - Trukm\u0117<\/title>\n<meta name=\"robots\" content=\"index, follow, max-snippet:-1, max-image-preview:large, max-video-preview:-1\" \/>\n<link rel=\"canonical\" href=\"https:\/\/trukme.lv\/en\/products\/compact-hpl-laminates-en-2\/compact-hpl-loksne-portland-k028su-peleks-pildijums\/\" \/>\n<meta property=\"og:locale\" content=\"en_GB\" \/>\n<meta property=\"og:type\" content=\"article\" \/>\n<meta property=\"og:title\" content=\"Compact HPL loksne Portland, K028SU (Pel\u0113ks pild\u012bjums) - Trukm\u0117\" \/>\n<meta property=\"og:description\" content=\"Augsta iztur\u012bba pret mitrumu un \u016bdeni, \u013coti iztur\u012bgs un struktur\u0101li stabils. Augstspiediena lamin\u0101ts, kas tiek ra\u017eots no vair\u0101kiem speci\u0101la pap\u012bra sl\u0101\u0146iem, kas pies\u016bcin\u0101ti ar sve\u0137iem, saspiesti augstas temperat\u016bras un spiediena ietekm\u0113. *HPL starpsiena K023SU\/K028SU nav identiska Compact HPL dekoram.\" \/>\n<meta property=\"og:url\" content=\"https:\/\/trukme.lv\/en\/products\/compact-hpl-laminates-en-2\/compact-hpl-loksne-portland-k028su-peleks-pildijums\/\" \/>\n<meta property=\"og:site_name\" content=\"Trukm\u0117\" \/>\n<meta property=\"article:modified_time\" content=\"2025-10-21T19:48:33+00:00\" \/>\n<meta property=\"og:image\" content=\"https:\/\/trukme.lv\/wp-content\/uploads\/2025\/09\/CM12K028SUKRON.webp\" \/>\n\t<meta property=\"og:image:width\" content=\"1199\" \/>\n\t<meta property=\"og:image:height\" content=\"1825\" \/>\n\t<meta property=\"og:image:type\" content=\"image\/webp\" \/>\n<meta name=\"twitter:card\" content=\"summary_large_image\" \/>\n<script type=\"application\/ld+json\" class=\"yoast-schema-graph\">{\"@context\":\"https:\/\/schema.org\",\"@graph\":[{\"@type\":\"WebPage\",\"@id\":\"https:\/\/trukme.lv\/en\/products\/compact-hpl-laminates-en-2\/compact-hpl-loksne-portland-k028su-peleks-pildijums\/\",\"url\":\"https:\/\/trukme.lv\/en\/products\/compact-hpl-laminates-en-2\/compact-hpl-loksne-portland-k028su-peleks-pildijums\/\",\"name\":\"Compact HPL loksne Portland, K028SU (Pel\u0113ks pild\u012bjums) - Trukm\u0117\",\"isPartOf\":{\"@id\":\"https:\/\/trukme.lv\/en\/#website\"},\"primaryImageOfPage\":{\"@id\":\"https:\/\/trukme.lv\/en\/products\/compact-hpl-laminates-en-2\/compact-hpl-loksne-portland-k028su-peleks-pildijums\/#primaryimage\"},\"image\":{\"@id\":\"https:\/\/trukme.lv\/en\/products\/compact-hpl-laminates-en-2\/compact-hpl-loksne-portland-k028su-peleks-pildijums\/#primaryimage\"},\"thumbnailUrl\":\"https:\/\/i0.wp.com\/trukme.lv\/wp-content\/uploads\/2025\/09\/CM12K028SUKRON.webp?fit=1199%2C1825&ssl=1\",\"datePublished\":\"2025-09-30T20:18:01+00:00\",\"dateModified\":\"2025-10-21T19:48:33+00:00\",\"breadcrumb\":{\"@id\":\"https:\/\/trukme.lv\/en\/products\/compact-hpl-laminates-en-2\/compact-hpl-loksne-portland-k028su-peleks-pildijums\/#breadcrumb\"},\"inLanguage\":\"en-GB\",\"potentialAction\":[{\"@type\":\"ReadAction\",\"target\":[\"https:\/\/trukme.lv\/en\/products\/compact-hpl-laminates-en-2\/compact-hpl-loksne-portland-k028su-peleks-pildijums\/\"]}]},{\"@type\":\"ImageObject\",\"inLanguage\":\"en-GB\",\"@id\":\"https:\/\/trukme.lv\/en\/products\/compact-hpl-laminates-en-2\/compact-hpl-loksne-portland-k028su-peleks-pildijums\/#primaryimage\",\"url\":\"https:\/\/i0.wp.com\/trukme.lv\/wp-content\/uploads\/2025\/09\/CM12K028SUKRON.webp?fit=1199%2C1825&ssl=1\",\"contentUrl\":\"https:\/\/i0.wp.com\/trukme.lv\/wp-content\/uploads\/2025\/09\/CM12K028SUKRON.webp?fit=1199%2C1825&ssl=1\",\"width\":1199,\"height\":1825},{\"@type\":\"BreadcrumbList\",\"@id\":\"https:\/\/trukme.lv\/en\/products\/compact-hpl-laminates-en-2\/compact-hpl-loksne-portland-k028su-peleks-pildijums\/#breadcrumb\",\"itemListElement\":[{\"@type\":\"ListItem\",\"position\":1,\"name\":\"Home\",\"item\":\"https:\/\/trukme.lv\/en\/home\/\"},{\"@type\":\"ListItem\",\"position\":2,\"name\":\"Products\",\"item\":\"https:\/\/trukme.lv\/en\/products\/\"},{\"@type\":\"ListItem\",\"position\":3,\"name\":\"Compact HPL loksne Portland, K028SU (Pel\u0113ks pild\u012bjums)\"}]},{\"@type\":\"WebSite\",\"@id\":\"https:\/\/trukme.lv\/en\/#website\",\"url\":\"https:\/\/trukme.lv\/en\/\",\"name\":\"Trukm\u0117\",\"description\":\"M\u0113be\u013cu pane\u013ci, galda virsmas, m\u0113be\u013cu furnit\u016bra. Virtuves m\u0113be\u013cu, skapju, vannas istabas m\u0113be\u013cu u.c. sortiments. Paz\u012bstami un uzticami ra\u017eot\u0101ji.\",\"potentialAction\":[{\"@type\":\"SearchAction\",\"target\":{\"@type\":\"EntryPoint\",\"urlTemplate\":\"https:\/\/trukme.lv\/en\/?s={search_term_string}\"},\"query-input\":{\"@type\":\"PropertyValueSpecification\",\"valueRequired\":true,\"valueName\":\"search_term_string\"}}],\"inLanguage\":\"en-GB\"}]}<\/script>\n<!-- \/ Yoast SEO plugin. -->","yoast_head_json":{"title":"Compact HPL loksne Portland, K028SU (Pel\u0113ks pild\u012bjums) - Trukm\u0117","robots":{"index":"index","follow":"follow","max-snippet":"max-snippet:-1","max-image-preview":"max-image-preview:large","max-video-preview":"max-video-preview:-1"},"canonical":"https:\/\/trukme.lv\/en\/products\/compact-hpl-laminates-en-2\/compact-hpl-loksne-portland-k028su-peleks-pildijums\/","og_locale":"en_GB","og_type":"article","og_title":"Compact HPL loksne Portland, K028SU (Pel\u0113ks pild\u012bjums) - Trukm\u0117","og_description":"Augsta iztur\u012bba pret mitrumu un \u016bdeni, \u013coti iztur\u012bgs un struktur\u0101li stabils. Augstspiediena lamin\u0101ts, kas tiek ra\u017eots no vair\u0101kiem speci\u0101la pap\u012bra sl\u0101\u0146iem, kas pies\u016bcin\u0101ti ar sve\u0137iem, saspiesti augstas temperat\u016bras un spiediena ietekm\u0113. *HPL starpsiena K023SU\/K028SU nav identiska Compact HPL dekoram.","og_url":"https:\/\/trukme.lv\/en\/products\/compact-hpl-laminates-en-2\/compact-hpl-loksne-portland-k028su-peleks-pildijums\/","og_site_name":"Trukm\u0117","article_modified_time":"2025-10-21T19:48:33+00:00","og_image":[{"width":1199,"height":1825,"url":"https:\/\/trukme.lv\/wp-content\/uploads\/2025\/09\/CM12K028SUKRON.webp","type":"image\/webp"}],"twitter_card":"summary_large_image","schema":{"@context":"https:\/\/schema.org","@graph":[{"@type":"WebPage","@id":"https:\/\/trukme.lv\/en\/products\/compact-hpl-laminates-en-2\/compact-hpl-loksne-portland-k028su-peleks-pildijums\/","url":"https:\/\/trukme.lv\/en\/products\/compact-hpl-laminates-en-2\/compact-hpl-loksne-portland-k028su-peleks-pildijums\/","name":"Compact HPL loksne Portland, K028SU (Pel\u0113ks pild\u012bjums) - Trukm\u0117","isPartOf":{"@id":"https:\/\/trukme.lv\/en\/#website"},"primaryImageOfPage":{"@id":"https:\/\/trukme.lv\/en\/products\/compact-hpl-laminates-en-2\/compact-hpl-loksne-portland-k028su-peleks-pildijums\/#primaryimage"},"image":{"@id":"https:\/\/trukme.lv\/en\/products\/compact-hpl-laminates-en-2\/compact-hpl-loksne-portland-k028su-peleks-pildijums\/#primaryimage"},"thumbnailUrl":"https:\/\/i0.wp.com\/trukme.lv\/wp-content\/uploads\/2025\/09\/CM12K028SUKRON.webp?fit=1199%2C1825&ssl=1","datePublished":"2025-09-30T20:18:01+00:00","dateModified":"2025-10-21T19:48:33+00:00","breadcrumb":{"@id":"https:\/\/trukme.lv\/en\/products\/compact-hpl-laminates-en-2\/compact-hpl-loksne-portland-k028su-peleks-pildijums\/#breadcrumb"},"inLanguage":"en-GB","potentialAction":[{"@type":"ReadAction","target":["https:\/\/trukme.lv\/en\/products\/compact-hpl-laminates-en-2\/compact-hpl-loksne-portland-k028su-peleks-pildijums\/"]}]},{"@type":"ImageObject","inLanguage":"en-GB","@id":"https:\/\/trukme.lv\/en\/products\/compact-hpl-laminates-en-2\/compact-hpl-loksne-portland-k028su-peleks-pildijums\/#primaryimage","url":"https:\/\/i0.wp.com\/trukme.lv\/wp-content\/uploads\/2025\/09\/CM12K028SUKRON.webp?fit=1199%2C1825&ssl=1","contentUrl":"https:\/\/i0.wp.com\/trukme.lv\/wp-content\/uploads\/2025\/09\/CM12K028SUKRON.webp?fit=1199%2C1825&ssl=1","width":1199,"height":1825},{"@type":"BreadcrumbList","@id":"https:\/\/trukme.lv\/en\/products\/compact-hpl-laminates-en-2\/compact-hpl-loksne-portland-k028su-peleks-pildijums\/#breadcrumb","itemListElement":[{"@type":"ListItem","position":1,"name":"Home","item":"https:\/\/trukme.lv\/en\/home\/"},{"@type":"ListItem","position":2,"name":"Products","item":"https:\/\/trukme.lv\/en\/products\/"},{"@type":"ListItem","position":3,"name":"Compact HPL loksne Portland, K028SU (Pel\u0113ks pild\u012bjums)"}]},{"@type":"WebSite","@id":"https:\/\/trukme.lv\/en\/#website","url":"https:\/\/trukme.lv\/en\/","name":"Trukm\u0117","description":"M\u0113be\u013cu pane\u013ci, galda virsmas, m\u0113be\u013cu furnit\u016bra. Virtuves m\u0113be\u013cu, skapju, vannas istabas m\u0113be\u013cu u.c. sortiments. Paz\u012bstami un uzticami ra\u017eot\u0101ji.","potentialAction":[{"@type":"SearchAction","target":{"@type":"EntryPoint","urlTemplate":"https:\/\/trukme.lv\/en\/?s={search_term_string}"},"query-input":{"@type":"PropertyValueSpecification","valueRequired":true,"valueName":"search_term_string"}}],"inLanguage":"en-GB"}]}},"jetpack_sharing_enabled":true,"_links":{"self":[{"href":"https:\/\/trukme.lv\/en\/wp-json\/wp\/v2\/product\/272788","targetHints":{"allow":["GET"]}}],"collection":[{"href":"https:\/\/trukme.lv\/en\/wp-json\/wp\/v2\/product"}],"about":[{"href":"https:\/\/trukme.lv\/en\/wp-json\/wp\/v2\/types\/product"}],"wp:featuredmedia":[{"embeddable":true,"href":"https:\/\/trukme.lv\/en\/wp-json\/wp\/v2\/media\/270453"}],"wp:attachment":[{"href":"https:\/\/trukme.lv\/en\/wp-json\/wp\/v2\/media?parent=272788"}],"wp:term":[{"taxonomy":"product_brand","embeddable":true,"href":"https:\/\/trukme.lv\/en\/wp-json\/wp\/v2\/product_brand?post=272788"},{"taxonomy":"product_cat","embeddable":true,"href":"https:\/\/trukme.lv\/en\/wp-json\/wp\/v2\/product_cat?post=272788"},{"taxonomy":"product_tag","embeddable":true,"href":"https:\/\/trukme.lv\/en\/wp-json\/wp\/v2\/product_tag?post=272788"}],"curies":[{"name":"wp","href":"https:\/\/api.w.org\/{rel}","templated":true}]}}