{"id":272789,"date":"2025-09-30T23:17:59","date_gmt":"2025-09-30T20:17:59","guid":{"rendered":"https:\/\/trukme.lv\/produkti\/uncategorized\/compact-hpl-loksne-black-190sl-sl-melns-pildijums\/"},"modified":"2025-10-21T22:48:34","modified_gmt":"2025-10-21T19:48:34","slug":"compact-hpl-loksne-black-190sl-sl-melns-pildijums","status":"publish","type":"product","link":"https:\/\/trukme.lv\/en\/products\/compact-hpl-laminates-en-2\/compact-hpl-loksne-black-190sl-sl-melns-pildijums\/","title":{"rendered":"Compact HPL loksne Black, 190SL\/SL (Melns pild\u012bjums)"},"content":{"rendered":"<p>Kompakta pl\u0101tne \u2013 tas ir daudzsl\u0101\u0146u lok\u0161\u0146u materi\u0101ls, kas tiek ra\u017eots augsta spiediena un temperat\u016bras apst\u0101k\u013cos pres\u0113jot vair\u0101kus desmitus kraftpap\u012bra sl\u0101\u0146u. \u0160is modern\u0101 izskata galda virsmas materi\u0101ls izce\u013cas ar mitruma un tvaika iztur\u012bbu, augstu notur\u012bbu un iztur\u012bbu pret slodzi un nodilumu.<\/p>\n","protected":false},"excerpt":{"rendered":"<p>Kompakta pl\u0101tne \u2013 tas ir daudzsl\u0101\u0146u lok\u0161\u0146u materi\u0101ls, kas tiek ra\u017eots augsta spiediena un temperat\u016bras apst\u0101k\u013cos pres\u0113jot vair\u0101kus desmitus kraftpap\u012bra sl\u0101\u0146u. \u0160is modern\u0101 izskata galda virsmas materi\u0101ls izce\u013cas ar mitruma un tvaika iztur\u012bbu, augstu notur\u012bbu un iztur\u012bbu pret slodzi un nodilumu.<\/p>\n","protected":false},"featured_media":270446,"template":"","meta":{"_acf_changed":false},"product_brand":[6996],"product_cat":[6255],"product_tag":[],"class_list":{"0":"post-272789","1":"product","2":"type-product","3":"status-publish","4":"has-post-thumbnail","6":"product_brand-kronospan-en","7":"product_cat-compact-hpl-laminates-en-2","9":"first","10":"instock","11":"product-type-simple"},"acf":[],"yoast_head":"<!-- This site is optimized with the Yoast SEO plugin v26.5 - https:\/\/yoast.com\/wordpress\/plugins\/seo\/ -->\n<title>Compact HPL loksne Black, 190SL\/SL (Melns pild\u012bjums) - Trukm\u0117<\/title>\n<meta name=\"robots\" content=\"index, follow, max-snippet:-1, max-image-preview:large, max-video-preview:-1\" \/>\n<link rel=\"canonical\" href=\"https:\/\/trukme.lv\/en\/products\/compact-hpl-laminates-en-2\/compact-hpl-loksne-black-190sl-sl-melns-pildijums\/\" \/>\n<meta property=\"og:locale\" content=\"en_GB\" \/>\n<meta property=\"og:type\" content=\"article\" \/>\n<meta property=\"og:title\" content=\"Compact HPL loksne Black, 190SL\/SL (Melns pild\u012bjums) - Trukm\u0117\" \/>\n<meta property=\"og:description\" content=\"Kompakta pl\u0101tne \u2013 tas ir daudzsl\u0101\u0146u lok\u0161\u0146u materi\u0101ls, kas tiek ra\u017eots augsta spiediena un temperat\u016bras apst\u0101k\u013cos pres\u0113jot vair\u0101kus desmitus kraftpap\u012bra sl\u0101\u0146u. \u0160is modern\u0101 izskata galda virsmas materi\u0101ls izce\u013cas ar mitruma un tvaika iztur\u012bbu, augstu notur\u012bbu un iztur\u012bbu pret slodzi un nodilumu.\" \/>\n<meta property=\"og:url\" content=\"https:\/\/trukme.lv\/en\/products\/compact-hpl-laminates-en-2\/compact-hpl-loksne-black-190sl-sl-melns-pildijums\/\" \/>\n<meta property=\"og:site_name\" content=\"Trukm\u0117\" \/>\n<meta property=\"article:modified_time\" content=\"2025-10-21T19:48:34+00:00\" \/>\n<meta property=\"og:image\" content=\"https:\/\/trukme.lv\/wp-content\/uploads\/2025\/09\/CM120190SLKRON.webp\" \/>\n\t<meta property=\"og:image:width\" content=\"1199\" \/>\n\t<meta property=\"og:image:height\" content=\"1825\" \/>\n\t<meta property=\"og:image:type\" content=\"image\/webp\" \/>\n<meta name=\"twitter:card\" content=\"summary_large_image\" \/>\n<script type=\"application\/ld+json\" class=\"yoast-schema-graph\">{\"@context\":\"https:\/\/schema.org\",\"@graph\":[{\"@type\":\"WebPage\",\"@id\":\"https:\/\/trukme.lv\/en\/products\/compact-hpl-laminates-en-2\/compact-hpl-loksne-black-190sl-sl-melns-pildijums\/\",\"url\":\"https:\/\/trukme.lv\/en\/products\/compact-hpl-laminates-en-2\/compact-hpl-loksne-black-190sl-sl-melns-pildijums\/\",\"name\":\"Compact HPL loksne Black, 190SL\/SL (Melns pild\u012bjums) - Trukm\u0117\",\"isPartOf\":{\"@id\":\"https:\/\/trukme.lv\/en\/#website\"},\"primaryImageOfPage\":{\"@id\":\"https:\/\/trukme.lv\/en\/products\/compact-hpl-laminates-en-2\/compact-hpl-loksne-black-190sl-sl-melns-pildijums\/#primaryimage\"},\"image\":{\"@id\":\"https:\/\/trukme.lv\/en\/products\/compact-hpl-laminates-en-2\/compact-hpl-loksne-black-190sl-sl-melns-pildijums\/#primaryimage\"},\"thumbnailUrl\":\"https:\/\/i0.wp.com\/trukme.lv\/wp-content\/uploads\/2025\/09\/CM120190SLKRON.webp?fit=1199%2C1825&ssl=1\",\"datePublished\":\"2025-09-30T20:17:59+00:00\",\"dateModified\":\"2025-10-21T19:48:34+00:00\",\"breadcrumb\":{\"@id\":\"https:\/\/trukme.lv\/en\/products\/compact-hpl-laminates-en-2\/compact-hpl-loksne-black-190sl-sl-melns-pildijums\/#breadcrumb\"},\"inLanguage\":\"en-GB\",\"potentialAction\":[{\"@type\":\"ReadAction\",\"target\":[\"https:\/\/trukme.lv\/en\/products\/compact-hpl-laminates-en-2\/compact-hpl-loksne-black-190sl-sl-melns-pildijums\/\"]}]},{\"@type\":\"ImageObject\",\"inLanguage\":\"en-GB\",\"@id\":\"https:\/\/trukme.lv\/en\/products\/compact-hpl-laminates-en-2\/compact-hpl-loksne-black-190sl-sl-melns-pildijums\/#primaryimage\",\"url\":\"https:\/\/i0.wp.com\/trukme.lv\/wp-content\/uploads\/2025\/09\/CM120190SLKRON.webp?fit=1199%2C1825&ssl=1\",\"contentUrl\":\"https:\/\/i0.wp.com\/trukme.lv\/wp-content\/uploads\/2025\/09\/CM120190SLKRON.webp?fit=1199%2C1825&ssl=1\",\"width\":1199,\"height\":1825},{\"@type\":\"BreadcrumbList\",\"@id\":\"https:\/\/trukme.lv\/en\/products\/compact-hpl-laminates-en-2\/compact-hpl-loksne-black-190sl-sl-melns-pildijums\/#breadcrumb\",\"itemListElement\":[{\"@type\":\"ListItem\",\"position\":1,\"name\":\"Home\",\"item\":\"https:\/\/trukme.lv\/en\/home\/\"},{\"@type\":\"ListItem\",\"position\":2,\"name\":\"Products\",\"item\":\"https:\/\/trukme.lv\/en\/products\/\"},{\"@type\":\"ListItem\",\"position\":3,\"name\":\"Compact HPL loksne Black, 190SL\/SL (Melns pild\u012bjums)\"}]},{\"@type\":\"WebSite\",\"@id\":\"https:\/\/trukme.lv\/en\/#website\",\"url\":\"https:\/\/trukme.lv\/en\/\",\"name\":\"Trukm\u0117\",\"description\":\"M\u0113be\u013cu pane\u013ci, galda virsmas, m\u0113be\u013cu furnit\u016bra. Virtuves m\u0113be\u013cu, skapju, vannas istabas m\u0113be\u013cu u.c. sortiments. Paz\u012bstami un uzticami ra\u017eot\u0101ji.\",\"potentialAction\":[{\"@type\":\"SearchAction\",\"target\":{\"@type\":\"EntryPoint\",\"urlTemplate\":\"https:\/\/trukme.lv\/en\/?s={search_term_string}\"},\"query-input\":{\"@type\":\"PropertyValueSpecification\",\"valueRequired\":true,\"valueName\":\"search_term_string\"}}],\"inLanguage\":\"en-GB\"}]}<\/script>\n<!-- \/ Yoast SEO plugin. -->","yoast_head_json":{"title":"Compact HPL loksne Black, 190SL\/SL (Melns pild\u012bjums) - Trukm\u0117","robots":{"index":"index","follow":"follow","max-snippet":"max-snippet:-1","max-image-preview":"max-image-preview:large","max-video-preview":"max-video-preview:-1"},"canonical":"https:\/\/trukme.lv\/en\/products\/compact-hpl-laminates-en-2\/compact-hpl-loksne-black-190sl-sl-melns-pildijums\/","og_locale":"en_GB","og_type":"article","og_title":"Compact HPL loksne Black, 190SL\/SL (Melns pild\u012bjums) - Trukm\u0117","og_description":"Kompakta pl\u0101tne \u2013 tas ir daudzsl\u0101\u0146u lok\u0161\u0146u materi\u0101ls, kas tiek ra\u017eots augsta spiediena un temperat\u016bras apst\u0101k\u013cos pres\u0113jot vair\u0101kus desmitus kraftpap\u012bra sl\u0101\u0146u. \u0160is modern\u0101 izskata galda virsmas materi\u0101ls izce\u013cas ar mitruma un tvaika iztur\u012bbu, augstu notur\u012bbu un iztur\u012bbu pret slodzi un nodilumu.","og_url":"https:\/\/trukme.lv\/en\/products\/compact-hpl-laminates-en-2\/compact-hpl-loksne-black-190sl-sl-melns-pildijums\/","og_site_name":"Trukm\u0117","article_modified_time":"2025-10-21T19:48:34+00:00","og_image":[{"width":1199,"height":1825,"url":"https:\/\/trukme.lv\/wp-content\/uploads\/2025\/09\/CM120190SLKRON.webp","type":"image\/webp"}],"twitter_card":"summary_large_image","schema":{"@context":"https:\/\/schema.org","@graph":[{"@type":"WebPage","@id":"https:\/\/trukme.lv\/en\/products\/compact-hpl-laminates-en-2\/compact-hpl-loksne-black-190sl-sl-melns-pildijums\/","url":"https:\/\/trukme.lv\/en\/products\/compact-hpl-laminates-en-2\/compact-hpl-loksne-black-190sl-sl-melns-pildijums\/","name":"Compact HPL loksne Black, 190SL\/SL (Melns pild\u012bjums) - Trukm\u0117","isPartOf":{"@id":"https:\/\/trukme.lv\/en\/#website"},"primaryImageOfPage":{"@id":"https:\/\/trukme.lv\/en\/products\/compact-hpl-laminates-en-2\/compact-hpl-loksne-black-190sl-sl-melns-pildijums\/#primaryimage"},"image":{"@id":"https:\/\/trukme.lv\/en\/products\/compact-hpl-laminates-en-2\/compact-hpl-loksne-black-190sl-sl-melns-pildijums\/#primaryimage"},"thumbnailUrl":"https:\/\/i0.wp.com\/trukme.lv\/wp-content\/uploads\/2025\/09\/CM120190SLKRON.webp?fit=1199%2C1825&ssl=1","datePublished":"2025-09-30T20:17:59+00:00","dateModified":"2025-10-21T19:48:34+00:00","breadcrumb":{"@id":"https:\/\/trukme.lv\/en\/products\/compact-hpl-laminates-en-2\/compact-hpl-loksne-black-190sl-sl-melns-pildijums\/#breadcrumb"},"inLanguage":"en-GB","potentialAction":[{"@type":"ReadAction","target":["https:\/\/trukme.lv\/en\/products\/compact-hpl-laminates-en-2\/compact-hpl-loksne-black-190sl-sl-melns-pildijums\/"]}]},{"@type":"ImageObject","inLanguage":"en-GB","@id":"https:\/\/trukme.lv\/en\/products\/compact-hpl-laminates-en-2\/compact-hpl-loksne-black-190sl-sl-melns-pildijums\/#primaryimage","url":"https:\/\/i0.wp.com\/trukme.lv\/wp-content\/uploads\/2025\/09\/CM120190SLKRON.webp?fit=1199%2C1825&ssl=1","contentUrl":"https:\/\/i0.wp.com\/trukme.lv\/wp-content\/uploads\/2025\/09\/CM120190SLKRON.webp?fit=1199%2C1825&ssl=1","width":1199,"height":1825},{"@type":"BreadcrumbList","@id":"https:\/\/trukme.lv\/en\/products\/compact-hpl-laminates-en-2\/compact-hpl-loksne-black-190sl-sl-melns-pildijums\/#breadcrumb","itemListElement":[{"@type":"ListItem","position":1,"name":"Home","item":"https:\/\/trukme.lv\/en\/home\/"},{"@type":"ListItem","position":2,"name":"Products","item":"https:\/\/trukme.lv\/en\/products\/"},{"@type":"ListItem","position":3,"name":"Compact HPL loksne Black, 190SL\/SL (Melns pild\u012bjums)"}]},{"@type":"WebSite","@id":"https:\/\/trukme.lv\/en\/#website","url":"https:\/\/trukme.lv\/en\/","name":"Trukm\u0117","description":"M\u0113be\u013cu pane\u013ci, galda virsmas, m\u0113be\u013cu furnit\u016bra. Virtuves m\u0113be\u013cu, skapju, vannas istabas m\u0113be\u013cu u.c. sortiments. Paz\u012bstami un uzticami ra\u017eot\u0101ji.","potentialAction":[{"@type":"SearchAction","target":{"@type":"EntryPoint","urlTemplate":"https:\/\/trukme.lv\/en\/?s={search_term_string}"},"query-input":{"@type":"PropertyValueSpecification","valueRequired":true,"valueName":"search_term_string"}}],"inLanguage":"en-GB"}]}},"jetpack_sharing_enabled":true,"_links":{"self":[{"href":"https:\/\/trukme.lv\/en\/wp-json\/wp\/v2\/product\/272789","targetHints":{"allow":["GET"]}}],"collection":[{"href":"https:\/\/trukme.lv\/en\/wp-json\/wp\/v2\/product"}],"about":[{"href":"https:\/\/trukme.lv\/en\/wp-json\/wp\/v2\/types\/product"}],"wp:featuredmedia":[{"embeddable":true,"href":"https:\/\/trukme.lv\/en\/wp-json\/wp\/v2\/media\/270446"}],"wp:attachment":[{"href":"https:\/\/trukme.lv\/en\/wp-json\/wp\/v2\/media?parent=272789"}],"wp:term":[{"taxonomy":"product_brand","embeddable":true,"href":"https:\/\/trukme.lv\/en\/wp-json\/wp\/v2\/product_brand?post=272789"},{"taxonomy":"product_cat","embeddable":true,"href":"https:\/\/trukme.lv\/en\/wp-json\/wp\/v2\/product_cat?post=272789"},{"taxonomy":"product_tag","embeddable":true,"href":"https:\/\/trukme.lv\/en\/wp-json\/wp\/v2\/product_tag?post=272789"}],"curies":[{"name":"wp","href":"https:\/\/api.w.org\/{rel}","templated":true}]}}