{"id":272827,"date":"2025-09-30T23:16:06","date_gmt":"2025-09-30T20:16:06","guid":{"rendered":"https:\/\/trukme.lv\/produkti\/uncategorized\/aizversanas-mehanisms-bidamo-durvju-sistemai-gtv-soft-close-max-slodze-30kg-2-sanu-durvim\/"},"modified":"2025-10-02T12:31:35","modified_gmt":"2025-10-02T09:31:35","slug":"aizversanas-mehanisms-bidamo-durvju-sistemai-gtv-soft-close-max-slodze-30kg-2-sanu-durvim","status":"publish","type":"product","link":"https:\/\/trukme.lv\/en\/products\/furniture-fittings\/sliding-door-systems\/standing\/wheels-and-other-parts\/aizversanas-mehanisms-bidamo-durvju-sistemai-gtv-soft-close-max-slodze-30kg-2-sanu-durvim\/","title":{"rendered":"Closing mechanism for sliding door system GTV, soft close, max load 30kg, for 2 side doors"},"content":{"rendered":"","protected":false},"excerpt":{"rendered":"","protected":false},"featured_media":270255,"template":"","meta":{"_acf_changed":false},"product_brand":[6951],"product_cat":[6305,6365,6369,6373],"product_tag":[],"class_list":{"0":"post-272827","1":"product","2":"type-product","3":"status-publish","4":"has-post-thumbnail","6":"product_brand-gtv-en","7":"product_cat-furniture-fittings","8":"product_cat-sliding-door-systems","9":"product_cat-standing","10":"product_cat-wheels-and-other-parts","12":"first","13":"instock","14":"product-type-simple"},"acf":[],"yoast_head":"<!-- This site is optimized with the Yoast SEO plugin v26.5 - https:\/\/yoast.com\/wordpress\/plugins\/seo\/ -->\n<title>Closing mechanism for sliding door system GTV, soft close, max load 30kg, for 2 side doors - Trukm\u0117<\/title>\n<meta name=\"robots\" content=\"index, follow, max-snippet:-1, max-image-preview:large, max-video-preview:-1\" \/>\n<link rel=\"canonical\" href=\"https:\/\/trukme.lv\/en\/products\/furniture-fittings\/sliding-door-systems\/standing\/wheels-and-other-parts\/aizversanas-mehanisms-bidamo-durvju-sistemai-gtv-soft-close-max-slodze-30kg-2-sanu-durvim\/\" \/>\n<meta property=\"og:locale\" content=\"en_GB\" \/>\n<meta property=\"og:type\" content=\"article\" \/>\n<meta property=\"og:title\" content=\"Closing mechanism for sliding door system GTV, soft close, max load 30kg, for 2 side doors - Trukm\u0117\" \/>\n<meta property=\"og:url\" content=\"https:\/\/trukme.lv\/en\/products\/furniture-fittings\/sliding-door-systems\/standing\/wheels-and-other-parts\/aizversanas-mehanisms-bidamo-durvju-sistemai-gtv-soft-close-max-slodze-30kg-2-sanu-durvim\/\" \/>\n<meta property=\"og:site_name\" content=\"Trukm\u0117\" \/>\n<meta property=\"article:modified_time\" content=\"2025-10-02T09:31:35+00:00\" \/>\n<meta property=\"og:image\" content=\"https:\/\/i0.wp.com\/trukme.lv\/wp-content\/uploads\/2025\/09\/A-SOFT-30.webp?fit=1200%2C800&ssl=1\" \/>\n\t<meta property=\"og:image:width\" content=\"1200\" \/>\n\t<meta property=\"og:image:height\" content=\"800\" \/>\n\t<meta property=\"og:image:type\" content=\"image\/webp\" \/>\n<meta name=\"twitter:card\" content=\"summary_large_image\" \/>\n<script type=\"application\/ld+json\" class=\"yoast-schema-graph\">{\"@context\":\"https:\/\/schema.org\",\"@graph\":[{\"@type\":\"WebPage\",\"@id\":\"https:\/\/trukme.lv\/en\/products\/furniture-fittings\/sliding-door-systems\/standing\/wheels-and-other-parts\/aizversanas-mehanisms-bidamo-durvju-sistemai-gtv-soft-close-max-slodze-30kg-2-sanu-durvim\/\",\"url\":\"https:\/\/trukme.lv\/en\/products\/furniture-fittings\/sliding-door-systems\/standing\/wheels-and-other-parts\/aizversanas-mehanisms-bidamo-durvju-sistemai-gtv-soft-close-max-slodze-30kg-2-sanu-durvim\/\",\"name\":\"Closing mechanism for sliding door system GTV, soft close, max load 30kg, for 2 side doors - Trukm\u0117\",\"isPartOf\":{\"@id\":\"https:\/\/trukme.lv\/en\/#website\"},\"primaryImageOfPage\":{\"@id\":\"https:\/\/trukme.lv\/en\/products\/furniture-fittings\/sliding-door-systems\/standing\/wheels-and-other-parts\/aizversanas-mehanisms-bidamo-durvju-sistemai-gtv-soft-close-max-slodze-30kg-2-sanu-durvim\/#primaryimage\"},\"image\":{\"@id\":\"https:\/\/trukme.lv\/en\/products\/furniture-fittings\/sliding-door-systems\/standing\/wheels-and-other-parts\/aizversanas-mehanisms-bidamo-durvju-sistemai-gtv-soft-close-max-slodze-30kg-2-sanu-durvim\/#primaryimage\"},\"thumbnailUrl\":\"https:\/\/i0.wp.com\/trukme.lv\/wp-content\/uploads\/2025\/09\/A-SOFT-30.webp?fit=1200%2C800&ssl=1\",\"datePublished\":\"2025-09-30T20:16:06+00:00\",\"dateModified\":\"2025-10-02T09:31:35+00:00\",\"breadcrumb\":{\"@id\":\"https:\/\/trukme.lv\/en\/products\/furniture-fittings\/sliding-door-systems\/standing\/wheels-and-other-parts\/aizversanas-mehanisms-bidamo-durvju-sistemai-gtv-soft-close-max-slodze-30kg-2-sanu-durvim\/#breadcrumb\"},\"inLanguage\":\"en-GB\",\"potentialAction\":[{\"@type\":\"ReadAction\",\"target\":[\"https:\/\/trukme.lv\/en\/products\/furniture-fittings\/sliding-door-systems\/standing\/wheels-and-other-parts\/aizversanas-mehanisms-bidamo-durvju-sistemai-gtv-soft-close-max-slodze-30kg-2-sanu-durvim\/\"]}]},{\"@type\":\"ImageObject\",\"inLanguage\":\"en-GB\",\"@id\":\"https:\/\/trukme.lv\/en\/products\/furniture-fittings\/sliding-door-systems\/standing\/wheels-and-other-parts\/aizversanas-mehanisms-bidamo-durvju-sistemai-gtv-soft-close-max-slodze-30kg-2-sanu-durvim\/#primaryimage\",\"url\":\"https:\/\/i0.wp.com\/trukme.lv\/wp-content\/uploads\/2025\/09\/A-SOFT-30.webp?fit=1200%2C800&ssl=1\",\"contentUrl\":\"https:\/\/i0.wp.com\/trukme.lv\/wp-content\/uploads\/2025\/09\/A-SOFT-30.webp?fit=1200%2C800&ssl=1\",\"width\":1200,\"height\":800},{\"@type\":\"BreadcrumbList\",\"@id\":\"https:\/\/trukme.lv\/en\/products\/furniture-fittings\/sliding-door-systems\/standing\/wheels-and-other-parts\/aizversanas-mehanisms-bidamo-durvju-sistemai-gtv-soft-close-max-slodze-30kg-2-sanu-durvim\/#breadcrumb\",\"itemListElement\":[{\"@type\":\"ListItem\",\"position\":1,\"name\":\"Home\",\"item\":\"https:\/\/trukme.lv\/en\/home\/\"},{\"@type\":\"ListItem\",\"position\":2,\"name\":\"Products\",\"item\":\"https:\/\/trukme.lv\/en\/products\/\"},{\"@type\":\"ListItem\",\"position\":3,\"name\":\"Closing mechanism for sliding door system GTV, soft close, max load 30kg, for 2 side doors\"}]},{\"@type\":\"WebSite\",\"@id\":\"https:\/\/trukme.lv\/en\/#website\",\"url\":\"https:\/\/trukme.lv\/en\/\",\"name\":\"Trukm\u0117\",\"description\":\"M\u0113be\u013cu pane\u013ci, galda virsmas, m\u0113be\u013cu furnit\u016bra. Virtuves m\u0113be\u013cu, skapju, vannas istabas m\u0113be\u013cu u.c. sortiments. Paz\u012bstami un uzticami ra\u017eot\u0101ji.\",\"potentialAction\":[{\"@type\":\"SearchAction\",\"target\":{\"@type\":\"EntryPoint\",\"urlTemplate\":\"https:\/\/trukme.lv\/en\/?s={search_term_string}\"},\"query-input\":{\"@type\":\"PropertyValueSpecification\",\"valueRequired\":true,\"valueName\":\"search_term_string\"}}],\"inLanguage\":\"en-GB\"}]}<\/script>\n<!-- \/ Yoast SEO plugin. -->","yoast_head_json":{"title":"Closing mechanism for sliding door system GTV, soft close, max load 30kg, for 2 side doors - Trukm\u0117","robots":{"index":"index","follow":"follow","max-snippet":"max-snippet:-1","max-image-preview":"max-image-preview:large","max-video-preview":"max-video-preview:-1"},"canonical":"https:\/\/trukme.lv\/en\/products\/furniture-fittings\/sliding-door-systems\/standing\/wheels-and-other-parts\/aizversanas-mehanisms-bidamo-durvju-sistemai-gtv-soft-close-max-slodze-30kg-2-sanu-durvim\/","og_locale":"en_GB","og_type":"article","og_title":"Closing mechanism for sliding door system GTV, soft close, max load 30kg, for 2 side doors - Trukm\u0117","og_url":"https:\/\/trukme.lv\/en\/products\/furniture-fittings\/sliding-door-systems\/standing\/wheels-and-other-parts\/aizversanas-mehanisms-bidamo-durvju-sistemai-gtv-soft-close-max-slodze-30kg-2-sanu-durvim\/","og_site_name":"Trukm\u0117","article_modified_time":"2025-10-02T09:31:35+00:00","og_image":[{"width":1200,"height":800,"url":"https:\/\/i0.wp.com\/trukme.lv\/wp-content\/uploads\/2025\/09\/A-SOFT-30.webp?fit=1200%2C800&ssl=1","type":"image\/webp"}],"twitter_card":"summary_large_image","schema":{"@context":"https:\/\/schema.org","@graph":[{"@type":"WebPage","@id":"https:\/\/trukme.lv\/en\/products\/furniture-fittings\/sliding-door-systems\/standing\/wheels-and-other-parts\/aizversanas-mehanisms-bidamo-durvju-sistemai-gtv-soft-close-max-slodze-30kg-2-sanu-durvim\/","url":"https:\/\/trukme.lv\/en\/products\/furniture-fittings\/sliding-door-systems\/standing\/wheels-and-other-parts\/aizversanas-mehanisms-bidamo-durvju-sistemai-gtv-soft-close-max-slodze-30kg-2-sanu-durvim\/","name":"Closing mechanism for sliding door system GTV, soft close, max load 30kg, for 2 side doors - Trukm\u0117","isPartOf":{"@id":"https:\/\/trukme.lv\/en\/#website"},"primaryImageOfPage":{"@id":"https:\/\/trukme.lv\/en\/products\/furniture-fittings\/sliding-door-systems\/standing\/wheels-and-other-parts\/aizversanas-mehanisms-bidamo-durvju-sistemai-gtv-soft-close-max-slodze-30kg-2-sanu-durvim\/#primaryimage"},"image":{"@id":"https:\/\/trukme.lv\/en\/products\/furniture-fittings\/sliding-door-systems\/standing\/wheels-and-other-parts\/aizversanas-mehanisms-bidamo-durvju-sistemai-gtv-soft-close-max-slodze-30kg-2-sanu-durvim\/#primaryimage"},"thumbnailUrl":"https:\/\/i0.wp.com\/trukme.lv\/wp-content\/uploads\/2025\/09\/A-SOFT-30.webp?fit=1200%2C800&ssl=1","datePublished":"2025-09-30T20:16:06+00:00","dateModified":"2025-10-02T09:31:35+00:00","breadcrumb":{"@id":"https:\/\/trukme.lv\/en\/products\/furniture-fittings\/sliding-door-systems\/standing\/wheels-and-other-parts\/aizversanas-mehanisms-bidamo-durvju-sistemai-gtv-soft-close-max-slodze-30kg-2-sanu-durvim\/#breadcrumb"},"inLanguage":"en-GB","potentialAction":[{"@type":"ReadAction","target":["https:\/\/trukme.lv\/en\/products\/furniture-fittings\/sliding-door-systems\/standing\/wheels-and-other-parts\/aizversanas-mehanisms-bidamo-durvju-sistemai-gtv-soft-close-max-slodze-30kg-2-sanu-durvim\/"]}]},{"@type":"ImageObject","inLanguage":"en-GB","@id":"https:\/\/trukme.lv\/en\/products\/furniture-fittings\/sliding-door-systems\/standing\/wheels-and-other-parts\/aizversanas-mehanisms-bidamo-durvju-sistemai-gtv-soft-close-max-slodze-30kg-2-sanu-durvim\/#primaryimage","url":"https:\/\/i0.wp.com\/trukme.lv\/wp-content\/uploads\/2025\/09\/A-SOFT-30.webp?fit=1200%2C800&ssl=1","contentUrl":"https:\/\/i0.wp.com\/trukme.lv\/wp-content\/uploads\/2025\/09\/A-SOFT-30.webp?fit=1200%2C800&ssl=1","width":1200,"height":800},{"@type":"BreadcrumbList","@id":"https:\/\/trukme.lv\/en\/products\/furniture-fittings\/sliding-door-systems\/standing\/wheels-and-other-parts\/aizversanas-mehanisms-bidamo-durvju-sistemai-gtv-soft-close-max-slodze-30kg-2-sanu-durvim\/#breadcrumb","itemListElement":[{"@type":"ListItem","position":1,"name":"Home","item":"https:\/\/trukme.lv\/en\/home\/"},{"@type":"ListItem","position":2,"name":"Products","item":"https:\/\/trukme.lv\/en\/products\/"},{"@type":"ListItem","position":3,"name":"Closing mechanism for sliding door system GTV, soft close, max load 30kg, for 2 side doors"}]},{"@type":"WebSite","@id":"https:\/\/trukme.lv\/en\/#website","url":"https:\/\/trukme.lv\/en\/","name":"Trukm\u0117","description":"M\u0113be\u013cu pane\u013ci, galda virsmas, m\u0113be\u013cu furnit\u016bra. Virtuves m\u0113be\u013cu, skapju, vannas istabas m\u0113be\u013cu u.c. sortiments. Paz\u012bstami un uzticami ra\u017eot\u0101ji.","potentialAction":[{"@type":"SearchAction","target":{"@type":"EntryPoint","urlTemplate":"https:\/\/trukme.lv\/en\/?s={search_term_string}"},"query-input":{"@type":"PropertyValueSpecification","valueRequired":true,"valueName":"search_term_string"}}],"inLanguage":"en-GB"}]}},"jetpack_sharing_enabled":true,"_links":{"self":[{"href":"https:\/\/trukme.lv\/en\/wp-json\/wp\/v2\/product\/272827","targetHints":{"allow":["GET"]}}],"collection":[{"href":"https:\/\/trukme.lv\/en\/wp-json\/wp\/v2\/product"}],"about":[{"href":"https:\/\/trukme.lv\/en\/wp-json\/wp\/v2\/types\/product"}],"wp:featuredmedia":[{"embeddable":true,"href":"https:\/\/trukme.lv\/en\/wp-json\/wp\/v2\/media\/270255"}],"wp:attachment":[{"href":"https:\/\/trukme.lv\/en\/wp-json\/wp\/v2\/media?parent=272827"}],"wp:term":[{"taxonomy":"product_brand","embeddable":true,"href":"https:\/\/trukme.lv\/en\/wp-json\/wp\/v2\/product_brand?post=272827"},{"taxonomy":"product_cat","embeddable":true,"href":"https:\/\/trukme.lv\/en\/wp-json\/wp\/v2\/product_cat?post=272827"},{"taxonomy":"product_tag","embeddable":true,"href":"https:\/\/trukme.lv\/en\/wp-json\/wp\/v2\/product_tag?post=272827"}],"curies":[{"name":"wp","href":"https:\/\/api.w.org\/{rel}","templated":true}]}}