{"id":272838,"date":"2025-09-30T23:15:40","date_gmt":"2025-09-30T20:15:40","guid":{"rendered":"https:\/\/trukme.lv\/produkti\/uncategorized\/vertikalais-bidamo-durvju-profils-gtv-novo-s-18-16-4-mm-2-7-m-melns\/"},"modified":"2025-10-02T12:31:39","modified_gmt":"2025-10-02T09:31:39","slug":"vertikalais-bidamo-durvju-profils-gtv-novo-s-18-16-4-mm-2-7-m-melns","status":"publish","type":"product","link":"https:\/\/trukme.lv\/en\/products\/furniture-fittings\/sliding-door-systems\/standing\/handle-profiles\/vertikalais-bidamo-durvju-profils-gtv-novo-s-18-16-4-mm-2-7-m-melns\/","title":{"rendered":"Vertical sliding door profile GTV-NOVO S, 18\/16\/4 mm, 2.7 m, black"},"content":{"rendered":"<p>Wide-application, modern and stylish NOVO S sliding door handle profile can be used in both framed and frameless systems. It is a simple and ergonomic design profile. In a framed system, it is mounted with an 18 mm panel or 4 mm glass, while in a frameless system, both 16 mm and 18 mm panels can be used. Maximum door weight \u2013 up to 50 kg.<\/p>\n","protected":false},"excerpt":{"rendered":"<p>Wide-application, modern and stylish NOVO S sliding door handle profile can be used in both framed and frameless systems. It is a simple and ergonomic design profile. In a framed system, it is mounted with an 18 mm panel or 4 mm glass, while in a frameless system, both 16 mm and 18 mm panels&#8230;<\/p>\n","protected":false},"featured_media":270148,"template":"","meta":{"_acf_changed":false},"product_brand":[6951],"product_cat":[6305,6375,6365,6369],"product_tag":[],"class_list":{"0":"post-272838","1":"product","2":"type-product","3":"status-publish","4":"has-post-thumbnail","6":"product_brand-gtv-en","7":"product_cat-furniture-fittings","8":"product_cat-handle-profiles","9":"product_cat-sliding-door-systems","10":"product_cat-standing","11":"pa_kolekcija-gtv-novo-s-en","13":"first","14":"instock","15":"product-type-simple"},"acf":[],"yoast_head":"<!-- This site is optimized with the Yoast SEO plugin v26.5 - https:\/\/yoast.com\/wordpress\/plugins\/seo\/ -->\n<title>Vertical sliding door profile GTV-NOVO S, 18\/16\/4 mm, 2.7 m, black - Trukm\u0117<\/title>\n<meta name=\"robots\" content=\"index, follow, max-snippet:-1, max-image-preview:large, max-video-preview:-1\" \/>\n<link rel=\"canonical\" href=\"https:\/\/trukme.lv\/en\/products\/furniture-fittings\/sliding-door-systems\/standing\/handle-profiles\/vertikalais-bidamo-durvju-profils-gtv-novo-s-18-16-4-mm-2-7-m-melns\/\" \/>\n<meta property=\"og:locale\" content=\"en_GB\" \/>\n<meta property=\"og:type\" content=\"article\" \/>\n<meta property=\"og:title\" content=\"Vertical sliding door profile GTV-NOVO S, 18\/16\/4 mm, 2.7 m, black - Trukm\u0117\" \/>\n<meta property=\"og:description\" content=\"Wide-application, modern and stylish NOVO S sliding door handle profile can be used in both framed and frameless systems. It is a simple and ergonomic design profile. In a framed system, it is mounted with an 18 mm panel or 4 mm glass, while in a frameless system, both 16 mm and 18 mm panels...\" \/>\n<meta property=\"og:url\" content=\"https:\/\/trukme.lv\/en\/products\/furniture-fittings\/sliding-door-systems\/standing\/handle-profiles\/vertikalais-bidamo-durvju-profils-gtv-novo-s-18-16-4-mm-2-7-m-melns\/\" \/>\n<meta property=\"og:site_name\" content=\"Trukm\u0117\" \/>\n<meta property=\"article:modified_time\" content=\"2025-10-02T09:31:39+00:00\" \/>\n<meta property=\"og:image\" content=\"https:\/\/i0.wp.com\/trukme.lv\/wp-content\/uploads\/2025\/09\/A-R18NOVS-270-20M.webp?fit=1245%2C2048&ssl=1\" \/>\n\t<meta property=\"og:image:width\" content=\"1245\" \/>\n\t<meta property=\"og:image:height\" content=\"2048\" \/>\n\t<meta property=\"og:image:type\" content=\"image\/webp\" \/>\n<meta name=\"twitter:card\" content=\"summary_large_image\" \/>\n<script type=\"application\/ld+json\" class=\"yoast-schema-graph\">{\"@context\":\"https:\/\/schema.org\",\"@graph\":[{\"@type\":\"WebPage\",\"@id\":\"https:\/\/trukme.lv\/en\/products\/furniture-fittings\/sliding-door-systems\/standing\/handle-profiles\/vertikalais-bidamo-durvju-profils-gtv-novo-s-18-16-4-mm-2-7-m-melns\/\",\"url\":\"https:\/\/trukme.lv\/en\/products\/furniture-fittings\/sliding-door-systems\/standing\/handle-profiles\/vertikalais-bidamo-durvju-profils-gtv-novo-s-18-16-4-mm-2-7-m-melns\/\",\"name\":\"Vertical sliding door profile GTV-NOVO S, 18\/16\/4 mm, 2.7 m, black - Trukm\u0117\",\"isPartOf\":{\"@id\":\"https:\/\/trukme.lv\/en\/#website\"},\"primaryImageOfPage\":{\"@id\":\"https:\/\/trukme.lv\/en\/products\/furniture-fittings\/sliding-door-systems\/standing\/handle-profiles\/vertikalais-bidamo-durvju-profils-gtv-novo-s-18-16-4-mm-2-7-m-melns\/#primaryimage\"},\"image\":{\"@id\":\"https:\/\/trukme.lv\/en\/products\/furniture-fittings\/sliding-door-systems\/standing\/handle-profiles\/vertikalais-bidamo-durvju-profils-gtv-novo-s-18-16-4-mm-2-7-m-melns\/#primaryimage\"},\"thumbnailUrl\":\"https:\/\/i0.wp.com\/trukme.lv\/wp-content\/uploads\/2025\/09\/A-R18NOVS-270-20M.webp?fit=1245%2C2048&ssl=1\",\"datePublished\":\"2025-09-30T20:15:40+00:00\",\"dateModified\":\"2025-10-02T09:31:39+00:00\",\"breadcrumb\":{\"@id\":\"https:\/\/trukme.lv\/en\/products\/furniture-fittings\/sliding-door-systems\/standing\/handle-profiles\/vertikalais-bidamo-durvju-profils-gtv-novo-s-18-16-4-mm-2-7-m-melns\/#breadcrumb\"},\"inLanguage\":\"en-GB\",\"potentialAction\":[{\"@type\":\"ReadAction\",\"target\":[\"https:\/\/trukme.lv\/en\/products\/furniture-fittings\/sliding-door-systems\/standing\/handle-profiles\/vertikalais-bidamo-durvju-profils-gtv-novo-s-18-16-4-mm-2-7-m-melns\/\"]}]},{\"@type\":\"ImageObject\",\"inLanguage\":\"en-GB\",\"@id\":\"https:\/\/trukme.lv\/en\/products\/furniture-fittings\/sliding-door-systems\/standing\/handle-profiles\/vertikalais-bidamo-durvju-profils-gtv-novo-s-18-16-4-mm-2-7-m-melns\/#primaryimage\",\"url\":\"https:\/\/i0.wp.com\/trukme.lv\/wp-content\/uploads\/2025\/09\/A-R18NOVS-270-20M.webp?fit=1245%2C2048&ssl=1\",\"contentUrl\":\"https:\/\/i0.wp.com\/trukme.lv\/wp-content\/uploads\/2025\/09\/A-R18NOVS-270-20M.webp?fit=1245%2C2048&ssl=1\",\"width\":1245,\"height\":2048},{\"@type\":\"BreadcrumbList\",\"@id\":\"https:\/\/trukme.lv\/en\/products\/furniture-fittings\/sliding-door-systems\/standing\/handle-profiles\/vertikalais-bidamo-durvju-profils-gtv-novo-s-18-16-4-mm-2-7-m-melns\/#breadcrumb\",\"itemListElement\":[{\"@type\":\"ListItem\",\"position\":1,\"name\":\"Home\",\"item\":\"https:\/\/trukme.lv\/en\/home\/\"},{\"@type\":\"ListItem\",\"position\":2,\"name\":\"Products\",\"item\":\"https:\/\/trukme.lv\/en\/products\/\"},{\"@type\":\"ListItem\",\"position\":3,\"name\":\"Vertical sliding door profile GTV-NOVO S, 18\/16\/4 mm, 2.7 m, black\"}]},{\"@type\":\"WebSite\",\"@id\":\"https:\/\/trukme.lv\/en\/#website\",\"url\":\"https:\/\/trukme.lv\/en\/\",\"name\":\"Trukm\u0117\",\"description\":\"M\u0113be\u013cu pane\u013ci, galda virsmas, m\u0113be\u013cu furnit\u016bra. Virtuves m\u0113be\u013cu, skapju, vannas istabas m\u0113be\u013cu u.c. sortiments. Paz\u012bstami un uzticami ra\u017eot\u0101ji.\",\"potentialAction\":[{\"@type\":\"SearchAction\",\"target\":{\"@type\":\"EntryPoint\",\"urlTemplate\":\"https:\/\/trukme.lv\/en\/?s={search_term_string}\"},\"query-input\":{\"@type\":\"PropertyValueSpecification\",\"valueRequired\":true,\"valueName\":\"search_term_string\"}}],\"inLanguage\":\"en-GB\"}]}<\/script>\n<!-- \/ Yoast SEO plugin. -->","yoast_head_json":{"title":"Vertical sliding door profile GTV-NOVO S, 18\/16\/4 mm, 2.7 m, black - Trukm\u0117","robots":{"index":"index","follow":"follow","max-snippet":"max-snippet:-1","max-image-preview":"max-image-preview:large","max-video-preview":"max-video-preview:-1"},"canonical":"https:\/\/trukme.lv\/en\/products\/furniture-fittings\/sliding-door-systems\/standing\/handle-profiles\/vertikalais-bidamo-durvju-profils-gtv-novo-s-18-16-4-mm-2-7-m-melns\/","og_locale":"en_GB","og_type":"article","og_title":"Vertical sliding door profile GTV-NOVO S, 18\/16\/4 mm, 2.7 m, black - Trukm\u0117","og_description":"Wide-application, modern and stylish NOVO S sliding door handle profile can be used in both framed and frameless systems. It is a simple and ergonomic design profile. In a framed system, it is mounted with an 18 mm panel or 4 mm glass, while in a frameless system, both 16 mm and 18 mm panels...","og_url":"https:\/\/trukme.lv\/en\/products\/furniture-fittings\/sliding-door-systems\/standing\/handle-profiles\/vertikalais-bidamo-durvju-profils-gtv-novo-s-18-16-4-mm-2-7-m-melns\/","og_site_name":"Trukm\u0117","article_modified_time":"2025-10-02T09:31:39+00:00","og_image":[{"width":1245,"height":2048,"url":"https:\/\/i0.wp.com\/trukme.lv\/wp-content\/uploads\/2025\/09\/A-R18NOVS-270-20M.webp?fit=1245%2C2048&ssl=1","type":"image\/webp"}],"twitter_card":"summary_large_image","schema":{"@context":"https:\/\/schema.org","@graph":[{"@type":"WebPage","@id":"https:\/\/trukme.lv\/en\/products\/furniture-fittings\/sliding-door-systems\/standing\/handle-profiles\/vertikalais-bidamo-durvju-profils-gtv-novo-s-18-16-4-mm-2-7-m-melns\/","url":"https:\/\/trukme.lv\/en\/products\/furniture-fittings\/sliding-door-systems\/standing\/handle-profiles\/vertikalais-bidamo-durvju-profils-gtv-novo-s-18-16-4-mm-2-7-m-melns\/","name":"Vertical sliding door profile GTV-NOVO S, 18\/16\/4 mm, 2.7 m, black - Trukm\u0117","isPartOf":{"@id":"https:\/\/trukme.lv\/en\/#website"},"primaryImageOfPage":{"@id":"https:\/\/trukme.lv\/en\/products\/furniture-fittings\/sliding-door-systems\/standing\/handle-profiles\/vertikalais-bidamo-durvju-profils-gtv-novo-s-18-16-4-mm-2-7-m-melns\/#primaryimage"},"image":{"@id":"https:\/\/trukme.lv\/en\/products\/furniture-fittings\/sliding-door-systems\/standing\/handle-profiles\/vertikalais-bidamo-durvju-profils-gtv-novo-s-18-16-4-mm-2-7-m-melns\/#primaryimage"},"thumbnailUrl":"https:\/\/i0.wp.com\/trukme.lv\/wp-content\/uploads\/2025\/09\/A-R18NOVS-270-20M.webp?fit=1245%2C2048&ssl=1","datePublished":"2025-09-30T20:15:40+00:00","dateModified":"2025-10-02T09:31:39+00:00","breadcrumb":{"@id":"https:\/\/trukme.lv\/en\/products\/furniture-fittings\/sliding-door-systems\/standing\/handle-profiles\/vertikalais-bidamo-durvju-profils-gtv-novo-s-18-16-4-mm-2-7-m-melns\/#breadcrumb"},"inLanguage":"en-GB","potentialAction":[{"@type":"ReadAction","target":["https:\/\/trukme.lv\/en\/products\/furniture-fittings\/sliding-door-systems\/standing\/handle-profiles\/vertikalais-bidamo-durvju-profils-gtv-novo-s-18-16-4-mm-2-7-m-melns\/"]}]},{"@type":"ImageObject","inLanguage":"en-GB","@id":"https:\/\/trukme.lv\/en\/products\/furniture-fittings\/sliding-door-systems\/standing\/handle-profiles\/vertikalais-bidamo-durvju-profils-gtv-novo-s-18-16-4-mm-2-7-m-melns\/#primaryimage","url":"https:\/\/i0.wp.com\/trukme.lv\/wp-content\/uploads\/2025\/09\/A-R18NOVS-270-20M.webp?fit=1245%2C2048&ssl=1","contentUrl":"https:\/\/i0.wp.com\/trukme.lv\/wp-content\/uploads\/2025\/09\/A-R18NOVS-270-20M.webp?fit=1245%2C2048&ssl=1","width":1245,"height":2048},{"@type":"BreadcrumbList","@id":"https:\/\/trukme.lv\/en\/products\/furniture-fittings\/sliding-door-systems\/standing\/handle-profiles\/vertikalais-bidamo-durvju-profils-gtv-novo-s-18-16-4-mm-2-7-m-melns\/#breadcrumb","itemListElement":[{"@type":"ListItem","position":1,"name":"Home","item":"https:\/\/trukme.lv\/en\/home\/"},{"@type":"ListItem","position":2,"name":"Products","item":"https:\/\/trukme.lv\/en\/products\/"},{"@type":"ListItem","position":3,"name":"Vertical sliding door profile GTV-NOVO S, 18\/16\/4 mm, 2.7 m, black"}]},{"@type":"WebSite","@id":"https:\/\/trukme.lv\/en\/#website","url":"https:\/\/trukme.lv\/en\/","name":"Trukm\u0117","description":"M\u0113be\u013cu pane\u013ci, galda virsmas, m\u0113be\u013cu furnit\u016bra. Virtuves m\u0113be\u013cu, skapju, vannas istabas m\u0113be\u013cu u.c. sortiments. Paz\u012bstami un uzticami ra\u017eot\u0101ji.","potentialAction":[{"@type":"SearchAction","target":{"@type":"EntryPoint","urlTemplate":"https:\/\/trukme.lv\/en\/?s={search_term_string}"},"query-input":{"@type":"PropertyValueSpecification","valueRequired":true,"valueName":"search_term_string"}}],"inLanguage":"en-GB"}]}},"jetpack_sharing_enabled":true,"_links":{"self":[{"href":"https:\/\/trukme.lv\/en\/wp-json\/wp\/v2\/product\/272838","targetHints":{"allow":["GET"]}}],"collection":[{"href":"https:\/\/trukme.lv\/en\/wp-json\/wp\/v2\/product"}],"about":[{"href":"https:\/\/trukme.lv\/en\/wp-json\/wp\/v2\/types\/product"}],"wp:featuredmedia":[{"embeddable":true,"href":"https:\/\/trukme.lv\/en\/wp-json\/wp\/v2\/media\/270148"}],"wp:attachment":[{"href":"https:\/\/trukme.lv\/en\/wp-json\/wp\/v2\/media?parent=272838"}],"wp:term":[{"taxonomy":"product_brand","embeddable":true,"href":"https:\/\/trukme.lv\/en\/wp-json\/wp\/v2\/product_brand?post=272838"},{"taxonomy":"product_cat","embeddable":true,"href":"https:\/\/trukme.lv\/en\/wp-json\/wp\/v2\/product_cat?post=272838"},{"taxonomy":"product_tag","embeddable":true,"href":"https:\/\/trukme.lv\/en\/wp-json\/wp\/v2\/product_tag?post=272838"}],"curies":[{"name":"wp","href":"https:\/\/api.w.org\/{rel}","templated":true}]}}