{"id":272940,"date":"2025-09-30T23:09:17","date_gmt":"2025-09-30T20:09:17","guid":{"rendered":"https:\/\/trukme.lv\/produkti\/uncategorized\/mdf-brushed-titan-al08-al06-otra-puse-al06-brushed-bronzas-krasa\/"},"modified":"2025-10-02T12:32:16","modified_gmt":"2025-10-02T09:32:16","slug":"mdf-brushed-titan-al08-al06-otra-puse-al06-brushed-bronzas-krasa","status":"publish","type":"product","link":"https:\/\/trukme.lv\/en\/products\/panels\/natural-metal-coated-board\/mdf-brushed-titan-al08-al06-otra-puse-al06-brushed-bronzas-krasa\/","title":{"rendered":"MDF Brushed Titan, AL08\/AL06 (other side AL06 &#8211; Brushed Bronzas color)"},"content":{"rendered":"<p>The metalized panel is a strong, durable, and versatile material made from medium-density fiberboard (MDF) covered with a real aluminum sheet with a wear-resistant coating. It is ideally suited for vertical furniture elements, fronts, to add luxury and subtle shine to interiors, as well as for individual details. Used in homes, offices, and public spaces. Both sides of the panel are covered with a protective film. The front side is covered with a brushed titanium HPL sheet, the other side with a bronze-colored HPL sheet (AL06).<\/p>\n","protected":false},"excerpt":{"rendered":"<p>The metalized panel is a strong, durable, and versatile material made from medium-density fiberboard (MDF) covered with a real aluminum sheet with a wear-resistant coating. It is ideally suited for vertical furniture elements, fronts, to add luxury and subtle shine to interiors, as well as for individual details. Used in homes, offices, and public spaces&#8230;.<\/p>\n","protected":false},"featured_media":268617,"template":"","meta":{"_acf_changed":false},"product_brand":[6996],"product_cat":[6679,6667],"product_tag":[],"class_list":{"0":"post-272940","1":"product","2":"type-product","3":"status-publish","4":"has-post-thumbnail","6":"product_brand-kronospan-en","7":"product_cat-natural-metal-coated-board","8":"product_cat-panels","10":"first","11":"instock","12":"product-type-simple"},"acf":[],"yoast_head":"<!-- This site is optimized with the Yoast SEO plugin v26.5 - https:\/\/yoast.com\/wordpress\/plugins\/seo\/ -->\n<title>MDF Brushed Titan, AL08\/AL06 (other side AL06 - Brushed Bronzas color) - Trukm\u0117<\/title>\n<meta name=\"robots\" content=\"index, follow, max-snippet:-1, max-image-preview:large, max-video-preview:-1\" \/>\n<link rel=\"canonical\" href=\"https:\/\/trukme.lv\/en\/products\/panels\/natural-metal-coated-board\/mdf-brushed-titan-al08-al06-otra-puse-al06-brushed-bronzas-krasa\/\" \/>\n<meta property=\"og:locale\" content=\"en_GB\" \/>\n<meta property=\"og:type\" content=\"article\" \/>\n<meta property=\"og:title\" content=\"MDF Brushed Titan, AL08\/AL06 (other side AL06 - Brushed Bronzas color) - Trukm\u0117\" \/>\n<meta property=\"og:description\" content=\"The metalized panel is a strong, durable, and versatile material made from medium-density fiberboard (MDF) covered with a real aluminum sheet with a wear-resistant coating. It is ideally suited for vertical furniture elements, fronts, to add luxury and subtle shine to interiors, as well as for individual details. Used in homes, offices, and public spaces....\" \/>\n<meta property=\"og:url\" content=\"https:\/\/trukme.lv\/en\/products\/panels\/natural-metal-coated-board\/mdf-brushed-titan-al08-al06-otra-puse-al06-brushed-bronzas-krasa\/\" \/>\n<meta property=\"og:site_name\" content=\"Trukm\u0117\" \/>\n<meta property=\"article:modified_time\" content=\"2025-10-02T09:32:16+00:00\" \/>\n<meta property=\"og:image\" content=\"https:\/\/i0.wp.com\/trukme.lv\/wp-content\/uploads\/2025\/09\/818AL0800102.webp?fit=1200%2C1800&ssl=1\" \/>\n\t<meta property=\"og:image:width\" content=\"1200\" \/>\n\t<meta property=\"og:image:height\" content=\"1800\" \/>\n\t<meta property=\"og:image:type\" content=\"image\/webp\" \/>\n<meta name=\"twitter:card\" content=\"summary_large_image\" \/>\n<script type=\"application\/ld+json\" class=\"yoast-schema-graph\">{\"@context\":\"https:\/\/schema.org\",\"@graph\":[{\"@type\":\"WebPage\",\"@id\":\"https:\/\/trukme.lv\/en\/products\/panels\/natural-metal-coated-board\/mdf-brushed-titan-al08-al06-otra-puse-al06-brushed-bronzas-krasa\/\",\"url\":\"https:\/\/trukme.lv\/en\/products\/panels\/natural-metal-coated-board\/mdf-brushed-titan-al08-al06-otra-puse-al06-brushed-bronzas-krasa\/\",\"name\":\"MDF Brushed Titan, AL08\/AL06 (other side AL06 - Brushed Bronzas color) - Trukm\u0117\",\"isPartOf\":{\"@id\":\"https:\/\/trukme.lv\/en\/#website\"},\"primaryImageOfPage\":{\"@id\":\"https:\/\/trukme.lv\/en\/products\/panels\/natural-metal-coated-board\/mdf-brushed-titan-al08-al06-otra-puse-al06-brushed-bronzas-krasa\/#primaryimage\"},\"image\":{\"@id\":\"https:\/\/trukme.lv\/en\/products\/panels\/natural-metal-coated-board\/mdf-brushed-titan-al08-al06-otra-puse-al06-brushed-bronzas-krasa\/#primaryimage\"},\"thumbnailUrl\":\"https:\/\/i0.wp.com\/trukme.lv\/wp-content\/uploads\/2025\/09\/818AL0800102.webp?fit=1200%2C1800&ssl=1\",\"datePublished\":\"2025-09-30T20:09:17+00:00\",\"dateModified\":\"2025-10-02T09:32:16+00:00\",\"breadcrumb\":{\"@id\":\"https:\/\/trukme.lv\/en\/products\/panels\/natural-metal-coated-board\/mdf-brushed-titan-al08-al06-otra-puse-al06-brushed-bronzas-krasa\/#breadcrumb\"},\"inLanguage\":\"en-GB\",\"potentialAction\":[{\"@type\":\"ReadAction\",\"target\":[\"https:\/\/trukme.lv\/en\/products\/panels\/natural-metal-coated-board\/mdf-brushed-titan-al08-al06-otra-puse-al06-brushed-bronzas-krasa\/\"]}]},{\"@type\":\"ImageObject\",\"inLanguage\":\"en-GB\",\"@id\":\"https:\/\/trukme.lv\/en\/products\/panels\/natural-metal-coated-board\/mdf-brushed-titan-al08-al06-otra-puse-al06-brushed-bronzas-krasa\/#primaryimage\",\"url\":\"https:\/\/i0.wp.com\/trukme.lv\/wp-content\/uploads\/2025\/09\/818AL0800102.webp?fit=1200%2C1800&ssl=1\",\"contentUrl\":\"https:\/\/i0.wp.com\/trukme.lv\/wp-content\/uploads\/2025\/09\/818AL0800102.webp?fit=1200%2C1800&ssl=1\",\"width\":1200,\"height\":1800},{\"@type\":\"BreadcrumbList\",\"@id\":\"https:\/\/trukme.lv\/en\/products\/panels\/natural-metal-coated-board\/mdf-brushed-titan-al08-al06-otra-puse-al06-brushed-bronzas-krasa\/#breadcrumb\",\"itemListElement\":[{\"@type\":\"ListItem\",\"position\":1,\"name\":\"Home\",\"item\":\"https:\/\/trukme.lv\/en\/home\/\"},{\"@type\":\"ListItem\",\"position\":2,\"name\":\"Products\",\"item\":\"https:\/\/trukme.lv\/en\/products\/\"},{\"@type\":\"ListItem\",\"position\":3,\"name\":\"MDF Brushed Titan, AL08\/AL06 (other side AL06 &#8211; Brushed Bronzas color)\"}]},{\"@type\":\"WebSite\",\"@id\":\"https:\/\/trukme.lv\/en\/#website\",\"url\":\"https:\/\/trukme.lv\/en\/\",\"name\":\"Trukm\u0117\",\"description\":\"M\u0113be\u013cu pane\u013ci, galda virsmas, m\u0113be\u013cu furnit\u016bra. Virtuves m\u0113be\u013cu, skapju, vannas istabas m\u0113be\u013cu u.c. sortiments. Paz\u012bstami un uzticami ra\u017eot\u0101ji.\",\"potentialAction\":[{\"@type\":\"SearchAction\",\"target\":{\"@type\":\"EntryPoint\",\"urlTemplate\":\"https:\/\/trukme.lv\/en\/?s={search_term_string}\"},\"query-input\":{\"@type\":\"PropertyValueSpecification\",\"valueRequired\":true,\"valueName\":\"search_term_string\"}}],\"inLanguage\":\"en-GB\"}]}<\/script>\n<!-- \/ Yoast SEO plugin. -->","yoast_head_json":{"title":"MDF Brushed Titan, AL08\/AL06 (other side AL06 - Brushed Bronzas color) - Trukm\u0117","robots":{"index":"index","follow":"follow","max-snippet":"max-snippet:-1","max-image-preview":"max-image-preview:large","max-video-preview":"max-video-preview:-1"},"canonical":"https:\/\/trukme.lv\/en\/products\/panels\/natural-metal-coated-board\/mdf-brushed-titan-al08-al06-otra-puse-al06-brushed-bronzas-krasa\/","og_locale":"en_GB","og_type":"article","og_title":"MDF Brushed Titan, AL08\/AL06 (other side AL06 - Brushed Bronzas color) - Trukm\u0117","og_description":"The metalized panel is a strong, durable, and versatile material made from medium-density fiberboard (MDF) covered with a real aluminum sheet with a wear-resistant coating. It is ideally suited for vertical furniture elements, fronts, to add luxury and subtle shine to interiors, as well as for individual details. Used in homes, offices, and public spaces....","og_url":"https:\/\/trukme.lv\/en\/products\/panels\/natural-metal-coated-board\/mdf-brushed-titan-al08-al06-otra-puse-al06-brushed-bronzas-krasa\/","og_site_name":"Trukm\u0117","article_modified_time":"2025-10-02T09:32:16+00:00","og_image":[{"width":1200,"height":1800,"url":"https:\/\/i0.wp.com\/trukme.lv\/wp-content\/uploads\/2025\/09\/818AL0800102.webp?fit=1200%2C1800&ssl=1","type":"image\/webp"}],"twitter_card":"summary_large_image","schema":{"@context":"https:\/\/schema.org","@graph":[{"@type":"WebPage","@id":"https:\/\/trukme.lv\/en\/products\/panels\/natural-metal-coated-board\/mdf-brushed-titan-al08-al06-otra-puse-al06-brushed-bronzas-krasa\/","url":"https:\/\/trukme.lv\/en\/products\/panels\/natural-metal-coated-board\/mdf-brushed-titan-al08-al06-otra-puse-al06-brushed-bronzas-krasa\/","name":"MDF Brushed Titan, AL08\/AL06 (other side AL06 - Brushed Bronzas color) - Trukm\u0117","isPartOf":{"@id":"https:\/\/trukme.lv\/en\/#website"},"primaryImageOfPage":{"@id":"https:\/\/trukme.lv\/en\/products\/panels\/natural-metal-coated-board\/mdf-brushed-titan-al08-al06-otra-puse-al06-brushed-bronzas-krasa\/#primaryimage"},"image":{"@id":"https:\/\/trukme.lv\/en\/products\/panels\/natural-metal-coated-board\/mdf-brushed-titan-al08-al06-otra-puse-al06-brushed-bronzas-krasa\/#primaryimage"},"thumbnailUrl":"https:\/\/i0.wp.com\/trukme.lv\/wp-content\/uploads\/2025\/09\/818AL0800102.webp?fit=1200%2C1800&ssl=1","datePublished":"2025-09-30T20:09:17+00:00","dateModified":"2025-10-02T09:32:16+00:00","breadcrumb":{"@id":"https:\/\/trukme.lv\/en\/products\/panels\/natural-metal-coated-board\/mdf-brushed-titan-al08-al06-otra-puse-al06-brushed-bronzas-krasa\/#breadcrumb"},"inLanguage":"en-GB","potentialAction":[{"@type":"ReadAction","target":["https:\/\/trukme.lv\/en\/products\/panels\/natural-metal-coated-board\/mdf-brushed-titan-al08-al06-otra-puse-al06-brushed-bronzas-krasa\/"]}]},{"@type":"ImageObject","inLanguage":"en-GB","@id":"https:\/\/trukme.lv\/en\/products\/panels\/natural-metal-coated-board\/mdf-brushed-titan-al08-al06-otra-puse-al06-brushed-bronzas-krasa\/#primaryimage","url":"https:\/\/i0.wp.com\/trukme.lv\/wp-content\/uploads\/2025\/09\/818AL0800102.webp?fit=1200%2C1800&ssl=1","contentUrl":"https:\/\/i0.wp.com\/trukme.lv\/wp-content\/uploads\/2025\/09\/818AL0800102.webp?fit=1200%2C1800&ssl=1","width":1200,"height":1800},{"@type":"BreadcrumbList","@id":"https:\/\/trukme.lv\/en\/products\/panels\/natural-metal-coated-board\/mdf-brushed-titan-al08-al06-otra-puse-al06-brushed-bronzas-krasa\/#breadcrumb","itemListElement":[{"@type":"ListItem","position":1,"name":"Home","item":"https:\/\/trukme.lv\/en\/home\/"},{"@type":"ListItem","position":2,"name":"Products","item":"https:\/\/trukme.lv\/en\/products\/"},{"@type":"ListItem","position":3,"name":"MDF Brushed Titan, AL08\/AL06 (other side AL06 &#8211; Brushed Bronzas color)"}]},{"@type":"WebSite","@id":"https:\/\/trukme.lv\/en\/#website","url":"https:\/\/trukme.lv\/en\/","name":"Trukm\u0117","description":"M\u0113be\u013cu pane\u013ci, galda virsmas, m\u0113be\u013cu furnit\u016bra. Virtuves m\u0113be\u013cu, skapju, vannas istabas m\u0113be\u013cu u.c. sortiments. Paz\u012bstami un uzticami ra\u017eot\u0101ji.","potentialAction":[{"@type":"SearchAction","target":{"@type":"EntryPoint","urlTemplate":"https:\/\/trukme.lv\/en\/?s={search_term_string}"},"query-input":{"@type":"PropertyValueSpecification","valueRequired":true,"valueName":"search_term_string"}}],"inLanguage":"en-GB"}]}},"jetpack_sharing_enabled":true,"_links":{"self":[{"href":"https:\/\/trukme.lv\/en\/wp-json\/wp\/v2\/product\/272940","targetHints":{"allow":["GET"]}}],"collection":[{"href":"https:\/\/trukme.lv\/en\/wp-json\/wp\/v2\/product"}],"about":[{"href":"https:\/\/trukme.lv\/en\/wp-json\/wp\/v2\/types\/product"}],"wp:featuredmedia":[{"embeddable":true,"href":"https:\/\/trukme.lv\/en\/wp-json\/wp\/v2\/media\/268617"}],"wp:attachment":[{"href":"https:\/\/trukme.lv\/en\/wp-json\/wp\/v2\/media?parent=272940"}],"wp:term":[{"taxonomy":"product_brand","embeddable":true,"href":"https:\/\/trukme.lv\/en\/wp-json\/wp\/v2\/product_brand?post=272940"},{"taxonomy":"product_cat","embeddable":true,"href":"https:\/\/trukme.lv\/en\/wp-json\/wp\/v2\/product_cat?post=272940"},{"taxonomy":"product_tag","embeddable":true,"href":"https:\/\/trukme.lv\/en\/wp-json\/wp\/v2\/product_tag?post=272940"}],"curies":[{"name":"wp","href":"https:\/\/api.w.org\/{rel}","templated":true}]}}