{"id":272951,"date":"2025-09-30T23:06:15","date_gmt":"2025-09-30T20:06:15","guid":{"rendered":"https:\/\/trukme.lv\/produkti\/uncategorized\/tekstureta-lokana-finiera-platne-american-walnut-vilnveida-frezejums\/"},"modified":"2025-10-02T12:32:21","modified_gmt":"2025-10-02T09:32:21","slug":"tekstureta-lokana-finiera-platne-american-walnut-vilnveida-frezejums","status":"publish","type":"product","link":"https:\/\/trukme.lv\/en\/products\/panels\/board-with-natural-wood-veneer-coating\/tekstureta-lokana-finiera-platne-american-walnut-vilnveida-frezejums\/","title":{"rendered":"Textured flexible veneer board American Walnut (Wave milling)"},"content":{"rendered":"<p>Textured veneer \u2013 a flexible, embossed natural veneered surface! A unique product designed to give your interior sophistication and modernity. The textured veneer is ready to use, so no additional surface treatment is required. The veneer backing is made of flexible TNT material, allowing it to be applied even on curved surfaces. The textured flexible veneer can be used not only on solid furniture but also as wall and ceiling cladding. Samples can be viewed at Kauno St. 32A, Vilnius.<\/p>\n","protected":false},"excerpt":{"rendered":"<p>Textured veneer \u2013 a flexible, embossed natural veneered surface! A unique product designed to give your interior sophistication and modernity. The textured veneer is ready to use, so no additional surface treatment is required. The veneer backing is made of flexible TNT material, allowing it to be applied even on curved surfaces. The textured flexible&#8230;<\/p>\n","protected":false},"featured_media":267924,"template":"","meta":{"_acf_changed":false},"product_brand":[],"product_cat":[6677,6667],"product_tag":[],"class_list":{"0":"post-272951","1":"product","2":"type-product","3":"status-publish","4":"has-post-thumbnail","6":"product_cat-board-with-natural-wood-veneer-coating","7":"product_cat-panels","9":"first","10":"instock","11":"product-type-simple"},"acf":[],"yoast_head":"<!-- This site is optimized with the Yoast SEO plugin v26.5 - https:\/\/yoast.com\/wordpress\/plugins\/seo\/ -->\n<title>Textured flexible veneer board American Walnut (Wave milling) - Trukm\u0117<\/title>\n<meta name=\"robots\" content=\"index, follow, max-snippet:-1, max-image-preview:large, max-video-preview:-1\" \/>\n<link rel=\"canonical\" href=\"https:\/\/trukme.lv\/en\/products\/panels\/board-with-natural-wood-veneer-coating\/tekstureta-lokana-finiera-platne-american-walnut-vilnveida-frezejums\/\" \/>\n<meta property=\"og:locale\" content=\"en_GB\" \/>\n<meta property=\"og:type\" content=\"article\" \/>\n<meta property=\"og:title\" content=\"Textured flexible veneer board American Walnut (Wave milling) - Trukm\u0117\" \/>\n<meta property=\"og:description\" content=\"Textured veneer \u2013 a flexible, embossed natural veneered surface! A unique product designed to give your interior sophistication and modernity. The textured veneer is ready to use, so no additional surface treatment is required. The veneer backing is made of flexible TNT material, allowing it to be applied even on curved surfaces. The textured flexible...\" \/>\n<meta property=\"og:url\" content=\"https:\/\/trukme.lv\/en\/products\/panels\/board-with-natural-wood-veneer-coating\/tekstureta-lokana-finiera-platne-american-walnut-vilnveida-frezejums\/\" \/>\n<meta property=\"og:site_name\" content=\"Trukm\u0117\" \/>\n<meta property=\"article:modified_time\" content=\"2025-10-02T09:32:21+00:00\" \/>\n<meta property=\"og:image\" content=\"https:\/\/i0.wp.com\/trukme.lv\/wp-content\/uploads\/2025\/09\/806S6P10101.webp?fit=1261%2C1283&ssl=1\" \/>\n\t<meta property=\"og:image:width\" content=\"1261\" \/>\n\t<meta property=\"og:image:height\" content=\"1283\" \/>\n\t<meta property=\"og:image:type\" content=\"image\/webp\" \/>\n<meta name=\"twitter:card\" content=\"summary_large_image\" \/>\n<script type=\"application\/ld+json\" class=\"yoast-schema-graph\">{\"@context\":\"https:\/\/schema.org\",\"@graph\":[{\"@type\":\"WebPage\",\"@id\":\"https:\/\/trukme.lv\/en\/products\/panels\/board-with-natural-wood-veneer-coating\/tekstureta-lokana-finiera-platne-american-walnut-vilnveida-frezejums\/\",\"url\":\"https:\/\/trukme.lv\/en\/products\/panels\/board-with-natural-wood-veneer-coating\/tekstureta-lokana-finiera-platne-american-walnut-vilnveida-frezejums\/\",\"name\":\"Textured flexible veneer board American Walnut (Wave milling) - Trukm\u0117\",\"isPartOf\":{\"@id\":\"https:\/\/trukme.lv\/en\/#website\"},\"primaryImageOfPage\":{\"@id\":\"https:\/\/trukme.lv\/en\/products\/panels\/board-with-natural-wood-veneer-coating\/tekstureta-lokana-finiera-platne-american-walnut-vilnveida-frezejums\/#primaryimage\"},\"image\":{\"@id\":\"https:\/\/trukme.lv\/en\/products\/panels\/board-with-natural-wood-veneer-coating\/tekstureta-lokana-finiera-platne-american-walnut-vilnveida-frezejums\/#primaryimage\"},\"thumbnailUrl\":\"https:\/\/i0.wp.com\/trukme.lv\/wp-content\/uploads\/2025\/09\/806S6P10101.webp?fit=1261%2C1283&ssl=1\",\"datePublished\":\"2025-09-30T20:06:15+00:00\",\"dateModified\":\"2025-10-02T09:32:21+00:00\",\"breadcrumb\":{\"@id\":\"https:\/\/trukme.lv\/en\/products\/panels\/board-with-natural-wood-veneer-coating\/tekstureta-lokana-finiera-platne-american-walnut-vilnveida-frezejums\/#breadcrumb\"},\"inLanguage\":\"en-GB\",\"potentialAction\":[{\"@type\":\"ReadAction\",\"target\":[\"https:\/\/trukme.lv\/en\/products\/panels\/board-with-natural-wood-veneer-coating\/tekstureta-lokana-finiera-platne-american-walnut-vilnveida-frezejums\/\"]}]},{\"@type\":\"ImageObject\",\"inLanguage\":\"en-GB\",\"@id\":\"https:\/\/trukme.lv\/en\/products\/panels\/board-with-natural-wood-veneer-coating\/tekstureta-lokana-finiera-platne-american-walnut-vilnveida-frezejums\/#primaryimage\",\"url\":\"https:\/\/i0.wp.com\/trukme.lv\/wp-content\/uploads\/2025\/09\/806S6P10101.webp?fit=1261%2C1283&ssl=1\",\"contentUrl\":\"https:\/\/i0.wp.com\/trukme.lv\/wp-content\/uploads\/2025\/09\/806S6P10101.webp?fit=1261%2C1283&ssl=1\",\"width\":1261,\"height\":1283},{\"@type\":\"BreadcrumbList\",\"@id\":\"https:\/\/trukme.lv\/en\/products\/panels\/board-with-natural-wood-veneer-coating\/tekstureta-lokana-finiera-platne-american-walnut-vilnveida-frezejums\/#breadcrumb\",\"itemListElement\":[{\"@type\":\"ListItem\",\"position\":1,\"name\":\"Home\",\"item\":\"https:\/\/trukme.lv\/en\/home\/\"},{\"@type\":\"ListItem\",\"position\":2,\"name\":\"Products\",\"item\":\"https:\/\/trukme.lv\/en\/products\/\"},{\"@type\":\"ListItem\",\"position\":3,\"name\":\"Textured flexible veneer board American Walnut (Wave milling)\"}]},{\"@type\":\"WebSite\",\"@id\":\"https:\/\/trukme.lv\/en\/#website\",\"url\":\"https:\/\/trukme.lv\/en\/\",\"name\":\"Trukm\u0117\",\"description\":\"M\u0113be\u013cu pane\u013ci, galda virsmas, m\u0113be\u013cu furnit\u016bra. Virtuves m\u0113be\u013cu, skapju, vannas istabas m\u0113be\u013cu u.c. sortiments. Paz\u012bstami un uzticami ra\u017eot\u0101ji.\",\"potentialAction\":[{\"@type\":\"SearchAction\",\"target\":{\"@type\":\"EntryPoint\",\"urlTemplate\":\"https:\/\/trukme.lv\/en\/?s={search_term_string}\"},\"query-input\":{\"@type\":\"PropertyValueSpecification\",\"valueRequired\":true,\"valueName\":\"search_term_string\"}}],\"inLanguage\":\"en-GB\"}]}<\/script>\n<!-- \/ Yoast SEO plugin. -->","yoast_head_json":{"title":"Textured flexible veneer board American Walnut (Wave milling) - Trukm\u0117","robots":{"index":"index","follow":"follow","max-snippet":"max-snippet:-1","max-image-preview":"max-image-preview:large","max-video-preview":"max-video-preview:-1"},"canonical":"https:\/\/trukme.lv\/en\/products\/panels\/board-with-natural-wood-veneer-coating\/tekstureta-lokana-finiera-platne-american-walnut-vilnveida-frezejums\/","og_locale":"en_GB","og_type":"article","og_title":"Textured flexible veneer board American Walnut (Wave milling) - Trukm\u0117","og_description":"Textured veneer \u2013 a flexible, embossed natural veneered surface! A unique product designed to give your interior sophistication and modernity. The textured veneer is ready to use, so no additional surface treatment is required. The veneer backing is made of flexible TNT material, allowing it to be applied even on curved surfaces. The textured flexible...","og_url":"https:\/\/trukme.lv\/en\/products\/panels\/board-with-natural-wood-veneer-coating\/tekstureta-lokana-finiera-platne-american-walnut-vilnveida-frezejums\/","og_site_name":"Trukm\u0117","article_modified_time":"2025-10-02T09:32:21+00:00","og_image":[{"width":1261,"height":1283,"url":"https:\/\/i0.wp.com\/trukme.lv\/wp-content\/uploads\/2025\/09\/806S6P10101.webp?fit=1261%2C1283&ssl=1","type":"image\/webp"}],"twitter_card":"summary_large_image","schema":{"@context":"https:\/\/schema.org","@graph":[{"@type":"WebPage","@id":"https:\/\/trukme.lv\/en\/products\/panels\/board-with-natural-wood-veneer-coating\/tekstureta-lokana-finiera-platne-american-walnut-vilnveida-frezejums\/","url":"https:\/\/trukme.lv\/en\/products\/panels\/board-with-natural-wood-veneer-coating\/tekstureta-lokana-finiera-platne-american-walnut-vilnveida-frezejums\/","name":"Textured flexible veneer board American Walnut (Wave milling) - Trukm\u0117","isPartOf":{"@id":"https:\/\/trukme.lv\/en\/#website"},"primaryImageOfPage":{"@id":"https:\/\/trukme.lv\/en\/products\/panels\/board-with-natural-wood-veneer-coating\/tekstureta-lokana-finiera-platne-american-walnut-vilnveida-frezejums\/#primaryimage"},"image":{"@id":"https:\/\/trukme.lv\/en\/products\/panels\/board-with-natural-wood-veneer-coating\/tekstureta-lokana-finiera-platne-american-walnut-vilnveida-frezejums\/#primaryimage"},"thumbnailUrl":"https:\/\/i0.wp.com\/trukme.lv\/wp-content\/uploads\/2025\/09\/806S6P10101.webp?fit=1261%2C1283&ssl=1","datePublished":"2025-09-30T20:06:15+00:00","dateModified":"2025-10-02T09:32:21+00:00","breadcrumb":{"@id":"https:\/\/trukme.lv\/en\/products\/panels\/board-with-natural-wood-veneer-coating\/tekstureta-lokana-finiera-platne-american-walnut-vilnveida-frezejums\/#breadcrumb"},"inLanguage":"en-GB","potentialAction":[{"@type":"ReadAction","target":["https:\/\/trukme.lv\/en\/products\/panels\/board-with-natural-wood-veneer-coating\/tekstureta-lokana-finiera-platne-american-walnut-vilnveida-frezejums\/"]}]},{"@type":"ImageObject","inLanguage":"en-GB","@id":"https:\/\/trukme.lv\/en\/products\/panels\/board-with-natural-wood-veneer-coating\/tekstureta-lokana-finiera-platne-american-walnut-vilnveida-frezejums\/#primaryimage","url":"https:\/\/i0.wp.com\/trukme.lv\/wp-content\/uploads\/2025\/09\/806S6P10101.webp?fit=1261%2C1283&ssl=1","contentUrl":"https:\/\/i0.wp.com\/trukme.lv\/wp-content\/uploads\/2025\/09\/806S6P10101.webp?fit=1261%2C1283&ssl=1","width":1261,"height":1283},{"@type":"BreadcrumbList","@id":"https:\/\/trukme.lv\/en\/products\/panels\/board-with-natural-wood-veneer-coating\/tekstureta-lokana-finiera-platne-american-walnut-vilnveida-frezejums\/#breadcrumb","itemListElement":[{"@type":"ListItem","position":1,"name":"Home","item":"https:\/\/trukme.lv\/en\/home\/"},{"@type":"ListItem","position":2,"name":"Products","item":"https:\/\/trukme.lv\/en\/products\/"},{"@type":"ListItem","position":3,"name":"Textured flexible veneer board American Walnut (Wave milling)"}]},{"@type":"WebSite","@id":"https:\/\/trukme.lv\/en\/#website","url":"https:\/\/trukme.lv\/en\/","name":"Trukm\u0117","description":"M\u0113be\u013cu pane\u013ci, galda virsmas, m\u0113be\u013cu furnit\u016bra. Virtuves m\u0113be\u013cu, skapju, vannas istabas m\u0113be\u013cu u.c. sortiments. Paz\u012bstami un uzticami ra\u017eot\u0101ji.","potentialAction":[{"@type":"SearchAction","target":{"@type":"EntryPoint","urlTemplate":"https:\/\/trukme.lv\/en\/?s={search_term_string}"},"query-input":{"@type":"PropertyValueSpecification","valueRequired":true,"valueName":"search_term_string"}}],"inLanguage":"en-GB"}]}},"jetpack_sharing_enabled":true,"_links":{"self":[{"href":"https:\/\/trukme.lv\/en\/wp-json\/wp\/v2\/product\/272951","targetHints":{"allow":["GET"]}}],"collection":[{"href":"https:\/\/trukme.lv\/en\/wp-json\/wp\/v2\/product"}],"about":[{"href":"https:\/\/trukme.lv\/en\/wp-json\/wp\/v2\/types\/product"}],"wp:featuredmedia":[{"embeddable":true,"href":"https:\/\/trukme.lv\/en\/wp-json\/wp\/v2\/media\/267924"}],"wp:attachment":[{"href":"https:\/\/trukme.lv\/en\/wp-json\/wp\/v2\/media?parent=272951"}],"wp:term":[{"taxonomy":"product_brand","embeddable":true,"href":"https:\/\/trukme.lv\/en\/wp-json\/wp\/v2\/product_brand?post=272951"},{"taxonomy":"product_cat","embeddable":true,"href":"https:\/\/trukme.lv\/en\/wp-json\/wp\/v2\/product_cat?post=272951"},{"taxonomy":"product_tag","embeddable":true,"href":"https:\/\/trukme.lv\/en\/wp-json\/wp\/v2\/product_tag?post=272951"}],"curies":[{"name":"wp","href":"https:\/\/api.w.org\/{rel}","templated":true}]}}