{"id":272973,"date":"2025-09-30T23:05:37","date_gmt":"2025-09-30T20:05:37","guid":{"rendered":"https:\/\/trukme.lv\/produkti\/uncategorized\/aluminija-profils-3d-paneliem-3d04-white-s010\/"},"modified":"2025-10-02T12:32:29","modified_gmt":"2025-10-02T09:32:29","slug":"aluminija-profils-3d-paneliem-3d04-white-s010","status":"publish","type":"product","link":"https:\/\/trukme.lv\/en\/products\/panels\/matte-panel\/aluminija-profils-3d-paneliem-3d04-white-s010\/","title":{"rendered":"Aluminum profile for 3D panels 3D04 White S010"},"content":{"rendered":"<p>Aluminum profile is designed to cover the edges of Gizir 3D MDF boards. When choosing the appropriate 3D board model and color, we recommend selecting an aluminum profile in the same color.<\/p>\n","protected":false},"excerpt":{"rendered":"<p>Aluminum profile is designed to cover the edges of Gizir 3D MDF boards. When choosing the appropriate 3D board model and color, we recommend selecting an aluminum profile in the same color.<\/p>\n","protected":false},"featured_media":267737,"template":"","meta":{"_acf_changed":false},"product_brand":[6954],"product_cat":[6675,6667],"product_tag":[],"class_list":{"0":"post-272973","1":"product","2":"type-product","3":"status-publish","4":"has-post-thumbnail","6":"product_brand-gizir-en","7":"product_cat-matte-panel","8":"product_cat-panels","10":"first","11":"instock","12":"product-type-simple"},"acf":[],"yoast_head":"<!-- This site is optimized with the Yoast SEO plugin v26.5 - https:\/\/yoast.com\/wordpress\/plugins\/seo\/ -->\n<title>Aluminum profile for 3D panels 3D04 White S010 - Trukm\u0117<\/title>\n<meta name=\"robots\" content=\"index, follow, max-snippet:-1, max-image-preview:large, max-video-preview:-1\" \/>\n<link rel=\"canonical\" href=\"https:\/\/trukme.lv\/en\/products\/panels\/matte-panel\/aluminija-profils-3d-paneliem-3d04-white-s010\/\" \/>\n<meta property=\"og:locale\" content=\"en_GB\" \/>\n<meta property=\"og:type\" content=\"article\" \/>\n<meta property=\"og:title\" content=\"Aluminum profile for 3D panels 3D04 White S010 - Trukm\u0117\" \/>\n<meta property=\"og:description\" content=\"Aluminum profile is designed to cover the edges of Gizir 3D MDF boards. When choosing the appropriate 3D board model and color, we recommend selecting an aluminum profile in the same color.\" \/>\n<meta property=\"og:url\" content=\"https:\/\/trukme.lv\/en\/products\/panels\/matte-panel\/aluminija-profils-3d-paneliem-3d04-white-s010\/\" \/>\n<meta property=\"og:site_name\" content=\"Trukm\u0117\" \/>\n<meta property=\"article:modified_time\" content=\"2025-10-02T09:32:29+00:00\" \/>\n<meta property=\"og:image\" content=\"https:\/\/i0.wp.com\/trukme.lv\/wp-content\/uploads\/2025\/09\/6213D04S010101.webp?fit=2048%2C186&ssl=1\" \/>\n\t<meta property=\"og:image:width\" content=\"2048\" \/>\n\t<meta property=\"og:image:height\" content=\"186\" \/>\n\t<meta property=\"og:image:type\" content=\"image\/webp\" \/>\n<meta name=\"twitter:card\" content=\"summary_large_image\" \/>\n<script type=\"application\/ld+json\" class=\"yoast-schema-graph\">{\"@context\":\"https:\/\/schema.org\",\"@graph\":[{\"@type\":\"WebPage\",\"@id\":\"https:\/\/trukme.lv\/en\/products\/panels\/matte-panel\/aluminija-profils-3d-paneliem-3d04-white-s010\/\",\"url\":\"https:\/\/trukme.lv\/en\/products\/panels\/matte-panel\/aluminija-profils-3d-paneliem-3d04-white-s010\/\",\"name\":\"Aluminum profile for 3D panels 3D04 White S010 - Trukm\u0117\",\"isPartOf\":{\"@id\":\"https:\/\/trukme.lv\/en\/#website\"},\"primaryImageOfPage\":{\"@id\":\"https:\/\/trukme.lv\/en\/products\/panels\/matte-panel\/aluminija-profils-3d-paneliem-3d04-white-s010\/#primaryimage\"},\"image\":{\"@id\":\"https:\/\/trukme.lv\/en\/products\/panels\/matte-panel\/aluminija-profils-3d-paneliem-3d04-white-s010\/#primaryimage\"},\"thumbnailUrl\":\"https:\/\/i0.wp.com\/trukme.lv\/wp-content\/uploads\/2025\/09\/6213D04S010101.webp?fit=2048%2C186&ssl=1\",\"datePublished\":\"2025-09-30T20:05:37+00:00\",\"dateModified\":\"2025-10-02T09:32:29+00:00\",\"breadcrumb\":{\"@id\":\"https:\/\/trukme.lv\/en\/products\/panels\/matte-panel\/aluminija-profils-3d-paneliem-3d04-white-s010\/#breadcrumb\"},\"inLanguage\":\"en-GB\",\"potentialAction\":[{\"@type\":\"ReadAction\",\"target\":[\"https:\/\/trukme.lv\/en\/products\/panels\/matte-panel\/aluminija-profils-3d-paneliem-3d04-white-s010\/\"]}]},{\"@type\":\"ImageObject\",\"inLanguage\":\"en-GB\",\"@id\":\"https:\/\/trukme.lv\/en\/products\/panels\/matte-panel\/aluminija-profils-3d-paneliem-3d04-white-s010\/#primaryimage\",\"url\":\"https:\/\/i0.wp.com\/trukme.lv\/wp-content\/uploads\/2025\/09\/6213D04S010101.webp?fit=2048%2C186&ssl=1\",\"contentUrl\":\"https:\/\/i0.wp.com\/trukme.lv\/wp-content\/uploads\/2025\/09\/6213D04S010101.webp?fit=2048%2C186&ssl=1\",\"width\":2048,\"height\":186},{\"@type\":\"BreadcrumbList\",\"@id\":\"https:\/\/trukme.lv\/en\/products\/panels\/matte-panel\/aluminija-profils-3d-paneliem-3d04-white-s010\/#breadcrumb\",\"itemListElement\":[{\"@type\":\"ListItem\",\"position\":1,\"name\":\"Home\",\"item\":\"https:\/\/trukme.lv\/en\/home\/\"},{\"@type\":\"ListItem\",\"position\":2,\"name\":\"Products\",\"item\":\"https:\/\/trukme.lv\/en\/products\/\"},{\"@type\":\"ListItem\",\"position\":3,\"name\":\"Aluminum profile for 3D panels 3D04 White S010\"}]},{\"@type\":\"WebSite\",\"@id\":\"https:\/\/trukme.lv\/en\/#website\",\"url\":\"https:\/\/trukme.lv\/en\/\",\"name\":\"Trukm\u0117\",\"description\":\"M\u0113be\u013cu pane\u013ci, galda virsmas, m\u0113be\u013cu furnit\u016bra. Virtuves m\u0113be\u013cu, skapju, vannas istabas m\u0113be\u013cu u.c. sortiments. Paz\u012bstami un uzticami ra\u017eot\u0101ji.\",\"potentialAction\":[{\"@type\":\"SearchAction\",\"target\":{\"@type\":\"EntryPoint\",\"urlTemplate\":\"https:\/\/trukme.lv\/en\/?s={search_term_string}\"},\"query-input\":{\"@type\":\"PropertyValueSpecification\",\"valueRequired\":true,\"valueName\":\"search_term_string\"}}],\"inLanguage\":\"en-GB\"}]}<\/script>\n<!-- \/ Yoast SEO plugin. -->","yoast_head_json":{"title":"Aluminum profile for 3D panels 3D04 White S010 - Trukm\u0117","robots":{"index":"index","follow":"follow","max-snippet":"max-snippet:-1","max-image-preview":"max-image-preview:large","max-video-preview":"max-video-preview:-1"},"canonical":"https:\/\/trukme.lv\/en\/products\/panels\/matte-panel\/aluminija-profils-3d-paneliem-3d04-white-s010\/","og_locale":"en_GB","og_type":"article","og_title":"Aluminum profile for 3D panels 3D04 White S010 - Trukm\u0117","og_description":"Aluminum profile is designed to cover the edges of Gizir 3D MDF boards. When choosing the appropriate 3D board model and color, we recommend selecting an aluminum profile in the same color.","og_url":"https:\/\/trukme.lv\/en\/products\/panels\/matte-panel\/aluminija-profils-3d-paneliem-3d04-white-s010\/","og_site_name":"Trukm\u0117","article_modified_time":"2025-10-02T09:32:29+00:00","og_image":[{"width":2048,"height":186,"url":"https:\/\/i0.wp.com\/trukme.lv\/wp-content\/uploads\/2025\/09\/6213D04S010101.webp?fit=2048%2C186&ssl=1","type":"image\/webp"}],"twitter_card":"summary_large_image","schema":{"@context":"https:\/\/schema.org","@graph":[{"@type":"WebPage","@id":"https:\/\/trukme.lv\/en\/products\/panels\/matte-panel\/aluminija-profils-3d-paneliem-3d04-white-s010\/","url":"https:\/\/trukme.lv\/en\/products\/panels\/matte-panel\/aluminija-profils-3d-paneliem-3d04-white-s010\/","name":"Aluminum profile for 3D panels 3D04 White S010 - Trukm\u0117","isPartOf":{"@id":"https:\/\/trukme.lv\/en\/#website"},"primaryImageOfPage":{"@id":"https:\/\/trukme.lv\/en\/products\/panels\/matte-panel\/aluminija-profils-3d-paneliem-3d04-white-s010\/#primaryimage"},"image":{"@id":"https:\/\/trukme.lv\/en\/products\/panels\/matte-panel\/aluminija-profils-3d-paneliem-3d04-white-s010\/#primaryimage"},"thumbnailUrl":"https:\/\/i0.wp.com\/trukme.lv\/wp-content\/uploads\/2025\/09\/6213D04S010101.webp?fit=2048%2C186&ssl=1","datePublished":"2025-09-30T20:05:37+00:00","dateModified":"2025-10-02T09:32:29+00:00","breadcrumb":{"@id":"https:\/\/trukme.lv\/en\/products\/panels\/matte-panel\/aluminija-profils-3d-paneliem-3d04-white-s010\/#breadcrumb"},"inLanguage":"en-GB","potentialAction":[{"@type":"ReadAction","target":["https:\/\/trukme.lv\/en\/products\/panels\/matte-panel\/aluminija-profils-3d-paneliem-3d04-white-s010\/"]}]},{"@type":"ImageObject","inLanguage":"en-GB","@id":"https:\/\/trukme.lv\/en\/products\/panels\/matte-panel\/aluminija-profils-3d-paneliem-3d04-white-s010\/#primaryimage","url":"https:\/\/i0.wp.com\/trukme.lv\/wp-content\/uploads\/2025\/09\/6213D04S010101.webp?fit=2048%2C186&ssl=1","contentUrl":"https:\/\/i0.wp.com\/trukme.lv\/wp-content\/uploads\/2025\/09\/6213D04S010101.webp?fit=2048%2C186&ssl=1","width":2048,"height":186},{"@type":"BreadcrumbList","@id":"https:\/\/trukme.lv\/en\/products\/panels\/matte-panel\/aluminija-profils-3d-paneliem-3d04-white-s010\/#breadcrumb","itemListElement":[{"@type":"ListItem","position":1,"name":"Home","item":"https:\/\/trukme.lv\/en\/home\/"},{"@type":"ListItem","position":2,"name":"Products","item":"https:\/\/trukme.lv\/en\/products\/"},{"@type":"ListItem","position":3,"name":"Aluminum profile for 3D panels 3D04 White S010"}]},{"@type":"WebSite","@id":"https:\/\/trukme.lv\/en\/#website","url":"https:\/\/trukme.lv\/en\/","name":"Trukm\u0117","description":"M\u0113be\u013cu pane\u013ci, galda virsmas, m\u0113be\u013cu furnit\u016bra. Virtuves m\u0113be\u013cu, skapju, vannas istabas m\u0113be\u013cu u.c. sortiments. Paz\u012bstami un uzticami ra\u017eot\u0101ji.","potentialAction":[{"@type":"SearchAction","target":{"@type":"EntryPoint","urlTemplate":"https:\/\/trukme.lv\/en\/?s={search_term_string}"},"query-input":{"@type":"PropertyValueSpecification","valueRequired":true,"valueName":"search_term_string"}}],"inLanguage":"en-GB"}]}},"jetpack_sharing_enabled":true,"_links":{"self":[{"href":"https:\/\/trukme.lv\/en\/wp-json\/wp\/v2\/product\/272973","targetHints":{"allow":["GET"]}}],"collection":[{"href":"https:\/\/trukme.lv\/en\/wp-json\/wp\/v2\/product"}],"about":[{"href":"https:\/\/trukme.lv\/en\/wp-json\/wp\/v2\/types\/product"}],"wp:featuredmedia":[{"embeddable":true,"href":"https:\/\/trukme.lv\/en\/wp-json\/wp\/v2\/media\/267737"}],"wp:attachment":[{"href":"https:\/\/trukme.lv\/en\/wp-json\/wp\/v2\/media?parent=272973"}],"wp:term":[{"taxonomy":"product_brand","embeddable":true,"href":"https:\/\/trukme.lv\/en\/wp-json\/wp\/v2\/product_brand?post=272973"},{"taxonomy":"product_cat","embeddable":true,"href":"https:\/\/trukme.lv\/en\/wp-json\/wp\/v2\/product_cat?post=272973"},{"taxonomy":"product_tag","embeddable":true,"href":"https:\/\/trukme.lv\/en\/wp-json\/wp\/v2\/product_tag?post=272973"}],"curies":[{"name":"wp","href":"https:\/\/api.w.org\/{rel}","templated":true}]}}