{"id":273049,"date":"2025-09-30T22:59:01","date_gmt":"2025-09-30T19:59:01","guid":{"rendered":"https:\/\/trukme.lv\/produkti\/uncategorized\/velas-grozs-500-antracits\/"},"modified":"2025-10-02T12:32:58","modified_gmt":"2025-10-02T09:32:58","slug":"velas-grozs-500-antracits","status":"publish","type":"product","link":"https:\/\/trukme.lv\/en\/products\/furniture-fittings\/wardrobe-closet-equipment-and-accessories\/laundry-bags\/velas-grozs-500-antracits\/","title":{"rendered":"Laundry basket 500, anthracite"},"content":{"rendered":"<p>Basket attachable to the bottom hinged doors. Easily mountable on doors, and can be easily removed if necessary. The height of the rear part of the basket is designed so that the top module panel is not damaged when opening.<\/p>\n","protected":false},"excerpt":{"rendered":"<p>Basket attachable to the bottom hinged doors. Easily mountable on doors, and can be easily removed if necessary. The height of the rear part of the basket is designed so that the top module panel is not damaged when opening.<\/p>\n","protected":false},"featured_media":266817,"template":"","meta":{"_acf_changed":false},"product_brand":[7039],"product_cat":[6305,6623,6573],"product_tag":[],"class_list":{"0":"post-273049","1":"product","2":"type-product","3":"status-publish","4":"has-post-thumbnail","6":"product_brand-starax-en","7":"product_cat-furniture-fittings","8":"product_cat-laundry-bags","9":"product_cat-wardrobe-closet-equipment-and-accessories","11":"first","12":"instock","13":"product-type-simple"},"acf":[],"yoast_head":"<!-- This site is optimized with the Yoast SEO plugin v26.5 - https:\/\/yoast.com\/wordpress\/plugins\/seo\/ -->\n<title>Laundry basket 500, anthracite - Trukm\u0117<\/title>\n<meta name=\"robots\" content=\"index, follow, max-snippet:-1, max-image-preview:large, max-video-preview:-1\" \/>\n<link rel=\"canonical\" href=\"https:\/\/trukme.lv\/en\/products\/furniture-fittings\/wardrobe-closet-equipment-and-accessories\/laundry-bags\/velas-grozs-500-antracits\/\" \/>\n<meta property=\"og:locale\" content=\"en_GB\" \/>\n<meta property=\"og:type\" content=\"article\" \/>\n<meta property=\"og:title\" content=\"Laundry basket 500, anthracite - Trukm\u0117\" \/>\n<meta property=\"og:description\" content=\"Basket attachable to the bottom hinged doors. Easily mountable on doors, and can be easily removed if necessary. The height of the rear part of the basket is designed so that the top module panel is not damaged when opening.\" \/>\n<meta property=\"og:url\" content=\"https:\/\/trukme.lv\/en\/products\/furniture-fittings\/wardrobe-closet-equipment-and-accessories\/laundry-bags\/velas-grozs-500-antracits\/\" \/>\n<meta property=\"og:site_name\" content=\"Trukm\u0117\" \/>\n<meta property=\"article:modified_time\" content=\"2025-10-02T09:32:58+00:00\" \/>\n<meta property=\"og:image\" content=\"https:\/\/i0.wp.com\/trukme.lv\/wp-content\/uploads\/2025\/09\/1517010004.webp?fit=960%2C960&ssl=1\" \/>\n\t<meta property=\"og:image:width\" content=\"960\" \/>\n\t<meta property=\"og:image:height\" content=\"960\" \/>\n\t<meta property=\"og:image:type\" content=\"image\/webp\" \/>\n<meta name=\"twitter:card\" content=\"summary_large_image\" \/>\n<script type=\"application\/ld+json\" class=\"yoast-schema-graph\">{\"@context\":\"https:\/\/schema.org\",\"@graph\":[{\"@type\":\"WebPage\",\"@id\":\"https:\/\/trukme.lv\/en\/products\/furniture-fittings\/wardrobe-closet-equipment-and-accessories\/laundry-bags\/velas-grozs-500-antracits\/\",\"url\":\"https:\/\/trukme.lv\/en\/products\/furniture-fittings\/wardrobe-closet-equipment-and-accessories\/laundry-bags\/velas-grozs-500-antracits\/\",\"name\":\"Laundry basket 500, anthracite - Trukm\u0117\",\"isPartOf\":{\"@id\":\"https:\/\/trukme.lv\/en\/#website\"},\"primaryImageOfPage\":{\"@id\":\"https:\/\/trukme.lv\/en\/products\/furniture-fittings\/wardrobe-closet-equipment-and-accessories\/laundry-bags\/velas-grozs-500-antracits\/#primaryimage\"},\"image\":{\"@id\":\"https:\/\/trukme.lv\/en\/products\/furniture-fittings\/wardrobe-closet-equipment-and-accessories\/laundry-bags\/velas-grozs-500-antracits\/#primaryimage\"},\"thumbnailUrl\":\"https:\/\/i0.wp.com\/trukme.lv\/wp-content\/uploads\/2025\/09\/1517010004.webp?fit=960%2C960&ssl=1\",\"datePublished\":\"2025-09-30T19:59:01+00:00\",\"dateModified\":\"2025-10-02T09:32:58+00:00\",\"breadcrumb\":{\"@id\":\"https:\/\/trukme.lv\/en\/products\/furniture-fittings\/wardrobe-closet-equipment-and-accessories\/laundry-bags\/velas-grozs-500-antracits\/#breadcrumb\"},\"inLanguage\":\"en-GB\",\"potentialAction\":[{\"@type\":\"ReadAction\",\"target\":[\"https:\/\/trukme.lv\/en\/products\/furniture-fittings\/wardrobe-closet-equipment-and-accessories\/laundry-bags\/velas-grozs-500-antracits\/\"]}]},{\"@type\":\"ImageObject\",\"inLanguage\":\"en-GB\",\"@id\":\"https:\/\/trukme.lv\/en\/products\/furniture-fittings\/wardrobe-closet-equipment-and-accessories\/laundry-bags\/velas-grozs-500-antracits\/#primaryimage\",\"url\":\"https:\/\/i0.wp.com\/trukme.lv\/wp-content\/uploads\/2025\/09\/1517010004.webp?fit=960%2C960&ssl=1\",\"contentUrl\":\"https:\/\/i0.wp.com\/trukme.lv\/wp-content\/uploads\/2025\/09\/1517010004.webp?fit=960%2C960&ssl=1\",\"width\":960,\"height\":960},{\"@type\":\"BreadcrumbList\",\"@id\":\"https:\/\/trukme.lv\/en\/products\/furniture-fittings\/wardrobe-closet-equipment-and-accessories\/laundry-bags\/velas-grozs-500-antracits\/#breadcrumb\",\"itemListElement\":[{\"@type\":\"ListItem\",\"position\":1,\"name\":\"Home\",\"item\":\"https:\/\/trukme.lv\/en\/home\/\"},{\"@type\":\"ListItem\",\"position\":2,\"name\":\"Products\",\"item\":\"https:\/\/trukme.lv\/en\/products\/\"},{\"@type\":\"ListItem\",\"position\":3,\"name\":\"Laundry basket 500, anthracite\"}]},{\"@type\":\"WebSite\",\"@id\":\"https:\/\/trukme.lv\/en\/#website\",\"url\":\"https:\/\/trukme.lv\/en\/\",\"name\":\"Trukm\u0117\",\"description\":\"M\u0113be\u013cu pane\u013ci, galda virsmas, m\u0113be\u013cu furnit\u016bra. Virtuves m\u0113be\u013cu, skapju, vannas istabas m\u0113be\u013cu u.c. sortiments. Paz\u012bstami un uzticami ra\u017eot\u0101ji.\",\"potentialAction\":[{\"@type\":\"SearchAction\",\"target\":{\"@type\":\"EntryPoint\",\"urlTemplate\":\"https:\/\/trukme.lv\/en\/?s={search_term_string}\"},\"query-input\":{\"@type\":\"PropertyValueSpecification\",\"valueRequired\":true,\"valueName\":\"search_term_string\"}}],\"inLanguage\":\"en-GB\"}]}<\/script>\n<!-- \/ Yoast SEO plugin. -->","yoast_head_json":{"title":"Laundry basket 500, anthracite - Trukm\u0117","robots":{"index":"index","follow":"follow","max-snippet":"max-snippet:-1","max-image-preview":"max-image-preview:large","max-video-preview":"max-video-preview:-1"},"canonical":"https:\/\/trukme.lv\/en\/products\/furniture-fittings\/wardrobe-closet-equipment-and-accessories\/laundry-bags\/velas-grozs-500-antracits\/","og_locale":"en_GB","og_type":"article","og_title":"Laundry basket 500, anthracite - Trukm\u0117","og_description":"Basket attachable to the bottom hinged doors. Easily mountable on doors, and can be easily removed if necessary. The height of the rear part of the basket is designed so that the top module panel is not damaged when opening.","og_url":"https:\/\/trukme.lv\/en\/products\/furniture-fittings\/wardrobe-closet-equipment-and-accessories\/laundry-bags\/velas-grozs-500-antracits\/","og_site_name":"Trukm\u0117","article_modified_time":"2025-10-02T09:32:58+00:00","og_image":[{"width":960,"height":960,"url":"https:\/\/i0.wp.com\/trukme.lv\/wp-content\/uploads\/2025\/09\/1517010004.webp?fit=960%2C960&ssl=1","type":"image\/webp"}],"twitter_card":"summary_large_image","schema":{"@context":"https:\/\/schema.org","@graph":[{"@type":"WebPage","@id":"https:\/\/trukme.lv\/en\/products\/furniture-fittings\/wardrobe-closet-equipment-and-accessories\/laundry-bags\/velas-grozs-500-antracits\/","url":"https:\/\/trukme.lv\/en\/products\/furniture-fittings\/wardrobe-closet-equipment-and-accessories\/laundry-bags\/velas-grozs-500-antracits\/","name":"Laundry basket 500, anthracite - Trukm\u0117","isPartOf":{"@id":"https:\/\/trukme.lv\/en\/#website"},"primaryImageOfPage":{"@id":"https:\/\/trukme.lv\/en\/products\/furniture-fittings\/wardrobe-closet-equipment-and-accessories\/laundry-bags\/velas-grozs-500-antracits\/#primaryimage"},"image":{"@id":"https:\/\/trukme.lv\/en\/products\/furniture-fittings\/wardrobe-closet-equipment-and-accessories\/laundry-bags\/velas-grozs-500-antracits\/#primaryimage"},"thumbnailUrl":"https:\/\/i0.wp.com\/trukme.lv\/wp-content\/uploads\/2025\/09\/1517010004.webp?fit=960%2C960&ssl=1","datePublished":"2025-09-30T19:59:01+00:00","dateModified":"2025-10-02T09:32:58+00:00","breadcrumb":{"@id":"https:\/\/trukme.lv\/en\/products\/furniture-fittings\/wardrobe-closet-equipment-and-accessories\/laundry-bags\/velas-grozs-500-antracits\/#breadcrumb"},"inLanguage":"en-GB","potentialAction":[{"@type":"ReadAction","target":["https:\/\/trukme.lv\/en\/products\/furniture-fittings\/wardrobe-closet-equipment-and-accessories\/laundry-bags\/velas-grozs-500-antracits\/"]}]},{"@type":"ImageObject","inLanguage":"en-GB","@id":"https:\/\/trukme.lv\/en\/products\/furniture-fittings\/wardrobe-closet-equipment-and-accessories\/laundry-bags\/velas-grozs-500-antracits\/#primaryimage","url":"https:\/\/i0.wp.com\/trukme.lv\/wp-content\/uploads\/2025\/09\/1517010004.webp?fit=960%2C960&ssl=1","contentUrl":"https:\/\/i0.wp.com\/trukme.lv\/wp-content\/uploads\/2025\/09\/1517010004.webp?fit=960%2C960&ssl=1","width":960,"height":960},{"@type":"BreadcrumbList","@id":"https:\/\/trukme.lv\/en\/products\/furniture-fittings\/wardrobe-closet-equipment-and-accessories\/laundry-bags\/velas-grozs-500-antracits\/#breadcrumb","itemListElement":[{"@type":"ListItem","position":1,"name":"Home","item":"https:\/\/trukme.lv\/en\/home\/"},{"@type":"ListItem","position":2,"name":"Products","item":"https:\/\/trukme.lv\/en\/products\/"},{"@type":"ListItem","position":3,"name":"Laundry basket 500, anthracite"}]},{"@type":"WebSite","@id":"https:\/\/trukme.lv\/en\/#website","url":"https:\/\/trukme.lv\/en\/","name":"Trukm\u0117","description":"M\u0113be\u013cu pane\u013ci, galda virsmas, m\u0113be\u013cu furnit\u016bra. Virtuves m\u0113be\u013cu, skapju, vannas istabas m\u0113be\u013cu u.c. sortiments. Paz\u012bstami un uzticami ra\u017eot\u0101ji.","potentialAction":[{"@type":"SearchAction","target":{"@type":"EntryPoint","urlTemplate":"https:\/\/trukme.lv\/en\/?s={search_term_string}"},"query-input":{"@type":"PropertyValueSpecification","valueRequired":true,"valueName":"search_term_string"}}],"inLanguage":"en-GB"}]}},"jetpack_sharing_enabled":true,"_links":{"self":[{"href":"https:\/\/trukme.lv\/en\/wp-json\/wp\/v2\/product\/273049","targetHints":{"allow":["GET"]}}],"collection":[{"href":"https:\/\/trukme.lv\/en\/wp-json\/wp\/v2\/product"}],"about":[{"href":"https:\/\/trukme.lv\/en\/wp-json\/wp\/v2\/types\/product"}],"wp:featuredmedia":[{"embeddable":true,"href":"https:\/\/trukme.lv\/en\/wp-json\/wp\/v2\/media\/266817"}],"wp:attachment":[{"href":"https:\/\/trukme.lv\/en\/wp-json\/wp\/v2\/media?parent=273049"}],"wp:term":[{"taxonomy":"product_brand","embeddable":true,"href":"https:\/\/trukme.lv\/en\/wp-json\/wp\/v2\/product_brand?post=273049"},{"taxonomy":"product_cat","embeddable":true,"href":"https:\/\/trukme.lv\/en\/wp-json\/wp\/v2\/product_cat?post=273049"},{"taxonomy":"product_tag","embeddable":true,"href":"https:\/\/trukme.lv\/en\/wp-json\/wp\/v2\/product_tag?post=273049"}],"curies":[{"name":"wp","href":"https:\/\/api.w.org\/{rel}","templated":true}]}}