{"id":273053,"date":"2025-09-30T22:58:50","date_gmt":"2025-09-30T19:58:50","guid":{"rendered":"https:\/\/trukme.lv\/produkti\/uncategorized\/universals-slipesanas-bloks-klingspor-80x50x20mm\/"},"modified":"2025-10-02T12:32:59","modified_gmt":"2025-10-02T09:32:59","slug":"universals-slipesanas-bloks-klingspor-80x50x20mm","status":"publish","type":"product","link":"https:\/\/trukme.lv\/en\/products\/furniture-fittings\/tools-are-their-parts\/tools-are-their-parts-en\/universals-slipesanas-bloks-klingspor-80x50x20mm\/","title":{"rendered":"Universal sanding block KLINGSPOR 80x50x20mm"},"content":{"rendered":"<p>Universal wet or dry sanding block with a soft latex core and very hard synthetic silicon carbide grains \u2013 long service life, consistent and clean performance, sensitive to temperature and increased load. Designed for sanding wood, glass, minerals, ceramics, marble, stone, and concrete, as well as polishing lacquer, plastic, brass, bronze, aluminum, and steel. Suitable for manual sanding.<\/p>\n","protected":false},"excerpt":{"rendered":"<p>Universal wet or dry sanding block with a soft latex core and very hard synthetic silicon carbide grains \u2013 long service life, consistent and clean performance, sensitive to temperature and increased load. Designed for sanding wood, glass, minerals, ceramics, marble, stone, and concrete, as well as polishing lacquer, plastic, brass, bronze, aluminum, and steel. Suitable&#8230;<\/p>\n","protected":false},"featured_media":266792,"template":"","meta":{"_acf_changed":false},"product_brand":[1118],"product_cat":[6305,6407,6410],"product_tag":[],"class_list":{"0":"post-273053","1":"product","2":"type-product","3":"status-publish","4":"has-post-thumbnail","6":"product_brand-various-manufacturers","7":"product_cat-furniture-fittings","8":"product_cat-tools-are-their-parts","9":"product_cat-tools-are-their-parts-en","11":"first","12":"instock","13":"product-type-simple"},"acf":[],"yoast_head":"<!-- This site is optimized with the Yoast SEO plugin v26.5 - https:\/\/yoast.com\/wordpress\/plugins\/seo\/ -->\n<title>Universal sanding block KLINGSPOR 80x50x20mm - Trukm\u0117<\/title>\n<meta name=\"robots\" content=\"index, follow, max-snippet:-1, max-image-preview:large, max-video-preview:-1\" \/>\n<link rel=\"canonical\" href=\"https:\/\/trukme.lv\/en\/products\/furniture-fittings\/tools-are-their-parts\/tools-are-their-parts-en\/universals-slipesanas-bloks-klingspor-80x50x20mm\/\" \/>\n<meta property=\"og:locale\" content=\"en_GB\" \/>\n<meta property=\"og:type\" content=\"article\" \/>\n<meta property=\"og:title\" content=\"Universal sanding block KLINGSPOR 80x50x20mm - Trukm\u0117\" \/>\n<meta property=\"og:description\" content=\"Universal wet or dry sanding block with a soft latex core and very hard synthetic silicon carbide grains \u2013 long service life, consistent and clean performance, sensitive to temperature and increased load. Designed for sanding wood, glass, minerals, ceramics, marble, stone, and concrete, as well as polishing lacquer, plastic, brass, bronze, aluminum, and steel. Suitable...\" \/>\n<meta property=\"og:url\" content=\"https:\/\/trukme.lv\/en\/products\/furniture-fittings\/tools-are-their-parts\/tools-are-their-parts-en\/universals-slipesanas-bloks-klingspor-80x50x20mm\/\" \/>\n<meta property=\"og:site_name\" content=\"Trukm\u0117\" \/>\n<meta property=\"article:modified_time\" content=\"2025-10-02T09:32:59+00:00\" \/>\n<meta property=\"og:image\" content=\"https:\/\/i0.wp.com\/trukme.lv\/wp-content\/uploads\/2025\/09\/1516010005.webp?fit=342%2C237&ssl=1\" \/>\n\t<meta property=\"og:image:width\" content=\"342\" \/>\n\t<meta property=\"og:image:height\" content=\"237\" \/>\n\t<meta property=\"og:image:type\" content=\"image\/webp\" \/>\n<meta name=\"twitter:card\" content=\"summary_large_image\" \/>\n<script type=\"application\/ld+json\" class=\"yoast-schema-graph\">{\"@context\":\"https:\/\/schema.org\",\"@graph\":[{\"@type\":\"WebPage\",\"@id\":\"https:\/\/trukme.lv\/en\/products\/furniture-fittings\/tools-are-their-parts\/tools-are-their-parts-en\/universals-slipesanas-bloks-klingspor-80x50x20mm\/\",\"url\":\"https:\/\/trukme.lv\/en\/products\/furniture-fittings\/tools-are-their-parts\/tools-are-their-parts-en\/universals-slipesanas-bloks-klingspor-80x50x20mm\/\",\"name\":\"Universal sanding block KLINGSPOR 80x50x20mm - Trukm\u0117\",\"isPartOf\":{\"@id\":\"https:\/\/trukme.lv\/en\/#website\"},\"primaryImageOfPage\":{\"@id\":\"https:\/\/trukme.lv\/en\/products\/furniture-fittings\/tools-are-their-parts\/tools-are-their-parts-en\/universals-slipesanas-bloks-klingspor-80x50x20mm\/#primaryimage\"},\"image\":{\"@id\":\"https:\/\/trukme.lv\/en\/products\/furniture-fittings\/tools-are-their-parts\/tools-are-their-parts-en\/universals-slipesanas-bloks-klingspor-80x50x20mm\/#primaryimage\"},\"thumbnailUrl\":\"https:\/\/i0.wp.com\/trukme.lv\/wp-content\/uploads\/2025\/09\/1516010005.webp?fit=342%2C237&ssl=1\",\"datePublished\":\"2025-09-30T19:58:50+00:00\",\"dateModified\":\"2025-10-02T09:32:59+00:00\",\"breadcrumb\":{\"@id\":\"https:\/\/trukme.lv\/en\/products\/furniture-fittings\/tools-are-their-parts\/tools-are-their-parts-en\/universals-slipesanas-bloks-klingspor-80x50x20mm\/#breadcrumb\"},\"inLanguage\":\"en-GB\",\"potentialAction\":[{\"@type\":\"ReadAction\",\"target\":[\"https:\/\/trukme.lv\/en\/products\/furniture-fittings\/tools-are-their-parts\/tools-are-their-parts-en\/universals-slipesanas-bloks-klingspor-80x50x20mm\/\"]}]},{\"@type\":\"ImageObject\",\"inLanguage\":\"en-GB\",\"@id\":\"https:\/\/trukme.lv\/en\/products\/furniture-fittings\/tools-are-their-parts\/tools-are-their-parts-en\/universals-slipesanas-bloks-klingspor-80x50x20mm\/#primaryimage\",\"url\":\"https:\/\/i0.wp.com\/trukme.lv\/wp-content\/uploads\/2025\/09\/1516010005.webp?fit=342%2C237&ssl=1\",\"contentUrl\":\"https:\/\/i0.wp.com\/trukme.lv\/wp-content\/uploads\/2025\/09\/1516010005.webp?fit=342%2C237&ssl=1\",\"width\":342,\"height\":237},{\"@type\":\"BreadcrumbList\",\"@id\":\"https:\/\/trukme.lv\/en\/products\/furniture-fittings\/tools-are-their-parts\/tools-are-their-parts-en\/universals-slipesanas-bloks-klingspor-80x50x20mm\/#breadcrumb\",\"itemListElement\":[{\"@type\":\"ListItem\",\"position\":1,\"name\":\"Home\",\"item\":\"https:\/\/trukme.lv\/en\/home\/\"},{\"@type\":\"ListItem\",\"position\":2,\"name\":\"Products\",\"item\":\"https:\/\/trukme.lv\/en\/products\/\"},{\"@type\":\"ListItem\",\"position\":3,\"name\":\"Universal sanding block KLINGSPOR 80x50x20mm\"}]},{\"@type\":\"WebSite\",\"@id\":\"https:\/\/trukme.lv\/en\/#website\",\"url\":\"https:\/\/trukme.lv\/en\/\",\"name\":\"Trukm\u0117\",\"description\":\"M\u0113be\u013cu pane\u013ci, galda virsmas, m\u0113be\u013cu furnit\u016bra. Virtuves m\u0113be\u013cu, skapju, vannas istabas m\u0113be\u013cu u.c. sortiments. Paz\u012bstami un uzticami ra\u017eot\u0101ji.\",\"potentialAction\":[{\"@type\":\"SearchAction\",\"target\":{\"@type\":\"EntryPoint\",\"urlTemplate\":\"https:\/\/trukme.lv\/en\/?s={search_term_string}\"},\"query-input\":{\"@type\":\"PropertyValueSpecification\",\"valueRequired\":true,\"valueName\":\"search_term_string\"}}],\"inLanguage\":\"en-GB\"}]}<\/script>\n<!-- \/ Yoast SEO plugin. -->","yoast_head_json":{"title":"Universal sanding block KLINGSPOR 80x50x20mm - Trukm\u0117","robots":{"index":"index","follow":"follow","max-snippet":"max-snippet:-1","max-image-preview":"max-image-preview:large","max-video-preview":"max-video-preview:-1"},"canonical":"https:\/\/trukme.lv\/en\/products\/furniture-fittings\/tools-are-their-parts\/tools-are-their-parts-en\/universals-slipesanas-bloks-klingspor-80x50x20mm\/","og_locale":"en_GB","og_type":"article","og_title":"Universal sanding block KLINGSPOR 80x50x20mm - Trukm\u0117","og_description":"Universal wet or dry sanding block with a soft latex core and very hard synthetic silicon carbide grains \u2013 long service life, consistent and clean performance, sensitive to temperature and increased load. Designed for sanding wood, glass, minerals, ceramics, marble, stone, and concrete, as well as polishing lacquer, plastic, brass, bronze, aluminum, and steel. Suitable...","og_url":"https:\/\/trukme.lv\/en\/products\/furniture-fittings\/tools-are-their-parts\/tools-are-their-parts-en\/universals-slipesanas-bloks-klingspor-80x50x20mm\/","og_site_name":"Trukm\u0117","article_modified_time":"2025-10-02T09:32:59+00:00","og_image":[{"width":342,"height":237,"url":"https:\/\/i0.wp.com\/trukme.lv\/wp-content\/uploads\/2025\/09\/1516010005.webp?fit=342%2C237&ssl=1","type":"image\/webp"}],"twitter_card":"summary_large_image","schema":{"@context":"https:\/\/schema.org","@graph":[{"@type":"WebPage","@id":"https:\/\/trukme.lv\/en\/products\/furniture-fittings\/tools-are-their-parts\/tools-are-their-parts-en\/universals-slipesanas-bloks-klingspor-80x50x20mm\/","url":"https:\/\/trukme.lv\/en\/products\/furniture-fittings\/tools-are-their-parts\/tools-are-their-parts-en\/universals-slipesanas-bloks-klingspor-80x50x20mm\/","name":"Universal sanding block KLINGSPOR 80x50x20mm - Trukm\u0117","isPartOf":{"@id":"https:\/\/trukme.lv\/en\/#website"},"primaryImageOfPage":{"@id":"https:\/\/trukme.lv\/en\/products\/furniture-fittings\/tools-are-their-parts\/tools-are-their-parts-en\/universals-slipesanas-bloks-klingspor-80x50x20mm\/#primaryimage"},"image":{"@id":"https:\/\/trukme.lv\/en\/products\/furniture-fittings\/tools-are-their-parts\/tools-are-their-parts-en\/universals-slipesanas-bloks-klingspor-80x50x20mm\/#primaryimage"},"thumbnailUrl":"https:\/\/i0.wp.com\/trukme.lv\/wp-content\/uploads\/2025\/09\/1516010005.webp?fit=342%2C237&ssl=1","datePublished":"2025-09-30T19:58:50+00:00","dateModified":"2025-10-02T09:32:59+00:00","breadcrumb":{"@id":"https:\/\/trukme.lv\/en\/products\/furniture-fittings\/tools-are-their-parts\/tools-are-their-parts-en\/universals-slipesanas-bloks-klingspor-80x50x20mm\/#breadcrumb"},"inLanguage":"en-GB","potentialAction":[{"@type":"ReadAction","target":["https:\/\/trukme.lv\/en\/products\/furniture-fittings\/tools-are-their-parts\/tools-are-their-parts-en\/universals-slipesanas-bloks-klingspor-80x50x20mm\/"]}]},{"@type":"ImageObject","inLanguage":"en-GB","@id":"https:\/\/trukme.lv\/en\/products\/furniture-fittings\/tools-are-their-parts\/tools-are-their-parts-en\/universals-slipesanas-bloks-klingspor-80x50x20mm\/#primaryimage","url":"https:\/\/i0.wp.com\/trukme.lv\/wp-content\/uploads\/2025\/09\/1516010005.webp?fit=342%2C237&ssl=1","contentUrl":"https:\/\/i0.wp.com\/trukme.lv\/wp-content\/uploads\/2025\/09\/1516010005.webp?fit=342%2C237&ssl=1","width":342,"height":237},{"@type":"BreadcrumbList","@id":"https:\/\/trukme.lv\/en\/products\/furniture-fittings\/tools-are-their-parts\/tools-are-their-parts-en\/universals-slipesanas-bloks-klingspor-80x50x20mm\/#breadcrumb","itemListElement":[{"@type":"ListItem","position":1,"name":"Home","item":"https:\/\/trukme.lv\/en\/home\/"},{"@type":"ListItem","position":2,"name":"Products","item":"https:\/\/trukme.lv\/en\/products\/"},{"@type":"ListItem","position":3,"name":"Universal sanding block KLINGSPOR 80x50x20mm"}]},{"@type":"WebSite","@id":"https:\/\/trukme.lv\/en\/#website","url":"https:\/\/trukme.lv\/en\/","name":"Trukm\u0117","description":"M\u0113be\u013cu pane\u013ci, galda virsmas, m\u0113be\u013cu furnit\u016bra. Virtuves m\u0113be\u013cu, skapju, vannas istabas m\u0113be\u013cu u.c. sortiments. Paz\u012bstami un uzticami ra\u017eot\u0101ji.","potentialAction":[{"@type":"SearchAction","target":{"@type":"EntryPoint","urlTemplate":"https:\/\/trukme.lv\/en\/?s={search_term_string}"},"query-input":{"@type":"PropertyValueSpecification","valueRequired":true,"valueName":"search_term_string"}}],"inLanguage":"en-GB"}]}},"jetpack_sharing_enabled":true,"_links":{"self":[{"href":"https:\/\/trukme.lv\/en\/wp-json\/wp\/v2\/product\/273053","targetHints":{"allow":["GET"]}}],"collection":[{"href":"https:\/\/trukme.lv\/en\/wp-json\/wp\/v2\/product"}],"about":[{"href":"https:\/\/trukme.lv\/en\/wp-json\/wp\/v2\/types\/product"}],"wp:featuredmedia":[{"embeddable":true,"href":"https:\/\/trukme.lv\/en\/wp-json\/wp\/v2\/media\/266792"}],"wp:attachment":[{"href":"https:\/\/trukme.lv\/en\/wp-json\/wp\/v2\/media?parent=273053"}],"wp:term":[{"taxonomy":"product_brand","embeddable":true,"href":"https:\/\/trukme.lv\/en\/wp-json\/wp\/v2\/product_brand?post=273053"},{"taxonomy":"product_cat","embeddable":true,"href":"https:\/\/trukme.lv\/en\/wp-json\/wp\/v2\/product_cat?post=273053"},{"taxonomy":"product_tag","embeddable":true,"href":"https:\/\/trukme.lv\/en\/wp-json\/wp\/v2\/product_tag?post=273053"}],"curies":[{"name":"wp","href":"https:\/\/api.w.org\/{rel}","templated":true}]}}