{"id":273080,"date":"2025-09-30T22:57:57","date_gmt":"2025-09-30T19:57:57","guid":{"rendered":"https:\/\/trukme.lv\/produkti\/uncategorized\/spogulis-io-double-taisnsturis-bronzas-ramis\/"},"modified":"2025-10-02T12:33:10","modified_gmt":"2025-10-02T09:33:10","slug":"spogulis-io-double-taisnsturis-bronzas-ramis","status":"publish","type":"product","link":"https:\/\/trukme.lv\/en\/products\/furniture-and-interior-details\/mirrors\/spogulis-io-double-taisnsturis-bronzas-ramis\/","title":{"rendered":"Mirror IO DOUBLE, rectangular, bronze frame"},"content":{"rendered":"<p>The excellent design and flexibility are the features that make IO worth choosing for the bathroom. Lack of space is a limitation for many, but in this case \u2013 an opportunity, since IO is a hanging open storage system, especially suitable for small bathrooms. Thanks to its flexible design and the ability to adjust the width and height, it is an excellent solution that allows you to maximize storage space while maintaining an aesthetic appearance.<br \/>\nAt the back of the vertical profile there is a groove for the LED strip, and on the sides \u2013 for the horizontal profiles\/shelves. Thanks to the new and modern hanging system, the horizontal parts can be easily attached at the required height.<br \/>\nThree touch switches are designed for switching the light on and off, selecting the tone and activating anti-fog protection. Both the light sources and the mirror are protected against water splashes (IP44).<\/p>\n","protected":false},"excerpt":{"rendered":"<p>The excellent design and flexibility are the features that make IO worth choosing for the bathroom. Lack of space is a limitation for many, but in this case \u2013 an opportunity, since IO is a hanging open storage system, especially suitable for small bathrooms. Thanks to its flexible design and the ability to adjust the&#8230;<\/p>\n","protected":false},"featured_media":266645,"template":"","meta":{"_acf_changed":false},"product_brand":[6922],"product_cat":[6293,6303],"product_tag":[],"class_list":{"0":"post-273080","1":"product","2":"type-product","3":"status-publish","4":"has-post-thumbnail","6":"product_brand-damiano-latini-en","7":"product_cat-furniture-and-interior-details","8":"product_cat-mirrors","9":"pa_kolekcija-damiano-latini-io-en","11":"first","12":"instock","13":"product-type-simple"},"acf":[],"yoast_head":"<!-- This site is optimized with the Yoast SEO plugin v26.5 - https:\/\/yoast.com\/wordpress\/plugins\/seo\/ -->\n<title>Mirror IO DOUBLE, rectangular, bronze frame - Trukm\u0117<\/title>\n<meta name=\"robots\" content=\"index, follow, max-snippet:-1, max-image-preview:large, max-video-preview:-1\" \/>\n<link rel=\"canonical\" href=\"https:\/\/trukme.lv\/en\/products\/furniture-and-interior-details\/mirrors\/spogulis-io-double-taisnsturis-bronzas-ramis\/\" \/>\n<meta property=\"og:locale\" content=\"en_GB\" \/>\n<meta property=\"og:type\" content=\"article\" \/>\n<meta property=\"og:title\" content=\"Mirror IO DOUBLE, rectangular, bronze frame - Trukm\u0117\" \/>\n<meta property=\"og:description\" content=\"The excellent design and flexibility are the features that make IO worth choosing for the bathroom. Lack of space is a limitation for many, but in this case \u2013 an opportunity, since IO is a hanging open storage system, especially suitable for small bathrooms. Thanks to its flexible design and the ability to adjust the...\" \/>\n<meta property=\"og:url\" content=\"https:\/\/trukme.lv\/en\/products\/furniture-and-interior-details\/mirrors\/spogulis-io-double-taisnsturis-bronzas-ramis\/\" \/>\n<meta property=\"og:site_name\" content=\"Trukm\u0117\" \/>\n<meta property=\"article:modified_time\" content=\"2025-10-02T09:33:10+00:00\" \/>\n<meta property=\"og:image\" content=\"https:\/\/i0.wp.com\/trukme.lv\/wp-content\/uploads\/2025\/09\/1514030006.webp?fit=870%2C745&ssl=1\" \/>\n\t<meta property=\"og:image:width\" content=\"870\" \/>\n\t<meta property=\"og:image:height\" content=\"745\" \/>\n\t<meta property=\"og:image:type\" content=\"image\/webp\" \/>\n<meta name=\"twitter:card\" content=\"summary_large_image\" \/>\n<meta name=\"twitter:label1\" content=\"Estimated reading time\" \/>\n\t<meta name=\"twitter:data1\" content=\"1 minute\" \/>\n<script type=\"application\/ld+json\" class=\"yoast-schema-graph\">{\"@context\":\"https:\/\/schema.org\",\"@graph\":[{\"@type\":\"WebPage\",\"@id\":\"https:\/\/trukme.lv\/en\/products\/furniture-and-interior-details\/mirrors\/spogulis-io-double-taisnsturis-bronzas-ramis\/\",\"url\":\"https:\/\/trukme.lv\/en\/products\/furniture-and-interior-details\/mirrors\/spogulis-io-double-taisnsturis-bronzas-ramis\/\",\"name\":\"Mirror IO DOUBLE, rectangular, bronze frame - Trukm\u0117\",\"isPartOf\":{\"@id\":\"https:\/\/trukme.lv\/en\/#website\"},\"primaryImageOfPage\":{\"@id\":\"https:\/\/trukme.lv\/en\/products\/furniture-and-interior-details\/mirrors\/spogulis-io-double-taisnsturis-bronzas-ramis\/#primaryimage\"},\"image\":{\"@id\":\"https:\/\/trukme.lv\/en\/products\/furniture-and-interior-details\/mirrors\/spogulis-io-double-taisnsturis-bronzas-ramis\/#primaryimage\"},\"thumbnailUrl\":\"https:\/\/i0.wp.com\/trukme.lv\/wp-content\/uploads\/2025\/09\/1514030006.webp?fit=870%2C745&ssl=1\",\"datePublished\":\"2025-09-30T19:57:57+00:00\",\"dateModified\":\"2025-10-02T09:33:10+00:00\",\"breadcrumb\":{\"@id\":\"https:\/\/trukme.lv\/en\/products\/furniture-and-interior-details\/mirrors\/spogulis-io-double-taisnsturis-bronzas-ramis\/#breadcrumb\"},\"inLanguage\":\"en-GB\",\"potentialAction\":[{\"@type\":\"ReadAction\",\"target\":[\"https:\/\/trukme.lv\/en\/products\/furniture-and-interior-details\/mirrors\/spogulis-io-double-taisnsturis-bronzas-ramis\/\"]}]},{\"@type\":\"ImageObject\",\"inLanguage\":\"en-GB\",\"@id\":\"https:\/\/trukme.lv\/en\/products\/furniture-and-interior-details\/mirrors\/spogulis-io-double-taisnsturis-bronzas-ramis\/#primaryimage\",\"url\":\"https:\/\/i0.wp.com\/trukme.lv\/wp-content\/uploads\/2025\/09\/1514030006.webp?fit=870%2C745&ssl=1\",\"contentUrl\":\"https:\/\/i0.wp.com\/trukme.lv\/wp-content\/uploads\/2025\/09\/1514030006.webp?fit=870%2C745&ssl=1\",\"width\":870,\"height\":745},{\"@type\":\"BreadcrumbList\",\"@id\":\"https:\/\/trukme.lv\/en\/products\/furniture-and-interior-details\/mirrors\/spogulis-io-double-taisnsturis-bronzas-ramis\/#breadcrumb\",\"itemListElement\":[{\"@type\":\"ListItem\",\"position\":1,\"name\":\"Home\",\"item\":\"https:\/\/trukme.lv\/en\/home\/\"},{\"@type\":\"ListItem\",\"position\":2,\"name\":\"Products\",\"item\":\"https:\/\/trukme.lv\/en\/products\/\"},{\"@type\":\"ListItem\",\"position\":3,\"name\":\"Mirror IO DOUBLE, rectangular, bronze frame\"}]},{\"@type\":\"WebSite\",\"@id\":\"https:\/\/trukme.lv\/en\/#website\",\"url\":\"https:\/\/trukme.lv\/en\/\",\"name\":\"Trukm\u0117\",\"description\":\"M\u0113be\u013cu pane\u013ci, galda virsmas, m\u0113be\u013cu furnit\u016bra. Virtuves m\u0113be\u013cu, skapju, vannas istabas m\u0113be\u013cu u.c. sortiments. Paz\u012bstami un uzticami ra\u017eot\u0101ji.\",\"potentialAction\":[{\"@type\":\"SearchAction\",\"target\":{\"@type\":\"EntryPoint\",\"urlTemplate\":\"https:\/\/trukme.lv\/en\/?s={search_term_string}\"},\"query-input\":{\"@type\":\"PropertyValueSpecification\",\"valueRequired\":true,\"valueName\":\"search_term_string\"}}],\"inLanguage\":\"en-GB\"}]}<\/script>\n<!-- \/ Yoast SEO plugin. -->","yoast_head_json":{"title":"Mirror IO DOUBLE, rectangular, bronze frame - Trukm\u0117","robots":{"index":"index","follow":"follow","max-snippet":"max-snippet:-1","max-image-preview":"max-image-preview:large","max-video-preview":"max-video-preview:-1"},"canonical":"https:\/\/trukme.lv\/en\/products\/furniture-and-interior-details\/mirrors\/spogulis-io-double-taisnsturis-bronzas-ramis\/","og_locale":"en_GB","og_type":"article","og_title":"Mirror IO DOUBLE, rectangular, bronze frame - Trukm\u0117","og_description":"The excellent design and flexibility are the features that make IO worth choosing for the bathroom. Lack of space is a limitation for many, but in this case \u2013 an opportunity, since IO is a hanging open storage system, especially suitable for small bathrooms. Thanks to its flexible design and the ability to adjust the...","og_url":"https:\/\/trukme.lv\/en\/products\/furniture-and-interior-details\/mirrors\/spogulis-io-double-taisnsturis-bronzas-ramis\/","og_site_name":"Trukm\u0117","article_modified_time":"2025-10-02T09:33:10+00:00","og_image":[{"width":870,"height":745,"url":"https:\/\/i0.wp.com\/trukme.lv\/wp-content\/uploads\/2025\/09\/1514030006.webp?fit=870%2C745&ssl=1","type":"image\/webp"}],"twitter_card":"summary_large_image","twitter_misc":{"Estimated reading time":"1 minute"},"schema":{"@context":"https:\/\/schema.org","@graph":[{"@type":"WebPage","@id":"https:\/\/trukme.lv\/en\/products\/furniture-and-interior-details\/mirrors\/spogulis-io-double-taisnsturis-bronzas-ramis\/","url":"https:\/\/trukme.lv\/en\/products\/furniture-and-interior-details\/mirrors\/spogulis-io-double-taisnsturis-bronzas-ramis\/","name":"Mirror IO DOUBLE, rectangular, bronze frame - Trukm\u0117","isPartOf":{"@id":"https:\/\/trukme.lv\/en\/#website"},"primaryImageOfPage":{"@id":"https:\/\/trukme.lv\/en\/products\/furniture-and-interior-details\/mirrors\/spogulis-io-double-taisnsturis-bronzas-ramis\/#primaryimage"},"image":{"@id":"https:\/\/trukme.lv\/en\/products\/furniture-and-interior-details\/mirrors\/spogulis-io-double-taisnsturis-bronzas-ramis\/#primaryimage"},"thumbnailUrl":"https:\/\/i0.wp.com\/trukme.lv\/wp-content\/uploads\/2025\/09\/1514030006.webp?fit=870%2C745&ssl=1","datePublished":"2025-09-30T19:57:57+00:00","dateModified":"2025-10-02T09:33:10+00:00","breadcrumb":{"@id":"https:\/\/trukme.lv\/en\/products\/furniture-and-interior-details\/mirrors\/spogulis-io-double-taisnsturis-bronzas-ramis\/#breadcrumb"},"inLanguage":"en-GB","potentialAction":[{"@type":"ReadAction","target":["https:\/\/trukme.lv\/en\/products\/furniture-and-interior-details\/mirrors\/spogulis-io-double-taisnsturis-bronzas-ramis\/"]}]},{"@type":"ImageObject","inLanguage":"en-GB","@id":"https:\/\/trukme.lv\/en\/products\/furniture-and-interior-details\/mirrors\/spogulis-io-double-taisnsturis-bronzas-ramis\/#primaryimage","url":"https:\/\/i0.wp.com\/trukme.lv\/wp-content\/uploads\/2025\/09\/1514030006.webp?fit=870%2C745&ssl=1","contentUrl":"https:\/\/i0.wp.com\/trukme.lv\/wp-content\/uploads\/2025\/09\/1514030006.webp?fit=870%2C745&ssl=1","width":870,"height":745},{"@type":"BreadcrumbList","@id":"https:\/\/trukme.lv\/en\/products\/furniture-and-interior-details\/mirrors\/spogulis-io-double-taisnsturis-bronzas-ramis\/#breadcrumb","itemListElement":[{"@type":"ListItem","position":1,"name":"Home","item":"https:\/\/trukme.lv\/en\/home\/"},{"@type":"ListItem","position":2,"name":"Products","item":"https:\/\/trukme.lv\/en\/products\/"},{"@type":"ListItem","position":3,"name":"Mirror IO DOUBLE, rectangular, bronze frame"}]},{"@type":"WebSite","@id":"https:\/\/trukme.lv\/en\/#website","url":"https:\/\/trukme.lv\/en\/","name":"Trukm\u0117","description":"M\u0113be\u013cu pane\u013ci, galda virsmas, m\u0113be\u013cu furnit\u016bra. Virtuves m\u0113be\u013cu, skapju, vannas istabas m\u0113be\u013cu u.c. sortiments. Paz\u012bstami un uzticami ra\u017eot\u0101ji.","potentialAction":[{"@type":"SearchAction","target":{"@type":"EntryPoint","urlTemplate":"https:\/\/trukme.lv\/en\/?s={search_term_string}"},"query-input":{"@type":"PropertyValueSpecification","valueRequired":true,"valueName":"search_term_string"}}],"inLanguage":"en-GB"}]}},"jetpack_sharing_enabled":true,"_links":{"self":[{"href":"https:\/\/trukme.lv\/en\/wp-json\/wp\/v2\/product\/273080","targetHints":{"allow":["GET"]}}],"collection":[{"href":"https:\/\/trukme.lv\/en\/wp-json\/wp\/v2\/product"}],"about":[{"href":"https:\/\/trukme.lv\/en\/wp-json\/wp\/v2\/types\/product"}],"wp:featuredmedia":[{"embeddable":true,"href":"https:\/\/trukme.lv\/en\/wp-json\/wp\/v2\/media\/266645"}],"wp:attachment":[{"href":"https:\/\/trukme.lv\/en\/wp-json\/wp\/v2\/media?parent=273080"}],"wp:term":[{"taxonomy":"product_brand","embeddable":true,"href":"https:\/\/trukme.lv\/en\/wp-json\/wp\/v2\/product_brand?post=273080"},{"taxonomy":"product_cat","embeddable":true,"href":"https:\/\/trukme.lv\/en\/wp-json\/wp\/v2\/product_cat?post=273080"},{"taxonomy":"product_tag","embeddable":true,"href":"https:\/\/trukme.lv\/en\/wp-json\/wp\/v2\/product_tag?post=273080"}],"curies":[{"name":"wp","href":"https:\/\/api.w.org\/{rel}","templated":true}]}}