{"id":273087,"date":"2025-09-30T22:57:36","date_gmt":"2025-09-30T19:57:36","guid":{"rendered":"https:\/\/trukme.lv\/produkti\/uncategorized\/plauktins-caos-l320-p150-riekstkoks\/"},"modified":"2025-10-02T12:33:12","modified_gmt":"2025-10-02T09:33:12","slug":"plauktins-caos-l320-p150-riekstkoks","status":"publish","type":"product","link":"https:\/\/trukme.lv\/en\/products\/furniture-and-interior-details\/shelves\/plauktins-caos-l320-p150-riekstkoks\/","title":{"rendered":"Shelf CAOS, L320\/P150, walnut"},"content":{"rendered":"<p>CAOS is a wall-mounted bottle holder and simultaneously a unique decorative interior element. It features a modular construction of horizontal and vertical lines, creating an abstract form feeling, and the construction element itself can be connected and repeated vertically or horizontally, adapting to specific needs and spaces. By adding wooden shelves, CAOS serves as a modern and original shelf for books or other small items.<\/p>\n","protected":false},"excerpt":{"rendered":"<p>CAOS is a wall-mounted bottle holder and simultaneously a unique decorative interior element. It features a modular construction of horizontal and vertical lines, creating an abstract form feeling, and the construction element itself can be connected and repeated vertically or horizontally, adapting to specific needs and spaces. By adding wooden shelves, CAOS serves as a&#8230;<\/p>\n","protected":false},"featured_media":266593,"template":"","meta":{"_acf_changed":false},"product_brand":[6922],"product_cat":[6293,6297],"product_tag":[],"class_list":{"0":"post-273087","1":"product","2":"type-product","3":"status-publish","4":"has-post-thumbnail","6":"product_brand-damiano-latini-en","7":"product_cat-furniture-and-interior-details","8":"product_cat-shelves","9":"pa_kolekcija-damiano-latini-caos-en","11":"first","12":"instock","13":"product-type-simple"},"acf":[],"yoast_head":"<!-- This site is optimized with the Yoast SEO plugin v26.5 - https:\/\/yoast.com\/wordpress\/plugins\/seo\/ -->\n<title>Shelf CAOS, L320\/P150, walnut - Trukm\u0117<\/title>\n<meta name=\"robots\" content=\"index, follow, max-snippet:-1, max-image-preview:large, max-video-preview:-1\" \/>\n<link rel=\"canonical\" href=\"https:\/\/trukme.lv\/en\/products\/furniture-and-interior-details\/shelves\/plauktins-caos-l320-p150-riekstkoks\/\" \/>\n<meta property=\"og:locale\" content=\"en_GB\" \/>\n<meta property=\"og:type\" content=\"article\" \/>\n<meta property=\"og:title\" content=\"Shelf CAOS, L320\/P150, walnut - Trukm\u0117\" \/>\n<meta property=\"og:description\" content=\"CAOS is a wall-mounted bottle holder and simultaneously a unique decorative interior element. It features a modular construction of horizontal and vertical lines, creating an abstract form feeling, and the construction element itself can be connected and repeated vertically or horizontally, adapting to specific needs and spaces. By adding wooden shelves, CAOS serves as a...\" \/>\n<meta property=\"og:url\" content=\"https:\/\/trukme.lv\/en\/products\/furniture-and-interior-details\/shelves\/plauktins-caos-l320-p150-riekstkoks\/\" \/>\n<meta property=\"og:site_name\" content=\"Trukm\u0117\" \/>\n<meta property=\"article:modified_time\" content=\"2025-10-02T09:33:12+00:00\" \/>\n<meta property=\"og:image\" content=\"https:\/\/i0.wp.com\/trukme.lv\/wp-content\/uploads\/2025\/09\/1514020059.webp?fit=2048%2C1101&ssl=1\" \/>\n\t<meta property=\"og:image:width\" content=\"2048\" \/>\n\t<meta property=\"og:image:height\" content=\"1101\" \/>\n\t<meta property=\"og:image:type\" content=\"image\/webp\" \/>\n<meta name=\"twitter:card\" content=\"summary_large_image\" \/>\n<script type=\"application\/ld+json\" class=\"yoast-schema-graph\">{\"@context\":\"https:\/\/schema.org\",\"@graph\":[{\"@type\":\"WebPage\",\"@id\":\"https:\/\/trukme.lv\/en\/products\/furniture-and-interior-details\/shelves\/plauktins-caos-l320-p150-riekstkoks\/\",\"url\":\"https:\/\/trukme.lv\/en\/products\/furniture-and-interior-details\/shelves\/plauktins-caos-l320-p150-riekstkoks\/\",\"name\":\"Shelf CAOS, L320\/P150, walnut - Trukm\u0117\",\"isPartOf\":{\"@id\":\"https:\/\/trukme.lv\/en\/#website\"},\"primaryImageOfPage\":{\"@id\":\"https:\/\/trukme.lv\/en\/products\/furniture-and-interior-details\/shelves\/plauktins-caos-l320-p150-riekstkoks\/#primaryimage\"},\"image\":{\"@id\":\"https:\/\/trukme.lv\/en\/products\/furniture-and-interior-details\/shelves\/plauktins-caos-l320-p150-riekstkoks\/#primaryimage\"},\"thumbnailUrl\":\"https:\/\/i0.wp.com\/trukme.lv\/wp-content\/uploads\/2025\/09\/1514020059.webp?fit=2048%2C1101&ssl=1\",\"datePublished\":\"2025-09-30T19:57:36+00:00\",\"dateModified\":\"2025-10-02T09:33:12+00:00\",\"breadcrumb\":{\"@id\":\"https:\/\/trukme.lv\/en\/products\/furniture-and-interior-details\/shelves\/plauktins-caos-l320-p150-riekstkoks\/#breadcrumb\"},\"inLanguage\":\"en-GB\",\"potentialAction\":[{\"@type\":\"ReadAction\",\"target\":[\"https:\/\/trukme.lv\/en\/products\/furniture-and-interior-details\/shelves\/plauktins-caos-l320-p150-riekstkoks\/\"]}]},{\"@type\":\"ImageObject\",\"inLanguage\":\"en-GB\",\"@id\":\"https:\/\/trukme.lv\/en\/products\/furniture-and-interior-details\/shelves\/plauktins-caos-l320-p150-riekstkoks\/#primaryimage\",\"url\":\"https:\/\/i0.wp.com\/trukme.lv\/wp-content\/uploads\/2025\/09\/1514020059.webp?fit=2048%2C1101&ssl=1\",\"contentUrl\":\"https:\/\/i0.wp.com\/trukme.lv\/wp-content\/uploads\/2025\/09\/1514020059.webp?fit=2048%2C1101&ssl=1\",\"width\":2048,\"height\":1101},{\"@type\":\"BreadcrumbList\",\"@id\":\"https:\/\/trukme.lv\/en\/products\/furniture-and-interior-details\/shelves\/plauktins-caos-l320-p150-riekstkoks\/#breadcrumb\",\"itemListElement\":[{\"@type\":\"ListItem\",\"position\":1,\"name\":\"Home\",\"item\":\"https:\/\/trukme.lv\/en\/home\/\"},{\"@type\":\"ListItem\",\"position\":2,\"name\":\"Products\",\"item\":\"https:\/\/trukme.lv\/en\/products\/\"},{\"@type\":\"ListItem\",\"position\":3,\"name\":\"Shelf CAOS, L320\/P150, walnut\"}]},{\"@type\":\"WebSite\",\"@id\":\"https:\/\/trukme.lv\/en\/#website\",\"url\":\"https:\/\/trukme.lv\/en\/\",\"name\":\"Trukm\u0117\",\"description\":\"M\u0113be\u013cu pane\u013ci, galda virsmas, m\u0113be\u013cu furnit\u016bra. Virtuves m\u0113be\u013cu, skapju, vannas istabas m\u0113be\u013cu u.c. sortiments. Paz\u012bstami un uzticami ra\u017eot\u0101ji.\",\"potentialAction\":[{\"@type\":\"SearchAction\",\"target\":{\"@type\":\"EntryPoint\",\"urlTemplate\":\"https:\/\/trukme.lv\/en\/?s={search_term_string}\"},\"query-input\":{\"@type\":\"PropertyValueSpecification\",\"valueRequired\":true,\"valueName\":\"search_term_string\"}}],\"inLanguage\":\"en-GB\"}]}<\/script>\n<!-- \/ Yoast SEO plugin. -->","yoast_head_json":{"title":"Shelf CAOS, L320\/P150, walnut - Trukm\u0117","robots":{"index":"index","follow":"follow","max-snippet":"max-snippet:-1","max-image-preview":"max-image-preview:large","max-video-preview":"max-video-preview:-1"},"canonical":"https:\/\/trukme.lv\/en\/products\/furniture-and-interior-details\/shelves\/plauktins-caos-l320-p150-riekstkoks\/","og_locale":"en_GB","og_type":"article","og_title":"Shelf CAOS, L320\/P150, walnut - Trukm\u0117","og_description":"CAOS is a wall-mounted bottle holder and simultaneously a unique decorative interior element. It features a modular construction of horizontal and vertical lines, creating an abstract form feeling, and the construction element itself can be connected and repeated vertically or horizontally, adapting to specific needs and spaces. By adding wooden shelves, CAOS serves as a...","og_url":"https:\/\/trukme.lv\/en\/products\/furniture-and-interior-details\/shelves\/plauktins-caos-l320-p150-riekstkoks\/","og_site_name":"Trukm\u0117","article_modified_time":"2025-10-02T09:33:12+00:00","og_image":[{"width":2048,"height":1101,"url":"https:\/\/i0.wp.com\/trukme.lv\/wp-content\/uploads\/2025\/09\/1514020059.webp?fit=2048%2C1101&ssl=1","type":"image\/webp"}],"twitter_card":"summary_large_image","schema":{"@context":"https:\/\/schema.org","@graph":[{"@type":"WebPage","@id":"https:\/\/trukme.lv\/en\/products\/furniture-and-interior-details\/shelves\/plauktins-caos-l320-p150-riekstkoks\/","url":"https:\/\/trukme.lv\/en\/products\/furniture-and-interior-details\/shelves\/plauktins-caos-l320-p150-riekstkoks\/","name":"Shelf CAOS, L320\/P150, walnut - Trukm\u0117","isPartOf":{"@id":"https:\/\/trukme.lv\/en\/#website"},"primaryImageOfPage":{"@id":"https:\/\/trukme.lv\/en\/products\/furniture-and-interior-details\/shelves\/plauktins-caos-l320-p150-riekstkoks\/#primaryimage"},"image":{"@id":"https:\/\/trukme.lv\/en\/products\/furniture-and-interior-details\/shelves\/plauktins-caos-l320-p150-riekstkoks\/#primaryimage"},"thumbnailUrl":"https:\/\/i0.wp.com\/trukme.lv\/wp-content\/uploads\/2025\/09\/1514020059.webp?fit=2048%2C1101&ssl=1","datePublished":"2025-09-30T19:57:36+00:00","dateModified":"2025-10-02T09:33:12+00:00","breadcrumb":{"@id":"https:\/\/trukme.lv\/en\/products\/furniture-and-interior-details\/shelves\/plauktins-caos-l320-p150-riekstkoks\/#breadcrumb"},"inLanguage":"en-GB","potentialAction":[{"@type":"ReadAction","target":["https:\/\/trukme.lv\/en\/products\/furniture-and-interior-details\/shelves\/plauktins-caos-l320-p150-riekstkoks\/"]}]},{"@type":"ImageObject","inLanguage":"en-GB","@id":"https:\/\/trukme.lv\/en\/products\/furniture-and-interior-details\/shelves\/plauktins-caos-l320-p150-riekstkoks\/#primaryimage","url":"https:\/\/i0.wp.com\/trukme.lv\/wp-content\/uploads\/2025\/09\/1514020059.webp?fit=2048%2C1101&ssl=1","contentUrl":"https:\/\/i0.wp.com\/trukme.lv\/wp-content\/uploads\/2025\/09\/1514020059.webp?fit=2048%2C1101&ssl=1","width":2048,"height":1101},{"@type":"BreadcrumbList","@id":"https:\/\/trukme.lv\/en\/products\/furniture-and-interior-details\/shelves\/plauktins-caos-l320-p150-riekstkoks\/#breadcrumb","itemListElement":[{"@type":"ListItem","position":1,"name":"Home","item":"https:\/\/trukme.lv\/en\/home\/"},{"@type":"ListItem","position":2,"name":"Products","item":"https:\/\/trukme.lv\/en\/products\/"},{"@type":"ListItem","position":3,"name":"Shelf CAOS, L320\/P150, walnut"}]},{"@type":"WebSite","@id":"https:\/\/trukme.lv\/en\/#website","url":"https:\/\/trukme.lv\/en\/","name":"Trukm\u0117","description":"M\u0113be\u013cu pane\u013ci, galda virsmas, m\u0113be\u013cu furnit\u016bra. Virtuves m\u0113be\u013cu, skapju, vannas istabas m\u0113be\u013cu u.c. sortiments. Paz\u012bstami un uzticami ra\u017eot\u0101ji.","potentialAction":[{"@type":"SearchAction","target":{"@type":"EntryPoint","urlTemplate":"https:\/\/trukme.lv\/en\/?s={search_term_string}"},"query-input":{"@type":"PropertyValueSpecification","valueRequired":true,"valueName":"search_term_string"}}],"inLanguage":"en-GB"}]}},"jetpack_sharing_enabled":true,"_links":{"self":[{"href":"https:\/\/trukme.lv\/en\/wp-json\/wp\/v2\/product\/273087","targetHints":{"allow":["GET"]}}],"collection":[{"href":"https:\/\/trukme.lv\/en\/wp-json\/wp\/v2\/product"}],"about":[{"href":"https:\/\/trukme.lv\/en\/wp-json\/wp\/v2\/types\/product"}],"wp:featuredmedia":[{"embeddable":true,"href":"https:\/\/trukme.lv\/en\/wp-json\/wp\/v2\/media\/266593"}],"wp:attachment":[{"href":"https:\/\/trukme.lv\/en\/wp-json\/wp\/v2\/media?parent=273087"}],"wp:term":[{"taxonomy":"product_brand","embeddable":true,"href":"https:\/\/trukme.lv\/en\/wp-json\/wp\/v2\/product_brand?post=273087"},{"taxonomy":"product_cat","embeddable":true,"href":"https:\/\/trukme.lv\/en\/wp-json\/wp\/v2\/product_cat?post=273087"},{"taxonomy":"product_tag","embeddable":true,"href":"https:\/\/trukme.lv\/en\/wp-json\/wp\/v2\/product_tag?post=273087"}],"curies":[{"name":"wp","href":"https:\/\/api.w.org\/{rel}","templated":true}]}}