{"id":273095,"date":"2025-09-30T22:57:17","date_gmt":"2025-09-30T19:57:17","guid":{"rendered":"https:\/\/trukme.lv\/produkti\/uncategorized\/plaukts-shell-l1800-h1960-antracits-ozols\/"},"modified":"2025-10-02T12:33:16","modified_gmt":"2025-10-02T09:33:16","slug":"plaukts-shell-l1800-h1960-antracits-ozols","status":"publish","type":"product","link":"https:\/\/trukme.lv\/en\/products\/furniture-and-interior-details\/shelves\/plaukts-shell-l1800-h1960-antracits-ozols\/","title":{"rendered":"Shelf SHELL, L1800\/H1960, anthracite\/oak"},"content":{"rendered":"<p>SHELL is a wall shelf where metal frames are combined with wooden shelves. The modular structure allows for almost endless combinations, developing both vertically and horizontally, suitable for any type of space. Thanks to its minimalist yet modern design, this shelf is ideal for various environments \u2013 for storing items or books, as well as a unique interior element.<\/p>\n","protected":false},"excerpt":{"rendered":"<p>SHELL is a wall shelf where metal frames are combined with wooden shelves. The modular structure allows for almost endless combinations, developing both vertically and horizontally, suitable for any type of space. Thanks to its minimalist yet modern design, this shelf is ideal for various environments \u2013 for storing items or books, as well as&#8230;<\/p>\n","protected":false},"featured_media":266534,"template":"","meta":{"_acf_changed":false},"product_brand":[6922],"product_cat":[6293,6297],"product_tag":[],"class_list":{"0":"post-273095","1":"product","2":"type-product","3":"status-publish","4":"has-post-thumbnail","6":"product_brand-damiano-latini-en","7":"product_cat-furniture-and-interior-details","8":"product_cat-shelves","9":"pa_kolekcija-damiano-latini-shell-en","11":"first","12":"instock","13":"product-type-simple"},"acf":[],"yoast_head":"<!-- This site is optimized with the Yoast SEO plugin v26.5 - https:\/\/yoast.com\/wordpress\/plugins\/seo\/ -->\n<title>Shelf SHELL, L1800\/H1960, anthracite\/oak - Trukm\u0117<\/title>\n<meta name=\"robots\" content=\"index, follow, max-snippet:-1, max-image-preview:large, max-video-preview:-1\" \/>\n<link rel=\"canonical\" href=\"https:\/\/trukme.lv\/en\/products\/furniture-and-interior-details\/shelves\/plaukts-shell-l1800-h1960-antracits-ozols\/\" \/>\n<meta property=\"og:locale\" content=\"en_GB\" \/>\n<meta property=\"og:type\" content=\"article\" \/>\n<meta property=\"og:title\" content=\"Shelf SHELL, L1800\/H1960, anthracite\/oak - Trukm\u0117\" \/>\n<meta property=\"og:description\" content=\"SHELL is a wall shelf where metal frames are combined with wooden shelves. The modular structure allows for almost endless combinations, developing both vertically and horizontally, suitable for any type of space. Thanks to its minimalist yet modern design, this shelf is ideal for various environments \u2013 for storing items or books, as well as...\" \/>\n<meta property=\"og:url\" content=\"https:\/\/trukme.lv\/en\/products\/furniture-and-interior-details\/shelves\/plaukts-shell-l1800-h1960-antracits-ozols\/\" \/>\n<meta property=\"og:site_name\" content=\"Trukm\u0117\" \/>\n<meta property=\"article:modified_time\" content=\"2025-10-02T09:33:16+00:00\" \/>\n<meta property=\"og:image\" content=\"https:\/\/i0.wp.com\/trukme.lv\/wp-content\/uploads\/2025\/09\/1514020050.webp?fit=300%2C300&ssl=1\" \/>\n\t<meta property=\"og:image:width\" content=\"300\" \/>\n\t<meta property=\"og:image:height\" content=\"300\" \/>\n\t<meta property=\"og:image:type\" content=\"image\/webp\" \/>\n<meta name=\"twitter:card\" content=\"summary_large_image\" \/>\n<script type=\"application\/ld+json\" class=\"yoast-schema-graph\">{\"@context\":\"https:\/\/schema.org\",\"@graph\":[{\"@type\":\"WebPage\",\"@id\":\"https:\/\/trukme.lv\/en\/products\/furniture-and-interior-details\/shelves\/plaukts-shell-l1800-h1960-antracits-ozols\/\",\"url\":\"https:\/\/trukme.lv\/en\/products\/furniture-and-interior-details\/shelves\/plaukts-shell-l1800-h1960-antracits-ozols\/\",\"name\":\"Shelf SHELL, L1800\/H1960, anthracite\/oak - Trukm\u0117\",\"isPartOf\":{\"@id\":\"https:\/\/trukme.lv\/en\/#website\"},\"primaryImageOfPage\":{\"@id\":\"https:\/\/trukme.lv\/en\/products\/furniture-and-interior-details\/shelves\/plaukts-shell-l1800-h1960-antracits-ozols\/#primaryimage\"},\"image\":{\"@id\":\"https:\/\/trukme.lv\/en\/products\/furniture-and-interior-details\/shelves\/plaukts-shell-l1800-h1960-antracits-ozols\/#primaryimage\"},\"thumbnailUrl\":\"https:\/\/i0.wp.com\/trukme.lv\/wp-content\/uploads\/2025\/09\/1514020050.webp?fit=300%2C300&ssl=1\",\"datePublished\":\"2025-09-30T19:57:17+00:00\",\"dateModified\":\"2025-10-02T09:33:16+00:00\",\"breadcrumb\":{\"@id\":\"https:\/\/trukme.lv\/en\/products\/furniture-and-interior-details\/shelves\/plaukts-shell-l1800-h1960-antracits-ozols\/#breadcrumb\"},\"inLanguage\":\"en-GB\",\"potentialAction\":[{\"@type\":\"ReadAction\",\"target\":[\"https:\/\/trukme.lv\/en\/products\/furniture-and-interior-details\/shelves\/plaukts-shell-l1800-h1960-antracits-ozols\/\"]}]},{\"@type\":\"ImageObject\",\"inLanguage\":\"en-GB\",\"@id\":\"https:\/\/trukme.lv\/en\/products\/furniture-and-interior-details\/shelves\/plaukts-shell-l1800-h1960-antracits-ozols\/#primaryimage\",\"url\":\"https:\/\/i0.wp.com\/trukme.lv\/wp-content\/uploads\/2025\/09\/1514020050.webp?fit=300%2C300&ssl=1\",\"contentUrl\":\"https:\/\/i0.wp.com\/trukme.lv\/wp-content\/uploads\/2025\/09\/1514020050.webp?fit=300%2C300&ssl=1\",\"width\":300,\"height\":300},{\"@type\":\"BreadcrumbList\",\"@id\":\"https:\/\/trukme.lv\/en\/products\/furniture-and-interior-details\/shelves\/plaukts-shell-l1800-h1960-antracits-ozols\/#breadcrumb\",\"itemListElement\":[{\"@type\":\"ListItem\",\"position\":1,\"name\":\"Home\",\"item\":\"https:\/\/trukme.lv\/en\/home\/\"},{\"@type\":\"ListItem\",\"position\":2,\"name\":\"Products\",\"item\":\"https:\/\/trukme.lv\/en\/products\/\"},{\"@type\":\"ListItem\",\"position\":3,\"name\":\"Shelf SHELL, L1800\/H1960, anthracite\/oak\"}]},{\"@type\":\"WebSite\",\"@id\":\"https:\/\/trukme.lv\/en\/#website\",\"url\":\"https:\/\/trukme.lv\/en\/\",\"name\":\"Trukm\u0117\",\"description\":\"M\u0113be\u013cu pane\u013ci, galda virsmas, m\u0113be\u013cu furnit\u016bra. Virtuves m\u0113be\u013cu, skapju, vannas istabas m\u0113be\u013cu u.c. sortiments. Paz\u012bstami un uzticami ra\u017eot\u0101ji.\",\"potentialAction\":[{\"@type\":\"SearchAction\",\"target\":{\"@type\":\"EntryPoint\",\"urlTemplate\":\"https:\/\/trukme.lv\/en\/?s={search_term_string}\"},\"query-input\":{\"@type\":\"PropertyValueSpecification\",\"valueRequired\":true,\"valueName\":\"search_term_string\"}}],\"inLanguage\":\"en-GB\"}]}<\/script>\n<!-- \/ Yoast SEO plugin. -->","yoast_head_json":{"title":"Shelf SHELL, L1800\/H1960, anthracite\/oak - Trukm\u0117","robots":{"index":"index","follow":"follow","max-snippet":"max-snippet:-1","max-image-preview":"max-image-preview:large","max-video-preview":"max-video-preview:-1"},"canonical":"https:\/\/trukme.lv\/en\/products\/furniture-and-interior-details\/shelves\/plaukts-shell-l1800-h1960-antracits-ozols\/","og_locale":"en_GB","og_type":"article","og_title":"Shelf SHELL, L1800\/H1960, anthracite\/oak - Trukm\u0117","og_description":"SHELL is a wall shelf where metal frames are combined with wooden shelves. The modular structure allows for almost endless combinations, developing both vertically and horizontally, suitable for any type of space. Thanks to its minimalist yet modern design, this shelf is ideal for various environments \u2013 for storing items or books, as well as...","og_url":"https:\/\/trukme.lv\/en\/products\/furniture-and-interior-details\/shelves\/plaukts-shell-l1800-h1960-antracits-ozols\/","og_site_name":"Trukm\u0117","article_modified_time":"2025-10-02T09:33:16+00:00","og_image":[{"width":300,"height":300,"url":"https:\/\/i0.wp.com\/trukme.lv\/wp-content\/uploads\/2025\/09\/1514020050.webp?fit=300%2C300&ssl=1","type":"image\/webp"}],"twitter_card":"summary_large_image","schema":{"@context":"https:\/\/schema.org","@graph":[{"@type":"WebPage","@id":"https:\/\/trukme.lv\/en\/products\/furniture-and-interior-details\/shelves\/plaukts-shell-l1800-h1960-antracits-ozols\/","url":"https:\/\/trukme.lv\/en\/products\/furniture-and-interior-details\/shelves\/plaukts-shell-l1800-h1960-antracits-ozols\/","name":"Shelf SHELL, L1800\/H1960, anthracite\/oak - Trukm\u0117","isPartOf":{"@id":"https:\/\/trukme.lv\/en\/#website"},"primaryImageOfPage":{"@id":"https:\/\/trukme.lv\/en\/products\/furniture-and-interior-details\/shelves\/plaukts-shell-l1800-h1960-antracits-ozols\/#primaryimage"},"image":{"@id":"https:\/\/trukme.lv\/en\/products\/furniture-and-interior-details\/shelves\/plaukts-shell-l1800-h1960-antracits-ozols\/#primaryimage"},"thumbnailUrl":"https:\/\/i0.wp.com\/trukme.lv\/wp-content\/uploads\/2025\/09\/1514020050.webp?fit=300%2C300&ssl=1","datePublished":"2025-09-30T19:57:17+00:00","dateModified":"2025-10-02T09:33:16+00:00","breadcrumb":{"@id":"https:\/\/trukme.lv\/en\/products\/furniture-and-interior-details\/shelves\/plaukts-shell-l1800-h1960-antracits-ozols\/#breadcrumb"},"inLanguage":"en-GB","potentialAction":[{"@type":"ReadAction","target":["https:\/\/trukme.lv\/en\/products\/furniture-and-interior-details\/shelves\/plaukts-shell-l1800-h1960-antracits-ozols\/"]}]},{"@type":"ImageObject","inLanguage":"en-GB","@id":"https:\/\/trukme.lv\/en\/products\/furniture-and-interior-details\/shelves\/plaukts-shell-l1800-h1960-antracits-ozols\/#primaryimage","url":"https:\/\/i0.wp.com\/trukme.lv\/wp-content\/uploads\/2025\/09\/1514020050.webp?fit=300%2C300&ssl=1","contentUrl":"https:\/\/i0.wp.com\/trukme.lv\/wp-content\/uploads\/2025\/09\/1514020050.webp?fit=300%2C300&ssl=1","width":300,"height":300},{"@type":"BreadcrumbList","@id":"https:\/\/trukme.lv\/en\/products\/furniture-and-interior-details\/shelves\/plaukts-shell-l1800-h1960-antracits-ozols\/#breadcrumb","itemListElement":[{"@type":"ListItem","position":1,"name":"Home","item":"https:\/\/trukme.lv\/en\/home\/"},{"@type":"ListItem","position":2,"name":"Products","item":"https:\/\/trukme.lv\/en\/products\/"},{"@type":"ListItem","position":3,"name":"Shelf SHELL, L1800\/H1960, anthracite\/oak"}]},{"@type":"WebSite","@id":"https:\/\/trukme.lv\/en\/#website","url":"https:\/\/trukme.lv\/en\/","name":"Trukm\u0117","description":"M\u0113be\u013cu pane\u013ci, galda virsmas, m\u0113be\u013cu furnit\u016bra. Virtuves m\u0113be\u013cu, skapju, vannas istabas m\u0113be\u013cu u.c. sortiments. Paz\u012bstami un uzticami ra\u017eot\u0101ji.","potentialAction":[{"@type":"SearchAction","target":{"@type":"EntryPoint","urlTemplate":"https:\/\/trukme.lv\/en\/?s={search_term_string}"},"query-input":{"@type":"PropertyValueSpecification","valueRequired":true,"valueName":"search_term_string"}}],"inLanguage":"en-GB"}]}},"jetpack_sharing_enabled":true,"_links":{"self":[{"href":"https:\/\/trukme.lv\/en\/wp-json\/wp\/v2\/product\/273095","targetHints":{"allow":["GET"]}}],"collection":[{"href":"https:\/\/trukme.lv\/en\/wp-json\/wp\/v2\/product"}],"about":[{"href":"https:\/\/trukme.lv\/en\/wp-json\/wp\/v2\/types\/product"}],"wp:featuredmedia":[{"embeddable":true,"href":"https:\/\/trukme.lv\/en\/wp-json\/wp\/v2\/media\/266534"}],"wp:attachment":[{"href":"https:\/\/trukme.lv\/en\/wp-json\/wp\/v2\/media?parent=273095"}],"wp:term":[{"taxonomy":"product_brand","embeddable":true,"href":"https:\/\/trukme.lv\/en\/wp-json\/wp\/v2\/product_brand?post=273095"},{"taxonomy":"product_cat","embeddable":true,"href":"https:\/\/trukme.lv\/en\/wp-json\/wp\/v2\/product_cat?post=273095"},{"taxonomy":"product_tag","embeddable":true,"href":"https:\/\/trukme.lv\/en\/wp-json\/wp\/v2\/product_tag?post=273095"}],"curies":[{"name":"wp","href":"https:\/\/api.w.org\/{rel}","templated":true}]}}