{"id":273282,"date":"2025-09-30T22:38:02","date_gmt":"2025-09-30T19:38:02","guid":{"rendered":"https:\/\/trukme.lv\/produkti\/uncategorized\/izvelkams-gludinamais-delis-balta\/"},"modified":"2025-10-02T12:34:25","modified_gmt":"2025-10-02T09:34:25","slug":"izvelkams-gludinamais-delis-balta","status":"publish","type":"product","link":"https:\/\/trukme.lv\/en\/products\/furniture-fittings\/wardrobe-closet-equipment-and-accessories\/other-accessories-en\/izvelkams-gludinamais-delis-balta\/","title":{"rendered":"Pull-out ironing board, white"},"content":{"rendered":"<p>Please note that the installed ironing board is pulled out to the edge of the cabinet body where it is mounted. The ironing board is fixed to the cabinet side and can be installed on either the right or left side. Quiet and slow closing with the help of a gas damper. When folded, it takes up little space in the cabinet \u2013 only 150 mm in width. In unfolded position: height \u2013 920 mm, length \u2013 1050 mm, width \u2013 330 mm.<\/p>\n","protected":false},"excerpt":{"rendered":"<p>Please note that the installed ironing board is pulled out to the edge of the cabinet body where it is mounted. The ironing board is fixed to the cabinet side and can be installed on either the right or left side. Quiet and slow closing with the help of a gas damper. When folded, it&#8230;<\/p>\n","protected":false},"featured_media":264164,"template":"","meta":{"_acf_changed":false},"product_brand":[7039],"product_cat":[6305,6577,6573],"product_tag":[],"class_list":{"0":"post-273282","1":"product","2":"type-product","3":"status-publish","4":"has-post-thumbnail","6":"product_brand-starax-en","7":"product_cat-furniture-fittings","8":"product_cat-other-accessories-en","9":"product_cat-wardrobe-closet-equipment-and-accessories","11":"first","12":"instock","13":"product-type-simple"},"acf":[],"yoast_head":"<!-- This site is optimized with the Yoast SEO plugin v26.5 - https:\/\/yoast.com\/wordpress\/plugins\/seo\/ -->\n<title>Pull-out ironing board, white - Trukm\u0117<\/title>\n<meta name=\"robots\" content=\"index, follow, max-snippet:-1, max-image-preview:large, max-video-preview:-1\" \/>\n<link rel=\"canonical\" href=\"https:\/\/trukme.lv\/en\/products\/furniture-fittings\/wardrobe-closet-equipment-and-accessories\/other-accessories-en\/izvelkams-gludinamais-delis-balta\/\" \/>\n<meta property=\"og:locale\" content=\"en_GB\" \/>\n<meta property=\"og:type\" content=\"article\" \/>\n<meta property=\"og:title\" content=\"Pull-out ironing board, white - Trukm\u0117\" \/>\n<meta property=\"og:description\" content=\"Please note that the installed ironing board is pulled out to the edge of the cabinet body where it is mounted. The ironing board is fixed to the cabinet side and can be installed on either the right or left side. Quiet and slow closing with the help of a gas damper. When folded, it...\" \/>\n<meta property=\"og:url\" content=\"https:\/\/trukme.lv\/en\/products\/furniture-fittings\/wardrobe-closet-equipment-and-accessories\/other-accessories-en\/izvelkams-gludinamais-delis-balta\/\" \/>\n<meta property=\"og:site_name\" content=\"Trukm\u0117\" \/>\n<meta property=\"article:modified_time\" content=\"2025-10-02T09:34:25+00:00\" \/>\n<meta property=\"og:image\" content=\"https:\/\/i0.wp.com\/trukme.lv\/wp-content\/uploads\/2025\/09\/1511050004.webp?fit=960%2C960&ssl=1\" \/>\n\t<meta property=\"og:image:width\" content=\"960\" \/>\n\t<meta property=\"og:image:height\" content=\"960\" \/>\n\t<meta property=\"og:image:type\" content=\"image\/webp\" \/>\n<meta name=\"twitter:card\" content=\"summary_large_image\" \/>\n<script type=\"application\/ld+json\" class=\"yoast-schema-graph\">{\"@context\":\"https:\/\/schema.org\",\"@graph\":[{\"@type\":\"WebPage\",\"@id\":\"https:\/\/trukme.lv\/en\/products\/furniture-fittings\/wardrobe-closet-equipment-and-accessories\/other-accessories-en\/izvelkams-gludinamais-delis-balta\/\",\"url\":\"https:\/\/trukme.lv\/en\/products\/furniture-fittings\/wardrobe-closet-equipment-and-accessories\/other-accessories-en\/izvelkams-gludinamais-delis-balta\/\",\"name\":\"Pull-out ironing board, white - Trukm\u0117\",\"isPartOf\":{\"@id\":\"https:\/\/trukme.lv\/en\/#website\"},\"primaryImageOfPage\":{\"@id\":\"https:\/\/trukme.lv\/en\/products\/furniture-fittings\/wardrobe-closet-equipment-and-accessories\/other-accessories-en\/izvelkams-gludinamais-delis-balta\/#primaryimage\"},\"image\":{\"@id\":\"https:\/\/trukme.lv\/en\/products\/furniture-fittings\/wardrobe-closet-equipment-and-accessories\/other-accessories-en\/izvelkams-gludinamais-delis-balta\/#primaryimage\"},\"thumbnailUrl\":\"https:\/\/i0.wp.com\/trukme.lv\/wp-content\/uploads\/2025\/09\/1511050004.webp?fit=960%2C960&ssl=1\",\"datePublished\":\"2025-09-30T19:38:02+00:00\",\"dateModified\":\"2025-10-02T09:34:25+00:00\",\"breadcrumb\":{\"@id\":\"https:\/\/trukme.lv\/en\/products\/furniture-fittings\/wardrobe-closet-equipment-and-accessories\/other-accessories-en\/izvelkams-gludinamais-delis-balta\/#breadcrumb\"},\"inLanguage\":\"en-GB\",\"potentialAction\":[{\"@type\":\"ReadAction\",\"target\":[\"https:\/\/trukme.lv\/en\/products\/furniture-fittings\/wardrobe-closet-equipment-and-accessories\/other-accessories-en\/izvelkams-gludinamais-delis-balta\/\"]}]},{\"@type\":\"ImageObject\",\"inLanguage\":\"en-GB\",\"@id\":\"https:\/\/trukme.lv\/en\/products\/furniture-fittings\/wardrobe-closet-equipment-and-accessories\/other-accessories-en\/izvelkams-gludinamais-delis-balta\/#primaryimage\",\"url\":\"https:\/\/i0.wp.com\/trukme.lv\/wp-content\/uploads\/2025\/09\/1511050004.webp?fit=960%2C960&ssl=1\",\"contentUrl\":\"https:\/\/i0.wp.com\/trukme.lv\/wp-content\/uploads\/2025\/09\/1511050004.webp?fit=960%2C960&ssl=1\",\"width\":960,\"height\":960},{\"@type\":\"BreadcrumbList\",\"@id\":\"https:\/\/trukme.lv\/en\/products\/furniture-fittings\/wardrobe-closet-equipment-and-accessories\/other-accessories-en\/izvelkams-gludinamais-delis-balta\/#breadcrumb\",\"itemListElement\":[{\"@type\":\"ListItem\",\"position\":1,\"name\":\"Home\",\"item\":\"https:\/\/trukme.lv\/en\/home\/\"},{\"@type\":\"ListItem\",\"position\":2,\"name\":\"Products\",\"item\":\"https:\/\/trukme.lv\/en\/products\/\"},{\"@type\":\"ListItem\",\"position\":3,\"name\":\"Pull-out ironing board, white\"}]},{\"@type\":\"WebSite\",\"@id\":\"https:\/\/trukme.lv\/en\/#website\",\"url\":\"https:\/\/trukme.lv\/en\/\",\"name\":\"Trukm\u0117\",\"description\":\"M\u0113be\u013cu pane\u013ci, galda virsmas, m\u0113be\u013cu furnit\u016bra. Virtuves m\u0113be\u013cu, skapju, vannas istabas m\u0113be\u013cu u.c. sortiments. Paz\u012bstami un uzticami ra\u017eot\u0101ji.\",\"potentialAction\":[{\"@type\":\"SearchAction\",\"target\":{\"@type\":\"EntryPoint\",\"urlTemplate\":\"https:\/\/trukme.lv\/en\/?s={search_term_string}\"},\"query-input\":{\"@type\":\"PropertyValueSpecification\",\"valueRequired\":true,\"valueName\":\"search_term_string\"}}],\"inLanguage\":\"en-GB\"}]}<\/script>\n<!-- \/ Yoast SEO plugin. -->","yoast_head_json":{"title":"Pull-out ironing board, white - Trukm\u0117","robots":{"index":"index","follow":"follow","max-snippet":"max-snippet:-1","max-image-preview":"max-image-preview:large","max-video-preview":"max-video-preview:-1"},"canonical":"https:\/\/trukme.lv\/en\/products\/furniture-fittings\/wardrobe-closet-equipment-and-accessories\/other-accessories-en\/izvelkams-gludinamais-delis-balta\/","og_locale":"en_GB","og_type":"article","og_title":"Pull-out ironing board, white - Trukm\u0117","og_description":"Please note that the installed ironing board is pulled out to the edge of the cabinet body where it is mounted. The ironing board is fixed to the cabinet side and can be installed on either the right or left side. Quiet and slow closing with the help of a gas damper. When folded, it...","og_url":"https:\/\/trukme.lv\/en\/products\/furniture-fittings\/wardrobe-closet-equipment-and-accessories\/other-accessories-en\/izvelkams-gludinamais-delis-balta\/","og_site_name":"Trukm\u0117","article_modified_time":"2025-10-02T09:34:25+00:00","og_image":[{"width":960,"height":960,"url":"https:\/\/i0.wp.com\/trukme.lv\/wp-content\/uploads\/2025\/09\/1511050004.webp?fit=960%2C960&ssl=1","type":"image\/webp"}],"twitter_card":"summary_large_image","schema":{"@context":"https:\/\/schema.org","@graph":[{"@type":"WebPage","@id":"https:\/\/trukme.lv\/en\/products\/furniture-fittings\/wardrobe-closet-equipment-and-accessories\/other-accessories-en\/izvelkams-gludinamais-delis-balta\/","url":"https:\/\/trukme.lv\/en\/products\/furniture-fittings\/wardrobe-closet-equipment-and-accessories\/other-accessories-en\/izvelkams-gludinamais-delis-balta\/","name":"Pull-out ironing board, white - Trukm\u0117","isPartOf":{"@id":"https:\/\/trukme.lv\/en\/#website"},"primaryImageOfPage":{"@id":"https:\/\/trukme.lv\/en\/products\/furniture-fittings\/wardrobe-closet-equipment-and-accessories\/other-accessories-en\/izvelkams-gludinamais-delis-balta\/#primaryimage"},"image":{"@id":"https:\/\/trukme.lv\/en\/products\/furniture-fittings\/wardrobe-closet-equipment-and-accessories\/other-accessories-en\/izvelkams-gludinamais-delis-balta\/#primaryimage"},"thumbnailUrl":"https:\/\/i0.wp.com\/trukme.lv\/wp-content\/uploads\/2025\/09\/1511050004.webp?fit=960%2C960&ssl=1","datePublished":"2025-09-30T19:38:02+00:00","dateModified":"2025-10-02T09:34:25+00:00","breadcrumb":{"@id":"https:\/\/trukme.lv\/en\/products\/furniture-fittings\/wardrobe-closet-equipment-and-accessories\/other-accessories-en\/izvelkams-gludinamais-delis-balta\/#breadcrumb"},"inLanguage":"en-GB","potentialAction":[{"@type":"ReadAction","target":["https:\/\/trukme.lv\/en\/products\/furniture-fittings\/wardrobe-closet-equipment-and-accessories\/other-accessories-en\/izvelkams-gludinamais-delis-balta\/"]}]},{"@type":"ImageObject","inLanguage":"en-GB","@id":"https:\/\/trukme.lv\/en\/products\/furniture-fittings\/wardrobe-closet-equipment-and-accessories\/other-accessories-en\/izvelkams-gludinamais-delis-balta\/#primaryimage","url":"https:\/\/i0.wp.com\/trukme.lv\/wp-content\/uploads\/2025\/09\/1511050004.webp?fit=960%2C960&ssl=1","contentUrl":"https:\/\/i0.wp.com\/trukme.lv\/wp-content\/uploads\/2025\/09\/1511050004.webp?fit=960%2C960&ssl=1","width":960,"height":960},{"@type":"BreadcrumbList","@id":"https:\/\/trukme.lv\/en\/products\/furniture-fittings\/wardrobe-closet-equipment-and-accessories\/other-accessories-en\/izvelkams-gludinamais-delis-balta\/#breadcrumb","itemListElement":[{"@type":"ListItem","position":1,"name":"Home","item":"https:\/\/trukme.lv\/en\/home\/"},{"@type":"ListItem","position":2,"name":"Products","item":"https:\/\/trukme.lv\/en\/products\/"},{"@type":"ListItem","position":3,"name":"Pull-out ironing board, white"}]},{"@type":"WebSite","@id":"https:\/\/trukme.lv\/en\/#website","url":"https:\/\/trukme.lv\/en\/","name":"Trukm\u0117","description":"M\u0113be\u013cu pane\u013ci, galda virsmas, m\u0113be\u013cu furnit\u016bra. Virtuves m\u0113be\u013cu, skapju, vannas istabas m\u0113be\u013cu u.c. sortiments. Paz\u012bstami un uzticami ra\u017eot\u0101ji.","potentialAction":[{"@type":"SearchAction","target":{"@type":"EntryPoint","urlTemplate":"https:\/\/trukme.lv\/en\/?s={search_term_string}"},"query-input":{"@type":"PropertyValueSpecification","valueRequired":true,"valueName":"search_term_string"}}],"inLanguage":"en-GB"}]}},"jetpack_sharing_enabled":true,"_links":{"self":[{"href":"https:\/\/trukme.lv\/en\/wp-json\/wp\/v2\/product\/273282","targetHints":{"allow":["GET"]}}],"collection":[{"href":"https:\/\/trukme.lv\/en\/wp-json\/wp\/v2\/product"}],"about":[{"href":"https:\/\/trukme.lv\/en\/wp-json\/wp\/v2\/types\/product"}],"wp:featuredmedia":[{"embeddable":true,"href":"https:\/\/trukme.lv\/en\/wp-json\/wp\/v2\/media\/264164"}],"wp:attachment":[{"href":"https:\/\/trukme.lv\/en\/wp-json\/wp\/v2\/media?parent=273282"}],"wp:term":[{"taxonomy":"product_brand","embeddable":true,"href":"https:\/\/trukme.lv\/en\/wp-json\/wp\/v2\/product_brand?post=273282"},{"taxonomy":"product_cat","embeddable":true,"href":"https:\/\/trukme.lv\/en\/wp-json\/wp\/v2\/product_cat?post=273282"},{"taxonomy":"product_tag","embeddable":true,"href":"https:\/\/trukme.lv\/en\/wp-json\/wp\/v2\/product_tag?post=273282"}],"curies":[{"name":"wp","href":"https:\/\/api.w.org\/{rel}","templated":true}]}}