{"id":273340,"date":"2025-09-30T22:35:56","date_gmt":"2025-09-30T19:35:56","guid":{"rendered":"https:\/\/trukme.lv\/produkti\/uncategorized\/dekorativa-uzlime-folmag-327-d14mm-25gb-0190\/"},"modified":"2025-10-02T12:34:46","modified_gmt":"2025-10-02T09:34:46","slug":"dekorativa-uzlime-folmag-327-d14mm-25gb-0190","status":"publish","type":"product","link":"https:\/\/trukme.lv\/en\/products\/furniture-fittings\/small-fittings\/stickers\/stickers-for-eccentrics\/dekorativa-uzlime-folmag-327-d14mm-25gb-0190\/","title":{"rendered":"Decorative sticker FOLMAG &#8220;327&#8221; D14mm\/25pcs (0190)"},"content":{"rendered":"","protected":false},"excerpt":{"rendered":"","protected":false},"featured_media":263842,"template":"","meta":{"_acf_changed":false},"product_brand":[6962],"product_cat":[6305,6451,6453,6455],"product_tag":[],"class_list":{"0":"post-273340","1":"product","2":"type-product","3":"status-publish","4":"has-post-thumbnail","6":"product_brand-folmag-en","7":"product_cat-furniture-fittings","8":"product_cat-small-fittings","9":"product_cat-stickers","10":"product_cat-stickers-for-eccentrics","12":"first","13":"instock","14":"product-type-simple"},"acf":[],"yoast_head":"<!-- This site is optimized with the Yoast SEO plugin v26.5 - https:\/\/yoast.com\/wordpress\/plugins\/seo\/ -->\n<title>Decorative sticker FOLMAG &quot;327&quot; D14mm\/25pcs (0190) - Trukm\u0117<\/title>\n<meta name=\"robots\" content=\"index, follow, max-snippet:-1, max-image-preview:large, max-video-preview:-1\" \/>\n<link rel=\"canonical\" href=\"https:\/\/trukme.lv\/en\/products\/furniture-fittings\/small-fittings\/stickers\/stickers-for-eccentrics\/dekorativa-uzlime-folmag-327-d14mm-25gb-0190\/\" \/>\n<meta property=\"og:locale\" content=\"en_GB\" \/>\n<meta property=\"og:type\" content=\"article\" \/>\n<meta property=\"og:title\" content=\"Decorative sticker FOLMAG &quot;327&quot; D14mm\/25pcs (0190) - Trukm\u0117\" \/>\n<meta property=\"og:url\" content=\"https:\/\/trukme.lv\/en\/products\/furniture-fittings\/small-fittings\/stickers\/stickers-for-eccentrics\/dekorativa-uzlime-folmag-327-d14mm-25gb-0190\/\" \/>\n<meta property=\"og:site_name\" content=\"Trukm\u0117\" \/>\n<meta property=\"article:modified_time\" content=\"2025-10-02T09:34:46+00:00\" \/>\n<meta property=\"og:image\" content=\"https:\/\/i0.wp.com\/trukme.lv\/wp-content\/uploads\/2025\/09\/1510020037.webp?fit=527%2C649&ssl=1\" \/>\n\t<meta property=\"og:image:width\" content=\"527\" \/>\n\t<meta property=\"og:image:height\" content=\"649\" \/>\n\t<meta property=\"og:image:type\" content=\"image\/webp\" \/>\n<meta name=\"twitter:card\" content=\"summary_large_image\" \/>\n<script type=\"application\/ld+json\" class=\"yoast-schema-graph\">{\"@context\":\"https:\/\/schema.org\",\"@graph\":[{\"@type\":\"WebPage\",\"@id\":\"https:\/\/trukme.lv\/en\/products\/furniture-fittings\/small-fittings\/stickers\/stickers-for-eccentrics\/dekorativa-uzlime-folmag-327-d14mm-25gb-0190\/\",\"url\":\"https:\/\/trukme.lv\/en\/products\/furniture-fittings\/small-fittings\/stickers\/stickers-for-eccentrics\/dekorativa-uzlime-folmag-327-d14mm-25gb-0190\/\",\"name\":\"Decorative sticker FOLMAG \\\"327\\\" D14mm\/25pcs (0190) - Trukm\u0117\",\"isPartOf\":{\"@id\":\"https:\/\/trukme.lv\/en\/#website\"},\"primaryImageOfPage\":{\"@id\":\"https:\/\/trukme.lv\/en\/products\/furniture-fittings\/small-fittings\/stickers\/stickers-for-eccentrics\/dekorativa-uzlime-folmag-327-d14mm-25gb-0190\/#primaryimage\"},\"image\":{\"@id\":\"https:\/\/trukme.lv\/en\/products\/furniture-fittings\/small-fittings\/stickers\/stickers-for-eccentrics\/dekorativa-uzlime-folmag-327-d14mm-25gb-0190\/#primaryimage\"},\"thumbnailUrl\":\"https:\/\/i0.wp.com\/trukme.lv\/wp-content\/uploads\/2025\/09\/1510020037.webp?fit=527%2C649&ssl=1\",\"datePublished\":\"2025-09-30T19:35:56+00:00\",\"dateModified\":\"2025-10-02T09:34:46+00:00\",\"breadcrumb\":{\"@id\":\"https:\/\/trukme.lv\/en\/products\/furniture-fittings\/small-fittings\/stickers\/stickers-for-eccentrics\/dekorativa-uzlime-folmag-327-d14mm-25gb-0190\/#breadcrumb\"},\"inLanguage\":\"en-GB\",\"potentialAction\":[{\"@type\":\"ReadAction\",\"target\":[\"https:\/\/trukme.lv\/en\/products\/furniture-fittings\/small-fittings\/stickers\/stickers-for-eccentrics\/dekorativa-uzlime-folmag-327-d14mm-25gb-0190\/\"]}]},{\"@type\":\"ImageObject\",\"inLanguage\":\"en-GB\",\"@id\":\"https:\/\/trukme.lv\/en\/products\/furniture-fittings\/small-fittings\/stickers\/stickers-for-eccentrics\/dekorativa-uzlime-folmag-327-d14mm-25gb-0190\/#primaryimage\",\"url\":\"https:\/\/i0.wp.com\/trukme.lv\/wp-content\/uploads\/2025\/09\/1510020037.webp?fit=527%2C649&ssl=1\",\"contentUrl\":\"https:\/\/i0.wp.com\/trukme.lv\/wp-content\/uploads\/2025\/09\/1510020037.webp?fit=527%2C649&ssl=1\",\"width\":527,\"height\":649},{\"@type\":\"BreadcrumbList\",\"@id\":\"https:\/\/trukme.lv\/en\/products\/furniture-fittings\/small-fittings\/stickers\/stickers-for-eccentrics\/dekorativa-uzlime-folmag-327-d14mm-25gb-0190\/#breadcrumb\",\"itemListElement\":[{\"@type\":\"ListItem\",\"position\":1,\"name\":\"Home\",\"item\":\"https:\/\/trukme.lv\/en\/home\/\"},{\"@type\":\"ListItem\",\"position\":2,\"name\":\"Products\",\"item\":\"https:\/\/trukme.lv\/en\/products\/\"},{\"@type\":\"ListItem\",\"position\":3,\"name\":\"Decorative sticker FOLMAG &#8220;327&#8221; D14mm\/25pcs (0190)\"}]},{\"@type\":\"WebSite\",\"@id\":\"https:\/\/trukme.lv\/en\/#website\",\"url\":\"https:\/\/trukme.lv\/en\/\",\"name\":\"Trukm\u0117\",\"description\":\"M\u0113be\u013cu pane\u013ci, galda virsmas, m\u0113be\u013cu furnit\u016bra. Virtuves m\u0113be\u013cu, skapju, vannas istabas m\u0113be\u013cu u.c. sortiments. Paz\u012bstami un uzticami ra\u017eot\u0101ji.\",\"potentialAction\":[{\"@type\":\"SearchAction\",\"target\":{\"@type\":\"EntryPoint\",\"urlTemplate\":\"https:\/\/trukme.lv\/en\/?s={search_term_string}\"},\"query-input\":{\"@type\":\"PropertyValueSpecification\",\"valueRequired\":true,\"valueName\":\"search_term_string\"}}],\"inLanguage\":\"en-GB\"}]}<\/script>\n<!-- \/ Yoast SEO plugin. -->","yoast_head_json":{"title":"Decorative sticker FOLMAG \"327\" D14mm\/25pcs (0190) - Trukm\u0117","robots":{"index":"index","follow":"follow","max-snippet":"max-snippet:-1","max-image-preview":"max-image-preview:large","max-video-preview":"max-video-preview:-1"},"canonical":"https:\/\/trukme.lv\/en\/products\/furniture-fittings\/small-fittings\/stickers\/stickers-for-eccentrics\/dekorativa-uzlime-folmag-327-d14mm-25gb-0190\/","og_locale":"en_GB","og_type":"article","og_title":"Decorative sticker FOLMAG \"327\" D14mm\/25pcs (0190) - Trukm\u0117","og_url":"https:\/\/trukme.lv\/en\/products\/furniture-fittings\/small-fittings\/stickers\/stickers-for-eccentrics\/dekorativa-uzlime-folmag-327-d14mm-25gb-0190\/","og_site_name":"Trukm\u0117","article_modified_time":"2025-10-02T09:34:46+00:00","og_image":[{"width":527,"height":649,"url":"https:\/\/i0.wp.com\/trukme.lv\/wp-content\/uploads\/2025\/09\/1510020037.webp?fit=527%2C649&ssl=1","type":"image\/webp"}],"twitter_card":"summary_large_image","schema":{"@context":"https:\/\/schema.org","@graph":[{"@type":"WebPage","@id":"https:\/\/trukme.lv\/en\/products\/furniture-fittings\/small-fittings\/stickers\/stickers-for-eccentrics\/dekorativa-uzlime-folmag-327-d14mm-25gb-0190\/","url":"https:\/\/trukme.lv\/en\/products\/furniture-fittings\/small-fittings\/stickers\/stickers-for-eccentrics\/dekorativa-uzlime-folmag-327-d14mm-25gb-0190\/","name":"Decorative sticker FOLMAG \"327\" D14mm\/25pcs (0190) - Trukm\u0117","isPartOf":{"@id":"https:\/\/trukme.lv\/en\/#website"},"primaryImageOfPage":{"@id":"https:\/\/trukme.lv\/en\/products\/furniture-fittings\/small-fittings\/stickers\/stickers-for-eccentrics\/dekorativa-uzlime-folmag-327-d14mm-25gb-0190\/#primaryimage"},"image":{"@id":"https:\/\/trukme.lv\/en\/products\/furniture-fittings\/small-fittings\/stickers\/stickers-for-eccentrics\/dekorativa-uzlime-folmag-327-d14mm-25gb-0190\/#primaryimage"},"thumbnailUrl":"https:\/\/i0.wp.com\/trukme.lv\/wp-content\/uploads\/2025\/09\/1510020037.webp?fit=527%2C649&ssl=1","datePublished":"2025-09-30T19:35:56+00:00","dateModified":"2025-10-02T09:34:46+00:00","breadcrumb":{"@id":"https:\/\/trukme.lv\/en\/products\/furniture-fittings\/small-fittings\/stickers\/stickers-for-eccentrics\/dekorativa-uzlime-folmag-327-d14mm-25gb-0190\/#breadcrumb"},"inLanguage":"en-GB","potentialAction":[{"@type":"ReadAction","target":["https:\/\/trukme.lv\/en\/products\/furniture-fittings\/small-fittings\/stickers\/stickers-for-eccentrics\/dekorativa-uzlime-folmag-327-d14mm-25gb-0190\/"]}]},{"@type":"ImageObject","inLanguage":"en-GB","@id":"https:\/\/trukme.lv\/en\/products\/furniture-fittings\/small-fittings\/stickers\/stickers-for-eccentrics\/dekorativa-uzlime-folmag-327-d14mm-25gb-0190\/#primaryimage","url":"https:\/\/i0.wp.com\/trukme.lv\/wp-content\/uploads\/2025\/09\/1510020037.webp?fit=527%2C649&ssl=1","contentUrl":"https:\/\/i0.wp.com\/trukme.lv\/wp-content\/uploads\/2025\/09\/1510020037.webp?fit=527%2C649&ssl=1","width":527,"height":649},{"@type":"BreadcrumbList","@id":"https:\/\/trukme.lv\/en\/products\/furniture-fittings\/small-fittings\/stickers\/stickers-for-eccentrics\/dekorativa-uzlime-folmag-327-d14mm-25gb-0190\/#breadcrumb","itemListElement":[{"@type":"ListItem","position":1,"name":"Home","item":"https:\/\/trukme.lv\/en\/home\/"},{"@type":"ListItem","position":2,"name":"Products","item":"https:\/\/trukme.lv\/en\/products\/"},{"@type":"ListItem","position":3,"name":"Decorative sticker FOLMAG &#8220;327&#8221; D14mm\/25pcs (0190)"}]},{"@type":"WebSite","@id":"https:\/\/trukme.lv\/en\/#website","url":"https:\/\/trukme.lv\/en\/","name":"Trukm\u0117","description":"M\u0113be\u013cu pane\u013ci, galda virsmas, m\u0113be\u013cu furnit\u016bra. Virtuves m\u0113be\u013cu, skapju, vannas istabas m\u0113be\u013cu u.c. sortiments. Paz\u012bstami un uzticami ra\u017eot\u0101ji.","potentialAction":[{"@type":"SearchAction","target":{"@type":"EntryPoint","urlTemplate":"https:\/\/trukme.lv\/en\/?s={search_term_string}"},"query-input":{"@type":"PropertyValueSpecification","valueRequired":true,"valueName":"search_term_string"}}],"inLanguage":"en-GB"}]}},"jetpack_sharing_enabled":true,"_links":{"self":[{"href":"https:\/\/trukme.lv\/en\/wp-json\/wp\/v2\/product\/273340","targetHints":{"allow":["GET"]}}],"collection":[{"href":"https:\/\/trukme.lv\/en\/wp-json\/wp\/v2\/product"}],"about":[{"href":"https:\/\/trukme.lv\/en\/wp-json\/wp\/v2\/types\/product"}],"wp:featuredmedia":[{"embeddable":true,"href":"https:\/\/trukme.lv\/en\/wp-json\/wp\/v2\/media\/263842"}],"wp:attachment":[{"href":"https:\/\/trukme.lv\/en\/wp-json\/wp\/v2\/media?parent=273340"}],"wp:term":[{"taxonomy":"product_brand","embeddable":true,"href":"https:\/\/trukme.lv\/en\/wp-json\/wp\/v2\/product_brand?post=273340"},{"taxonomy":"product_cat","embeddable":true,"href":"https:\/\/trukme.lv\/en\/wp-json\/wp\/v2\/product_cat?post=273340"},{"taxonomy":"product_tag","embeddable":true,"href":"https:\/\/trukme.lv\/en\/wp-json\/wp\/v2\/product_tag?post=273340"}],"curies":[{"name":"wp","href":"https:\/\/api.w.org\/{rel}","templated":true}]}}