{"id":273381,"date":"2025-09-30T22:30:33","date_gmt":"2025-09-30T19:30:33","guid":{"rendered":"https:\/\/trukme.lv\/produkti\/uncategorized\/dubultais-virtuves-pakaramais-ramis-hang-top-2xl900-h420-melns\/"},"modified":"2025-10-02T12:35:00","modified_gmt":"2025-10-02T09:35:00","slug":"dubultais-virtuves-pakaramais-ramis-hang-top-2xl900-h420-melns","status":"publish","type":"product","link":"https:\/\/trukme.lv\/en\/products\/furniture-and-interior-details\/railing-systems\/dubultais-virtuves-pakaramais-ramis-hang-top-2xl900-h420-melns\/","title":{"rendered":"Double kitchen hanging frame HANG TOP, 2xL900\/H420, black"},"content":{"rendered":"<p>HANG TOP is a new modular kitchen system for countertops and islands, ensuring that everything you need is always within reach while keeping work surfaces free. HANG TOP is part of the HANG collection with the same design, making it fully compatible with the same accessories.<br \/>\nThe configuration of each HANG TOP module depends on individual needs and design preferences \u2013 it can be equipped with 2 or 3 horizontal bars.<br \/>\nThe HANG TOP structure is mounted directly onto the countertop, so the suitability of the countertop must be assessed before installation.<\/p>\n","protected":false},"excerpt":{"rendered":"<p>HANG TOP is a new modular kitchen system for countertops and islands, ensuring that everything you need is always within reach while keeping work surfaces free. HANG TOP is part of the HANG collection with the same design, making it fully compatible with the same accessories. The configuration of each HANG TOP module depends on&#8230;<\/p>\n","protected":false},"featured_media":262900,"template":"","meta":{"_acf_changed":false},"product_brand":[6922],"product_cat":[6293,6301],"product_tag":[],"class_list":{"0":"post-273381","1":"product","2":"type-product","3":"status-publish","4":"has-post-thumbnail","6":"product_brand-damiano-latini-en","7":"product_cat-furniture-and-interior-details","8":"product_cat-railing-systems","9":"pa_kolekcija-damiano-latini-hang-top-en","11":"first","12":"instock","13":"product-type-simple"},"acf":[],"yoast_head":"<!-- This site is optimized with the Yoast SEO plugin v26.5 - https:\/\/yoast.com\/wordpress\/plugins\/seo\/ -->\n<title>Double kitchen hanging frame HANG TOP, 2xL900\/H420, black - Trukm\u0117<\/title>\n<meta name=\"robots\" content=\"index, follow, max-snippet:-1, max-image-preview:large, max-video-preview:-1\" \/>\n<link rel=\"canonical\" href=\"https:\/\/trukme.lv\/en\/products\/furniture-and-interior-details\/railing-systems\/dubultais-virtuves-pakaramais-ramis-hang-top-2xl900-h420-melns\/\" \/>\n<meta property=\"og:locale\" content=\"en_GB\" \/>\n<meta property=\"og:type\" content=\"article\" \/>\n<meta property=\"og:title\" content=\"Double kitchen hanging frame HANG TOP, 2xL900\/H420, black - Trukm\u0117\" \/>\n<meta property=\"og:description\" content=\"HANG TOP is a new modular kitchen system for countertops and islands, ensuring that everything you need is always within reach while keeping work surfaces free. HANG TOP is part of the HANG collection with the same design, making it fully compatible with the same accessories. The configuration of each HANG TOP module depends on...\" \/>\n<meta property=\"og:url\" content=\"https:\/\/trukme.lv\/en\/products\/furniture-and-interior-details\/railing-systems\/dubultais-virtuves-pakaramais-ramis-hang-top-2xl900-h420-melns\/\" \/>\n<meta property=\"og:site_name\" content=\"Trukm\u0117\" \/>\n<meta property=\"article:modified_time\" content=\"2025-10-02T09:35:00+00:00\" \/>\n<meta property=\"og:image\" content=\"https:\/\/i0.wp.com\/trukme.lv\/wp-content\/uploads\/2025\/09\/1505100045.webp?fit=1579%2C623&ssl=1\" \/>\n\t<meta property=\"og:image:width\" content=\"1579\" \/>\n\t<meta property=\"og:image:height\" content=\"623\" \/>\n\t<meta property=\"og:image:type\" content=\"image\/webp\" \/>\n<meta name=\"twitter:card\" content=\"summary_large_image\" \/>\n<script type=\"application\/ld+json\" class=\"yoast-schema-graph\">{\"@context\":\"https:\/\/schema.org\",\"@graph\":[{\"@type\":\"WebPage\",\"@id\":\"https:\/\/trukme.lv\/en\/products\/furniture-and-interior-details\/railing-systems\/dubultais-virtuves-pakaramais-ramis-hang-top-2xl900-h420-melns\/\",\"url\":\"https:\/\/trukme.lv\/en\/products\/furniture-and-interior-details\/railing-systems\/dubultais-virtuves-pakaramais-ramis-hang-top-2xl900-h420-melns\/\",\"name\":\"Double kitchen hanging frame HANG TOP, 2xL900\/H420, black - Trukm\u0117\",\"isPartOf\":{\"@id\":\"https:\/\/trukme.lv\/en\/#website\"},\"primaryImageOfPage\":{\"@id\":\"https:\/\/trukme.lv\/en\/products\/furniture-and-interior-details\/railing-systems\/dubultais-virtuves-pakaramais-ramis-hang-top-2xl900-h420-melns\/#primaryimage\"},\"image\":{\"@id\":\"https:\/\/trukme.lv\/en\/products\/furniture-and-interior-details\/railing-systems\/dubultais-virtuves-pakaramais-ramis-hang-top-2xl900-h420-melns\/#primaryimage\"},\"thumbnailUrl\":\"https:\/\/i0.wp.com\/trukme.lv\/wp-content\/uploads\/2025\/09\/1505100045.webp?fit=1579%2C623&ssl=1\",\"datePublished\":\"2025-09-30T19:30:33+00:00\",\"dateModified\":\"2025-10-02T09:35:00+00:00\",\"breadcrumb\":{\"@id\":\"https:\/\/trukme.lv\/en\/products\/furniture-and-interior-details\/railing-systems\/dubultais-virtuves-pakaramais-ramis-hang-top-2xl900-h420-melns\/#breadcrumb\"},\"inLanguage\":\"en-GB\",\"potentialAction\":[{\"@type\":\"ReadAction\",\"target\":[\"https:\/\/trukme.lv\/en\/products\/furniture-and-interior-details\/railing-systems\/dubultais-virtuves-pakaramais-ramis-hang-top-2xl900-h420-melns\/\"]}]},{\"@type\":\"ImageObject\",\"inLanguage\":\"en-GB\",\"@id\":\"https:\/\/trukme.lv\/en\/products\/furniture-and-interior-details\/railing-systems\/dubultais-virtuves-pakaramais-ramis-hang-top-2xl900-h420-melns\/#primaryimage\",\"url\":\"https:\/\/i0.wp.com\/trukme.lv\/wp-content\/uploads\/2025\/09\/1505100045.webp?fit=1579%2C623&ssl=1\",\"contentUrl\":\"https:\/\/i0.wp.com\/trukme.lv\/wp-content\/uploads\/2025\/09\/1505100045.webp?fit=1579%2C623&ssl=1\",\"width\":1579,\"height\":623},{\"@type\":\"BreadcrumbList\",\"@id\":\"https:\/\/trukme.lv\/en\/products\/furniture-and-interior-details\/railing-systems\/dubultais-virtuves-pakaramais-ramis-hang-top-2xl900-h420-melns\/#breadcrumb\",\"itemListElement\":[{\"@type\":\"ListItem\",\"position\":1,\"name\":\"Home\",\"item\":\"https:\/\/trukme.lv\/en\/home\/\"},{\"@type\":\"ListItem\",\"position\":2,\"name\":\"Products\",\"item\":\"https:\/\/trukme.lv\/en\/products\/\"},{\"@type\":\"ListItem\",\"position\":3,\"name\":\"Double kitchen hanging frame HANG TOP, 2xL900\/H420, black\"}]},{\"@type\":\"WebSite\",\"@id\":\"https:\/\/trukme.lv\/en\/#website\",\"url\":\"https:\/\/trukme.lv\/en\/\",\"name\":\"Trukm\u0117\",\"description\":\"M\u0113be\u013cu pane\u013ci, galda virsmas, m\u0113be\u013cu furnit\u016bra. Virtuves m\u0113be\u013cu, skapju, vannas istabas m\u0113be\u013cu u.c. sortiments. Paz\u012bstami un uzticami ra\u017eot\u0101ji.\",\"potentialAction\":[{\"@type\":\"SearchAction\",\"target\":{\"@type\":\"EntryPoint\",\"urlTemplate\":\"https:\/\/trukme.lv\/en\/?s={search_term_string}\"},\"query-input\":{\"@type\":\"PropertyValueSpecification\",\"valueRequired\":true,\"valueName\":\"search_term_string\"}}],\"inLanguage\":\"en-GB\"}]}<\/script>\n<!-- \/ Yoast SEO plugin. -->","yoast_head_json":{"title":"Double kitchen hanging frame HANG TOP, 2xL900\/H420, black - Trukm\u0117","robots":{"index":"index","follow":"follow","max-snippet":"max-snippet:-1","max-image-preview":"max-image-preview:large","max-video-preview":"max-video-preview:-1"},"canonical":"https:\/\/trukme.lv\/en\/products\/furniture-and-interior-details\/railing-systems\/dubultais-virtuves-pakaramais-ramis-hang-top-2xl900-h420-melns\/","og_locale":"en_GB","og_type":"article","og_title":"Double kitchen hanging frame HANG TOP, 2xL900\/H420, black - Trukm\u0117","og_description":"HANG TOP is a new modular kitchen system for countertops and islands, ensuring that everything you need is always within reach while keeping work surfaces free. HANG TOP is part of the HANG collection with the same design, making it fully compatible with the same accessories. The configuration of each HANG TOP module depends on...","og_url":"https:\/\/trukme.lv\/en\/products\/furniture-and-interior-details\/railing-systems\/dubultais-virtuves-pakaramais-ramis-hang-top-2xl900-h420-melns\/","og_site_name":"Trukm\u0117","article_modified_time":"2025-10-02T09:35:00+00:00","og_image":[{"width":1579,"height":623,"url":"https:\/\/i0.wp.com\/trukme.lv\/wp-content\/uploads\/2025\/09\/1505100045.webp?fit=1579%2C623&ssl=1","type":"image\/webp"}],"twitter_card":"summary_large_image","schema":{"@context":"https:\/\/schema.org","@graph":[{"@type":"WebPage","@id":"https:\/\/trukme.lv\/en\/products\/furniture-and-interior-details\/railing-systems\/dubultais-virtuves-pakaramais-ramis-hang-top-2xl900-h420-melns\/","url":"https:\/\/trukme.lv\/en\/products\/furniture-and-interior-details\/railing-systems\/dubultais-virtuves-pakaramais-ramis-hang-top-2xl900-h420-melns\/","name":"Double kitchen hanging frame HANG TOP, 2xL900\/H420, black - Trukm\u0117","isPartOf":{"@id":"https:\/\/trukme.lv\/en\/#website"},"primaryImageOfPage":{"@id":"https:\/\/trukme.lv\/en\/products\/furniture-and-interior-details\/railing-systems\/dubultais-virtuves-pakaramais-ramis-hang-top-2xl900-h420-melns\/#primaryimage"},"image":{"@id":"https:\/\/trukme.lv\/en\/products\/furniture-and-interior-details\/railing-systems\/dubultais-virtuves-pakaramais-ramis-hang-top-2xl900-h420-melns\/#primaryimage"},"thumbnailUrl":"https:\/\/i0.wp.com\/trukme.lv\/wp-content\/uploads\/2025\/09\/1505100045.webp?fit=1579%2C623&ssl=1","datePublished":"2025-09-30T19:30:33+00:00","dateModified":"2025-10-02T09:35:00+00:00","breadcrumb":{"@id":"https:\/\/trukme.lv\/en\/products\/furniture-and-interior-details\/railing-systems\/dubultais-virtuves-pakaramais-ramis-hang-top-2xl900-h420-melns\/#breadcrumb"},"inLanguage":"en-GB","potentialAction":[{"@type":"ReadAction","target":["https:\/\/trukme.lv\/en\/products\/furniture-and-interior-details\/railing-systems\/dubultais-virtuves-pakaramais-ramis-hang-top-2xl900-h420-melns\/"]}]},{"@type":"ImageObject","inLanguage":"en-GB","@id":"https:\/\/trukme.lv\/en\/products\/furniture-and-interior-details\/railing-systems\/dubultais-virtuves-pakaramais-ramis-hang-top-2xl900-h420-melns\/#primaryimage","url":"https:\/\/i0.wp.com\/trukme.lv\/wp-content\/uploads\/2025\/09\/1505100045.webp?fit=1579%2C623&ssl=1","contentUrl":"https:\/\/i0.wp.com\/trukme.lv\/wp-content\/uploads\/2025\/09\/1505100045.webp?fit=1579%2C623&ssl=1","width":1579,"height":623},{"@type":"BreadcrumbList","@id":"https:\/\/trukme.lv\/en\/products\/furniture-and-interior-details\/railing-systems\/dubultais-virtuves-pakaramais-ramis-hang-top-2xl900-h420-melns\/#breadcrumb","itemListElement":[{"@type":"ListItem","position":1,"name":"Home","item":"https:\/\/trukme.lv\/en\/home\/"},{"@type":"ListItem","position":2,"name":"Products","item":"https:\/\/trukme.lv\/en\/products\/"},{"@type":"ListItem","position":3,"name":"Double kitchen hanging frame HANG TOP, 2xL900\/H420, black"}]},{"@type":"WebSite","@id":"https:\/\/trukme.lv\/en\/#website","url":"https:\/\/trukme.lv\/en\/","name":"Trukm\u0117","description":"M\u0113be\u013cu pane\u013ci, galda virsmas, m\u0113be\u013cu furnit\u016bra. Virtuves m\u0113be\u013cu, skapju, vannas istabas m\u0113be\u013cu u.c. sortiments. Paz\u012bstami un uzticami ra\u017eot\u0101ji.","potentialAction":[{"@type":"SearchAction","target":{"@type":"EntryPoint","urlTemplate":"https:\/\/trukme.lv\/en\/?s={search_term_string}"},"query-input":{"@type":"PropertyValueSpecification","valueRequired":true,"valueName":"search_term_string"}}],"inLanguage":"en-GB"}]}},"jetpack_sharing_enabled":true,"_links":{"self":[{"href":"https:\/\/trukme.lv\/en\/wp-json\/wp\/v2\/product\/273381","targetHints":{"allow":["GET"]}}],"collection":[{"href":"https:\/\/trukme.lv\/en\/wp-json\/wp\/v2\/product"}],"about":[{"href":"https:\/\/trukme.lv\/en\/wp-json\/wp\/v2\/types\/product"}],"wp:featuredmedia":[{"embeddable":true,"href":"https:\/\/trukme.lv\/en\/wp-json\/wp\/v2\/media\/262900"}],"wp:attachment":[{"href":"https:\/\/trukme.lv\/en\/wp-json\/wp\/v2\/media?parent=273381"}],"wp:term":[{"taxonomy":"product_brand","embeddable":true,"href":"https:\/\/trukme.lv\/en\/wp-json\/wp\/v2\/product_brand?post=273381"},{"taxonomy":"product_cat","embeddable":true,"href":"https:\/\/trukme.lv\/en\/wp-json\/wp\/v2\/product_cat?post=273381"},{"taxonomy":"product_tag","embeddable":true,"href":"https:\/\/trukme.lv\/en\/wp-json\/wp\/v2\/product_tag?post=273381"}],"curies":[{"name":"wp","href":"https:\/\/api.w.org\/{rel}","templated":true}]}}