{"id":273392,"date":"2025-09-30T22:30:13","date_gmt":"2025-09-30T19:30:13","guid":{"rendered":"https:\/\/trukme.lv\/produkti\/uncategorized\/apaksejie-aki-profilam-hang-3-gab-titans\/"},"modified":"2025-10-02T12:35:04","modified_gmt":"2025-10-02T09:35:04","slug":"apaksejie-aki-profilam-hang-3-gab-titans","status":"publish","type":"product","link":"https:\/\/trukme.lv\/en\/products\/furniture-and-interior-details\/railing-systems\/apaksejie-aki-profilam-hang-3-gab-titans\/","title":{"rendered":"Bottom hooks for HANG profile, 3 pcs, titanium"},"content":{"rendered":"<p>HANG is an intelligent hanging kitchen shelf system designed for optimal use of space between the cabinet and the countertop, keeping work surfaces free. This modular construction can be integrated into any type of kitchen, and thanks to the innovative fastening system, there is no need to drill the walls. The innovative HANG design concept has been awarded many international prizes, such as the Good Design Award, New York Products Design Award, and Archiproducts Design Award.<\/p>\n","protected":false},"excerpt":{"rendered":"<p>HANG is an intelligent hanging kitchen shelf system designed for optimal use of space between the cabinet and the countertop, keeping work surfaces free. This modular construction can be integrated into any type of kitchen, and thanks to the innovative fastening system, there is no need to drill the walls. The innovative HANG design concept&#8230;<\/p>\n","protected":false},"featured_media":262796,"template":"","meta":{"_acf_changed":false},"product_brand":[6922],"product_cat":[6293,6301],"product_tag":[],"class_list":{"0":"post-273392","1":"product","2":"type-product","3":"status-publish","4":"has-post-thumbnail","6":"product_brand-damiano-latini-en","7":"product_cat-furniture-and-interior-details","8":"product_cat-railing-systems","9":"pa_kolekcija-damiano-latini-hang-en","11":"first","12":"instock","13":"product-type-simple"},"acf":[],"yoast_head":"<!-- This site is optimized with the Yoast SEO plugin v26.5 - https:\/\/yoast.com\/wordpress\/plugins\/seo\/ -->\n<title>Bottom hooks for HANG profile, 3 pcs, titanium - Trukm\u0117<\/title>\n<meta name=\"robots\" content=\"index, follow, max-snippet:-1, max-image-preview:large, max-video-preview:-1\" \/>\n<link rel=\"canonical\" href=\"https:\/\/trukme.lv\/en\/products\/furniture-and-interior-details\/railing-systems\/apaksejie-aki-profilam-hang-3-gab-titans\/\" \/>\n<meta property=\"og:locale\" content=\"en_GB\" \/>\n<meta property=\"og:type\" content=\"article\" \/>\n<meta property=\"og:title\" content=\"Bottom hooks for HANG profile, 3 pcs, titanium - Trukm\u0117\" \/>\n<meta property=\"og:description\" content=\"HANG is an intelligent hanging kitchen shelf system designed for optimal use of space between the cabinet and the countertop, keeping work surfaces free. This modular construction can be integrated into any type of kitchen, and thanks to the innovative fastening system, there is no need to drill the walls. The innovative HANG design concept...\" \/>\n<meta property=\"og:url\" content=\"https:\/\/trukme.lv\/en\/products\/furniture-and-interior-details\/railing-systems\/apaksejie-aki-profilam-hang-3-gab-titans\/\" \/>\n<meta property=\"og:site_name\" content=\"Trukm\u0117\" \/>\n<meta property=\"article:modified_time\" content=\"2025-10-02T09:35:04+00:00\" \/>\n<meta property=\"og:image\" content=\"https:\/\/i0.wp.com\/trukme.lv\/wp-content\/uploads\/2025\/09\/1505100034.webp?fit=1750%2C668&ssl=1\" \/>\n\t<meta property=\"og:image:width\" content=\"1750\" \/>\n\t<meta property=\"og:image:height\" content=\"668\" \/>\n\t<meta property=\"og:image:type\" content=\"image\/webp\" \/>\n<meta name=\"twitter:card\" content=\"summary_large_image\" \/>\n<script type=\"application\/ld+json\" class=\"yoast-schema-graph\">{\"@context\":\"https:\/\/schema.org\",\"@graph\":[{\"@type\":\"WebPage\",\"@id\":\"https:\/\/trukme.lv\/en\/products\/furniture-and-interior-details\/railing-systems\/apaksejie-aki-profilam-hang-3-gab-titans\/\",\"url\":\"https:\/\/trukme.lv\/en\/products\/furniture-and-interior-details\/railing-systems\/apaksejie-aki-profilam-hang-3-gab-titans\/\",\"name\":\"Bottom hooks for HANG profile, 3 pcs, titanium - Trukm\u0117\",\"isPartOf\":{\"@id\":\"https:\/\/trukme.lv\/en\/#website\"},\"primaryImageOfPage\":{\"@id\":\"https:\/\/trukme.lv\/en\/products\/furniture-and-interior-details\/railing-systems\/apaksejie-aki-profilam-hang-3-gab-titans\/#primaryimage\"},\"image\":{\"@id\":\"https:\/\/trukme.lv\/en\/products\/furniture-and-interior-details\/railing-systems\/apaksejie-aki-profilam-hang-3-gab-titans\/#primaryimage\"},\"thumbnailUrl\":\"https:\/\/i0.wp.com\/trukme.lv\/wp-content\/uploads\/2025\/09\/1505100034.webp?fit=1750%2C668&ssl=1\",\"datePublished\":\"2025-09-30T19:30:13+00:00\",\"dateModified\":\"2025-10-02T09:35:04+00:00\",\"breadcrumb\":{\"@id\":\"https:\/\/trukme.lv\/en\/products\/furniture-and-interior-details\/railing-systems\/apaksejie-aki-profilam-hang-3-gab-titans\/#breadcrumb\"},\"inLanguage\":\"en-GB\",\"potentialAction\":[{\"@type\":\"ReadAction\",\"target\":[\"https:\/\/trukme.lv\/en\/products\/furniture-and-interior-details\/railing-systems\/apaksejie-aki-profilam-hang-3-gab-titans\/\"]}]},{\"@type\":\"ImageObject\",\"inLanguage\":\"en-GB\",\"@id\":\"https:\/\/trukme.lv\/en\/products\/furniture-and-interior-details\/railing-systems\/apaksejie-aki-profilam-hang-3-gab-titans\/#primaryimage\",\"url\":\"https:\/\/i0.wp.com\/trukme.lv\/wp-content\/uploads\/2025\/09\/1505100034.webp?fit=1750%2C668&ssl=1\",\"contentUrl\":\"https:\/\/i0.wp.com\/trukme.lv\/wp-content\/uploads\/2025\/09\/1505100034.webp?fit=1750%2C668&ssl=1\",\"width\":1750,\"height\":668},{\"@type\":\"BreadcrumbList\",\"@id\":\"https:\/\/trukme.lv\/en\/products\/furniture-and-interior-details\/railing-systems\/apaksejie-aki-profilam-hang-3-gab-titans\/#breadcrumb\",\"itemListElement\":[{\"@type\":\"ListItem\",\"position\":1,\"name\":\"Home\",\"item\":\"https:\/\/trukme.lv\/en\/home\/\"},{\"@type\":\"ListItem\",\"position\":2,\"name\":\"Products\",\"item\":\"https:\/\/trukme.lv\/en\/products\/\"},{\"@type\":\"ListItem\",\"position\":3,\"name\":\"Bottom hooks for HANG profile, 3 pcs, titanium\"}]},{\"@type\":\"WebSite\",\"@id\":\"https:\/\/trukme.lv\/en\/#website\",\"url\":\"https:\/\/trukme.lv\/en\/\",\"name\":\"Trukm\u0117\",\"description\":\"M\u0113be\u013cu pane\u013ci, galda virsmas, m\u0113be\u013cu furnit\u016bra. Virtuves m\u0113be\u013cu, skapju, vannas istabas m\u0113be\u013cu u.c. sortiments. Paz\u012bstami un uzticami ra\u017eot\u0101ji.\",\"potentialAction\":[{\"@type\":\"SearchAction\",\"target\":{\"@type\":\"EntryPoint\",\"urlTemplate\":\"https:\/\/trukme.lv\/en\/?s={search_term_string}\"},\"query-input\":{\"@type\":\"PropertyValueSpecification\",\"valueRequired\":true,\"valueName\":\"search_term_string\"}}],\"inLanguage\":\"en-GB\"}]}<\/script>\n<!-- \/ Yoast SEO plugin. -->","yoast_head_json":{"title":"Bottom hooks for HANG profile, 3 pcs, titanium - Trukm\u0117","robots":{"index":"index","follow":"follow","max-snippet":"max-snippet:-1","max-image-preview":"max-image-preview:large","max-video-preview":"max-video-preview:-1"},"canonical":"https:\/\/trukme.lv\/en\/products\/furniture-and-interior-details\/railing-systems\/apaksejie-aki-profilam-hang-3-gab-titans\/","og_locale":"en_GB","og_type":"article","og_title":"Bottom hooks for HANG profile, 3 pcs, titanium - Trukm\u0117","og_description":"HANG is an intelligent hanging kitchen shelf system designed for optimal use of space between the cabinet and the countertop, keeping work surfaces free. This modular construction can be integrated into any type of kitchen, and thanks to the innovative fastening system, there is no need to drill the walls. The innovative HANG design concept...","og_url":"https:\/\/trukme.lv\/en\/products\/furniture-and-interior-details\/railing-systems\/apaksejie-aki-profilam-hang-3-gab-titans\/","og_site_name":"Trukm\u0117","article_modified_time":"2025-10-02T09:35:04+00:00","og_image":[{"width":1750,"height":668,"url":"https:\/\/i0.wp.com\/trukme.lv\/wp-content\/uploads\/2025\/09\/1505100034.webp?fit=1750%2C668&ssl=1","type":"image\/webp"}],"twitter_card":"summary_large_image","schema":{"@context":"https:\/\/schema.org","@graph":[{"@type":"WebPage","@id":"https:\/\/trukme.lv\/en\/products\/furniture-and-interior-details\/railing-systems\/apaksejie-aki-profilam-hang-3-gab-titans\/","url":"https:\/\/trukme.lv\/en\/products\/furniture-and-interior-details\/railing-systems\/apaksejie-aki-profilam-hang-3-gab-titans\/","name":"Bottom hooks for HANG profile, 3 pcs, titanium - Trukm\u0117","isPartOf":{"@id":"https:\/\/trukme.lv\/en\/#website"},"primaryImageOfPage":{"@id":"https:\/\/trukme.lv\/en\/products\/furniture-and-interior-details\/railing-systems\/apaksejie-aki-profilam-hang-3-gab-titans\/#primaryimage"},"image":{"@id":"https:\/\/trukme.lv\/en\/products\/furniture-and-interior-details\/railing-systems\/apaksejie-aki-profilam-hang-3-gab-titans\/#primaryimage"},"thumbnailUrl":"https:\/\/i0.wp.com\/trukme.lv\/wp-content\/uploads\/2025\/09\/1505100034.webp?fit=1750%2C668&ssl=1","datePublished":"2025-09-30T19:30:13+00:00","dateModified":"2025-10-02T09:35:04+00:00","breadcrumb":{"@id":"https:\/\/trukme.lv\/en\/products\/furniture-and-interior-details\/railing-systems\/apaksejie-aki-profilam-hang-3-gab-titans\/#breadcrumb"},"inLanguage":"en-GB","potentialAction":[{"@type":"ReadAction","target":["https:\/\/trukme.lv\/en\/products\/furniture-and-interior-details\/railing-systems\/apaksejie-aki-profilam-hang-3-gab-titans\/"]}]},{"@type":"ImageObject","inLanguage":"en-GB","@id":"https:\/\/trukme.lv\/en\/products\/furniture-and-interior-details\/railing-systems\/apaksejie-aki-profilam-hang-3-gab-titans\/#primaryimage","url":"https:\/\/i0.wp.com\/trukme.lv\/wp-content\/uploads\/2025\/09\/1505100034.webp?fit=1750%2C668&ssl=1","contentUrl":"https:\/\/i0.wp.com\/trukme.lv\/wp-content\/uploads\/2025\/09\/1505100034.webp?fit=1750%2C668&ssl=1","width":1750,"height":668},{"@type":"BreadcrumbList","@id":"https:\/\/trukme.lv\/en\/products\/furniture-and-interior-details\/railing-systems\/apaksejie-aki-profilam-hang-3-gab-titans\/#breadcrumb","itemListElement":[{"@type":"ListItem","position":1,"name":"Home","item":"https:\/\/trukme.lv\/en\/home\/"},{"@type":"ListItem","position":2,"name":"Products","item":"https:\/\/trukme.lv\/en\/products\/"},{"@type":"ListItem","position":3,"name":"Bottom hooks for HANG profile, 3 pcs, titanium"}]},{"@type":"WebSite","@id":"https:\/\/trukme.lv\/en\/#website","url":"https:\/\/trukme.lv\/en\/","name":"Trukm\u0117","description":"M\u0113be\u013cu pane\u013ci, galda virsmas, m\u0113be\u013cu furnit\u016bra. Virtuves m\u0113be\u013cu, skapju, vannas istabas m\u0113be\u013cu u.c. sortiments. Paz\u012bstami un uzticami ra\u017eot\u0101ji.","potentialAction":[{"@type":"SearchAction","target":{"@type":"EntryPoint","urlTemplate":"https:\/\/trukme.lv\/en\/?s={search_term_string}"},"query-input":{"@type":"PropertyValueSpecification","valueRequired":true,"valueName":"search_term_string"}}],"inLanguage":"en-GB"}]}},"jetpack_sharing_enabled":true,"_links":{"self":[{"href":"https:\/\/trukme.lv\/en\/wp-json\/wp\/v2\/product\/273392","targetHints":{"allow":["GET"]}}],"collection":[{"href":"https:\/\/trukme.lv\/en\/wp-json\/wp\/v2\/product"}],"about":[{"href":"https:\/\/trukme.lv\/en\/wp-json\/wp\/v2\/types\/product"}],"wp:featuredmedia":[{"embeddable":true,"href":"https:\/\/trukme.lv\/en\/wp-json\/wp\/v2\/media\/262796"}],"wp:attachment":[{"href":"https:\/\/trukme.lv\/en\/wp-json\/wp\/v2\/media?parent=273392"}],"wp:term":[{"taxonomy":"product_brand","embeddable":true,"href":"https:\/\/trukme.lv\/en\/wp-json\/wp\/v2\/product_brand?post=273392"},{"taxonomy":"product_cat","embeddable":true,"href":"https:\/\/trukme.lv\/en\/wp-json\/wp\/v2\/product_cat?post=273392"},{"taxonomy":"product_tag","embeddable":true,"href":"https:\/\/trukme.lv\/en\/wp-json\/wp\/v2\/product_tag?post=273392"}],"curies":[{"name":"wp","href":"https:\/\/api.w.org\/{rel}","templated":true}]}}