{"id":273409,"date":"2025-09-30T22:29:32","date_gmt":"2025-09-30T19:29:32","guid":{"rendered":"https:\/\/trukme.lv\/produkti\/uncategorized\/virtuves-pakaramais-ramis-hang-lux-l1200-h420-titans\/"},"modified":"2025-10-02T12:35:09","modified_gmt":"2025-10-02T09:35:09","slug":"virtuves-pakaramais-ramis-hang-lux-l1200-h420-titans","status":"publish","type":"product","link":"https:\/\/trukme.lv\/en\/products\/furniture-and-interior-details\/railing-systems\/virtuves-pakaramais-ramis-hang-lux-l1200-h420-titans\/","title":{"rendered":"Kitchen hanging frame HANG LUX, L1200\/H420, titanium"},"content":{"rendered":"<p>HANG LUX is an intelligent hanging kitchen shelf system with LED lighting integrated into the horizontal bars, designed for optimal use of the space between the cabinet and the countertop while keeping work surfaces free. The touch-sensitive switch allows you to turn the light on or off and adjust its intensity according to the mood and time of day. HANG LUX is the same size and has the same accessories as HANG.<\/p>\n","protected":false},"excerpt":{"rendered":"<p>HANG LUX is an intelligent hanging kitchen shelf system with LED lighting integrated into the horizontal bars, designed for optimal use of the space between the cabinet and the countertop while keeping work surfaces free. The touch-sensitive switch allows you to turn the light on or off and adjust its intensity according to the mood&#8230;<\/p>\n","protected":false},"featured_media":262632,"template":"","meta":{"_acf_changed":false},"product_brand":[6922],"product_cat":[6293,6301],"product_tag":[],"class_list":{"0":"post-273409","1":"product","2":"type-product","3":"status-publish","4":"has-post-thumbnail","6":"product_brand-damiano-latini-en","7":"product_cat-furniture-and-interior-details","8":"product_cat-railing-systems","9":"pa_kolekcija-damiano-latini-hang-lux-en","11":"first","12":"instock","13":"product-type-simple"},"acf":[],"yoast_head":"<!-- This site is optimized with the Yoast SEO plugin v26.5 - https:\/\/yoast.com\/wordpress\/plugins\/seo\/ -->\n<title>Kitchen hanging frame HANG LUX, L1200\/H420, titanium - Trukm\u0117<\/title>\n<meta name=\"robots\" content=\"index, follow, max-snippet:-1, max-image-preview:large, max-video-preview:-1\" \/>\n<link rel=\"canonical\" href=\"https:\/\/trukme.lv\/en\/products\/furniture-and-interior-details\/railing-systems\/virtuves-pakaramais-ramis-hang-lux-l1200-h420-titans\/\" \/>\n<meta property=\"og:locale\" content=\"en_GB\" \/>\n<meta property=\"og:type\" content=\"article\" \/>\n<meta property=\"og:title\" content=\"Kitchen hanging frame HANG LUX, L1200\/H420, titanium - Trukm\u0117\" \/>\n<meta property=\"og:description\" content=\"HANG LUX is an intelligent hanging kitchen shelf system with LED lighting integrated into the horizontal bars, designed for optimal use of the space between the cabinet and the countertop while keeping work surfaces free. The touch-sensitive switch allows you to turn the light on or off and adjust its intensity according to the mood...\" \/>\n<meta property=\"og:url\" content=\"https:\/\/trukme.lv\/en\/products\/furniture-and-interior-details\/railing-systems\/virtuves-pakaramais-ramis-hang-lux-l1200-h420-titans\/\" \/>\n<meta property=\"og:site_name\" content=\"Trukm\u0117\" \/>\n<meta property=\"article:modified_time\" content=\"2025-10-02T09:35:09+00:00\" \/>\n<meta property=\"og:image\" content=\"https:\/\/i0.wp.com\/trukme.lv\/wp-content\/uploads\/2025\/09\/1505100016.webp?fit=1890%2C608&ssl=1\" \/>\n\t<meta property=\"og:image:width\" content=\"1890\" \/>\n\t<meta property=\"og:image:height\" content=\"608\" \/>\n\t<meta property=\"og:image:type\" content=\"image\/webp\" \/>\n<meta name=\"twitter:card\" content=\"summary_large_image\" \/>\n<script type=\"application\/ld+json\" class=\"yoast-schema-graph\">{\"@context\":\"https:\/\/schema.org\",\"@graph\":[{\"@type\":\"WebPage\",\"@id\":\"https:\/\/trukme.lv\/en\/products\/furniture-and-interior-details\/railing-systems\/virtuves-pakaramais-ramis-hang-lux-l1200-h420-titans\/\",\"url\":\"https:\/\/trukme.lv\/en\/products\/furniture-and-interior-details\/railing-systems\/virtuves-pakaramais-ramis-hang-lux-l1200-h420-titans\/\",\"name\":\"Kitchen hanging frame HANG LUX, L1200\/H420, titanium - Trukm\u0117\",\"isPartOf\":{\"@id\":\"https:\/\/trukme.lv\/en\/#website\"},\"primaryImageOfPage\":{\"@id\":\"https:\/\/trukme.lv\/en\/products\/furniture-and-interior-details\/railing-systems\/virtuves-pakaramais-ramis-hang-lux-l1200-h420-titans\/#primaryimage\"},\"image\":{\"@id\":\"https:\/\/trukme.lv\/en\/products\/furniture-and-interior-details\/railing-systems\/virtuves-pakaramais-ramis-hang-lux-l1200-h420-titans\/#primaryimage\"},\"thumbnailUrl\":\"https:\/\/i0.wp.com\/trukme.lv\/wp-content\/uploads\/2025\/09\/1505100016.webp?fit=1890%2C608&ssl=1\",\"datePublished\":\"2025-09-30T19:29:32+00:00\",\"dateModified\":\"2025-10-02T09:35:09+00:00\",\"breadcrumb\":{\"@id\":\"https:\/\/trukme.lv\/en\/products\/furniture-and-interior-details\/railing-systems\/virtuves-pakaramais-ramis-hang-lux-l1200-h420-titans\/#breadcrumb\"},\"inLanguage\":\"en-GB\",\"potentialAction\":[{\"@type\":\"ReadAction\",\"target\":[\"https:\/\/trukme.lv\/en\/products\/furniture-and-interior-details\/railing-systems\/virtuves-pakaramais-ramis-hang-lux-l1200-h420-titans\/\"]}]},{\"@type\":\"ImageObject\",\"inLanguage\":\"en-GB\",\"@id\":\"https:\/\/trukme.lv\/en\/products\/furniture-and-interior-details\/railing-systems\/virtuves-pakaramais-ramis-hang-lux-l1200-h420-titans\/#primaryimage\",\"url\":\"https:\/\/i0.wp.com\/trukme.lv\/wp-content\/uploads\/2025\/09\/1505100016.webp?fit=1890%2C608&ssl=1\",\"contentUrl\":\"https:\/\/i0.wp.com\/trukme.lv\/wp-content\/uploads\/2025\/09\/1505100016.webp?fit=1890%2C608&ssl=1\",\"width\":1890,\"height\":608},{\"@type\":\"BreadcrumbList\",\"@id\":\"https:\/\/trukme.lv\/en\/products\/furniture-and-interior-details\/railing-systems\/virtuves-pakaramais-ramis-hang-lux-l1200-h420-titans\/#breadcrumb\",\"itemListElement\":[{\"@type\":\"ListItem\",\"position\":1,\"name\":\"Home\",\"item\":\"https:\/\/trukme.lv\/en\/home\/\"},{\"@type\":\"ListItem\",\"position\":2,\"name\":\"Products\",\"item\":\"https:\/\/trukme.lv\/en\/products\/\"},{\"@type\":\"ListItem\",\"position\":3,\"name\":\"Kitchen hanging frame HANG LUX, L1200\/H420, titanium\"}]},{\"@type\":\"WebSite\",\"@id\":\"https:\/\/trukme.lv\/en\/#website\",\"url\":\"https:\/\/trukme.lv\/en\/\",\"name\":\"Trukm\u0117\",\"description\":\"M\u0113be\u013cu pane\u013ci, galda virsmas, m\u0113be\u013cu furnit\u016bra. Virtuves m\u0113be\u013cu, skapju, vannas istabas m\u0113be\u013cu u.c. sortiments. Paz\u012bstami un uzticami ra\u017eot\u0101ji.\",\"potentialAction\":[{\"@type\":\"SearchAction\",\"target\":{\"@type\":\"EntryPoint\",\"urlTemplate\":\"https:\/\/trukme.lv\/en\/?s={search_term_string}\"},\"query-input\":{\"@type\":\"PropertyValueSpecification\",\"valueRequired\":true,\"valueName\":\"search_term_string\"}}],\"inLanguage\":\"en-GB\"}]}<\/script>\n<!-- \/ Yoast SEO plugin. -->","yoast_head_json":{"title":"Kitchen hanging frame HANG LUX, L1200\/H420, titanium - Trukm\u0117","robots":{"index":"index","follow":"follow","max-snippet":"max-snippet:-1","max-image-preview":"max-image-preview:large","max-video-preview":"max-video-preview:-1"},"canonical":"https:\/\/trukme.lv\/en\/products\/furniture-and-interior-details\/railing-systems\/virtuves-pakaramais-ramis-hang-lux-l1200-h420-titans\/","og_locale":"en_GB","og_type":"article","og_title":"Kitchen hanging frame HANG LUX, L1200\/H420, titanium - Trukm\u0117","og_description":"HANG LUX is an intelligent hanging kitchen shelf system with LED lighting integrated into the horizontal bars, designed for optimal use of the space between the cabinet and the countertop while keeping work surfaces free. The touch-sensitive switch allows you to turn the light on or off and adjust its intensity according to the mood...","og_url":"https:\/\/trukme.lv\/en\/products\/furniture-and-interior-details\/railing-systems\/virtuves-pakaramais-ramis-hang-lux-l1200-h420-titans\/","og_site_name":"Trukm\u0117","article_modified_time":"2025-10-02T09:35:09+00:00","og_image":[{"width":1890,"height":608,"url":"https:\/\/i0.wp.com\/trukme.lv\/wp-content\/uploads\/2025\/09\/1505100016.webp?fit=1890%2C608&ssl=1","type":"image\/webp"}],"twitter_card":"summary_large_image","schema":{"@context":"https:\/\/schema.org","@graph":[{"@type":"WebPage","@id":"https:\/\/trukme.lv\/en\/products\/furniture-and-interior-details\/railing-systems\/virtuves-pakaramais-ramis-hang-lux-l1200-h420-titans\/","url":"https:\/\/trukme.lv\/en\/products\/furniture-and-interior-details\/railing-systems\/virtuves-pakaramais-ramis-hang-lux-l1200-h420-titans\/","name":"Kitchen hanging frame HANG LUX, L1200\/H420, titanium - Trukm\u0117","isPartOf":{"@id":"https:\/\/trukme.lv\/en\/#website"},"primaryImageOfPage":{"@id":"https:\/\/trukme.lv\/en\/products\/furniture-and-interior-details\/railing-systems\/virtuves-pakaramais-ramis-hang-lux-l1200-h420-titans\/#primaryimage"},"image":{"@id":"https:\/\/trukme.lv\/en\/products\/furniture-and-interior-details\/railing-systems\/virtuves-pakaramais-ramis-hang-lux-l1200-h420-titans\/#primaryimage"},"thumbnailUrl":"https:\/\/i0.wp.com\/trukme.lv\/wp-content\/uploads\/2025\/09\/1505100016.webp?fit=1890%2C608&ssl=1","datePublished":"2025-09-30T19:29:32+00:00","dateModified":"2025-10-02T09:35:09+00:00","breadcrumb":{"@id":"https:\/\/trukme.lv\/en\/products\/furniture-and-interior-details\/railing-systems\/virtuves-pakaramais-ramis-hang-lux-l1200-h420-titans\/#breadcrumb"},"inLanguage":"en-GB","potentialAction":[{"@type":"ReadAction","target":["https:\/\/trukme.lv\/en\/products\/furniture-and-interior-details\/railing-systems\/virtuves-pakaramais-ramis-hang-lux-l1200-h420-titans\/"]}]},{"@type":"ImageObject","inLanguage":"en-GB","@id":"https:\/\/trukme.lv\/en\/products\/furniture-and-interior-details\/railing-systems\/virtuves-pakaramais-ramis-hang-lux-l1200-h420-titans\/#primaryimage","url":"https:\/\/i0.wp.com\/trukme.lv\/wp-content\/uploads\/2025\/09\/1505100016.webp?fit=1890%2C608&ssl=1","contentUrl":"https:\/\/i0.wp.com\/trukme.lv\/wp-content\/uploads\/2025\/09\/1505100016.webp?fit=1890%2C608&ssl=1","width":1890,"height":608},{"@type":"BreadcrumbList","@id":"https:\/\/trukme.lv\/en\/products\/furniture-and-interior-details\/railing-systems\/virtuves-pakaramais-ramis-hang-lux-l1200-h420-titans\/#breadcrumb","itemListElement":[{"@type":"ListItem","position":1,"name":"Home","item":"https:\/\/trukme.lv\/en\/home\/"},{"@type":"ListItem","position":2,"name":"Products","item":"https:\/\/trukme.lv\/en\/products\/"},{"@type":"ListItem","position":3,"name":"Kitchen hanging frame HANG LUX, L1200\/H420, titanium"}]},{"@type":"WebSite","@id":"https:\/\/trukme.lv\/en\/#website","url":"https:\/\/trukme.lv\/en\/","name":"Trukm\u0117","description":"M\u0113be\u013cu pane\u013ci, galda virsmas, m\u0113be\u013cu furnit\u016bra. Virtuves m\u0113be\u013cu, skapju, vannas istabas m\u0113be\u013cu u.c. sortiments. Paz\u012bstami un uzticami ra\u017eot\u0101ji.","potentialAction":[{"@type":"SearchAction","target":{"@type":"EntryPoint","urlTemplate":"https:\/\/trukme.lv\/en\/?s={search_term_string}"},"query-input":{"@type":"PropertyValueSpecification","valueRequired":true,"valueName":"search_term_string"}}],"inLanguage":"en-GB"}]}},"jetpack_sharing_enabled":true,"_links":{"self":[{"href":"https:\/\/trukme.lv\/en\/wp-json\/wp\/v2\/product\/273409","targetHints":{"allow":["GET"]}}],"collection":[{"href":"https:\/\/trukme.lv\/en\/wp-json\/wp\/v2\/product"}],"about":[{"href":"https:\/\/trukme.lv\/en\/wp-json\/wp\/v2\/types\/product"}],"wp:featuredmedia":[{"embeddable":true,"href":"https:\/\/trukme.lv\/en\/wp-json\/wp\/v2\/media\/262632"}],"wp:attachment":[{"href":"https:\/\/trukme.lv\/en\/wp-json\/wp\/v2\/media?parent=273409"}],"wp:term":[{"taxonomy":"product_brand","embeddable":true,"href":"https:\/\/trukme.lv\/en\/wp-json\/wp\/v2\/product_brand?post=273409"},{"taxonomy":"product_cat","embeddable":true,"href":"https:\/\/trukme.lv\/en\/wp-json\/wp\/v2\/product_cat?post=273409"},{"taxonomy":"product_tag","embeddable":true,"href":"https:\/\/trukme.lv\/en\/wp-json\/wp\/v2\/product_tag?post=273409"}],"curies":[{"name":"wp","href":"https:\/\/api.w.org\/{rel}","templated":true}]}}