{"id":273433,"date":"2025-09-30T22:28:18","date_gmt":"2025-09-30T19:28:18","guid":{"rendered":"https:\/\/trukme.lv\/produkti\/uncategorized\/atkritumu-tvertne-800-mm-modulim-3x15l3x1l-antracits\/"},"modified":"2025-10-02T12:35:21","modified_gmt":"2025-10-02T09:35:21","slug":"atkritumu-tvertne-800-mm-modulim-3x15l3x1l-antracits","status":"publish","type":"product","link":"https:\/\/trukme.lv\/en\/products\/furniture-fittings\/kitchen-accessories\/trash-cans\/atkritumu-tvertne-800-mm-modulim-3x15l3x1l-antracits\/","title":{"rendered":"Waste bin, for 800 mm module, 3x15l+3x1l, anthracite"},"content":{"rendered":"<p>Freestanding waste bin set with 3 buckets of 16 l with lids, 3 containers of 1 l and a tray for the drawer. The size of the waste bin tray can be adjusted to the drawer by trimming \u2013 width 740\u2013705 mm, length 490\u2013415 mm. Height 305 mm. Designed for an 800 mm module.<\/p>\n","protected":false},"excerpt":{"rendered":"<p>Freestanding waste bin set with 3 buckets of 16 l with lids, 3 containers of 1 l and a tray for the drawer. The size of the waste bin tray can be adjusted to the drawer by trimming \u2013 width 740\u2013705 mm, length 490\u2013415 mm. Height 305 mm. Designed for an 800 mm module.<\/p>\n","protected":false},"featured_media":262392,"template":"","meta":{"_acf_changed":false},"product_brand":[7039],"product_cat":[6305,6651,6599,6595],"product_tag":[],"class_list":{"0":"post-273433","1":"product","2":"type-product","3":"status-publish","4":"has-post-thumbnail","6":"product_brand-starax-en","7":"product_cat-furniture-fittings","8":"product_cat-kitchen-accessories","9":"product_cat-standing-en","10":"product_cat-trash-cans","12":"first","13":"instock","14":"product-type-simple"},"acf":[],"yoast_head":"<!-- This site is optimized with the Yoast SEO plugin v26.5 - https:\/\/yoast.com\/wordpress\/plugins\/seo\/ -->\n<title>Waste bin, for 800 mm module, 3x15l+3x1l, anthracite - Trukm\u0117<\/title>\n<meta name=\"robots\" content=\"index, follow, max-snippet:-1, max-image-preview:large, max-video-preview:-1\" \/>\n<link rel=\"canonical\" href=\"https:\/\/trukme.lv\/en\/products\/furniture-fittings\/kitchen-accessories\/trash-cans\/atkritumu-tvertne-800-mm-modulim-3x15l3x1l-antracits\/\" \/>\n<meta property=\"og:locale\" content=\"en_GB\" \/>\n<meta property=\"og:type\" content=\"article\" \/>\n<meta property=\"og:title\" content=\"Waste bin, for 800 mm module, 3x15l+3x1l, anthracite - Trukm\u0117\" \/>\n<meta property=\"og:description\" content=\"Freestanding waste bin set with 3 buckets of 16 l with lids, 3 containers of 1 l and a tray for the drawer. The size of the waste bin tray can be adjusted to the drawer by trimming \u2013 width 740\u2013705 mm, length 490\u2013415 mm. Height 305 mm. Designed for an 800 mm module.\" \/>\n<meta property=\"og:url\" content=\"https:\/\/trukme.lv\/en\/products\/furniture-fittings\/kitchen-accessories\/trash-cans\/atkritumu-tvertne-800-mm-modulim-3x15l3x1l-antracits\/\" \/>\n<meta property=\"og:site_name\" content=\"Trukm\u0117\" \/>\n<meta property=\"article:modified_time\" content=\"2025-10-02T09:35:21+00:00\" \/>\n<meta property=\"og:image\" content=\"https:\/\/i0.wp.com\/trukme.lv\/wp-content\/uploads\/2025\/09\/1505080010.webp?fit=960%2C960&ssl=1\" \/>\n\t<meta property=\"og:image:width\" content=\"960\" \/>\n\t<meta property=\"og:image:height\" content=\"960\" \/>\n\t<meta property=\"og:image:type\" content=\"image\/webp\" \/>\n<meta name=\"twitter:card\" content=\"summary_large_image\" \/>\n<script type=\"application\/ld+json\" class=\"yoast-schema-graph\">{\"@context\":\"https:\/\/schema.org\",\"@graph\":[{\"@type\":\"WebPage\",\"@id\":\"https:\/\/trukme.lv\/en\/products\/furniture-fittings\/kitchen-accessories\/trash-cans\/atkritumu-tvertne-800-mm-modulim-3x15l3x1l-antracits\/\",\"url\":\"https:\/\/trukme.lv\/en\/products\/furniture-fittings\/kitchen-accessories\/trash-cans\/atkritumu-tvertne-800-mm-modulim-3x15l3x1l-antracits\/\",\"name\":\"Waste bin, for 800 mm module, 3x15l+3x1l, anthracite - Trukm\u0117\",\"isPartOf\":{\"@id\":\"https:\/\/trukme.lv\/en\/#website\"},\"primaryImageOfPage\":{\"@id\":\"https:\/\/trukme.lv\/en\/products\/furniture-fittings\/kitchen-accessories\/trash-cans\/atkritumu-tvertne-800-mm-modulim-3x15l3x1l-antracits\/#primaryimage\"},\"image\":{\"@id\":\"https:\/\/trukme.lv\/en\/products\/furniture-fittings\/kitchen-accessories\/trash-cans\/atkritumu-tvertne-800-mm-modulim-3x15l3x1l-antracits\/#primaryimage\"},\"thumbnailUrl\":\"https:\/\/i0.wp.com\/trukme.lv\/wp-content\/uploads\/2025\/09\/1505080010.webp?fit=960%2C960&ssl=1\",\"datePublished\":\"2025-09-30T19:28:18+00:00\",\"dateModified\":\"2025-10-02T09:35:21+00:00\",\"breadcrumb\":{\"@id\":\"https:\/\/trukme.lv\/en\/products\/furniture-fittings\/kitchen-accessories\/trash-cans\/atkritumu-tvertne-800-mm-modulim-3x15l3x1l-antracits\/#breadcrumb\"},\"inLanguage\":\"en-GB\",\"potentialAction\":[{\"@type\":\"ReadAction\",\"target\":[\"https:\/\/trukme.lv\/en\/products\/furniture-fittings\/kitchen-accessories\/trash-cans\/atkritumu-tvertne-800-mm-modulim-3x15l3x1l-antracits\/\"]}]},{\"@type\":\"ImageObject\",\"inLanguage\":\"en-GB\",\"@id\":\"https:\/\/trukme.lv\/en\/products\/furniture-fittings\/kitchen-accessories\/trash-cans\/atkritumu-tvertne-800-mm-modulim-3x15l3x1l-antracits\/#primaryimage\",\"url\":\"https:\/\/i0.wp.com\/trukme.lv\/wp-content\/uploads\/2025\/09\/1505080010.webp?fit=960%2C960&ssl=1\",\"contentUrl\":\"https:\/\/i0.wp.com\/trukme.lv\/wp-content\/uploads\/2025\/09\/1505080010.webp?fit=960%2C960&ssl=1\",\"width\":960,\"height\":960},{\"@type\":\"BreadcrumbList\",\"@id\":\"https:\/\/trukme.lv\/en\/products\/furniture-fittings\/kitchen-accessories\/trash-cans\/atkritumu-tvertne-800-mm-modulim-3x15l3x1l-antracits\/#breadcrumb\",\"itemListElement\":[{\"@type\":\"ListItem\",\"position\":1,\"name\":\"Home\",\"item\":\"https:\/\/trukme.lv\/en\/home\/\"},{\"@type\":\"ListItem\",\"position\":2,\"name\":\"Products\",\"item\":\"https:\/\/trukme.lv\/en\/products\/\"},{\"@type\":\"ListItem\",\"position\":3,\"name\":\"Waste bin, for 800 mm module, 3x15l+3x1l, anthracite\"}]},{\"@type\":\"WebSite\",\"@id\":\"https:\/\/trukme.lv\/en\/#website\",\"url\":\"https:\/\/trukme.lv\/en\/\",\"name\":\"Trukm\u0117\",\"description\":\"M\u0113be\u013cu pane\u013ci, galda virsmas, m\u0113be\u013cu furnit\u016bra. Virtuves m\u0113be\u013cu, skapju, vannas istabas m\u0113be\u013cu u.c. sortiments. Paz\u012bstami un uzticami ra\u017eot\u0101ji.\",\"potentialAction\":[{\"@type\":\"SearchAction\",\"target\":{\"@type\":\"EntryPoint\",\"urlTemplate\":\"https:\/\/trukme.lv\/en\/?s={search_term_string}\"},\"query-input\":{\"@type\":\"PropertyValueSpecification\",\"valueRequired\":true,\"valueName\":\"search_term_string\"}}],\"inLanguage\":\"en-GB\"}]}<\/script>\n<!-- \/ Yoast SEO plugin. -->","yoast_head_json":{"title":"Waste bin, for 800 mm module, 3x15l+3x1l, anthracite - Trukm\u0117","robots":{"index":"index","follow":"follow","max-snippet":"max-snippet:-1","max-image-preview":"max-image-preview:large","max-video-preview":"max-video-preview:-1"},"canonical":"https:\/\/trukme.lv\/en\/products\/furniture-fittings\/kitchen-accessories\/trash-cans\/atkritumu-tvertne-800-mm-modulim-3x15l3x1l-antracits\/","og_locale":"en_GB","og_type":"article","og_title":"Waste bin, for 800 mm module, 3x15l+3x1l, anthracite - Trukm\u0117","og_description":"Freestanding waste bin set with 3 buckets of 16 l with lids, 3 containers of 1 l and a tray for the drawer. The size of the waste bin tray can be adjusted to the drawer by trimming \u2013 width 740\u2013705 mm, length 490\u2013415 mm. Height 305 mm. Designed for an 800 mm module.","og_url":"https:\/\/trukme.lv\/en\/products\/furniture-fittings\/kitchen-accessories\/trash-cans\/atkritumu-tvertne-800-mm-modulim-3x15l3x1l-antracits\/","og_site_name":"Trukm\u0117","article_modified_time":"2025-10-02T09:35:21+00:00","og_image":[{"width":960,"height":960,"url":"https:\/\/i0.wp.com\/trukme.lv\/wp-content\/uploads\/2025\/09\/1505080010.webp?fit=960%2C960&ssl=1","type":"image\/webp"}],"twitter_card":"summary_large_image","schema":{"@context":"https:\/\/schema.org","@graph":[{"@type":"WebPage","@id":"https:\/\/trukme.lv\/en\/products\/furniture-fittings\/kitchen-accessories\/trash-cans\/atkritumu-tvertne-800-mm-modulim-3x15l3x1l-antracits\/","url":"https:\/\/trukme.lv\/en\/products\/furniture-fittings\/kitchen-accessories\/trash-cans\/atkritumu-tvertne-800-mm-modulim-3x15l3x1l-antracits\/","name":"Waste bin, for 800 mm module, 3x15l+3x1l, anthracite - Trukm\u0117","isPartOf":{"@id":"https:\/\/trukme.lv\/en\/#website"},"primaryImageOfPage":{"@id":"https:\/\/trukme.lv\/en\/products\/furniture-fittings\/kitchen-accessories\/trash-cans\/atkritumu-tvertne-800-mm-modulim-3x15l3x1l-antracits\/#primaryimage"},"image":{"@id":"https:\/\/trukme.lv\/en\/products\/furniture-fittings\/kitchen-accessories\/trash-cans\/atkritumu-tvertne-800-mm-modulim-3x15l3x1l-antracits\/#primaryimage"},"thumbnailUrl":"https:\/\/i0.wp.com\/trukme.lv\/wp-content\/uploads\/2025\/09\/1505080010.webp?fit=960%2C960&ssl=1","datePublished":"2025-09-30T19:28:18+00:00","dateModified":"2025-10-02T09:35:21+00:00","breadcrumb":{"@id":"https:\/\/trukme.lv\/en\/products\/furniture-fittings\/kitchen-accessories\/trash-cans\/atkritumu-tvertne-800-mm-modulim-3x15l3x1l-antracits\/#breadcrumb"},"inLanguage":"en-GB","potentialAction":[{"@type":"ReadAction","target":["https:\/\/trukme.lv\/en\/products\/furniture-fittings\/kitchen-accessories\/trash-cans\/atkritumu-tvertne-800-mm-modulim-3x15l3x1l-antracits\/"]}]},{"@type":"ImageObject","inLanguage":"en-GB","@id":"https:\/\/trukme.lv\/en\/products\/furniture-fittings\/kitchen-accessories\/trash-cans\/atkritumu-tvertne-800-mm-modulim-3x15l3x1l-antracits\/#primaryimage","url":"https:\/\/i0.wp.com\/trukme.lv\/wp-content\/uploads\/2025\/09\/1505080010.webp?fit=960%2C960&ssl=1","contentUrl":"https:\/\/i0.wp.com\/trukme.lv\/wp-content\/uploads\/2025\/09\/1505080010.webp?fit=960%2C960&ssl=1","width":960,"height":960},{"@type":"BreadcrumbList","@id":"https:\/\/trukme.lv\/en\/products\/furniture-fittings\/kitchen-accessories\/trash-cans\/atkritumu-tvertne-800-mm-modulim-3x15l3x1l-antracits\/#breadcrumb","itemListElement":[{"@type":"ListItem","position":1,"name":"Home","item":"https:\/\/trukme.lv\/en\/home\/"},{"@type":"ListItem","position":2,"name":"Products","item":"https:\/\/trukme.lv\/en\/products\/"},{"@type":"ListItem","position":3,"name":"Waste bin, for 800 mm module, 3x15l+3x1l, anthracite"}]},{"@type":"WebSite","@id":"https:\/\/trukme.lv\/en\/#website","url":"https:\/\/trukme.lv\/en\/","name":"Trukm\u0117","description":"M\u0113be\u013cu pane\u013ci, galda virsmas, m\u0113be\u013cu furnit\u016bra. Virtuves m\u0113be\u013cu, skapju, vannas istabas m\u0113be\u013cu u.c. sortiments. Paz\u012bstami un uzticami ra\u017eot\u0101ji.","potentialAction":[{"@type":"SearchAction","target":{"@type":"EntryPoint","urlTemplate":"https:\/\/trukme.lv\/en\/?s={search_term_string}"},"query-input":{"@type":"PropertyValueSpecification","valueRequired":true,"valueName":"search_term_string"}}],"inLanguage":"en-GB"}]}},"jetpack_sharing_enabled":true,"_links":{"self":[{"href":"https:\/\/trukme.lv\/en\/wp-json\/wp\/v2\/product\/273433","targetHints":{"allow":["GET"]}}],"collection":[{"href":"https:\/\/trukme.lv\/en\/wp-json\/wp\/v2\/product"}],"about":[{"href":"https:\/\/trukme.lv\/en\/wp-json\/wp\/v2\/types\/product"}],"wp:featuredmedia":[{"embeddable":true,"href":"https:\/\/trukme.lv\/en\/wp-json\/wp\/v2\/media\/262392"}],"wp:attachment":[{"href":"https:\/\/trukme.lv\/en\/wp-json\/wp\/v2\/media?parent=273433"}],"wp:term":[{"taxonomy":"product_brand","embeddable":true,"href":"https:\/\/trukme.lv\/en\/wp-json\/wp\/v2\/product_brand?post=273433"},{"taxonomy":"product_cat","embeddable":true,"href":"https:\/\/trukme.lv\/en\/wp-json\/wp\/v2\/product_cat?post=273433"},{"taxonomy":"product_tag","embeddable":true,"href":"https:\/\/trukme.lv\/en\/wp-json\/wp\/v2\/product_tag?post=273433"}],"curies":[{"name":"wp","href":"https:\/\/api.w.org\/{rel}","templated":true}]}}