{"id":273601,"date":"2025-09-30T22:07:31","date_gmt":"2025-09-30T19:07:31","guid":{"rendered":"https:\/\/trukme.lv\/produkti\/uncategorized\/rokturis-us10-1802mm-peleki-bruna\/"},"modified":"2025-10-02T12:36:25","modified_gmt":"2025-10-02T09:36:25","slug":"rokturis-us10-1802mm-peleki-bruna","status":"publish","type":"product","link":"https:\/\/trukme.lv\/en\/products\/furniture-fittings\/handles\/long-handles\/rokturis-us10-1802mm-peleki-bruna\/","title":{"rendered":"Handle US10, 1802mm, grey brown"},"content":{"rendered":"","protected":false},"excerpt":{"rendered":"","protected":false},"featured_media":259175,"template":"","meta":{"_acf_changed":false},"product_brand":[6958],"product_cat":[6305,6499,6505],"product_tag":[],"class_list":{"0":"post-273601","1":"product","2":"type-product","3":"status-publish","4":"has-post-thumbnail","6":"product_brand-gamet-en","7":"product_cat-furniture-fittings","8":"product_cat-handles","9":"product_cat-long-handles","10":"pa_kolekcija-gamet-us10-en","12":"first","13":"instock","14":"product-type-simple"},"acf":[],"yoast_head":"<!-- This site is optimized with the Yoast SEO plugin v26.5 - https:\/\/yoast.com\/wordpress\/plugins\/seo\/ -->\n<title>Handle US10, 1802mm, grey brown - Trukm\u0117<\/title>\n<meta name=\"robots\" content=\"index, follow, max-snippet:-1, max-image-preview:large, max-video-preview:-1\" \/>\n<link rel=\"canonical\" href=\"https:\/\/trukme.lv\/en\/products\/furniture-fittings\/handles\/long-handles\/rokturis-us10-1802mm-peleki-bruna\/\" \/>\n<meta property=\"og:locale\" content=\"en_GB\" \/>\n<meta property=\"og:type\" content=\"article\" \/>\n<meta property=\"og:title\" content=\"Handle US10, 1802mm, grey brown - Trukm\u0117\" \/>\n<meta property=\"og:url\" content=\"https:\/\/trukme.lv\/en\/products\/furniture-fittings\/handles\/long-handles\/rokturis-us10-1802mm-peleki-bruna\/\" \/>\n<meta property=\"og:site_name\" content=\"Trukm\u0117\" \/>\n<meta property=\"article:modified_time\" content=\"2025-10-02T09:36:25+00:00\" \/>\n<meta name=\"twitter:card\" content=\"summary_large_image\" \/>\n<meta name=\"twitter:image\" content=\"https:\/\/i0.wp.com\/trukme.lv\/wp-content\/uploads\/2025\/09\/1504010190.webp?fit=%2C&ssl=1\" \/>\n<script type=\"application\/ld+json\" class=\"yoast-schema-graph\">{\"@context\":\"https:\/\/schema.org\",\"@graph\":[{\"@type\":\"WebPage\",\"@id\":\"https:\/\/trukme.lv\/en\/products\/furniture-fittings\/handles\/long-handles\/rokturis-us10-1802mm-peleki-bruna\/\",\"url\":\"https:\/\/trukme.lv\/en\/products\/furniture-fittings\/handles\/long-handles\/rokturis-us10-1802mm-peleki-bruna\/\",\"name\":\"Handle US10, 1802mm, grey brown - Trukm\u0117\",\"isPartOf\":{\"@id\":\"https:\/\/trukme.lv\/en\/#website\"},\"primaryImageOfPage\":{\"@id\":\"https:\/\/trukme.lv\/en\/products\/furniture-fittings\/handles\/long-handles\/rokturis-us10-1802mm-peleki-bruna\/#primaryimage\"},\"image\":{\"@id\":\"https:\/\/trukme.lv\/en\/products\/furniture-fittings\/handles\/long-handles\/rokturis-us10-1802mm-peleki-bruna\/#primaryimage\"},\"thumbnailUrl\":\"https:\/\/i0.wp.com\/trukme.lv\/wp-content\/uploads\/2025\/09\/1504010190.webp?fit=%2C&ssl=1\",\"datePublished\":\"2025-09-30T19:07:31+00:00\",\"dateModified\":\"2025-10-02T09:36:25+00:00\",\"breadcrumb\":{\"@id\":\"https:\/\/trukme.lv\/en\/products\/furniture-fittings\/handles\/long-handles\/rokturis-us10-1802mm-peleki-bruna\/#breadcrumb\"},\"inLanguage\":\"en-GB\",\"potentialAction\":[{\"@type\":\"ReadAction\",\"target\":[\"https:\/\/trukme.lv\/en\/products\/furniture-fittings\/handles\/long-handles\/rokturis-us10-1802mm-peleki-bruna\/\"]}]},{\"@type\":\"ImageObject\",\"inLanguage\":\"en-GB\",\"@id\":\"https:\/\/trukme.lv\/en\/products\/furniture-fittings\/handles\/long-handles\/rokturis-us10-1802mm-peleki-bruna\/#primaryimage\",\"url\":\"https:\/\/i0.wp.com\/trukme.lv\/wp-content\/uploads\/2025\/09\/1504010190.webp?fit=%2C&ssl=1\",\"contentUrl\":\"https:\/\/i0.wp.com\/trukme.lv\/wp-content\/uploads\/2025\/09\/1504010190.webp?fit=%2C&ssl=1\"},{\"@type\":\"BreadcrumbList\",\"@id\":\"https:\/\/trukme.lv\/en\/products\/furniture-fittings\/handles\/long-handles\/rokturis-us10-1802mm-peleki-bruna\/#breadcrumb\",\"itemListElement\":[{\"@type\":\"ListItem\",\"position\":1,\"name\":\"Home\",\"item\":\"https:\/\/trukme.lv\/en\/home\/\"},{\"@type\":\"ListItem\",\"position\":2,\"name\":\"Products\",\"item\":\"https:\/\/trukme.lv\/en\/products\/\"},{\"@type\":\"ListItem\",\"position\":3,\"name\":\"Handle US10, 1802mm, grey brown\"}]},{\"@type\":\"WebSite\",\"@id\":\"https:\/\/trukme.lv\/en\/#website\",\"url\":\"https:\/\/trukme.lv\/en\/\",\"name\":\"Trukm\u0117\",\"description\":\"M\u0113be\u013cu pane\u013ci, galda virsmas, m\u0113be\u013cu furnit\u016bra. Virtuves m\u0113be\u013cu, skapju, vannas istabas m\u0113be\u013cu u.c. sortiments. Paz\u012bstami un uzticami ra\u017eot\u0101ji.\",\"potentialAction\":[{\"@type\":\"SearchAction\",\"target\":{\"@type\":\"EntryPoint\",\"urlTemplate\":\"https:\/\/trukme.lv\/en\/?s={search_term_string}\"},\"query-input\":{\"@type\":\"PropertyValueSpecification\",\"valueRequired\":true,\"valueName\":\"search_term_string\"}}],\"inLanguage\":\"en-GB\"}]}<\/script>\n<!-- \/ Yoast SEO plugin. -->","yoast_head_json":{"title":"Handle US10, 1802mm, grey brown - Trukm\u0117","robots":{"index":"index","follow":"follow","max-snippet":"max-snippet:-1","max-image-preview":"max-image-preview:large","max-video-preview":"max-video-preview:-1"},"canonical":"https:\/\/trukme.lv\/en\/products\/furniture-fittings\/handles\/long-handles\/rokturis-us10-1802mm-peleki-bruna\/","og_locale":"en_GB","og_type":"article","og_title":"Handle US10, 1802mm, grey brown - Trukm\u0117","og_url":"https:\/\/trukme.lv\/en\/products\/furniture-fittings\/handles\/long-handles\/rokturis-us10-1802mm-peleki-bruna\/","og_site_name":"Trukm\u0117","article_modified_time":"2025-10-02T09:36:25+00:00","twitter_card":"summary_large_image","twitter_image":"https:\/\/i0.wp.com\/trukme.lv\/wp-content\/uploads\/2025\/09\/1504010190.webp?fit=%2C&ssl=1","schema":{"@context":"https:\/\/schema.org","@graph":[{"@type":"WebPage","@id":"https:\/\/trukme.lv\/en\/products\/furniture-fittings\/handles\/long-handles\/rokturis-us10-1802mm-peleki-bruna\/","url":"https:\/\/trukme.lv\/en\/products\/furniture-fittings\/handles\/long-handles\/rokturis-us10-1802mm-peleki-bruna\/","name":"Handle US10, 1802mm, grey brown - Trukm\u0117","isPartOf":{"@id":"https:\/\/trukme.lv\/en\/#website"},"primaryImageOfPage":{"@id":"https:\/\/trukme.lv\/en\/products\/furniture-fittings\/handles\/long-handles\/rokturis-us10-1802mm-peleki-bruna\/#primaryimage"},"image":{"@id":"https:\/\/trukme.lv\/en\/products\/furniture-fittings\/handles\/long-handles\/rokturis-us10-1802mm-peleki-bruna\/#primaryimage"},"thumbnailUrl":"https:\/\/i0.wp.com\/trukme.lv\/wp-content\/uploads\/2025\/09\/1504010190.webp?fit=%2C&ssl=1","datePublished":"2025-09-30T19:07:31+00:00","dateModified":"2025-10-02T09:36:25+00:00","breadcrumb":{"@id":"https:\/\/trukme.lv\/en\/products\/furniture-fittings\/handles\/long-handles\/rokturis-us10-1802mm-peleki-bruna\/#breadcrumb"},"inLanguage":"en-GB","potentialAction":[{"@type":"ReadAction","target":["https:\/\/trukme.lv\/en\/products\/furniture-fittings\/handles\/long-handles\/rokturis-us10-1802mm-peleki-bruna\/"]}]},{"@type":"ImageObject","inLanguage":"en-GB","@id":"https:\/\/trukme.lv\/en\/products\/furniture-fittings\/handles\/long-handles\/rokturis-us10-1802mm-peleki-bruna\/#primaryimage","url":"https:\/\/i0.wp.com\/trukme.lv\/wp-content\/uploads\/2025\/09\/1504010190.webp?fit=%2C&ssl=1","contentUrl":"https:\/\/i0.wp.com\/trukme.lv\/wp-content\/uploads\/2025\/09\/1504010190.webp?fit=%2C&ssl=1"},{"@type":"BreadcrumbList","@id":"https:\/\/trukme.lv\/en\/products\/furniture-fittings\/handles\/long-handles\/rokturis-us10-1802mm-peleki-bruna\/#breadcrumb","itemListElement":[{"@type":"ListItem","position":1,"name":"Home","item":"https:\/\/trukme.lv\/en\/home\/"},{"@type":"ListItem","position":2,"name":"Products","item":"https:\/\/trukme.lv\/en\/products\/"},{"@type":"ListItem","position":3,"name":"Handle US10, 1802mm, grey brown"}]},{"@type":"WebSite","@id":"https:\/\/trukme.lv\/en\/#website","url":"https:\/\/trukme.lv\/en\/","name":"Trukm\u0117","description":"M\u0113be\u013cu pane\u013ci, galda virsmas, m\u0113be\u013cu furnit\u016bra. Virtuves m\u0113be\u013cu, skapju, vannas istabas m\u0113be\u013cu u.c. sortiments. Paz\u012bstami un uzticami ra\u017eot\u0101ji.","potentialAction":[{"@type":"SearchAction","target":{"@type":"EntryPoint","urlTemplate":"https:\/\/trukme.lv\/en\/?s={search_term_string}"},"query-input":{"@type":"PropertyValueSpecification","valueRequired":true,"valueName":"search_term_string"}}],"inLanguage":"en-GB"}]}},"jetpack_sharing_enabled":true,"_links":{"self":[{"href":"https:\/\/trukme.lv\/en\/wp-json\/wp\/v2\/product\/273601","targetHints":{"allow":["GET"]}}],"collection":[{"href":"https:\/\/trukme.lv\/en\/wp-json\/wp\/v2\/product"}],"about":[{"href":"https:\/\/trukme.lv\/en\/wp-json\/wp\/v2\/types\/product"}],"wp:featuredmedia":[{"embeddable":true,"href":"https:\/\/trukme.lv\/en\/wp-json\/wp\/v2\/media\/259175"}],"wp:attachment":[{"href":"https:\/\/trukme.lv\/en\/wp-json\/wp\/v2\/media?parent=273601"}],"wp:term":[{"taxonomy":"product_brand","embeddable":true,"href":"https:\/\/trukme.lv\/en\/wp-json\/wp\/v2\/product_brand?post=273601"},{"taxonomy":"product_cat","embeddable":true,"href":"https:\/\/trukme.lv\/en\/wp-json\/wp\/v2\/product_cat?post=273601"},{"taxonomy":"product_tag","embeddable":true,"href":"https:\/\/trukme.lv\/en\/wp-json\/wp\/v2\/product_tag?post=273601"}],"curies":[{"name":"wp","href":"https:\/\/api.w.org\/{rel}","templated":true}]}}