{"id":273669,"date":"2025-09-30T21:59:06","date_gmt":"2025-09-30T18:59:06","guid":{"rendered":"https:\/\/trukme.lv\/produkti\/uncategorized\/star-slide-pilna-izvilkuma-vadotnes-vadotnu-komplekts-ar-turetajiem-push-to-open-l500\/"},"modified":"2025-10-02T12:36:53","modified_gmt":"2025-10-02T09:36:53","slug":"star-slide-pilna-izvilkuma-vadotnes-vadotnu-komplekts-ar-turetajiem-push-to-open-l500","status":"publish","type":"product","link":"https:\/\/trukme.lv\/en\/products\/furniture-fittings\/sliders-en\/hidden-rails\/full-extraction\/star-slide-pilna-izvilkuma-vadotnes-vadotnu-komplekts-ar-turetajiem-push-to-open-l500\/","title":{"rendered":"Star Slide full extension slide set with holders, push to open L500"},"content":{"rendered":"","protected":false},"excerpt":{"rendered":"","protected":false},"featured_media":257321,"template":"","meta":{"_acf_changed":false},"product_brand":[6946],"product_cat":[6647,6305,6643,6637],"product_tag":[],"class_list":{"0":"post-273669","1":"product","2":"type-product","3":"status-publish","4":"has-post-thumbnail","6":"product_brand-hanstar-en","7":"product_cat-full-extraction","8":"product_cat-furniture-fittings","9":"product_cat-hidden-rails","10":"product_cat-sliders-en","11":"pa_kolekcija-hanstar-starslide-en","13":"first","14":"instock","15":"product-type-simple"},"acf":[],"yoast_head":"<!-- This site is optimized with the Yoast SEO plugin v26.5 - https:\/\/yoast.com\/wordpress\/plugins\/seo\/ -->\n<title>Star Slide full extension slide set with holders, push to open L500 - Trukm\u0117<\/title>\n<meta name=\"robots\" content=\"index, follow, max-snippet:-1, max-image-preview:large, max-video-preview:-1\" \/>\n<link rel=\"canonical\" href=\"https:\/\/trukme.lv\/en\/products\/furniture-fittings\/sliders-en\/hidden-rails\/full-extraction\/star-slide-pilna-izvilkuma-vadotnes-vadotnu-komplekts-ar-turetajiem-push-to-open-l500\/\" \/>\n<meta property=\"og:locale\" content=\"en_GB\" \/>\n<meta property=\"og:type\" content=\"article\" \/>\n<meta property=\"og:title\" content=\"Star Slide full extension slide set with holders, push to open L500 - Trukm\u0117\" \/>\n<meta property=\"og:url\" content=\"https:\/\/trukme.lv\/en\/products\/furniture-fittings\/sliders-en\/hidden-rails\/full-extraction\/star-slide-pilna-izvilkuma-vadotnes-vadotnu-komplekts-ar-turetajiem-push-to-open-l500\/\" \/>\n<meta property=\"og:site_name\" content=\"Trukm\u0117\" \/>\n<meta property=\"article:modified_time\" content=\"2025-10-02T09:36:53+00:00\" \/>\n<meta property=\"og:image\" content=\"https:\/\/i0.wp.com\/trukme.lv\/wp-content\/uploads\/2025\/09\/1501100115-scaled.webp?fit=2560%2C1707&ssl=1\" \/>\n\t<meta property=\"og:image:width\" content=\"2560\" \/>\n\t<meta property=\"og:image:height\" content=\"1707\" \/>\n\t<meta property=\"og:image:type\" content=\"image\/webp\" \/>\n<meta name=\"twitter:card\" content=\"summary_large_image\" \/>\n<script type=\"application\/ld+json\" class=\"yoast-schema-graph\">{\"@context\":\"https:\/\/schema.org\",\"@graph\":[{\"@type\":\"WebPage\",\"@id\":\"https:\/\/trukme.lv\/en\/products\/furniture-fittings\/sliders-en\/hidden-rails\/full-extraction\/star-slide-pilna-izvilkuma-vadotnes-vadotnu-komplekts-ar-turetajiem-push-to-open-l500\/\",\"url\":\"https:\/\/trukme.lv\/en\/products\/furniture-fittings\/sliders-en\/hidden-rails\/full-extraction\/star-slide-pilna-izvilkuma-vadotnes-vadotnu-komplekts-ar-turetajiem-push-to-open-l500\/\",\"name\":\"Star Slide full extension slide set with holders, push to open L500 - Trukm\u0117\",\"isPartOf\":{\"@id\":\"https:\/\/trukme.lv\/en\/#website\"},\"primaryImageOfPage\":{\"@id\":\"https:\/\/trukme.lv\/en\/products\/furniture-fittings\/sliders-en\/hidden-rails\/full-extraction\/star-slide-pilna-izvilkuma-vadotnes-vadotnu-komplekts-ar-turetajiem-push-to-open-l500\/#primaryimage\"},\"image\":{\"@id\":\"https:\/\/trukme.lv\/en\/products\/furniture-fittings\/sliders-en\/hidden-rails\/full-extraction\/star-slide-pilna-izvilkuma-vadotnes-vadotnu-komplekts-ar-turetajiem-push-to-open-l500\/#primaryimage\"},\"thumbnailUrl\":\"https:\/\/i0.wp.com\/trukme.lv\/wp-content\/uploads\/2025\/09\/1501100115-scaled.webp?fit=2560%2C1707&ssl=1\",\"datePublished\":\"2025-09-30T18:59:06+00:00\",\"dateModified\":\"2025-10-02T09:36:53+00:00\",\"breadcrumb\":{\"@id\":\"https:\/\/trukme.lv\/en\/products\/furniture-fittings\/sliders-en\/hidden-rails\/full-extraction\/star-slide-pilna-izvilkuma-vadotnes-vadotnu-komplekts-ar-turetajiem-push-to-open-l500\/#breadcrumb\"},\"inLanguage\":\"en-GB\",\"potentialAction\":[{\"@type\":\"ReadAction\",\"target\":[\"https:\/\/trukme.lv\/en\/products\/furniture-fittings\/sliders-en\/hidden-rails\/full-extraction\/star-slide-pilna-izvilkuma-vadotnes-vadotnu-komplekts-ar-turetajiem-push-to-open-l500\/\"]}]},{\"@type\":\"ImageObject\",\"inLanguage\":\"en-GB\",\"@id\":\"https:\/\/trukme.lv\/en\/products\/furniture-fittings\/sliders-en\/hidden-rails\/full-extraction\/star-slide-pilna-izvilkuma-vadotnes-vadotnu-komplekts-ar-turetajiem-push-to-open-l500\/#primaryimage\",\"url\":\"https:\/\/i0.wp.com\/trukme.lv\/wp-content\/uploads\/2025\/09\/1501100115-scaled.webp?fit=2560%2C1707&ssl=1\",\"contentUrl\":\"https:\/\/i0.wp.com\/trukme.lv\/wp-content\/uploads\/2025\/09\/1501100115-scaled.webp?fit=2560%2C1707&ssl=1\",\"width\":2560,\"height\":1707},{\"@type\":\"BreadcrumbList\",\"@id\":\"https:\/\/trukme.lv\/en\/products\/furniture-fittings\/sliders-en\/hidden-rails\/full-extraction\/star-slide-pilna-izvilkuma-vadotnes-vadotnu-komplekts-ar-turetajiem-push-to-open-l500\/#breadcrumb\",\"itemListElement\":[{\"@type\":\"ListItem\",\"position\":1,\"name\":\"Home\",\"item\":\"https:\/\/trukme.lv\/en\/home\/\"},{\"@type\":\"ListItem\",\"position\":2,\"name\":\"Products\",\"item\":\"https:\/\/trukme.lv\/en\/products\/\"},{\"@type\":\"ListItem\",\"position\":3,\"name\":\"Star Slide full extension slide set with holders, push to open L500\"}]},{\"@type\":\"WebSite\",\"@id\":\"https:\/\/trukme.lv\/en\/#website\",\"url\":\"https:\/\/trukme.lv\/en\/\",\"name\":\"Trukm\u0117\",\"description\":\"M\u0113be\u013cu pane\u013ci, galda virsmas, m\u0113be\u013cu furnit\u016bra. Virtuves m\u0113be\u013cu, skapju, vannas istabas m\u0113be\u013cu u.c. sortiments. Paz\u012bstami un uzticami ra\u017eot\u0101ji.\",\"potentialAction\":[{\"@type\":\"SearchAction\",\"target\":{\"@type\":\"EntryPoint\",\"urlTemplate\":\"https:\/\/trukme.lv\/en\/?s={search_term_string}\"},\"query-input\":{\"@type\":\"PropertyValueSpecification\",\"valueRequired\":true,\"valueName\":\"search_term_string\"}}],\"inLanguage\":\"en-GB\"}]}<\/script>\n<!-- \/ Yoast SEO plugin. -->","yoast_head_json":{"title":"Star Slide full extension slide set with holders, push to open L500 - Trukm\u0117","robots":{"index":"index","follow":"follow","max-snippet":"max-snippet:-1","max-image-preview":"max-image-preview:large","max-video-preview":"max-video-preview:-1"},"canonical":"https:\/\/trukme.lv\/en\/products\/furniture-fittings\/sliders-en\/hidden-rails\/full-extraction\/star-slide-pilna-izvilkuma-vadotnes-vadotnu-komplekts-ar-turetajiem-push-to-open-l500\/","og_locale":"en_GB","og_type":"article","og_title":"Star Slide full extension slide set with holders, push to open L500 - Trukm\u0117","og_url":"https:\/\/trukme.lv\/en\/products\/furniture-fittings\/sliders-en\/hidden-rails\/full-extraction\/star-slide-pilna-izvilkuma-vadotnes-vadotnu-komplekts-ar-turetajiem-push-to-open-l500\/","og_site_name":"Trukm\u0117","article_modified_time":"2025-10-02T09:36:53+00:00","og_image":[{"width":2560,"height":1707,"url":"https:\/\/i0.wp.com\/trukme.lv\/wp-content\/uploads\/2025\/09\/1501100115-scaled.webp?fit=2560%2C1707&ssl=1","type":"image\/webp"}],"twitter_card":"summary_large_image","schema":{"@context":"https:\/\/schema.org","@graph":[{"@type":"WebPage","@id":"https:\/\/trukme.lv\/en\/products\/furniture-fittings\/sliders-en\/hidden-rails\/full-extraction\/star-slide-pilna-izvilkuma-vadotnes-vadotnu-komplekts-ar-turetajiem-push-to-open-l500\/","url":"https:\/\/trukme.lv\/en\/products\/furniture-fittings\/sliders-en\/hidden-rails\/full-extraction\/star-slide-pilna-izvilkuma-vadotnes-vadotnu-komplekts-ar-turetajiem-push-to-open-l500\/","name":"Star Slide full extension slide set with holders, push to open L500 - Trukm\u0117","isPartOf":{"@id":"https:\/\/trukme.lv\/en\/#website"},"primaryImageOfPage":{"@id":"https:\/\/trukme.lv\/en\/products\/furniture-fittings\/sliders-en\/hidden-rails\/full-extraction\/star-slide-pilna-izvilkuma-vadotnes-vadotnu-komplekts-ar-turetajiem-push-to-open-l500\/#primaryimage"},"image":{"@id":"https:\/\/trukme.lv\/en\/products\/furniture-fittings\/sliders-en\/hidden-rails\/full-extraction\/star-slide-pilna-izvilkuma-vadotnes-vadotnu-komplekts-ar-turetajiem-push-to-open-l500\/#primaryimage"},"thumbnailUrl":"https:\/\/i0.wp.com\/trukme.lv\/wp-content\/uploads\/2025\/09\/1501100115-scaled.webp?fit=2560%2C1707&ssl=1","datePublished":"2025-09-30T18:59:06+00:00","dateModified":"2025-10-02T09:36:53+00:00","breadcrumb":{"@id":"https:\/\/trukme.lv\/en\/products\/furniture-fittings\/sliders-en\/hidden-rails\/full-extraction\/star-slide-pilna-izvilkuma-vadotnes-vadotnu-komplekts-ar-turetajiem-push-to-open-l500\/#breadcrumb"},"inLanguage":"en-GB","potentialAction":[{"@type":"ReadAction","target":["https:\/\/trukme.lv\/en\/products\/furniture-fittings\/sliders-en\/hidden-rails\/full-extraction\/star-slide-pilna-izvilkuma-vadotnes-vadotnu-komplekts-ar-turetajiem-push-to-open-l500\/"]}]},{"@type":"ImageObject","inLanguage":"en-GB","@id":"https:\/\/trukme.lv\/en\/products\/furniture-fittings\/sliders-en\/hidden-rails\/full-extraction\/star-slide-pilna-izvilkuma-vadotnes-vadotnu-komplekts-ar-turetajiem-push-to-open-l500\/#primaryimage","url":"https:\/\/i0.wp.com\/trukme.lv\/wp-content\/uploads\/2025\/09\/1501100115-scaled.webp?fit=2560%2C1707&ssl=1","contentUrl":"https:\/\/i0.wp.com\/trukme.lv\/wp-content\/uploads\/2025\/09\/1501100115-scaled.webp?fit=2560%2C1707&ssl=1","width":2560,"height":1707},{"@type":"BreadcrumbList","@id":"https:\/\/trukme.lv\/en\/products\/furniture-fittings\/sliders-en\/hidden-rails\/full-extraction\/star-slide-pilna-izvilkuma-vadotnes-vadotnu-komplekts-ar-turetajiem-push-to-open-l500\/#breadcrumb","itemListElement":[{"@type":"ListItem","position":1,"name":"Home","item":"https:\/\/trukme.lv\/en\/home\/"},{"@type":"ListItem","position":2,"name":"Products","item":"https:\/\/trukme.lv\/en\/products\/"},{"@type":"ListItem","position":3,"name":"Star Slide full extension slide set with holders, push to open L500"}]},{"@type":"WebSite","@id":"https:\/\/trukme.lv\/en\/#website","url":"https:\/\/trukme.lv\/en\/","name":"Trukm\u0117","description":"M\u0113be\u013cu pane\u013ci, galda virsmas, m\u0113be\u013cu furnit\u016bra. Virtuves m\u0113be\u013cu, skapju, vannas istabas m\u0113be\u013cu u.c. sortiments. Paz\u012bstami un uzticami ra\u017eot\u0101ji.","potentialAction":[{"@type":"SearchAction","target":{"@type":"EntryPoint","urlTemplate":"https:\/\/trukme.lv\/en\/?s={search_term_string}"},"query-input":{"@type":"PropertyValueSpecification","valueRequired":true,"valueName":"search_term_string"}}],"inLanguage":"en-GB"}]}},"jetpack_sharing_enabled":true,"_links":{"self":[{"href":"https:\/\/trukme.lv\/en\/wp-json\/wp\/v2\/product\/273669","targetHints":{"allow":["GET"]}}],"collection":[{"href":"https:\/\/trukme.lv\/en\/wp-json\/wp\/v2\/product"}],"about":[{"href":"https:\/\/trukme.lv\/en\/wp-json\/wp\/v2\/types\/product"}],"wp:featuredmedia":[{"embeddable":true,"href":"https:\/\/trukme.lv\/en\/wp-json\/wp\/v2\/media\/257321"}],"wp:attachment":[{"href":"https:\/\/trukme.lv\/en\/wp-json\/wp\/v2\/media?parent=273669"}],"wp:term":[{"taxonomy":"product_brand","embeddable":true,"href":"https:\/\/trukme.lv\/en\/wp-json\/wp\/v2\/product_brand?post=273669"},{"taxonomy":"product_cat","embeddable":true,"href":"https:\/\/trukme.lv\/en\/wp-json\/wp\/v2\/product_cat?post=273669"},{"taxonomy":"product_tag","embeddable":true,"href":"https:\/\/trukme.lv\/en\/wp-json\/wp\/v2\/product_tag?post=273669"}],"curies":[{"name":"wp","href":"https:\/\/api.w.org\/{rel}","templated":true}]}}