{"id":273923,"date":"2025-09-30T21:35:51","date_gmt":"2025-09-30T18:35:51","guid":{"rendered":"https:\/\/trukme.lv\/produkti\/uncategorized\/parvietojama-galda-ramja-mehanisms-r650-balts\/"},"modified":"2025-10-02T12:38:35","modified_gmt":"2025-10-02T09:38:35","slug":"parvietojama-galda-ramja-mehanisms-r650-balts","status":"publish","type":"product","link":"https:\/\/trukme.lv\/en\/products\/furniture-fittings\/furniture-legs\/height-adjustable-desk-systems\/parvietojama-galda-ramja-mehanisms-r650-balts\/","title":{"rendered":"Movable table frame mechanism R650, white"},"content":{"rendered":"<p>ROL ERGO developed high-quality mechanisms for adjustable table frames, which can be easily regulated. Maximum load: 120 kg (weight must be evenly distributed); Noise level: < 48 dB; Lifting\/lowering speed: 32\u201340 mm\/s (depending on load); Adjustable height 585\u20131235 mm (without tabletop and base, base 31\u201340 mm). For easier use, minimum and maximum height settings can be saved so the table always automatically adjusts to the most ergonomic level.\n<\/p>\n","protected":false},"excerpt":{"rendered":"<p>ROL ERGO developed high-quality mechanisms for adjustable table frames, which can be easily regulated. Maximum load: 120 kg (weight must be evenly distributed); Noise level: < 48 dB; Lifting\/lowering speed: 32\u201340 mm\/s (depending on load); Adjustable height 585\u20131235 mm (without tabletop and base, base 31\u201340 mm). For easier use, minimum and maximum height settings can...\n<\/p>\n","protected":false},"featured_media":254923,"template":"","meta":{"_acf_changed":false},"product_brand":[7019],"product_cat":[6305,6477,6493],"product_tag":[],"class_list":{"0":"post-273923","1":"product","2":"type-product","3":"status-publish","4":"has-post-thumbnail","6":"product_brand-rol-en","7":"product_cat-furniture-fittings","8":"product_cat-furniture-legs","9":"product_cat-height-adjustable-desk-systems","11":"first","12":"instock","13":"product-type-simple"},"acf":[],"yoast_head":"<!-- This site is optimized with the Yoast SEO plugin v26.5 - https:\/\/yoast.com\/wordpress\/plugins\/seo\/ -->\n<title>Movable table frame mechanism R650, white - Trukm\u0117<\/title>\n<meta name=\"robots\" content=\"index, follow, max-snippet:-1, max-image-preview:large, max-video-preview:-1\" \/>\n<link rel=\"canonical\" href=\"https:\/\/trukme.lv\/en\/products\/furniture-fittings\/furniture-legs\/height-adjustable-desk-systems\/parvietojama-galda-ramja-mehanisms-r650-balts\/\" \/>\n<meta property=\"og:locale\" content=\"en_GB\" \/>\n<meta property=\"og:type\" content=\"article\" \/>\n<meta property=\"og:title\" content=\"Movable table frame mechanism R650, white - Trukm\u0117\" \/>\n<meta property=\"og:description\" content=\"ROL ERGO developed high-quality mechanisms for adjustable table frames, which can be easily regulated. Maximum load: 120 kg (weight must be evenly distributed); Noise level: &lt; 48 dB; Lifting\/lowering speed: 32\u201340 mm\/s (depending on load); Adjustable height 585\u20131235 mm (without tabletop and base, base 31\u201340 mm). For easier use, minimum and maximum height settings can...\" \/>\n<meta property=\"og:url\" content=\"https:\/\/trukme.lv\/en\/products\/furniture-fittings\/furniture-legs\/height-adjustable-desk-systems\/parvietojama-galda-ramja-mehanisms-r650-balts\/\" \/>\n<meta property=\"og:site_name\" content=\"Trukm\u0117\" \/>\n<meta property=\"article:modified_time\" content=\"2025-10-02T09:38:35+00:00\" \/>\n<meta property=\"og:image\" content=\"https:\/\/i0.wp.com\/trukme.lv\/wp-content\/uploads\/2025\/09\/11119162.webp?fit=2048%2C1280&ssl=1\" \/>\n\t<meta property=\"og:image:width\" content=\"2048\" \/>\n\t<meta property=\"og:image:height\" content=\"1280\" \/>\n\t<meta property=\"og:image:type\" content=\"image\/webp\" \/>\n<meta name=\"twitter:card\" content=\"summary_large_image\" \/>\n<script type=\"application\/ld+json\" class=\"yoast-schema-graph\">{\"@context\":\"https:\/\/schema.org\",\"@graph\":[{\"@type\":\"WebPage\",\"@id\":\"https:\/\/trukme.lv\/en\/products\/furniture-fittings\/furniture-legs\/height-adjustable-desk-systems\/parvietojama-galda-ramja-mehanisms-r650-balts\/\",\"url\":\"https:\/\/trukme.lv\/en\/products\/furniture-fittings\/furniture-legs\/height-adjustable-desk-systems\/parvietojama-galda-ramja-mehanisms-r650-balts\/\",\"name\":\"Movable table frame mechanism R650, white - Trukm\u0117\",\"isPartOf\":{\"@id\":\"https:\/\/trukme.lv\/en\/#website\"},\"primaryImageOfPage\":{\"@id\":\"https:\/\/trukme.lv\/en\/products\/furniture-fittings\/furniture-legs\/height-adjustable-desk-systems\/parvietojama-galda-ramja-mehanisms-r650-balts\/#primaryimage\"},\"image\":{\"@id\":\"https:\/\/trukme.lv\/en\/products\/furniture-fittings\/furniture-legs\/height-adjustable-desk-systems\/parvietojama-galda-ramja-mehanisms-r650-balts\/#primaryimage\"},\"thumbnailUrl\":\"https:\/\/i0.wp.com\/trukme.lv\/wp-content\/uploads\/2025\/09\/11119162.webp?fit=2048%2C1280&ssl=1\",\"datePublished\":\"2025-09-30T18:35:51+00:00\",\"dateModified\":\"2025-10-02T09:38:35+00:00\",\"breadcrumb\":{\"@id\":\"https:\/\/trukme.lv\/en\/products\/furniture-fittings\/furniture-legs\/height-adjustable-desk-systems\/parvietojama-galda-ramja-mehanisms-r650-balts\/#breadcrumb\"},\"inLanguage\":\"en-GB\",\"potentialAction\":[{\"@type\":\"ReadAction\",\"target\":[\"https:\/\/trukme.lv\/en\/products\/furniture-fittings\/furniture-legs\/height-adjustable-desk-systems\/parvietojama-galda-ramja-mehanisms-r650-balts\/\"]}]},{\"@type\":\"ImageObject\",\"inLanguage\":\"en-GB\",\"@id\":\"https:\/\/trukme.lv\/en\/products\/furniture-fittings\/furniture-legs\/height-adjustable-desk-systems\/parvietojama-galda-ramja-mehanisms-r650-balts\/#primaryimage\",\"url\":\"https:\/\/i0.wp.com\/trukme.lv\/wp-content\/uploads\/2025\/09\/11119162.webp?fit=2048%2C1280&ssl=1\",\"contentUrl\":\"https:\/\/i0.wp.com\/trukme.lv\/wp-content\/uploads\/2025\/09\/11119162.webp?fit=2048%2C1280&ssl=1\",\"width\":2048,\"height\":1280},{\"@type\":\"BreadcrumbList\",\"@id\":\"https:\/\/trukme.lv\/en\/products\/furniture-fittings\/furniture-legs\/height-adjustable-desk-systems\/parvietojama-galda-ramja-mehanisms-r650-balts\/#breadcrumb\",\"itemListElement\":[{\"@type\":\"ListItem\",\"position\":1,\"name\":\"Home\",\"item\":\"https:\/\/trukme.lv\/en\/home\/\"},{\"@type\":\"ListItem\",\"position\":2,\"name\":\"Products\",\"item\":\"https:\/\/trukme.lv\/en\/products\/\"},{\"@type\":\"ListItem\",\"position\":3,\"name\":\"Movable table frame mechanism R650, white\"}]},{\"@type\":\"WebSite\",\"@id\":\"https:\/\/trukme.lv\/en\/#website\",\"url\":\"https:\/\/trukme.lv\/en\/\",\"name\":\"Trukm\u0117\",\"description\":\"M\u0113be\u013cu pane\u013ci, galda virsmas, m\u0113be\u013cu furnit\u016bra. Virtuves m\u0113be\u013cu, skapju, vannas istabas m\u0113be\u013cu u.c. sortiments. Paz\u012bstami un uzticami ra\u017eot\u0101ji.\",\"potentialAction\":[{\"@type\":\"SearchAction\",\"target\":{\"@type\":\"EntryPoint\",\"urlTemplate\":\"https:\/\/trukme.lv\/en\/?s={search_term_string}\"},\"query-input\":{\"@type\":\"PropertyValueSpecification\",\"valueRequired\":true,\"valueName\":\"search_term_string\"}}],\"inLanguage\":\"en-GB\"}]}<\/script>\n<!-- \/ Yoast SEO plugin. -->","yoast_head_json":{"title":"Movable table frame mechanism R650, white - Trukm\u0117","robots":{"index":"index","follow":"follow","max-snippet":"max-snippet:-1","max-image-preview":"max-image-preview:large","max-video-preview":"max-video-preview:-1"},"canonical":"https:\/\/trukme.lv\/en\/products\/furniture-fittings\/furniture-legs\/height-adjustable-desk-systems\/parvietojama-galda-ramja-mehanisms-r650-balts\/","og_locale":"en_GB","og_type":"article","og_title":"Movable table frame mechanism R650, white - Trukm\u0117","og_description":"ROL ERGO developed high-quality mechanisms for adjustable table frames, which can be easily regulated. Maximum load: 120 kg (weight must be evenly distributed); Noise level: < 48 dB; Lifting\/lowering speed: 32\u201340 mm\/s (depending on load); Adjustable height 585\u20131235 mm (without tabletop and base, base 31\u201340 mm). For easier use, minimum and maximum height settings can...","og_url":"https:\/\/trukme.lv\/en\/products\/furniture-fittings\/furniture-legs\/height-adjustable-desk-systems\/parvietojama-galda-ramja-mehanisms-r650-balts\/","og_site_name":"Trukm\u0117","article_modified_time":"2025-10-02T09:38:35+00:00","og_image":[{"width":2048,"height":1280,"url":"https:\/\/i0.wp.com\/trukme.lv\/wp-content\/uploads\/2025\/09\/11119162.webp?fit=2048%2C1280&ssl=1","type":"image\/webp"}],"twitter_card":"summary_large_image","schema":{"@context":"https:\/\/schema.org","@graph":[{"@type":"WebPage","@id":"https:\/\/trukme.lv\/en\/products\/furniture-fittings\/furniture-legs\/height-adjustable-desk-systems\/parvietojama-galda-ramja-mehanisms-r650-balts\/","url":"https:\/\/trukme.lv\/en\/products\/furniture-fittings\/furniture-legs\/height-adjustable-desk-systems\/parvietojama-galda-ramja-mehanisms-r650-balts\/","name":"Movable table frame mechanism R650, white - Trukm\u0117","isPartOf":{"@id":"https:\/\/trukme.lv\/en\/#website"},"primaryImageOfPage":{"@id":"https:\/\/trukme.lv\/en\/products\/furniture-fittings\/furniture-legs\/height-adjustable-desk-systems\/parvietojama-galda-ramja-mehanisms-r650-balts\/#primaryimage"},"image":{"@id":"https:\/\/trukme.lv\/en\/products\/furniture-fittings\/furniture-legs\/height-adjustable-desk-systems\/parvietojama-galda-ramja-mehanisms-r650-balts\/#primaryimage"},"thumbnailUrl":"https:\/\/i0.wp.com\/trukme.lv\/wp-content\/uploads\/2025\/09\/11119162.webp?fit=2048%2C1280&ssl=1","datePublished":"2025-09-30T18:35:51+00:00","dateModified":"2025-10-02T09:38:35+00:00","breadcrumb":{"@id":"https:\/\/trukme.lv\/en\/products\/furniture-fittings\/furniture-legs\/height-adjustable-desk-systems\/parvietojama-galda-ramja-mehanisms-r650-balts\/#breadcrumb"},"inLanguage":"en-GB","potentialAction":[{"@type":"ReadAction","target":["https:\/\/trukme.lv\/en\/products\/furniture-fittings\/furniture-legs\/height-adjustable-desk-systems\/parvietojama-galda-ramja-mehanisms-r650-balts\/"]}]},{"@type":"ImageObject","inLanguage":"en-GB","@id":"https:\/\/trukme.lv\/en\/products\/furniture-fittings\/furniture-legs\/height-adjustable-desk-systems\/parvietojama-galda-ramja-mehanisms-r650-balts\/#primaryimage","url":"https:\/\/i0.wp.com\/trukme.lv\/wp-content\/uploads\/2025\/09\/11119162.webp?fit=2048%2C1280&ssl=1","contentUrl":"https:\/\/i0.wp.com\/trukme.lv\/wp-content\/uploads\/2025\/09\/11119162.webp?fit=2048%2C1280&ssl=1","width":2048,"height":1280},{"@type":"BreadcrumbList","@id":"https:\/\/trukme.lv\/en\/products\/furniture-fittings\/furniture-legs\/height-adjustable-desk-systems\/parvietojama-galda-ramja-mehanisms-r650-balts\/#breadcrumb","itemListElement":[{"@type":"ListItem","position":1,"name":"Home","item":"https:\/\/trukme.lv\/en\/home\/"},{"@type":"ListItem","position":2,"name":"Products","item":"https:\/\/trukme.lv\/en\/products\/"},{"@type":"ListItem","position":3,"name":"Movable table frame mechanism R650, white"}]},{"@type":"WebSite","@id":"https:\/\/trukme.lv\/en\/#website","url":"https:\/\/trukme.lv\/en\/","name":"Trukm\u0117","description":"M\u0113be\u013cu pane\u013ci, galda virsmas, m\u0113be\u013cu furnit\u016bra. Virtuves m\u0113be\u013cu, skapju, vannas istabas m\u0113be\u013cu u.c. sortiments. Paz\u012bstami un uzticami ra\u017eot\u0101ji.","potentialAction":[{"@type":"SearchAction","target":{"@type":"EntryPoint","urlTemplate":"https:\/\/trukme.lv\/en\/?s={search_term_string}"},"query-input":{"@type":"PropertyValueSpecification","valueRequired":true,"valueName":"search_term_string"}}],"inLanguage":"en-GB"}]}},"jetpack_sharing_enabled":true,"_links":{"self":[{"href":"https:\/\/trukme.lv\/en\/wp-json\/wp\/v2\/product\/273923","targetHints":{"allow":["GET"]}}],"collection":[{"href":"https:\/\/trukme.lv\/en\/wp-json\/wp\/v2\/product"}],"about":[{"href":"https:\/\/trukme.lv\/en\/wp-json\/wp\/v2\/types\/product"}],"wp:featuredmedia":[{"embeddable":true,"href":"https:\/\/trukme.lv\/en\/wp-json\/wp\/v2\/media\/254923"}],"wp:attachment":[{"href":"https:\/\/trukme.lv\/en\/wp-json\/wp\/v2\/media?parent=273923"}],"wp:term":[{"taxonomy":"product_brand","embeddable":true,"href":"https:\/\/trukme.lv\/en\/wp-json\/wp\/v2\/product_brand?post=273923"},{"taxonomy":"product_cat","embeddable":true,"href":"https:\/\/trukme.lv\/en\/wp-json\/wp\/v2\/product_cat?post=273923"},{"taxonomy":"product_tag","embeddable":true,"href":"https:\/\/trukme.lv\/en\/wp-json\/wp\/v2\/product_tag?post=273923"}],"curies":[{"name":"wp","href":"https:\/\/api.w.org\/{rel}","templated":true}]}}