{"id":274025,"date":"2025-09-30T21:24:12","date_gmt":"2025-09-30T18:24:12","guid":{"rendered":"https:\/\/trukme.lv\/produkti\/uncategorized\/sleptais-mehanisms-independent-secret-corner-450-hroms\/"},"modified":"2025-10-02T12:39:15","modified_gmt":"2025-10-02T09:39:15","slug":"sleptais-mehanisms-independent-secret-corner-450-hroms","status":"publish","type":"product","link":"https:\/\/trukme.lv\/en\/products\/furniture-fittings\/kitchen-accessories\/angular-mechanisms\/sleptais-mehanisms-independent-secret-corner-450-hroms\/","title":{"rendered":"Hidden mechanism Independent Secret Corner, 450, chrome"},"content":{"rendered":"<p>Mechanism for corner cabinets. Load capacity of 15 kg per section, total 30 kg. Both sections are fully extendable. Quiet and smooth closing ensured with telescopic SoftClose slides. Basket mounting height is adjustable.<\/p>\n","protected":false},"excerpt":{"rendered":"<p>Mechanism for corner cabinets. Load capacity of 15 kg per section, total 30 kg. Both sections are fully extendable. Quiet and smooth closing ensured with telescopic SoftClose slides. Basket mounting height is adjustable.<\/p>\n","protected":false},"featured_media":253950,"template":"","meta":{"_acf_changed":false},"product_brand":[7039],"product_cat":[6589,6593,6305,6651],"product_tag":[],"class_list":{"0":"post-274025","1":"product","2":"type-product","3":"status-publish","4":"has-post-thumbnail","6":"product_brand-starax-en","7":"product_cat-angular-mechanisms","8":"product_cat-angular-mechanisms-en","9":"product_cat-furniture-fittings","10":"product_cat-kitchen-accessories","11":"pa_puse-universals-en","13":"first","14":"instock","15":"product-type-simple"},"acf":[],"yoast_head":"<!-- This site is optimized with the Yoast SEO plugin v26.5 - https:\/\/yoast.com\/wordpress\/plugins\/seo\/ -->\n<title>Hidden mechanism Independent Secret Corner, 450, chrome - Trukm\u0117<\/title>\n<meta name=\"robots\" content=\"index, follow, max-snippet:-1, max-image-preview:large, max-video-preview:-1\" \/>\n<link rel=\"canonical\" href=\"https:\/\/trukme.lv\/en\/products\/furniture-fittings\/kitchen-accessories\/angular-mechanisms\/sleptais-mehanisms-independent-secret-corner-450-hroms\/\" \/>\n<meta property=\"og:locale\" content=\"en_GB\" \/>\n<meta property=\"og:type\" content=\"article\" \/>\n<meta property=\"og:title\" content=\"Hidden mechanism Independent Secret Corner, 450, chrome - Trukm\u0117\" \/>\n<meta property=\"og:description\" content=\"Mechanism for corner cabinets. Load capacity of 15 kg per section, total 30 kg. Both sections are fully extendable. Quiet and smooth closing ensured with telescopic SoftClose slides. Basket mounting height is adjustable.\" \/>\n<meta property=\"og:url\" content=\"https:\/\/trukme.lv\/en\/products\/furniture-fittings\/kitchen-accessories\/angular-mechanisms\/sleptais-mehanisms-independent-secret-corner-450-hroms\/\" \/>\n<meta property=\"og:site_name\" content=\"Trukm\u0117\" \/>\n<meta property=\"article:modified_time\" content=\"2025-10-02T09:39:15+00:00\" \/>\n<meta property=\"og:image\" content=\"https:\/\/i0.wp.com\/trukme.lv\/wp-content\/uploads\/2025\/09\/11111983.webp?fit=960%2C960&ssl=1\" \/>\n\t<meta property=\"og:image:width\" content=\"960\" \/>\n\t<meta property=\"og:image:height\" content=\"960\" \/>\n\t<meta property=\"og:image:type\" content=\"image\/webp\" \/>\n<meta name=\"twitter:card\" content=\"summary_large_image\" \/>\n<script type=\"application\/ld+json\" class=\"yoast-schema-graph\">{\"@context\":\"https:\/\/schema.org\",\"@graph\":[{\"@type\":\"WebPage\",\"@id\":\"https:\/\/trukme.lv\/en\/products\/furniture-fittings\/kitchen-accessories\/angular-mechanisms\/sleptais-mehanisms-independent-secret-corner-450-hroms\/\",\"url\":\"https:\/\/trukme.lv\/en\/products\/furniture-fittings\/kitchen-accessories\/angular-mechanisms\/sleptais-mehanisms-independent-secret-corner-450-hroms\/\",\"name\":\"Hidden mechanism Independent Secret Corner, 450, chrome - Trukm\u0117\",\"isPartOf\":{\"@id\":\"https:\/\/trukme.lv\/en\/#website\"},\"primaryImageOfPage\":{\"@id\":\"https:\/\/trukme.lv\/en\/products\/furniture-fittings\/kitchen-accessories\/angular-mechanisms\/sleptais-mehanisms-independent-secret-corner-450-hroms\/#primaryimage\"},\"image\":{\"@id\":\"https:\/\/trukme.lv\/en\/products\/furniture-fittings\/kitchen-accessories\/angular-mechanisms\/sleptais-mehanisms-independent-secret-corner-450-hroms\/#primaryimage\"},\"thumbnailUrl\":\"https:\/\/i0.wp.com\/trukme.lv\/wp-content\/uploads\/2025\/09\/11111983.webp?fit=960%2C960&ssl=1\",\"datePublished\":\"2025-09-30T18:24:12+00:00\",\"dateModified\":\"2025-10-02T09:39:15+00:00\",\"breadcrumb\":{\"@id\":\"https:\/\/trukme.lv\/en\/products\/furniture-fittings\/kitchen-accessories\/angular-mechanisms\/sleptais-mehanisms-independent-secret-corner-450-hroms\/#breadcrumb\"},\"inLanguage\":\"en-GB\",\"potentialAction\":[{\"@type\":\"ReadAction\",\"target\":[\"https:\/\/trukme.lv\/en\/products\/furniture-fittings\/kitchen-accessories\/angular-mechanisms\/sleptais-mehanisms-independent-secret-corner-450-hroms\/\"]}]},{\"@type\":\"ImageObject\",\"inLanguage\":\"en-GB\",\"@id\":\"https:\/\/trukme.lv\/en\/products\/furniture-fittings\/kitchen-accessories\/angular-mechanisms\/sleptais-mehanisms-independent-secret-corner-450-hroms\/#primaryimage\",\"url\":\"https:\/\/i0.wp.com\/trukme.lv\/wp-content\/uploads\/2025\/09\/11111983.webp?fit=960%2C960&ssl=1\",\"contentUrl\":\"https:\/\/i0.wp.com\/trukme.lv\/wp-content\/uploads\/2025\/09\/11111983.webp?fit=960%2C960&ssl=1\",\"width\":960,\"height\":960},{\"@type\":\"BreadcrumbList\",\"@id\":\"https:\/\/trukme.lv\/en\/products\/furniture-fittings\/kitchen-accessories\/angular-mechanisms\/sleptais-mehanisms-independent-secret-corner-450-hroms\/#breadcrumb\",\"itemListElement\":[{\"@type\":\"ListItem\",\"position\":1,\"name\":\"Home\",\"item\":\"https:\/\/trukme.lv\/en\/home\/\"},{\"@type\":\"ListItem\",\"position\":2,\"name\":\"Products\",\"item\":\"https:\/\/trukme.lv\/en\/products\/\"},{\"@type\":\"ListItem\",\"position\":3,\"name\":\"Hidden mechanism Independent Secret Corner, 450, chrome\"}]},{\"@type\":\"WebSite\",\"@id\":\"https:\/\/trukme.lv\/en\/#website\",\"url\":\"https:\/\/trukme.lv\/en\/\",\"name\":\"Trukm\u0117\",\"description\":\"M\u0113be\u013cu pane\u013ci, galda virsmas, m\u0113be\u013cu furnit\u016bra. Virtuves m\u0113be\u013cu, skapju, vannas istabas m\u0113be\u013cu u.c. sortiments. Paz\u012bstami un uzticami ra\u017eot\u0101ji.\",\"potentialAction\":[{\"@type\":\"SearchAction\",\"target\":{\"@type\":\"EntryPoint\",\"urlTemplate\":\"https:\/\/trukme.lv\/en\/?s={search_term_string}\"},\"query-input\":{\"@type\":\"PropertyValueSpecification\",\"valueRequired\":true,\"valueName\":\"search_term_string\"}}],\"inLanguage\":\"en-GB\"}]}<\/script>\n<!-- \/ Yoast SEO plugin. -->","yoast_head_json":{"title":"Hidden mechanism Independent Secret Corner, 450, chrome - Trukm\u0117","robots":{"index":"index","follow":"follow","max-snippet":"max-snippet:-1","max-image-preview":"max-image-preview:large","max-video-preview":"max-video-preview:-1"},"canonical":"https:\/\/trukme.lv\/en\/products\/furniture-fittings\/kitchen-accessories\/angular-mechanisms\/sleptais-mehanisms-independent-secret-corner-450-hroms\/","og_locale":"en_GB","og_type":"article","og_title":"Hidden mechanism Independent Secret Corner, 450, chrome - Trukm\u0117","og_description":"Mechanism for corner cabinets. Load capacity of 15 kg per section, total 30 kg. Both sections are fully extendable. Quiet and smooth closing ensured with telescopic SoftClose slides. Basket mounting height is adjustable.","og_url":"https:\/\/trukme.lv\/en\/products\/furniture-fittings\/kitchen-accessories\/angular-mechanisms\/sleptais-mehanisms-independent-secret-corner-450-hroms\/","og_site_name":"Trukm\u0117","article_modified_time":"2025-10-02T09:39:15+00:00","og_image":[{"width":960,"height":960,"url":"https:\/\/i0.wp.com\/trukme.lv\/wp-content\/uploads\/2025\/09\/11111983.webp?fit=960%2C960&ssl=1","type":"image\/webp"}],"twitter_card":"summary_large_image","schema":{"@context":"https:\/\/schema.org","@graph":[{"@type":"WebPage","@id":"https:\/\/trukme.lv\/en\/products\/furniture-fittings\/kitchen-accessories\/angular-mechanisms\/sleptais-mehanisms-independent-secret-corner-450-hroms\/","url":"https:\/\/trukme.lv\/en\/products\/furniture-fittings\/kitchen-accessories\/angular-mechanisms\/sleptais-mehanisms-independent-secret-corner-450-hroms\/","name":"Hidden mechanism Independent Secret Corner, 450, chrome - Trukm\u0117","isPartOf":{"@id":"https:\/\/trukme.lv\/en\/#website"},"primaryImageOfPage":{"@id":"https:\/\/trukme.lv\/en\/products\/furniture-fittings\/kitchen-accessories\/angular-mechanisms\/sleptais-mehanisms-independent-secret-corner-450-hroms\/#primaryimage"},"image":{"@id":"https:\/\/trukme.lv\/en\/products\/furniture-fittings\/kitchen-accessories\/angular-mechanisms\/sleptais-mehanisms-independent-secret-corner-450-hroms\/#primaryimage"},"thumbnailUrl":"https:\/\/i0.wp.com\/trukme.lv\/wp-content\/uploads\/2025\/09\/11111983.webp?fit=960%2C960&ssl=1","datePublished":"2025-09-30T18:24:12+00:00","dateModified":"2025-10-02T09:39:15+00:00","breadcrumb":{"@id":"https:\/\/trukme.lv\/en\/products\/furniture-fittings\/kitchen-accessories\/angular-mechanisms\/sleptais-mehanisms-independent-secret-corner-450-hroms\/#breadcrumb"},"inLanguage":"en-GB","potentialAction":[{"@type":"ReadAction","target":["https:\/\/trukme.lv\/en\/products\/furniture-fittings\/kitchen-accessories\/angular-mechanisms\/sleptais-mehanisms-independent-secret-corner-450-hroms\/"]}]},{"@type":"ImageObject","inLanguage":"en-GB","@id":"https:\/\/trukme.lv\/en\/products\/furniture-fittings\/kitchen-accessories\/angular-mechanisms\/sleptais-mehanisms-independent-secret-corner-450-hroms\/#primaryimage","url":"https:\/\/i0.wp.com\/trukme.lv\/wp-content\/uploads\/2025\/09\/11111983.webp?fit=960%2C960&ssl=1","contentUrl":"https:\/\/i0.wp.com\/trukme.lv\/wp-content\/uploads\/2025\/09\/11111983.webp?fit=960%2C960&ssl=1","width":960,"height":960},{"@type":"BreadcrumbList","@id":"https:\/\/trukme.lv\/en\/products\/furniture-fittings\/kitchen-accessories\/angular-mechanisms\/sleptais-mehanisms-independent-secret-corner-450-hroms\/#breadcrumb","itemListElement":[{"@type":"ListItem","position":1,"name":"Home","item":"https:\/\/trukme.lv\/en\/home\/"},{"@type":"ListItem","position":2,"name":"Products","item":"https:\/\/trukme.lv\/en\/products\/"},{"@type":"ListItem","position":3,"name":"Hidden mechanism Independent Secret Corner, 450, chrome"}]},{"@type":"WebSite","@id":"https:\/\/trukme.lv\/en\/#website","url":"https:\/\/trukme.lv\/en\/","name":"Trukm\u0117","description":"M\u0113be\u013cu pane\u013ci, galda virsmas, m\u0113be\u013cu furnit\u016bra. Virtuves m\u0113be\u013cu, skapju, vannas istabas m\u0113be\u013cu u.c. sortiments. Paz\u012bstami un uzticami ra\u017eot\u0101ji.","potentialAction":[{"@type":"SearchAction","target":{"@type":"EntryPoint","urlTemplate":"https:\/\/trukme.lv\/en\/?s={search_term_string}"},"query-input":{"@type":"PropertyValueSpecification","valueRequired":true,"valueName":"search_term_string"}}],"inLanguage":"en-GB"}]}},"jetpack_sharing_enabled":true,"_links":{"self":[{"href":"https:\/\/trukme.lv\/en\/wp-json\/wp\/v2\/product\/274025","targetHints":{"allow":["GET"]}}],"collection":[{"href":"https:\/\/trukme.lv\/en\/wp-json\/wp\/v2\/product"}],"about":[{"href":"https:\/\/trukme.lv\/en\/wp-json\/wp\/v2\/types\/product"}],"wp:featuredmedia":[{"embeddable":true,"href":"https:\/\/trukme.lv\/en\/wp-json\/wp\/v2\/media\/253950"}],"wp:attachment":[{"href":"https:\/\/trukme.lv\/en\/wp-json\/wp\/v2\/media?parent=274025"}],"wp:term":[{"taxonomy":"product_brand","embeddable":true,"href":"https:\/\/trukme.lv\/en\/wp-json\/wp\/v2\/product_brand?post=274025"},{"taxonomy":"product_cat","embeddable":true,"href":"https:\/\/trukme.lv\/en\/wp-json\/wp\/v2\/product_cat?post=274025"},{"taxonomy":"product_tag","embeddable":true,"href":"https:\/\/trukme.lv\/en\/wp-json\/wp\/v2\/product_tag?post=274025"}],"curies":[{"name":"wp","href":"https:\/\/api.w.org\/{rel}","templated":true}]}}