{"id":274222,"date":"2025-09-30T23:20:56","date_gmt":"2025-09-30T20:20:56","guid":{"rendered":"https:\/\/trukme.lv\/produkti\/uncategorized\/hpl-loksne-0-8mm-stone-grey-0112-af-anti-fingerprint-2\/"},"modified":"2025-10-02T12:40:23","modified_gmt":"2025-10-02T09:40:23","slug":"hpl-loksne-0-8mm-stone-grey-0112-af-anti-fingerprint-2","status":"publish","type":"product","link":"https:\/\/trukme.lv\/en\/products\/hpl-products\/hpl-cpl-sheets\/hpl-loksne-0-8mm-stone-grey-0112-af-anti-fingerprint-2\/","title":{"rendered":"HPL panel 0.8mm, Stone Grey, 0112 AF (Anti-fingerprint)"},"content":{"rendered":"<p>High-pressure laminate (HPL) is an excellent material for surfaces that must be especially durable and impact-resistant. It is produced by pressing a multi-layer sheet and resin-impregnated decorative paper. Distinguished by its abrasion resistance, durability, and hygiene. It can be attached to different types of wooden substrates. Offers wide application possibilities in various interiors. Special top film with a highly functional coating that protects against fingerprints provides excellent optical, tactile, and functional properties of HPL Invisible Touch. The surface looks especially high-quality due to the velvety matte finish, low light reflection, and pleasantly soft tactile feel.<\/p>\n","protected":false},"excerpt":{"rendered":"<p>High-pressure laminate (HPL) is an excellent material for surfaces that must be especially durable and impact-resistant. It is produced by pressing a multi-layer sheet and resin-impregnated decorative paper. Distinguished by its abrasion resistance, durability, and hygiene. It can be attached to different types of wooden substrates. Offers wide application possibilities in various interiors. Special top&#8230;<\/p>\n","protected":false},"featured_media":270927,"template":"","meta":{"_acf_changed":false},"product_brand":[6996],"product_cat":[6269,6273],"product_tag":[],"class_list":{"0":"post-274222","1":"product","2":"type-product","3":"status-publish","4":"has-post-thumbnail","6":"product_brand-kronospan-en","7":"product_cat-hpl-products","8":"product_cat-hpl-cpl-sheets","10":"first","11":"instock","12":"product-type-simple"},"acf":[],"yoast_head":"<!-- This site is optimized with the Yoast SEO plugin v26.5 - https:\/\/yoast.com\/wordpress\/plugins\/seo\/ -->\n<title>HPL panel 0.8mm, Stone Grey, 0112 AF (Anti-fingerprint) - Trukm\u0117<\/title>\n<meta name=\"robots\" content=\"index, follow, max-snippet:-1, max-image-preview:large, max-video-preview:-1\" \/>\n<link rel=\"canonical\" href=\"https:\/\/trukme.lv\/en\/products\/hpl-products\/hpl-cpl-sheets\/hpl-loksne-0-8mm-stone-grey-0112-af-anti-fingerprint-2\/\" \/>\n<meta property=\"og:locale\" content=\"en_GB\" \/>\n<meta property=\"og:type\" content=\"article\" \/>\n<meta property=\"og:title\" content=\"HPL panel 0.8mm, Stone Grey, 0112 AF (Anti-fingerprint) - Trukm\u0117\" \/>\n<meta property=\"og:description\" content=\"High-pressure laminate (HPL) is an excellent material for surfaces that must be especially durable and impact-resistant. It is produced by pressing a multi-layer sheet and resin-impregnated decorative paper. Distinguished by its abrasion resistance, durability, and hygiene. It can be attached to different types of wooden substrates. Offers wide application possibilities in various interiors. Special top...\" \/>\n<meta property=\"og:url\" content=\"https:\/\/trukme.lv\/en\/products\/hpl-products\/hpl-cpl-sheets\/hpl-loksne-0-8mm-stone-grey-0112-af-anti-fingerprint-2\/\" \/>\n<meta property=\"og:site_name\" content=\"Trukm\u0117\" \/>\n<meta property=\"article:modified_time\" content=\"2025-10-02T09:40:23+00:00\" \/>\n<meta property=\"og:image\" content=\"https:\/\/i0.wp.com\/trukme.lv\/wp-content\/uploads\/2025\/09\/HL0085981AF1.webp?fit=1200%2C1800&ssl=1\" \/>\n\t<meta property=\"og:image:width\" content=\"1200\" \/>\n\t<meta property=\"og:image:height\" content=\"1800\" \/>\n\t<meta property=\"og:image:type\" content=\"image\/webp\" \/>\n<meta name=\"twitter:card\" content=\"summary_large_image\" \/>\n<script type=\"application\/ld+json\" class=\"yoast-schema-graph\">{\"@context\":\"https:\/\/schema.org\",\"@graph\":[{\"@type\":\"WebPage\",\"@id\":\"https:\/\/trukme.lv\/en\/products\/hpl-products\/hpl-cpl-sheets\/hpl-loksne-0-8mm-stone-grey-0112-af-anti-fingerprint-2\/\",\"url\":\"https:\/\/trukme.lv\/en\/products\/hpl-products\/hpl-cpl-sheets\/hpl-loksne-0-8mm-stone-grey-0112-af-anti-fingerprint-2\/\",\"name\":\"HPL panel 0.8mm, Stone Grey, 0112 AF (Anti-fingerprint) - Trukm\u0117\",\"isPartOf\":{\"@id\":\"https:\/\/trukme.lv\/en\/#website\"},\"primaryImageOfPage\":{\"@id\":\"https:\/\/trukme.lv\/en\/products\/hpl-products\/hpl-cpl-sheets\/hpl-loksne-0-8mm-stone-grey-0112-af-anti-fingerprint-2\/#primaryimage\"},\"image\":{\"@id\":\"https:\/\/trukme.lv\/en\/products\/hpl-products\/hpl-cpl-sheets\/hpl-loksne-0-8mm-stone-grey-0112-af-anti-fingerprint-2\/#primaryimage\"},\"thumbnailUrl\":\"https:\/\/i0.wp.com\/trukme.lv\/wp-content\/uploads\/2025\/09\/HL0085981AF1.webp?fit=1200%2C1800&ssl=1\",\"datePublished\":\"2025-09-30T20:20:56+00:00\",\"dateModified\":\"2025-10-02T09:40:23+00:00\",\"breadcrumb\":{\"@id\":\"https:\/\/trukme.lv\/en\/products\/hpl-products\/hpl-cpl-sheets\/hpl-loksne-0-8mm-stone-grey-0112-af-anti-fingerprint-2\/#breadcrumb\"},\"inLanguage\":\"en-GB\",\"potentialAction\":[{\"@type\":\"ReadAction\",\"target\":[\"https:\/\/trukme.lv\/en\/products\/hpl-products\/hpl-cpl-sheets\/hpl-loksne-0-8mm-stone-grey-0112-af-anti-fingerprint-2\/\"]}]},{\"@type\":\"ImageObject\",\"inLanguage\":\"en-GB\",\"@id\":\"https:\/\/trukme.lv\/en\/products\/hpl-products\/hpl-cpl-sheets\/hpl-loksne-0-8mm-stone-grey-0112-af-anti-fingerprint-2\/#primaryimage\",\"url\":\"https:\/\/i0.wp.com\/trukme.lv\/wp-content\/uploads\/2025\/09\/HL0085981AF1.webp?fit=1200%2C1800&ssl=1\",\"contentUrl\":\"https:\/\/i0.wp.com\/trukme.lv\/wp-content\/uploads\/2025\/09\/HL0085981AF1.webp?fit=1200%2C1800&ssl=1\",\"width\":1200,\"height\":1800},{\"@type\":\"BreadcrumbList\",\"@id\":\"https:\/\/trukme.lv\/en\/products\/hpl-products\/hpl-cpl-sheets\/hpl-loksne-0-8mm-stone-grey-0112-af-anti-fingerprint-2\/#breadcrumb\",\"itemListElement\":[{\"@type\":\"ListItem\",\"position\":1,\"name\":\"Home\",\"item\":\"https:\/\/trukme.lv\/en\/home\/\"},{\"@type\":\"ListItem\",\"position\":2,\"name\":\"Products\",\"item\":\"https:\/\/trukme.lv\/en\/products\/\"},{\"@type\":\"ListItem\",\"position\":3,\"name\":\"HPL panel 0.8mm, Stone Grey, 0112 AF (Anti-fingerprint)\"}]},{\"@type\":\"WebSite\",\"@id\":\"https:\/\/trukme.lv\/en\/#website\",\"url\":\"https:\/\/trukme.lv\/en\/\",\"name\":\"Trukm\u0117\",\"description\":\"M\u0113be\u013cu pane\u013ci, galda virsmas, m\u0113be\u013cu furnit\u016bra. Virtuves m\u0113be\u013cu, skapju, vannas istabas m\u0113be\u013cu u.c. sortiments. Paz\u012bstami un uzticami ra\u017eot\u0101ji.\",\"potentialAction\":[{\"@type\":\"SearchAction\",\"target\":{\"@type\":\"EntryPoint\",\"urlTemplate\":\"https:\/\/trukme.lv\/en\/?s={search_term_string}\"},\"query-input\":{\"@type\":\"PropertyValueSpecification\",\"valueRequired\":true,\"valueName\":\"search_term_string\"}}],\"inLanguage\":\"en-GB\"}]}<\/script>\n<!-- \/ Yoast SEO plugin. -->","yoast_head_json":{"title":"HPL panel 0.8mm, Stone Grey, 0112 AF (Anti-fingerprint) - Trukm\u0117","robots":{"index":"index","follow":"follow","max-snippet":"max-snippet:-1","max-image-preview":"max-image-preview:large","max-video-preview":"max-video-preview:-1"},"canonical":"https:\/\/trukme.lv\/en\/products\/hpl-products\/hpl-cpl-sheets\/hpl-loksne-0-8mm-stone-grey-0112-af-anti-fingerprint-2\/","og_locale":"en_GB","og_type":"article","og_title":"HPL panel 0.8mm, Stone Grey, 0112 AF (Anti-fingerprint) - Trukm\u0117","og_description":"High-pressure laminate (HPL) is an excellent material for surfaces that must be especially durable and impact-resistant. It is produced by pressing a multi-layer sheet and resin-impregnated decorative paper. Distinguished by its abrasion resistance, durability, and hygiene. It can be attached to different types of wooden substrates. Offers wide application possibilities in various interiors. Special top...","og_url":"https:\/\/trukme.lv\/en\/products\/hpl-products\/hpl-cpl-sheets\/hpl-loksne-0-8mm-stone-grey-0112-af-anti-fingerprint-2\/","og_site_name":"Trukm\u0117","article_modified_time":"2025-10-02T09:40:23+00:00","og_image":[{"width":1200,"height":1800,"url":"https:\/\/i0.wp.com\/trukme.lv\/wp-content\/uploads\/2025\/09\/HL0085981AF1.webp?fit=1200%2C1800&ssl=1","type":"image\/webp"}],"twitter_card":"summary_large_image","schema":{"@context":"https:\/\/schema.org","@graph":[{"@type":"WebPage","@id":"https:\/\/trukme.lv\/en\/products\/hpl-products\/hpl-cpl-sheets\/hpl-loksne-0-8mm-stone-grey-0112-af-anti-fingerprint-2\/","url":"https:\/\/trukme.lv\/en\/products\/hpl-products\/hpl-cpl-sheets\/hpl-loksne-0-8mm-stone-grey-0112-af-anti-fingerprint-2\/","name":"HPL panel 0.8mm, Stone Grey, 0112 AF (Anti-fingerprint) - Trukm\u0117","isPartOf":{"@id":"https:\/\/trukme.lv\/en\/#website"},"primaryImageOfPage":{"@id":"https:\/\/trukme.lv\/en\/products\/hpl-products\/hpl-cpl-sheets\/hpl-loksne-0-8mm-stone-grey-0112-af-anti-fingerprint-2\/#primaryimage"},"image":{"@id":"https:\/\/trukme.lv\/en\/products\/hpl-products\/hpl-cpl-sheets\/hpl-loksne-0-8mm-stone-grey-0112-af-anti-fingerprint-2\/#primaryimage"},"thumbnailUrl":"https:\/\/i0.wp.com\/trukme.lv\/wp-content\/uploads\/2025\/09\/HL0085981AF1.webp?fit=1200%2C1800&ssl=1","datePublished":"2025-09-30T20:20:56+00:00","dateModified":"2025-10-02T09:40:23+00:00","breadcrumb":{"@id":"https:\/\/trukme.lv\/en\/products\/hpl-products\/hpl-cpl-sheets\/hpl-loksne-0-8mm-stone-grey-0112-af-anti-fingerprint-2\/#breadcrumb"},"inLanguage":"en-GB","potentialAction":[{"@type":"ReadAction","target":["https:\/\/trukme.lv\/en\/products\/hpl-products\/hpl-cpl-sheets\/hpl-loksne-0-8mm-stone-grey-0112-af-anti-fingerprint-2\/"]}]},{"@type":"ImageObject","inLanguage":"en-GB","@id":"https:\/\/trukme.lv\/en\/products\/hpl-products\/hpl-cpl-sheets\/hpl-loksne-0-8mm-stone-grey-0112-af-anti-fingerprint-2\/#primaryimage","url":"https:\/\/i0.wp.com\/trukme.lv\/wp-content\/uploads\/2025\/09\/HL0085981AF1.webp?fit=1200%2C1800&ssl=1","contentUrl":"https:\/\/i0.wp.com\/trukme.lv\/wp-content\/uploads\/2025\/09\/HL0085981AF1.webp?fit=1200%2C1800&ssl=1","width":1200,"height":1800},{"@type":"BreadcrumbList","@id":"https:\/\/trukme.lv\/en\/products\/hpl-products\/hpl-cpl-sheets\/hpl-loksne-0-8mm-stone-grey-0112-af-anti-fingerprint-2\/#breadcrumb","itemListElement":[{"@type":"ListItem","position":1,"name":"Home","item":"https:\/\/trukme.lv\/en\/home\/"},{"@type":"ListItem","position":2,"name":"Products","item":"https:\/\/trukme.lv\/en\/products\/"},{"@type":"ListItem","position":3,"name":"HPL panel 0.8mm, Stone Grey, 0112 AF (Anti-fingerprint)"}]},{"@type":"WebSite","@id":"https:\/\/trukme.lv\/en\/#website","url":"https:\/\/trukme.lv\/en\/","name":"Trukm\u0117","description":"M\u0113be\u013cu pane\u013ci, galda virsmas, m\u0113be\u013cu furnit\u016bra. Virtuves m\u0113be\u013cu, skapju, vannas istabas m\u0113be\u013cu u.c. sortiments. Paz\u012bstami un uzticami ra\u017eot\u0101ji.","potentialAction":[{"@type":"SearchAction","target":{"@type":"EntryPoint","urlTemplate":"https:\/\/trukme.lv\/en\/?s={search_term_string}"},"query-input":{"@type":"PropertyValueSpecification","valueRequired":true,"valueName":"search_term_string"}}],"inLanguage":"en-GB"}]}},"jetpack_sharing_enabled":true,"_links":{"self":[{"href":"https:\/\/trukme.lv\/en\/wp-json\/wp\/v2\/product\/274222","targetHints":{"allow":["GET"]}}],"collection":[{"href":"https:\/\/trukme.lv\/en\/wp-json\/wp\/v2\/product"}],"about":[{"href":"https:\/\/trukme.lv\/en\/wp-json\/wp\/v2\/types\/product"}],"wp:featuredmedia":[{"embeddable":true,"href":"https:\/\/trukme.lv\/en\/wp-json\/wp\/v2\/media\/270927"}],"wp:attachment":[{"href":"https:\/\/trukme.lv\/en\/wp-json\/wp\/v2\/media?parent=274222"}],"wp:term":[{"taxonomy":"product_brand","embeddable":true,"href":"https:\/\/trukme.lv\/en\/wp-json\/wp\/v2\/product_brand?post=274222"},{"taxonomy":"product_cat","embeddable":true,"href":"https:\/\/trukme.lv\/en\/wp-json\/wp\/v2\/product_cat?post=274222"},{"taxonomy":"product_tag","embeddable":true,"href":"https:\/\/trukme.lv\/en\/wp-json\/wp\/v2\/product_tag?post=274222"}],"curies":[{"name":"wp","href":"https:\/\/api.w.org\/{rel}","templated":true}]}}