{"id":274379,"date":"2025-09-30T23:12:10","date_gmt":"2025-09-30T20:12:10","guid":{"rendered":"https:\/\/trukme.lv\/produkti\/uncategorized\/lksp-front-white-mitrumizturiga-p3-0101-pe\/"},"modified":"2025-10-02T12:41:21","modified_gmt":"2025-10-02T09:41:21","slug":"lksp-front-white-mitrumizturiga-p3-0101-pe","status":"publish","type":"product","link":"https:\/\/trukme.lv\/en\/products\/panels\/laminated-mdf-panels\/lksp-front-white-mitrumizturiga-p3-0101-pe\/","title":{"rendered":"LKSP Front White mitrumiztur\u012bga P3, 0101 PE"},"content":{"rendered":"<p>LMDP or laminated chipboard \u2013 it is the most commonly used furniture board with a laminated surface. The properties of this surface provide the board with resistance to moisture, elevated temperatures, and scratches, making it suitable for various interior spaces. The Color collection by Kronospan manufacturer consists of single-color decors \u2013 from calm white, milk, or ivory shades to bold, bright red or purple tones. They can be combined with glossy decors to highlight brilliance, with wood patterns to accentuate contrasts, and with each other to divide spaces.<\/p>\n","protected":false},"excerpt":{"rendered":"<p>LMDP or laminated chipboard \u2013 it is the most commonly used furniture board with a laminated surface. The properties of this surface provide the board with resistance to moisture, elevated temperatures, and scratches, making it suitable for various interior spaces. The Color collection by Kronospan manufacturer consists of single-color decors \u2013 from calm white, milk,&#8230;<\/p>\n","protected":false},"featured_media":0,"template":"","meta":{"_acf_changed":false},"product_brand":[6996],"product_cat":[6673,6667],"product_tag":[],"class_list":{"0":"post-274379","1":"product","2":"type-product","3":"status-publish","5":"product_brand-kronospan-en","6":"product_cat-laminated-mdf-panels","7":"product_cat-panels","9":"first","10":"instock","11":"product-type-simple"},"acf":[],"yoast_head":"<!-- This site is optimized with the Yoast SEO plugin v26.5 - https:\/\/yoast.com\/wordpress\/plugins\/seo\/ -->\n<title>LKSP Front White mitrumiztur\u012bga P3, 0101 PE - Trukm\u0117<\/title>\n<meta name=\"robots\" content=\"index, follow, max-snippet:-1, max-image-preview:large, max-video-preview:-1\" \/>\n<link rel=\"canonical\" href=\"https:\/\/trukme.lv\/en\/products\/panels\/laminated-mdf-panels\/lksp-front-white-mitrumizturiga-p3-0101-pe\/\" \/>\n<meta property=\"og:locale\" content=\"en_GB\" \/>\n<meta property=\"og:type\" content=\"article\" \/>\n<meta property=\"og:title\" content=\"LKSP Front White mitrumiztur\u012bga P3, 0101 PE - Trukm\u0117\" \/>\n<meta property=\"og:description\" content=\"LMDP or laminated chipboard \u2013 it is the most commonly used furniture board with a laminated surface. The properties of this surface provide the board with resistance to moisture, elevated temperatures, and scratches, making it suitable for various interior spaces. The Color collection by Kronospan manufacturer consists of single-color decors \u2013 from calm white, milk,...\" \/>\n<meta property=\"og:url\" content=\"https:\/\/trukme.lv\/en\/products\/panels\/laminated-mdf-panels\/lksp-front-white-mitrumizturiga-p3-0101-pe\/\" \/>\n<meta property=\"og:site_name\" content=\"Trukm\u0117\" \/>\n<meta property=\"article:modified_time\" content=\"2025-10-02T09:41:21+00:00\" \/>\n<meta name=\"twitter:card\" content=\"summary_large_image\" \/>\n<script type=\"application\/ld+json\" class=\"yoast-schema-graph\">{\"@context\":\"https:\/\/schema.org\",\"@graph\":[{\"@type\":\"WebPage\",\"@id\":\"https:\/\/trukme.lv\/en\/products\/panels\/laminated-mdf-panels\/lksp-front-white-mitrumizturiga-p3-0101-pe\/\",\"url\":\"https:\/\/trukme.lv\/en\/products\/panels\/laminated-mdf-panels\/lksp-front-white-mitrumizturiga-p3-0101-pe\/\",\"name\":\"LKSP Front White mitrumiztur\u012bga P3, 0101 PE - Trukm\u0117\",\"isPartOf\":{\"@id\":\"https:\/\/trukme.lv\/en\/#website\"},\"datePublished\":\"2025-09-30T20:12:10+00:00\",\"dateModified\":\"2025-10-02T09:41:21+00:00\",\"breadcrumb\":{\"@id\":\"https:\/\/trukme.lv\/en\/products\/panels\/laminated-mdf-panels\/lksp-front-white-mitrumizturiga-p3-0101-pe\/#breadcrumb\"},\"inLanguage\":\"en-GB\",\"potentialAction\":[{\"@type\":\"ReadAction\",\"target\":[\"https:\/\/trukme.lv\/en\/products\/panels\/laminated-mdf-panels\/lksp-front-white-mitrumizturiga-p3-0101-pe\/\"]}]},{\"@type\":\"BreadcrumbList\",\"@id\":\"https:\/\/trukme.lv\/en\/products\/panels\/laminated-mdf-panels\/lksp-front-white-mitrumizturiga-p3-0101-pe\/#breadcrumb\",\"itemListElement\":[{\"@type\":\"ListItem\",\"position\":1,\"name\":\"Home\",\"item\":\"https:\/\/trukme.lv\/en\/home\/\"},{\"@type\":\"ListItem\",\"position\":2,\"name\":\"Products\",\"item\":\"https:\/\/trukme.lv\/en\/products\/\"},{\"@type\":\"ListItem\",\"position\":3,\"name\":\"LKSP Front White mitrumiztur\u012bga P3, 0101 PE\"}]},{\"@type\":\"WebSite\",\"@id\":\"https:\/\/trukme.lv\/en\/#website\",\"url\":\"https:\/\/trukme.lv\/en\/\",\"name\":\"Trukm\u0117\",\"description\":\"M\u0113be\u013cu pane\u013ci, galda virsmas, m\u0113be\u013cu furnit\u016bra. Virtuves m\u0113be\u013cu, skapju, vannas istabas m\u0113be\u013cu u.c. sortiments. Paz\u012bstami un uzticami ra\u017eot\u0101ji.\",\"potentialAction\":[{\"@type\":\"SearchAction\",\"target\":{\"@type\":\"EntryPoint\",\"urlTemplate\":\"https:\/\/trukme.lv\/en\/?s={search_term_string}\"},\"query-input\":{\"@type\":\"PropertyValueSpecification\",\"valueRequired\":true,\"valueName\":\"search_term_string\"}}],\"inLanguage\":\"en-GB\"}]}<\/script>\n<!-- \/ Yoast SEO plugin. -->","yoast_head_json":{"title":"LKSP Front White mitrumiztur\u012bga P3, 0101 PE - Trukm\u0117","robots":{"index":"index","follow":"follow","max-snippet":"max-snippet:-1","max-image-preview":"max-image-preview:large","max-video-preview":"max-video-preview:-1"},"canonical":"https:\/\/trukme.lv\/en\/products\/panels\/laminated-mdf-panels\/lksp-front-white-mitrumizturiga-p3-0101-pe\/","og_locale":"en_GB","og_type":"article","og_title":"LKSP Front White mitrumiztur\u012bga P3, 0101 PE - Trukm\u0117","og_description":"LMDP or laminated chipboard \u2013 it is the most commonly used furniture board with a laminated surface. The properties of this surface provide the board with resistance to moisture, elevated temperatures, and scratches, making it suitable for various interior spaces. The Color collection by Kronospan manufacturer consists of single-color decors \u2013 from calm white, milk,...","og_url":"https:\/\/trukme.lv\/en\/products\/panels\/laminated-mdf-panels\/lksp-front-white-mitrumizturiga-p3-0101-pe\/","og_site_name":"Trukm\u0117","article_modified_time":"2025-10-02T09:41:21+00:00","twitter_card":"summary_large_image","schema":{"@context":"https:\/\/schema.org","@graph":[{"@type":"WebPage","@id":"https:\/\/trukme.lv\/en\/products\/panels\/laminated-mdf-panels\/lksp-front-white-mitrumizturiga-p3-0101-pe\/","url":"https:\/\/trukme.lv\/en\/products\/panels\/laminated-mdf-panels\/lksp-front-white-mitrumizturiga-p3-0101-pe\/","name":"LKSP Front White mitrumiztur\u012bga P3, 0101 PE - Trukm\u0117","isPartOf":{"@id":"https:\/\/trukme.lv\/en\/#website"},"datePublished":"2025-09-30T20:12:10+00:00","dateModified":"2025-10-02T09:41:21+00:00","breadcrumb":{"@id":"https:\/\/trukme.lv\/en\/products\/panels\/laminated-mdf-panels\/lksp-front-white-mitrumizturiga-p3-0101-pe\/#breadcrumb"},"inLanguage":"en-GB","potentialAction":[{"@type":"ReadAction","target":["https:\/\/trukme.lv\/en\/products\/panels\/laminated-mdf-panels\/lksp-front-white-mitrumizturiga-p3-0101-pe\/"]}]},{"@type":"BreadcrumbList","@id":"https:\/\/trukme.lv\/en\/products\/panels\/laminated-mdf-panels\/lksp-front-white-mitrumizturiga-p3-0101-pe\/#breadcrumb","itemListElement":[{"@type":"ListItem","position":1,"name":"Home","item":"https:\/\/trukme.lv\/en\/home\/"},{"@type":"ListItem","position":2,"name":"Products","item":"https:\/\/trukme.lv\/en\/products\/"},{"@type":"ListItem","position":3,"name":"LKSP Front White mitrumiztur\u012bga P3, 0101 PE"}]},{"@type":"WebSite","@id":"https:\/\/trukme.lv\/en\/#website","url":"https:\/\/trukme.lv\/en\/","name":"Trukm\u0117","description":"M\u0113be\u013cu pane\u013ci, galda virsmas, m\u0113be\u013cu furnit\u016bra. Virtuves m\u0113be\u013cu, skapju, vannas istabas m\u0113be\u013cu u.c. sortiments. Paz\u012bstami un uzticami ra\u017eot\u0101ji.","potentialAction":[{"@type":"SearchAction","target":{"@type":"EntryPoint","urlTemplate":"https:\/\/trukme.lv\/en\/?s={search_term_string}"},"query-input":{"@type":"PropertyValueSpecification","valueRequired":true,"valueName":"search_term_string"}}],"inLanguage":"en-GB"}]}},"jetpack_sharing_enabled":true,"_links":{"self":[{"href":"https:\/\/trukme.lv\/en\/wp-json\/wp\/v2\/product\/274379","targetHints":{"allow":["GET"]}}],"collection":[{"href":"https:\/\/trukme.lv\/en\/wp-json\/wp\/v2\/product"}],"about":[{"href":"https:\/\/trukme.lv\/en\/wp-json\/wp\/v2\/types\/product"}],"wp:attachment":[{"href":"https:\/\/trukme.lv\/en\/wp-json\/wp\/v2\/media?parent=274379"}],"wp:term":[{"taxonomy":"product_brand","embeddable":true,"href":"https:\/\/trukme.lv\/en\/wp-json\/wp\/v2\/product_brand?post=274379"},{"taxonomy":"product_cat","embeddable":true,"href":"https:\/\/trukme.lv\/en\/wp-json\/wp\/v2\/product_cat?post=274379"},{"taxonomy":"product_tag","embeddable":true,"href":"https:\/\/trukme.lv\/en\/wp-json\/wp\/v2\/product_tag?post=274379"}],"curies":[{"name":"wp","href":"https:\/\/api.w.org\/{rel}","templated":true}]}}